{"id":26124,"date":"2023-10-08T13:06:07","date_gmt":"2023-10-08T05:06:07","guid":{"rendered":"https:\/\/boodalo.com\/bali-property-rental\/"},"modified":"2023-10-25T17:39:03","modified_gmt":"2023-10-25T09:39:03","slug":"affitto-di-proprieta-a-bali","status":"publish","type":"page","link":"https:\/\/boodalo.com\/it\/affitto-di-proprieta-a-bali\/","title":{"rendered":"Affitto di propriet\u00e0 a Bali"},"content":{"rendered":"\t\t<div data-elementor-type=\"wp-page\" data-elementor-id=\"26124\" class=\"elementor elementor-26124 elementor-26094\">\n\t\t\t\t\t\t\t\t\t<section class=\"elementor-section elementor-top-section elementor-element elementor-element-47cb6bd1 elementor-section-boxed elementor-section-height-default elementor-section-height-default\" data-id=\"47cb6bd1\" data-element_type=\"section\">\n\t\t\t\t\t\t<div class=\"elementor-container elementor-column-gap-default\">\n\t\t\t\t\t<div class=\"elementor-column elementor-col-100 elementor-top-column elementor-element elementor-element-64baba06\" data-id=\"64baba06\" data-element_type=\"column\">\n\t\t\t<div class=\"elementor-widget-wrap elementor-element-populated\">\n\t\t\t\t\t\t\t\t<div class=\"elementor-element elementor-element-0e7931f elementor-widget elementor-widget-heading\" data-id=\"0e7931f\" data-element_type=\"widget\" data-widget_type=\"heading.default\">\n\t\t\t\t<div class=\"elementor-widget-container\">\n\t\t\t<h2 class=\"elementor-heading-title elementor-size-default\">Affitto di propriet\u00e0 a Bali: la tua porta d'ingresso per una vacanza da sogno<\/h2>\t\t<\/div>\n\t\t\t\t<\/div>\n\t\t\t\t<div class=\"elementor-element elementor-element-76cf07a5 elementor-widget elementor-widget-text-editor\" data-id=\"76cf07a5\" data-element_type=\"widget\" data-widget_type=\"text-editor.default\">\n\t\t\t\t<div class=\"elementor-widget-container\">\n\t\t\t\t\t\t\t<p>Immagina di svegliarti con il dolce suono delle onde che si infrangono sulla riva, con la vegetazione lussureggiante di <a href=\"https:\/\/en.wikipedia.org\/wiki\/Bali\" target=\"_blank\" rel=\"noopener\">Bali <\/a> proprio fuori dalla tua finestra. La vacanza dei tuoi sogni diventa realt\u00e0 quando esplori le opzioni di <a href=\"https:\/\/boodalo.com\/it\/affitto-di-proprieta-a-bali\/\">affitto di propriet\u00e0 a Bali<\/a>. Bali, con i suoi paesaggi mozzafiato e il ricco patrimonio culturale, offre una vasta gamma di immobili in affitto in grado di trasformare la tua vacanza in un&#8217;esperienza indimenticabile.<\/p><p>A Bali Property Rental, siamo specializzati nel mettere in contatto i viaggiatori con le loro sistemazioni ideali in questo paradiso tropicale. Che tu stia cercando una villa lussuosa, un accogliente bungalow sulla spiaggia o un elegante appartamento, disponiamo di un portafoglio diversificato di propriet\u00e0 in affitto a Bali per soddisfare le tue preferenze.<\/p><h3><strong>Perch\u00e9 scegliere l&#8217;affitto di una propriet\u00e0 a Bali?<\/strong><\/h3><ol><li><strong>Ampia variet\u00e0<\/strong>: la nostra ampia lista include opzioni di affitto di propriet\u00e0 a Bali in varie localit\u00e0 dell&#8217;isola. Dalle vivaci strade di Seminyak alle tranquille spiagge di Uluwatu, troverai la propriet\u00e0 perfetta per soddisfare l&#8217;esperienza desiderata.<\/li><li><strong>Competenza locale<\/strong>: con anni di esperienza nel mercato immobiliare di Bali, il nostro team ha una profonda conoscenza dei quartieri e delle comunit\u00e0 unici dell&#8217;isola. Possiamo fornire informazioni preziose per assicurarti di fare la scelta giusta.<\/li><li><strong>Servizio personalizzato<\/strong>: crediamo che la tua esperienza di vacanza debba essere adattata alle tue esigenze. Il nostro team dedicato lavora a stretto contatto con te per comprendere le tue esigenze e trovare la propriet\u00e0 in affitto ideale a Bali.<\/li><li><strong>Processo senza interruzioni<\/strong>: gestiamo tutti gli aspetti del processo di noleggio, dalla selezione della propriet\u00e0 alla prenotazione e al check-in. La tua esperienza di affitto di propriet\u00e0 a Bali sar\u00e0 senza problemi dall&#8217;inizio alla fine.<\/li><\/ol><h3><strong>Affitto di propriet\u00e0 a Bali: un&#8217;esperienza unica<\/strong><\/h3><p>Bali \u00e8 molto pi\u00f9 di una semplice destinazione; \u00e8 un viaggio alla scoperta di s\u00e9, immersione culturale e meraviglia naturale. Quando scegli l&#8217;affitto di una propriet\u00e0 a Bali, apri la porta a un mondo di possibilit\u00e0. Svegliati con splendide albe sull&#8217;Oceano Indiano, esplora vivaci mercati locali e assapora i ricchi sapori della cucina balinese.<\/p><p>Che tu stia viaggiando con la famiglia, gli amici o in un&#8217;avventura da solista, la nostra propriet\u00e0 in affitto a Bali offre la base perfetta per esplorare i tesori dell&#8217;isola. Tuffati in acque cristalline, fai un&#8217;escursione attraverso lussureggianti terrazze di riso e assisti ad affascinanti cerimonie nel tempio.<\/p><p>La tua vacanza a Bali inizia con l&#8217;affitto della propriet\u00e0 giusta. Lasciaci essere la tua guida per trovare la propriet\u00e0 in affitto a Bali ideale che corrisponda ai tuoi sogni. Contatta Bali Property Rental oggi stesso e inizia il tuo viaggio verso una straordinaria vacanza a Bali. Il tuo angolo di paradiso \u00e8 a portata di clic. Grazie per aver visitato l&#8217;<a href=\"https:\/\/boodalo.com\/it\/\">agente immobiliare di Bali<\/a>.<\/p>\t\t\t\t\t\t<\/div>\n\t\t\t\t<\/div>\n\t\t\t\t\t<\/div>\n\t\t<\/div>\n\t\t\t\t\t\t\t<\/div>\n\t\t<\/section>\n\t\t\t\t\t\t\t<\/div>\n\t\t","protected":false},"excerpt":{"rendered":"<p>Affitto di propriet\u00e0 a Bali: la tua porta d&#8217;ingresso per una vacanza da sogno Immagina di svegliarti con il dolce suono delle onde che si infrangono sulla riva, con la vegetazione lussureggiante di Bali proprio fuori dalla tua finestra. La vacanza dei tuoi sogni diventa realt\u00e0 quando esplori le opzioni di affitto di propriet\u00e0 a&#8230;<\/p>\n","protected":false},"author":8,"featured_media":21323,"parent":0,"menu_order":0,"comment_status":"closed","ping_status":"closed","template":"templates\/grid-layout-full-width.php","meta":{"_monsterinsights_skip_tracking":false,"_monsterinsights_sitenote_active":false,"_monsterinsights_sitenote_note":"","_monsterinsights_sitenote_category":0,"footnotes":""},"class_list":["post-26124","page","type-page","status-publish","has-post-thumbnail","hentry"],"yoast_head":"<!-- This site is optimized with the Yoast SEO plugin v25.5 - https:\/\/yoast.com\/wordpress\/plugins\/seo\/ -->\n<title>Affitto di propriet\u00e0 a Bali - Boodalo | Agente immobiliare di Bali<\/title>\n<meta name=\"description\" content=\"Scopri la perfetta propriet\u00e0 in affitto a Bali: la tua porta d&#039;ingresso per un potenziale business a Bali. Puoi trovare pi\u00f9 immobili in affitto con noi.\" \/>\n<meta name=\"robots\" content=\"index, follow, max-snippet:-1, max-image-preview:large, max-video-preview:-1\" \/>\n<link rel=\"canonical\" href=\"https:\/\/boodalo.com\/it\/affitto-di-proprieta-a-bali\/\" \/>\n<meta property=\"og:locale\" content=\"it_IT\" \/>\n<meta property=\"og:type\" content=\"article\" \/>\n<meta property=\"og:title\" content=\"Affitto di propriet\u00e0 a Bali - Boodalo | Agente immobiliare di Bali\" \/>\n<meta property=\"og:description\" content=\"Scopri la perfetta propriet\u00e0 in affitto a Bali: la tua porta d&#039;ingresso per un potenziale business a Bali. Puoi trovare pi\u00f9 immobili in affitto con noi.\" \/>\n<meta property=\"og:url\" content=\"https:\/\/boodalo.com\/it\/affitto-di-proprieta-a-bali\/\" \/>\n<meta property=\"og:site_name\" content=\"Boodalo\" \/>\n<meta property=\"article:modified_time\" content=\"2023-10-25T09:39:03+00:00\" \/>\n<meta property=\"og:image\" content=\"https:\/\/boodalo.com\/wp-content\/uploads\/2022\/05\/Home-Boodalo.jpg\" \/>\n\t<meta property=\"og:image:width\" content=\"1440\" \/>\n\t<meta property=\"og:image:height\" content=\"960\" \/>\n\t<meta property=\"og:image:type\" content=\"image\/jpeg\" \/>\n<meta name=\"twitter:card\" content=\"summary_large_image\" \/>\n<meta name=\"twitter:label1\" content=\"Tempo di lettura stimato\" \/>\n\t<meta name=\"twitter:data1\" content=\"3 minuti\" \/>\n<script type=\"application\/ld+json\" class=\"yoast-schema-graph\">{\"@context\":\"https:\/\/schema.org\",\"@graph\":[{\"@type\":\"WebPage\",\"@id\":\"https:\/\/boodalo.com\/it\/affitto-di-proprieta-a-bali\/\",\"url\":\"https:\/\/boodalo.com\/it\/affitto-di-proprieta-a-bali\/\",\"name\":\"Affitto di propriet\u00e0 a Bali - Boodalo | Agente immobiliare di Bali\",\"isPartOf\":{\"@id\":\"https:\/\/boodalo.com\/it\/#website\"},\"primaryImageOfPage\":{\"@id\":\"https:\/\/boodalo.com\/it\/affitto-di-proprieta-a-bali\/#primaryimage\"},\"image\":{\"@id\":\"https:\/\/boodalo.com\/it\/affitto-di-proprieta-a-bali\/#primaryimage\"},\"thumbnailUrl\":\"https:\/\/boodalo.com\/wp-content\/uploads\/2022\/05\/Home-Boodalo.jpg\",\"datePublished\":\"2023-10-08T05:06:07+00:00\",\"dateModified\":\"2023-10-25T09:39:03+00:00\",\"description\":\"Scopri la perfetta propriet\u00e0 in affitto a Bali: la tua porta d'ingresso per un potenziale business a Bali. Puoi trovare pi\u00f9 immobili in affitto con noi.\",\"breadcrumb\":{\"@id\":\"https:\/\/boodalo.com\/it\/affitto-di-proprieta-a-bali\/#breadcrumb\"},\"inLanguage\":\"it-IT\",\"potentialAction\":[{\"@type\":\"ReadAction\",\"target\":[\"https:\/\/boodalo.com\/it\/affitto-di-proprieta-a-bali\/\"]}]},{\"@type\":\"ImageObject\",\"inLanguage\":\"it-IT\",\"@id\":\"https:\/\/boodalo.com\/it\/affitto-di-proprieta-a-bali\/#primaryimage\",\"url\":\"https:\/\/boodalo.com\/wp-content\/uploads\/2022\/05\/Home-Boodalo.jpg\",\"contentUrl\":\"https:\/\/boodalo.com\/wp-content\/uploads\/2022\/05\/Home-Boodalo.jpg\",\"width\":1440,\"height\":960},{\"@type\":\"BreadcrumbList\",\"@id\":\"https:\/\/boodalo.com\/it\/affitto-di-proprieta-a-bali\/#breadcrumb\",\"itemListElement\":[{\"@type\":\"ListItem\",\"position\":1,\"name\":\"Home\",\"item\":\"https:\/\/boodalo.com\/it\/\"},{\"@type\":\"ListItem\",\"position\":2,\"name\":\"Affitto di propriet\u00e0 a Bali\"}]},{\"@type\":\"WebSite\",\"@id\":\"https:\/\/boodalo.com\/it\/#website\",\"url\":\"https:\/\/boodalo.com\/it\/\",\"name\":\"Boodalo\",\"description\":\"Indonesia Real Estate portal Website\",\"publisher\":{\"@id\":\"https:\/\/boodalo.com\/it\/#organization\"},\"potentialAction\":[{\"@type\":\"SearchAction\",\"target\":{\"@type\":\"EntryPoint\",\"urlTemplate\":\"https:\/\/boodalo.com\/it\/?s={search_term_string}\"},\"query-input\":{\"@type\":\"PropertyValueSpecification\",\"valueRequired\":true,\"valueName\":\"search_term_string\"}}],\"inLanguage\":\"it-IT\"},{\"@type\":\"Organization\",\"@id\":\"https:\/\/boodalo.com\/it\/#organization\",\"name\":\"Boodalo\",\"url\":\"https:\/\/boodalo.com\/it\/\",\"logo\":{\"@type\":\"ImageObject\",\"inLanguage\":\"it-IT\",\"@id\":\"https:\/\/boodalo.com\/it\/#\/schema\/logo\/image\/\",\"url\":\"https:\/\/boodalo.com\/wp-content\/uploads\/2022\/05\/Boodalo-Logo.png\",\"contentUrl\":\"https:\/\/boodalo.com\/wp-content\/uploads\/2022\/05\/Boodalo-Logo.png\",\"width\":171,\"height\":64,\"caption\":\"Boodalo\"},\"image\":{\"@id\":\"https:\/\/boodalo.com\/it\/#\/schema\/logo\/image\/\"}}]}<\/script>\n<!-- \/ Yoast SEO plugin. -->","yoast_head_json":{"title":"Affitto di propriet\u00e0 a Bali - Boodalo | Agente immobiliare di Bali","description":"Scopri la perfetta propriet\u00e0 in affitto a Bali: la tua porta d'ingresso per un potenziale business a Bali. Puoi trovare pi\u00f9 immobili in affitto con noi.","robots":{"index":"index","follow":"follow","max-snippet":"max-snippet:-1","max-image-preview":"max-image-preview:large","max-video-preview":"max-video-preview:-1"},"canonical":"https:\/\/boodalo.com\/it\/affitto-di-proprieta-a-bali\/","og_locale":"it_IT","og_type":"article","og_title":"Affitto di propriet\u00e0 a Bali - Boodalo | Agente immobiliare di Bali","og_description":"Scopri la perfetta propriet\u00e0 in affitto a Bali: la tua porta d'ingresso per un potenziale business a Bali. Puoi trovare pi\u00f9 immobili in affitto con noi.","og_url":"https:\/\/boodalo.com\/it\/affitto-di-proprieta-a-bali\/","og_site_name":"Boodalo","article_modified_time":"2023-10-25T09:39:03+00:00","og_image":[{"width":1440,"height":960,"url":"https:\/\/boodalo.com\/wp-content\/uploads\/2022\/05\/Home-Boodalo.jpg","type":"image\/jpeg"}],"twitter_card":"summary_large_image","twitter_misc":{"Tempo di lettura stimato":"3 minuti"},"schema":{"@context":"https:\/\/schema.org","@graph":[{"@type":"WebPage","@id":"https:\/\/boodalo.com\/it\/affitto-di-proprieta-a-bali\/","url":"https:\/\/boodalo.com\/it\/affitto-di-proprieta-a-bali\/","name":"Affitto di propriet\u00e0 a Bali - Boodalo | Agente immobiliare di Bali","isPartOf":{"@id":"https:\/\/boodalo.com\/it\/#website"},"primaryImageOfPage":{"@id":"https:\/\/boodalo.com\/it\/affitto-di-proprieta-a-bali\/#primaryimage"},"image":{"@id":"https:\/\/boodalo.com\/it\/affitto-di-proprieta-a-bali\/#primaryimage"},"thumbnailUrl":"https:\/\/boodalo.com\/wp-content\/uploads\/2022\/05\/Home-Boodalo.jpg","datePublished":"2023-10-08T05:06:07+00:00","dateModified":"2023-10-25T09:39:03+00:00","description":"Scopri la perfetta propriet\u00e0 in affitto a Bali: la tua porta d'ingresso per un potenziale business a Bali. Puoi trovare pi\u00f9 immobili in affitto con noi.","breadcrumb":{"@id":"https:\/\/boodalo.com\/it\/affitto-di-proprieta-a-bali\/#breadcrumb"},"inLanguage":"it-IT","potentialAction":[{"@type":"ReadAction","target":["https:\/\/boodalo.com\/it\/affitto-di-proprieta-a-bali\/"]}]},{"@type":"ImageObject","inLanguage":"it-IT","@id":"https:\/\/boodalo.com\/it\/affitto-di-proprieta-a-bali\/#primaryimage","url":"https:\/\/boodalo.com\/wp-content\/uploads\/2022\/05\/Home-Boodalo.jpg","contentUrl":"https:\/\/boodalo.com\/wp-content\/uploads\/2022\/05\/Home-Boodalo.jpg","width":1440,"height":960},{"@type":"BreadcrumbList","@id":"https:\/\/boodalo.com\/it\/affitto-di-proprieta-a-bali\/#breadcrumb","itemListElement":[{"@type":"ListItem","position":1,"name":"Home","item":"https:\/\/boodalo.com\/it\/"},{"@type":"ListItem","position":2,"name":"Affitto di propriet\u00e0 a Bali"}]},{"@type":"WebSite","@id":"https:\/\/boodalo.com\/it\/#website","url":"https:\/\/boodalo.com\/it\/","name":"Boodalo","description":"Indonesia Real Estate portal Website","publisher":{"@id":"https:\/\/boodalo.com\/it\/#organization"},"potentialAction":[{"@type":"SearchAction","target":{"@type":"EntryPoint","urlTemplate":"https:\/\/boodalo.com\/it\/?s={search_term_string}"},"query-input":{"@type":"PropertyValueSpecification","valueRequired":true,"valueName":"search_term_string"}}],"inLanguage":"it-IT"},{"@type":"Organization","@id":"https:\/\/boodalo.com\/it\/#organization","name":"Boodalo","url":"https:\/\/boodalo.com\/it\/","logo":{"@type":"ImageObject","inLanguage":"it-IT","@id":"https:\/\/boodalo.com\/it\/#\/schema\/logo\/image\/","url":"https:\/\/boodalo.com\/wp-content\/uploads\/2022\/05\/Boodalo-Logo.png","contentUrl":"https:\/\/boodalo.com\/wp-content\/uploads\/2022\/05\/Boodalo-Logo.png","width":171,"height":64,"caption":"Boodalo"},"image":{"@id":"https:\/\/boodalo.com\/it\/#\/schema\/logo\/image\/"}}]}},"_links":{"self":[{"href":"https:\/\/boodalo.com\/it\/wp-json\/wp\/v2\/pages\/26124","targetHints":{"allow":["GET"]}}],"collection":[{"href":"https:\/\/boodalo.com\/it\/wp-json\/wp\/v2\/pages"}],"about":[{"href":"https:\/\/boodalo.com\/it\/wp-json\/wp\/v2\/types\/page"}],"author":[{"embeddable":true,"href":"https:\/\/boodalo.com\/it\/wp-json\/wp\/v2\/users\/8"}],"replies":[{"embeddable":true,"href":"https:\/\/boodalo.com\/it\/wp-json\/wp\/v2\/comments?post=26124"}],"version-history":[{"count":20,"href":"https:\/\/boodalo.com\/it\/wp-json\/wp\/v2\/pages\/26124\/revisions"}],"predecessor-version":[{"id":27790,"href":"https:\/\/boodalo.com\/it\/wp-json\/wp\/v2\/pages\/26124\/revisions\/27790"}],"wp:featuredmedia":[{"embeddable":true,"href":"https:\/\/boodalo.com\/it\/wp-json\/wp\/v2\/media\/21323"}],"wp:attachment":[{"href":"https:\/\/boodalo.com\/it\/wp-json\/wp\/v2\/media?parent=26124"}],"curies":[{"name":"wp","href":"https:\/\/api.w.org\/{rel}","templated":true}]}}