{"id":25861,"date":"2023-10-07T14:42:18","date_gmt":"2023-10-07T06:42:18","guid":{"rendered":"https:\/\/boodalo.com\/bali-house-for-sale\/"},"modified":"2023-10-25T15:17:24","modified_gmt":"2023-10-25T07:17:24","slug":"casa-di-bali-in-vendita","status":"publish","type":"page","link":"https:\/\/boodalo.com\/it\/casa-di-bali-in-vendita\/","title":{"rendered":"Casa di Bali in vendita"},"content":{"rendered":"\t\t<div data-elementor-type=\"wp-page\" data-elementor-id=\"25861\" class=\"elementor elementor-25861 elementor-25856\">\n\t\t\t\t\t\t\t\t\t<section class=\"elementor-section elementor-top-section elementor-element elementor-element-1da6567 elementor-section-boxed elementor-section-height-default elementor-section-height-default\" data-id=\"1da6567\" data-element_type=\"section\">\n\t\t\t\t\t\t<div class=\"elementor-container elementor-column-gap-default\">\n\t\t\t\t\t<div class=\"elementor-column elementor-col-100 elementor-top-column elementor-element elementor-element-ed6eab2\" data-id=\"ed6eab2\" data-element_type=\"column\">\n\t\t\t<div class=\"elementor-widget-wrap elementor-element-populated\">\n\t\t\t\t\t\t\t\t<div class=\"elementor-element elementor-element-ee908dc elementor-widget elementor-widget-heading\" data-id=\"ee908dc\" data-element_type=\"widget\" data-widget_type=\"heading.default\">\n\t\t\t\t<div class=\"elementor-widget-container\">\n\t\t\t<h2 class=\"elementor-heading-title elementor-size-default\">La casa dei tuoi sogni ti aspetta: casa in vendita a Bali<\/h2>\t\t<\/div>\n\t\t\t\t<\/div>\n\t\t\t\t\t<\/div>\n\t\t<\/div>\n\t\t\t\t\t\t\t<\/div>\n\t\t<\/section>\n\t\t\t\t<section class=\"elementor-section elementor-top-section elementor-element elementor-element-1af01fed elementor-section-boxed elementor-section-height-default elementor-section-height-default\" data-id=\"1af01fed\" data-element_type=\"section\">\n\t\t\t\t\t\t<div class=\"elementor-container elementor-column-gap-default\">\n\t\t\t\t\t<div class=\"elementor-column elementor-col-100 elementor-top-column elementor-element elementor-element-59d4f16a\" data-id=\"59d4f16a\" data-element_type=\"column\">\n\t\t\t<div class=\"elementor-widget-wrap elementor-element-populated\">\n\t\t\t\t\t\t\t\t<div class=\"elementor-element elementor-element-46fdfed3 elementor-widget elementor-widget-text-editor\" data-id=\"46fdfed3\" data-element_type=\"widget\" data-widget_type=\"text-editor.default\">\n\t\t\t\t<div class=\"elementor-widget-container\">\n\t\t\t\t\t\t\t<p>Sei pronto a fare di <a href=\"https:\/\/en.wikipedia.org\/wiki\/Bali\" target=\"_blank\" rel=\"noopener\">Bali<\/a> il tuo paradiso permanente? Immagina di svegliarti ogni giorno con il suono delle dolci onde e il profumo delle fioriture tropicali. Ora, il tuo sogno pu\u00f2 diventare realt\u00e0 con una <a href=\"https:\/\/boodalo.com\/it\/casa-di-bali-in-vendita\/\">casa in vendita a Bali<\/a>. Bali offre una qualit\u00e0 di vita senza pari e possedere un pezzo di quest\u2019isola paradisiaca \u00e8 un sogno diventato realt\u00e0.<\/p><h3>Scopri la tua casa in vendita a Bali<\/h3><p>Quando si tratta di trovare la casa perfetta in vendita a Bali, hai un mondo di opzioni. Dalle ville moderne con piscina privata alle tradizionali case balinesi con giardini lussureggianti, Bali ha tutto. Che tu stia cercando un rifugio sereno a Ubud, una villa sulla spiaggia a Seminyak o una casa di famiglia a Canggu, i nostri annunci di vendita di case a Bali soddisfano tutti i gusti e tutti i budget.<\/p><h3>Perch\u00e9 investire in una casa in vendita a Bali?<\/h3><p>Investire in una casa in vendita a Bali non significa solo possedere una propriet\u00e0; si tratta di abbracciare uno stile di vita. Bali offre una miscela unica di cultura, bellezza naturale e una comunit\u00e0 accogliente. Quando acquisti una casa a Bali, non stai semplicemente acquistando una casa; stai ottenendo l&#8217;accesso a uno stile di vita vibrante.<\/p><h3>Casa in vendita a Bali: la tua fetta di paradiso<\/h3><p>Immagina di goderti il caff\u00e8 mattutino su una terrazza soleggiata, circondata da una lussureggiante vegetazione tropicale. Immagina di passeggiare lungo spiagge incontaminate, sentendo la sabbia dorata tra le dita dei piedi. Con una casa a Bali da acquistare, questa vita idilliaca pu\u00f2 essere tua.<\/p><h3>Esplora gli annunci di vendita di case a Bali<\/h3><p>I nostri estesi elenchi di case in vendita a Bali ti assicurano che troverai la propriet\u00e0 perfetta da chiamare casa. Che tu sia un acquirente per la prima volta, un investitore o qualcuno che desidera aggiornare, Bali offre una gamma di opzioni di casa per soddisfare le tue esigenze.<\/p><h3>Casa da acquistare a Bali: un investimento sicuro<\/h3><p>Il mercato immobiliare di Bali \u00e8 noto per la sua stabilit\u00e0 e il forte potenziale di apprezzamento. Investire in una casa in vendita a Bali non \u00e8 solo una scelta di vita ma anche una mossa finanziaria intelligente. Poich\u00e9 l&#8217;isola continua ad attrarre turisti, la tua casa a Bali pu\u00f2 fornirti un reddito da locazione quando non ti diverti.<\/p><h3>Non perderti la casa da sogno in vendita a Bali<\/h3><p>L&#8217;opportunit\u00e0 di possedere una casa a Bali \u00e8 un&#8217;opportunit\u00e0 per vivere la vita al massimo. Che tu stia andando in pensione, trasferendoti o semplicemente cercando una seconda casa, Bali ti accoglie a braccia aperte. La tua casa in vendita a Bali ti sta aspettando: tutto ci\u00f2 che devi fare \u00e8 fare il primo passo.<\/p><h3>Trova oggi stesso la tua casa in vendita a Bali<\/h3><p>Pronti a intraprendere questo entusiasmante viaggio? Sfoglia i nostri annunci di vendita di case a Bali e scopri la casa dei tuoi sogni. Bali \u00e8 pi\u00f9 di una semplice isola; \u00e8 uno stile di vita e la tua casa perfetta \u00e8 qui che ti aspetta. Da non perdere: trova la tua casa a Bali da acquistare oggi. Grazie per aver visitato l&#8217;<a href=\"https:\/\/boodalo.com\/it\/\">agenzia immobiliare di Bali<\/a>.<\/p>\t\t\t\t\t\t<\/div>\n\t\t\t\t<\/div>\n\t\t\t\t\t<\/div>\n\t\t<\/div>\n\t\t\t\t\t\t\t<\/div>\n\t\t<\/section>\n\t\t\t\t\t\t\t<\/div>\n\t\t","protected":false},"excerpt":{"rendered":"<p>La casa dei tuoi sogni ti aspetta: casa in vendita a Bali Sei pronto a fare di Bali il tuo paradiso permanente? Immagina di svegliarti ogni giorno con il suono delle dolci onde e il profumo delle fioriture tropicali. Ora, il tuo sogno pu\u00f2 diventare realt\u00e0 con una casa in vendita a Bali. Bali offre&#8230;<\/p>\n","protected":false},"author":8,"featured_media":21323,"parent":0,"menu_order":0,"comment_status":"closed","ping_status":"closed","template":"templates\/grid-layout-full-width.php","meta":{"_monsterinsights_skip_tracking":false,"_monsterinsights_sitenote_active":false,"_monsterinsights_sitenote_note":"","_monsterinsights_sitenote_category":0,"footnotes":""},"class_list":["post-25861","page","type-page","status-publish","has-post-thumbnail","hentry"],"yoast_head":"<!-- This site is optimized with the Yoast SEO plugin v25.5 - https:\/\/yoast.com\/wordpress\/plugins\/seo\/ -->\n<title>Casa di Bali in vendita - Boodalo | Agente immobiliare di Bali<\/title>\n<meta name=\"description\" content=\"Scopri lo stile di vita dei tuoi sogni a Bali con una casa in vendita. Esplora gli annunci di vendita di case a Bali per la tua casa perfetta. Trova la casa ideale a Bali da acquistare oggi\" \/>\n<meta name=\"robots\" content=\"index, follow, max-snippet:-1, max-image-preview:large, max-video-preview:-1\" \/>\n<link rel=\"canonical\" href=\"https:\/\/boodalo.com\/it\/casa-di-bali-in-vendita\/\" \/>\n<meta property=\"og:locale\" content=\"it_IT\" \/>\n<meta property=\"og:type\" content=\"article\" \/>\n<meta property=\"og:title\" content=\"Casa di Bali in vendita - Boodalo | Agente immobiliare di Bali\" \/>\n<meta property=\"og:description\" content=\"Scopri lo stile di vita dei tuoi sogni a Bali con una casa in vendita. Esplora gli annunci di vendita di case a Bali per la tua casa perfetta. Trova la casa ideale a Bali da acquistare oggi\" \/>\n<meta property=\"og:url\" content=\"https:\/\/boodalo.com\/it\/casa-di-bali-in-vendita\/\" \/>\n<meta property=\"og:site_name\" content=\"Boodalo\" \/>\n<meta property=\"article:modified_time\" content=\"2023-10-25T07:17:24+00:00\" \/>\n<meta property=\"og:image\" content=\"https:\/\/boodalo.com\/wp-content\/uploads\/2022\/05\/Home-Boodalo.jpg\" \/>\n\t<meta property=\"og:image:width\" content=\"1440\" \/>\n\t<meta property=\"og:image:height\" content=\"960\" \/>\n\t<meta property=\"og:image:type\" content=\"image\/jpeg\" \/>\n<meta name=\"twitter:card\" content=\"summary_large_image\" \/>\n<meta name=\"twitter:label1\" content=\"Tempo di lettura stimato\" \/>\n\t<meta name=\"twitter:data1\" content=\"3 minuti\" \/>\n<script type=\"application\/ld+json\" class=\"yoast-schema-graph\">{\"@context\":\"https:\/\/schema.org\",\"@graph\":[{\"@type\":\"WebPage\",\"@id\":\"https:\/\/boodalo.com\/it\/casa-di-bali-in-vendita\/\",\"url\":\"https:\/\/boodalo.com\/it\/casa-di-bali-in-vendita\/\",\"name\":\"Casa di Bali in vendita - Boodalo | Agente immobiliare di Bali\",\"isPartOf\":{\"@id\":\"https:\/\/boodalo.com\/it\/#website\"},\"primaryImageOfPage\":{\"@id\":\"https:\/\/boodalo.com\/it\/casa-di-bali-in-vendita\/#primaryimage\"},\"image\":{\"@id\":\"https:\/\/boodalo.com\/it\/casa-di-bali-in-vendita\/#primaryimage\"},\"thumbnailUrl\":\"https:\/\/boodalo.com\/wp-content\/uploads\/2022\/05\/Home-Boodalo.jpg\",\"datePublished\":\"2023-10-07T06:42:18+00:00\",\"dateModified\":\"2023-10-25T07:17:24+00:00\",\"description\":\"Scopri lo stile di vita dei tuoi sogni a Bali con una casa in vendita. Esplora gli annunci di vendita di case a Bali per la tua casa perfetta. Trova la casa ideale a Bali da acquistare oggi\",\"breadcrumb\":{\"@id\":\"https:\/\/boodalo.com\/it\/casa-di-bali-in-vendita\/#breadcrumb\"},\"inLanguage\":\"it-IT\",\"potentialAction\":[{\"@type\":\"ReadAction\",\"target\":[\"https:\/\/boodalo.com\/it\/casa-di-bali-in-vendita\/\"]}]},{\"@type\":\"ImageObject\",\"inLanguage\":\"it-IT\",\"@id\":\"https:\/\/boodalo.com\/it\/casa-di-bali-in-vendita\/#primaryimage\",\"url\":\"https:\/\/boodalo.com\/wp-content\/uploads\/2022\/05\/Home-Boodalo.jpg\",\"contentUrl\":\"https:\/\/boodalo.com\/wp-content\/uploads\/2022\/05\/Home-Boodalo.jpg\",\"width\":1440,\"height\":960},{\"@type\":\"BreadcrumbList\",\"@id\":\"https:\/\/boodalo.com\/it\/casa-di-bali-in-vendita\/#breadcrumb\",\"itemListElement\":[{\"@type\":\"ListItem\",\"position\":1,\"name\":\"Home\",\"item\":\"https:\/\/boodalo.com\/it\/\"},{\"@type\":\"ListItem\",\"position\":2,\"name\":\"Casa di Bali in vendita\"}]},{\"@type\":\"WebSite\",\"@id\":\"https:\/\/boodalo.com\/it\/#website\",\"url\":\"https:\/\/boodalo.com\/it\/\",\"name\":\"Boodalo\",\"description\":\"Indonesia Real Estate portal Website\",\"publisher\":{\"@id\":\"https:\/\/boodalo.com\/it\/#organization\"},\"potentialAction\":[{\"@type\":\"SearchAction\",\"target\":{\"@type\":\"EntryPoint\",\"urlTemplate\":\"https:\/\/boodalo.com\/it\/?s={search_term_string}\"},\"query-input\":{\"@type\":\"PropertyValueSpecification\",\"valueRequired\":true,\"valueName\":\"search_term_string\"}}],\"inLanguage\":\"it-IT\"},{\"@type\":\"Organization\",\"@id\":\"https:\/\/boodalo.com\/it\/#organization\",\"name\":\"Boodalo\",\"url\":\"https:\/\/boodalo.com\/it\/\",\"logo\":{\"@type\":\"ImageObject\",\"inLanguage\":\"it-IT\",\"@id\":\"https:\/\/boodalo.com\/it\/#\/schema\/logo\/image\/\",\"url\":\"https:\/\/boodalo.com\/wp-content\/uploads\/2022\/05\/Boodalo-Logo.png\",\"contentUrl\":\"https:\/\/boodalo.com\/wp-content\/uploads\/2022\/05\/Boodalo-Logo.png\",\"width\":171,\"height\":64,\"caption\":\"Boodalo\"},\"image\":{\"@id\":\"https:\/\/boodalo.com\/it\/#\/schema\/logo\/image\/\"}}]}<\/script>\n<!-- \/ Yoast SEO plugin. -->","yoast_head_json":{"title":"Casa di Bali in vendita - Boodalo | Agente immobiliare di Bali","description":"Scopri lo stile di vita dei tuoi sogni a Bali con una casa in vendita. Esplora gli annunci di vendita di case a Bali per la tua casa perfetta. Trova la casa ideale a Bali da acquistare oggi","robots":{"index":"index","follow":"follow","max-snippet":"max-snippet:-1","max-image-preview":"max-image-preview:large","max-video-preview":"max-video-preview:-1"},"canonical":"https:\/\/boodalo.com\/it\/casa-di-bali-in-vendita\/","og_locale":"it_IT","og_type":"article","og_title":"Casa di Bali in vendita - Boodalo | Agente immobiliare di Bali","og_description":"Scopri lo stile di vita dei tuoi sogni a Bali con una casa in vendita. Esplora gli annunci di vendita di case a Bali per la tua casa perfetta. Trova la casa ideale a Bali da acquistare oggi","og_url":"https:\/\/boodalo.com\/it\/casa-di-bali-in-vendita\/","og_site_name":"Boodalo","article_modified_time":"2023-10-25T07:17:24+00:00","og_image":[{"width":1440,"height":960,"url":"https:\/\/boodalo.com\/wp-content\/uploads\/2022\/05\/Home-Boodalo.jpg","type":"image\/jpeg"}],"twitter_card":"summary_large_image","twitter_misc":{"Tempo di lettura stimato":"3 minuti"},"schema":{"@context":"https:\/\/schema.org","@graph":[{"@type":"WebPage","@id":"https:\/\/boodalo.com\/it\/casa-di-bali-in-vendita\/","url":"https:\/\/boodalo.com\/it\/casa-di-bali-in-vendita\/","name":"Casa di Bali in vendita - Boodalo | Agente immobiliare di Bali","isPartOf":{"@id":"https:\/\/boodalo.com\/it\/#website"},"primaryImageOfPage":{"@id":"https:\/\/boodalo.com\/it\/casa-di-bali-in-vendita\/#primaryimage"},"image":{"@id":"https:\/\/boodalo.com\/it\/casa-di-bali-in-vendita\/#primaryimage"},"thumbnailUrl":"https:\/\/boodalo.com\/wp-content\/uploads\/2022\/05\/Home-Boodalo.jpg","datePublished":"2023-10-07T06:42:18+00:00","dateModified":"2023-10-25T07:17:24+00:00","description":"Scopri lo stile di vita dei tuoi sogni a Bali con una casa in vendita. Esplora gli annunci di vendita di case a Bali per la tua casa perfetta. Trova la casa ideale a Bali da acquistare oggi","breadcrumb":{"@id":"https:\/\/boodalo.com\/it\/casa-di-bali-in-vendita\/#breadcrumb"},"inLanguage":"it-IT","potentialAction":[{"@type":"ReadAction","target":["https:\/\/boodalo.com\/it\/casa-di-bali-in-vendita\/"]}]},{"@type":"ImageObject","inLanguage":"it-IT","@id":"https:\/\/boodalo.com\/it\/casa-di-bali-in-vendita\/#primaryimage","url":"https:\/\/boodalo.com\/wp-content\/uploads\/2022\/05\/Home-Boodalo.jpg","contentUrl":"https:\/\/boodalo.com\/wp-content\/uploads\/2022\/05\/Home-Boodalo.jpg","width":1440,"height":960},{"@type":"BreadcrumbList","@id":"https:\/\/boodalo.com\/it\/casa-di-bali-in-vendita\/#breadcrumb","itemListElement":[{"@type":"ListItem","position":1,"name":"Home","item":"https:\/\/boodalo.com\/it\/"},{"@type":"ListItem","position":2,"name":"Casa di Bali in vendita"}]},{"@type":"WebSite","@id":"https:\/\/boodalo.com\/it\/#website","url":"https:\/\/boodalo.com\/it\/","name":"Boodalo","description":"Indonesia Real Estate portal Website","publisher":{"@id":"https:\/\/boodalo.com\/it\/#organization"},"potentialAction":[{"@type":"SearchAction","target":{"@type":"EntryPoint","urlTemplate":"https:\/\/boodalo.com\/it\/?s={search_term_string}"},"query-input":{"@type":"PropertyValueSpecification","valueRequired":true,"valueName":"search_term_string"}}],"inLanguage":"it-IT"},{"@type":"Organization","@id":"https:\/\/boodalo.com\/it\/#organization","name":"Boodalo","url":"https:\/\/boodalo.com\/it\/","logo":{"@type":"ImageObject","inLanguage":"it-IT","@id":"https:\/\/boodalo.com\/it\/#\/schema\/logo\/image\/","url":"https:\/\/boodalo.com\/wp-content\/uploads\/2022\/05\/Boodalo-Logo.png","contentUrl":"https:\/\/boodalo.com\/wp-content\/uploads\/2022\/05\/Boodalo-Logo.png","width":171,"height":64,"caption":"Boodalo"},"image":{"@id":"https:\/\/boodalo.com\/it\/#\/schema\/logo\/image\/"}}]}},"_links":{"self":[{"href":"https:\/\/boodalo.com\/it\/wp-json\/wp\/v2\/pages\/25861","targetHints":{"allow":["GET"]}}],"collection":[{"href":"https:\/\/boodalo.com\/it\/wp-json\/wp\/v2\/pages"}],"about":[{"href":"https:\/\/boodalo.com\/it\/wp-json\/wp\/v2\/types\/page"}],"author":[{"embeddable":true,"href":"https:\/\/boodalo.com\/it\/wp-json\/wp\/v2\/users\/8"}],"replies":[{"embeddable":true,"href":"https:\/\/boodalo.com\/it\/wp-json\/wp\/v2\/comments?post=25861"}],"version-history":[{"count":20,"href":"https:\/\/boodalo.com\/it\/wp-json\/wp\/v2\/pages\/25861\/revisions"}],"predecessor-version":[{"id":27619,"href":"https:\/\/boodalo.com\/it\/wp-json\/wp\/v2\/pages\/25861\/revisions\/27619"}],"wp:featuredmedia":[{"embeddable":true,"href":"https:\/\/boodalo.com\/it\/wp-json\/wp\/v2\/media\/21323"}],"wp:attachment":[{"href":"https:\/\/boodalo.com\/it\/wp-json\/wp\/v2\/media?parent=25861"}],"curies":[{"name":"wp","href":"https:\/\/api.w.org\/{rel}","templated":true}]}}