{"id":25690,"date":"2022-11-15T18:16:50","date_gmt":"2022-11-15T10:16:50","guid":{"rendered":"https:\/\/boodalo.com\/villa-for-sale\/"},"modified":"2023-10-25T16:18:52","modified_gmt":"2023-10-25T08:18:52","slug":"ville-a-bali-in-vendita","status":"publish","type":"page","link":"https:\/\/boodalo.com\/it\/ville-a-bali-in-vendita\/","title":{"rendered":"Ville a Bali in vendita"},"content":{"rendered":"\t\t<div data-elementor-type=\"wp-page\" data-elementor-id=\"25690\" class=\"elementor elementor-25690 elementor-18539\">\n\t\t\t\t\t\t\t\t\t<section class=\"elementor-section elementor-top-section elementor-element elementor-element-552522e elementor-section-boxed elementor-section-height-default elementor-section-height-default\" data-id=\"552522e\" data-element_type=\"section\">\n\t\t\t\t\t\t<div class=\"elementor-container elementor-column-gap-default\">\n\t\t\t\t\t<div class=\"elementor-column elementor-col-100 elementor-top-column elementor-element elementor-element-3f351d2\" data-id=\"3f351d2\" data-element_type=\"column\">\n\t\t\t<div class=\"elementor-widget-wrap elementor-element-populated\">\n\t\t\t\t\t\t\t\t<div class=\"elementor-element elementor-element-19cc420 elementor-widget elementor-widget-heading\" data-id=\"19cc420\" data-element_type=\"widget\" data-widget_type=\"heading.default\">\n\t\t\t\t<div class=\"elementor-widget-container\">\n\t\t\t<h2 class=\"elementor-heading-title elementor-size-default\">La casa dei tuoi sogni ti aspetta: ville in vendita a Bali<\/h2>\t\t<\/div>\n\t\t\t\t<\/div>\n\t\t\t\t\t<\/div>\n\t\t<\/div>\n\t\t\t\t\t\t\t<\/div>\n\t\t<\/section>\n\t\t\t\t<section class=\"elementor-section elementor-top-section elementor-element elementor-element-d874ff3 elementor-section-boxed elementor-section-height-default elementor-section-height-default\" data-id=\"d874ff3\" data-element_type=\"section\">\n\t\t\t\t\t\t<div class=\"elementor-container elementor-column-gap-default\">\n\t\t\t\t\t<div class=\"elementor-column elementor-col-100 elementor-top-column elementor-element elementor-element-31a61da1\" data-id=\"31a61da1\" data-element_type=\"column\">\n\t\t\t<div class=\"elementor-widget-wrap elementor-element-populated\">\n\t\t\t\t\t\t\t\t<div class=\"elementor-element elementor-element-5cfcc61f elementor-widget elementor-widget-text-editor\" data-id=\"5cfcc61f\" data-element_type=\"widget\" data-widget_type=\"text-editor.default\">\n\t\t\t\t<div class=\"elementor-widget-container\">\n\t\t\t\t\t\t\t<p>Se hai sempre sognato di possedere un angolo di paradiso, <a href=\"https:\/\/en.wikipedia.org\/wiki\/Bali\" target=\"_blank\" rel=\"noopener\">Bali<\/a> offre una opportunit\u00e0 allettante con le sue splendide ville in vendita. Che tu stia cercando un rifugio sereno, un investimento redditizio o una combinazione di entrambi, il mercato immobiliare di Bali ha una villa adatta ai tuoi desideri. In questo articolo approfondiremo il mondo delle <a href=\"https:\/\/boodalo.com\/it\/ville-a-bali-in-vendita\/\">ville in vendita a Bali<\/a>, fornendoti spunti per realizzare il tuo sogno di possedere una villa a Bali diventa realt\u00e0.<\/p><h3><strong>Esplorando il mercato delle ville di Bali<\/strong><\/h3><p>Bali \u00e8 rinomata per i suoi paesaggi accattivanti, la ricca cultura e la comunit\u00e0 accogliente. Possedere una villa a Bali ti permette di immergerti in questo paradiso tropicale, e c&#8217;\u00e8 una villa per ogni gusto e budget. Dall&#8217;architettura chic e moderna a quella tradizionale balinese, il mercato delle ville di Bali \u00e8 vario e dinamico.<\/p><h3><strong>Vantaggi di possedere una villa a Bali<\/strong><\/h3><ol><li><strong>Vita di lusso<\/strong>: le ville di Bali offrono lusso e comfort senza pari, spesso vantando piscine private, giardini lussureggianti e ampie zone soggiorno.<\/li><li><strong>Potenziale di investimento<\/strong>: l&#8217;industria del turismo di Bali continua a prosperare, rendendo le ville un&#8217;opzione di investimento promettente. Puoi generare un reddito da locazione quando non utilizzi la tua villa.<\/li><li><strong>Ritiro personale<\/strong>: avere la tua villa a Bali significa che puoi fuggire nel tuo santuario tropicale ogni volta che lo desideri, creando ricordi preziosi con la famiglia e gli amici.<\/li><\/ol><h3><strong>Trova la tua villa perfetta<\/strong><\/h3><ol><li><strong>Imposta il tuo budget<\/strong>: determina il tuo budget per le ville in vendita a Bali. Che tu stia cercando un&#8217;opzione conveniente o una villa di fascia alta, Bali soddisfa diverse fasce di prezzo.<\/li><li><strong>La posizione \u00e8 importante<\/strong>: Bali offre regioni diverse, ognuna con il suo fascino unico. Decidi se preferisci le affollate strade di Seminyak, le tranquille colline di Ubud o la bellezza della spiaggia di Jimbaran.<\/li><li><strong>Consulta esperti locali<\/strong>: collaborare con agenzie immobiliari ed esperti di Bali pu\u00f2 semplificare la tua ricerca. Hanno una vasta conoscenza del mercato e possono aiutarti a trovare la villa ideale.<\/li><\/ol><h3><strong>Ville in vendita a Bali: la tua porta verso il paradiso<\/strong><\/h3><p>Noi di Bali Property Experts siamo specializzati nel mettere in contatto gli acquirenti con le loro ville da sogno a Bali. Che tu stia cercando una villa per famiglie, un&#8217;opportunit\u00e0 di investimento o una combinazione di entrambi, disponiamo di un ampio portafoglio di ville in vendita a Bali da esplorare.<\/p><h3><strong>In conclusione<\/strong><\/h3><p>Possedere una villa a Bali non \u00e8 solo un investimento immobiliare; \u00e8 un investimento in uno stile di vita pieno di bellezza, cultura e tranquillit\u00e0. Le ville in vendita a Bali aprono le porte a un&#8217;esperienza di vita straordinaria che fonde lusso, natura e vivace cultura locale.<\/p><p>Quindi, inizia oggi il tuo viaggio ed esplora le ville in vendita di Bali. La casa dei tuoi sogni in paradiso ti aspetta! E grazie per aver visitato la <a href=\"https:\/\/boodalo.com\/it\/\">propriet\u00e0 in vendita a Bali<\/a>.<\/p>\t\t\t\t\t\t<\/div>\n\t\t\t\t<\/div>\n\t\t\t\t\t<\/div>\n\t\t<\/div>\n\t\t\t\t\t\t\t<\/div>\n\t\t<\/section>\n\t\t\t\t\t\t\t<\/div>\n\t\t","protected":false},"excerpt":{"rendered":"<p>La casa dei tuoi sogni ti aspetta: ville in vendita a Bali Se hai sempre sognato di possedere un angolo di paradiso, Bali offre una opportunit\u00e0 allettante con le sue splendide ville in vendita. Che tu stia cercando un rifugio sereno, un investimento redditizio o una combinazione di entrambi, il mercato immobiliare di Bali ha&#8230;<\/p>\n","protected":false},"author":8,"featured_media":21323,"parent":0,"menu_order":0,"comment_status":"closed","ping_status":"closed","template":"templates\/grid-layout-full-width.php","meta":{"_monsterinsights_skip_tracking":false,"_monsterinsights_sitenote_active":false,"_monsterinsights_sitenote_note":"","_monsterinsights_sitenote_category":0,"footnotes":""},"class_list":["post-25690","page","type-page","status-publish","has-post-thumbnail","hentry"],"yoast_head":"<!-- This site is optimized with the Yoast SEO plugin v25.5 - https:\/\/yoast.com\/wordpress\/plugins\/seo\/ -->\n<title>Ville a Bali in vendita - Boodalo | Agente immobiliare di Bali<\/title>\n<meta name=\"description\" content=\"Scopri le ville da sogno in vendita a Bali. Esplora una serie di splendide propriet\u00e0 in paradiso. Trova la villa perfetta da chiamare casa o investi oggi stesso nel settore immobiliare di Bali.\" \/>\n<meta name=\"robots\" content=\"index, follow, max-snippet:-1, max-image-preview:large, max-video-preview:-1\" \/>\n<link rel=\"canonical\" href=\"https:\/\/boodalo.com\/it\/ville-a-bali-in-vendita\/\" \/>\n<meta property=\"og:locale\" content=\"it_IT\" \/>\n<meta property=\"og:type\" content=\"article\" \/>\n<meta property=\"og:title\" content=\"Ville a Bali in vendita - Boodalo | Agente immobiliare di Bali\" \/>\n<meta property=\"og:description\" content=\"Scopri le ville da sogno in vendita a Bali. Esplora una serie di splendide propriet\u00e0 in paradiso. Trova la villa perfetta da chiamare casa o investi oggi stesso nel settore immobiliare di Bali.\" \/>\n<meta property=\"og:url\" content=\"https:\/\/boodalo.com\/it\/ville-a-bali-in-vendita\/\" \/>\n<meta property=\"og:site_name\" content=\"Boodalo\" \/>\n<meta property=\"article:modified_time\" content=\"2023-10-25T08:18:52+00:00\" \/>\n<meta property=\"og:image\" content=\"https:\/\/boodalo.com\/wp-content\/uploads\/2022\/05\/Home-Boodalo.jpg\" \/>\n\t<meta property=\"og:image:width\" content=\"1440\" \/>\n\t<meta property=\"og:image:height\" content=\"960\" \/>\n\t<meta property=\"og:image:type\" content=\"image\/jpeg\" \/>\n<meta name=\"twitter:card\" content=\"summary_large_image\" \/>\n<meta name=\"twitter:label1\" content=\"Tempo di lettura stimato\" \/>\n\t<meta name=\"twitter:data1\" content=\"3 minuti\" \/>\n<script type=\"application\/ld+json\" class=\"yoast-schema-graph\">{\"@context\":\"https:\/\/schema.org\",\"@graph\":[{\"@type\":\"WebPage\",\"@id\":\"https:\/\/boodalo.com\/it\/ville-a-bali-in-vendita\/\",\"url\":\"https:\/\/boodalo.com\/it\/ville-a-bali-in-vendita\/\",\"name\":\"Ville a Bali in vendita - Boodalo | Agente immobiliare di Bali\",\"isPartOf\":{\"@id\":\"https:\/\/boodalo.com\/it\/#website\"},\"primaryImageOfPage\":{\"@id\":\"https:\/\/boodalo.com\/it\/ville-a-bali-in-vendita\/#primaryimage\"},\"image\":{\"@id\":\"https:\/\/boodalo.com\/it\/ville-a-bali-in-vendita\/#primaryimage\"},\"thumbnailUrl\":\"https:\/\/boodalo.com\/wp-content\/uploads\/2022\/05\/Home-Boodalo.jpg\",\"datePublished\":\"2022-11-15T10:16:50+00:00\",\"dateModified\":\"2023-10-25T08:18:52+00:00\",\"description\":\"Scopri le ville da sogno in vendita a Bali. Esplora una serie di splendide propriet\u00e0 in paradiso. Trova la villa perfetta da chiamare casa o investi oggi stesso nel settore immobiliare di Bali.\",\"breadcrumb\":{\"@id\":\"https:\/\/boodalo.com\/it\/ville-a-bali-in-vendita\/#breadcrumb\"},\"inLanguage\":\"it-IT\",\"potentialAction\":[{\"@type\":\"ReadAction\",\"target\":[\"https:\/\/boodalo.com\/it\/ville-a-bali-in-vendita\/\"]}]},{\"@type\":\"ImageObject\",\"inLanguage\":\"it-IT\",\"@id\":\"https:\/\/boodalo.com\/it\/ville-a-bali-in-vendita\/#primaryimage\",\"url\":\"https:\/\/boodalo.com\/wp-content\/uploads\/2022\/05\/Home-Boodalo.jpg\",\"contentUrl\":\"https:\/\/boodalo.com\/wp-content\/uploads\/2022\/05\/Home-Boodalo.jpg\",\"width\":1440,\"height\":960},{\"@type\":\"BreadcrumbList\",\"@id\":\"https:\/\/boodalo.com\/it\/ville-a-bali-in-vendita\/#breadcrumb\",\"itemListElement\":[{\"@type\":\"ListItem\",\"position\":1,\"name\":\"Home\",\"item\":\"https:\/\/boodalo.com\/it\/\"},{\"@type\":\"ListItem\",\"position\":2,\"name\":\"Ville a Bali in vendita\"}]},{\"@type\":\"WebSite\",\"@id\":\"https:\/\/boodalo.com\/it\/#website\",\"url\":\"https:\/\/boodalo.com\/it\/\",\"name\":\"Boodalo\",\"description\":\"Indonesia Real Estate portal Website\",\"publisher\":{\"@id\":\"https:\/\/boodalo.com\/it\/#organization\"},\"potentialAction\":[{\"@type\":\"SearchAction\",\"target\":{\"@type\":\"EntryPoint\",\"urlTemplate\":\"https:\/\/boodalo.com\/it\/?s={search_term_string}\"},\"query-input\":{\"@type\":\"PropertyValueSpecification\",\"valueRequired\":true,\"valueName\":\"search_term_string\"}}],\"inLanguage\":\"it-IT\"},{\"@type\":\"Organization\",\"@id\":\"https:\/\/boodalo.com\/it\/#organization\",\"name\":\"Boodalo\",\"url\":\"https:\/\/boodalo.com\/it\/\",\"logo\":{\"@type\":\"ImageObject\",\"inLanguage\":\"it-IT\",\"@id\":\"https:\/\/boodalo.com\/it\/#\/schema\/logo\/image\/\",\"url\":\"https:\/\/boodalo.com\/wp-content\/uploads\/2022\/05\/Boodalo-Logo.png\",\"contentUrl\":\"https:\/\/boodalo.com\/wp-content\/uploads\/2022\/05\/Boodalo-Logo.png\",\"width\":171,\"height\":64,\"caption\":\"Boodalo\"},\"image\":{\"@id\":\"https:\/\/boodalo.com\/it\/#\/schema\/logo\/image\/\"}}]}<\/script>\n<!-- \/ Yoast SEO plugin. -->","yoast_head_json":{"title":"Ville a Bali in vendita - Boodalo | Agente immobiliare di Bali","description":"Scopri le ville da sogno in vendita a Bali. Esplora una serie di splendide propriet\u00e0 in paradiso. Trova la villa perfetta da chiamare casa o investi oggi stesso nel settore immobiliare di Bali.","robots":{"index":"index","follow":"follow","max-snippet":"max-snippet:-1","max-image-preview":"max-image-preview:large","max-video-preview":"max-video-preview:-1"},"canonical":"https:\/\/boodalo.com\/it\/ville-a-bali-in-vendita\/","og_locale":"it_IT","og_type":"article","og_title":"Ville a Bali in vendita - Boodalo | Agente immobiliare di Bali","og_description":"Scopri le ville da sogno in vendita a Bali. Esplora una serie di splendide propriet\u00e0 in paradiso. Trova la villa perfetta da chiamare casa o investi oggi stesso nel settore immobiliare di Bali.","og_url":"https:\/\/boodalo.com\/it\/ville-a-bali-in-vendita\/","og_site_name":"Boodalo","article_modified_time":"2023-10-25T08:18:52+00:00","og_image":[{"width":1440,"height":960,"url":"https:\/\/boodalo.com\/wp-content\/uploads\/2022\/05\/Home-Boodalo.jpg","type":"image\/jpeg"}],"twitter_card":"summary_large_image","twitter_misc":{"Tempo di lettura stimato":"3 minuti"},"schema":{"@context":"https:\/\/schema.org","@graph":[{"@type":"WebPage","@id":"https:\/\/boodalo.com\/it\/ville-a-bali-in-vendita\/","url":"https:\/\/boodalo.com\/it\/ville-a-bali-in-vendita\/","name":"Ville a Bali in vendita - Boodalo | Agente immobiliare di Bali","isPartOf":{"@id":"https:\/\/boodalo.com\/it\/#website"},"primaryImageOfPage":{"@id":"https:\/\/boodalo.com\/it\/ville-a-bali-in-vendita\/#primaryimage"},"image":{"@id":"https:\/\/boodalo.com\/it\/ville-a-bali-in-vendita\/#primaryimage"},"thumbnailUrl":"https:\/\/boodalo.com\/wp-content\/uploads\/2022\/05\/Home-Boodalo.jpg","datePublished":"2022-11-15T10:16:50+00:00","dateModified":"2023-10-25T08:18:52+00:00","description":"Scopri le ville da sogno in vendita a Bali. Esplora una serie di splendide propriet\u00e0 in paradiso. Trova la villa perfetta da chiamare casa o investi oggi stesso nel settore immobiliare di Bali.","breadcrumb":{"@id":"https:\/\/boodalo.com\/it\/ville-a-bali-in-vendita\/#breadcrumb"},"inLanguage":"it-IT","potentialAction":[{"@type":"ReadAction","target":["https:\/\/boodalo.com\/it\/ville-a-bali-in-vendita\/"]}]},{"@type":"ImageObject","inLanguage":"it-IT","@id":"https:\/\/boodalo.com\/it\/ville-a-bali-in-vendita\/#primaryimage","url":"https:\/\/boodalo.com\/wp-content\/uploads\/2022\/05\/Home-Boodalo.jpg","contentUrl":"https:\/\/boodalo.com\/wp-content\/uploads\/2022\/05\/Home-Boodalo.jpg","width":1440,"height":960},{"@type":"BreadcrumbList","@id":"https:\/\/boodalo.com\/it\/ville-a-bali-in-vendita\/#breadcrumb","itemListElement":[{"@type":"ListItem","position":1,"name":"Home","item":"https:\/\/boodalo.com\/it\/"},{"@type":"ListItem","position":2,"name":"Ville a Bali in vendita"}]},{"@type":"WebSite","@id":"https:\/\/boodalo.com\/it\/#website","url":"https:\/\/boodalo.com\/it\/","name":"Boodalo","description":"Indonesia Real Estate portal Website","publisher":{"@id":"https:\/\/boodalo.com\/it\/#organization"},"potentialAction":[{"@type":"SearchAction","target":{"@type":"EntryPoint","urlTemplate":"https:\/\/boodalo.com\/it\/?s={search_term_string}"},"query-input":{"@type":"PropertyValueSpecification","valueRequired":true,"valueName":"search_term_string"}}],"inLanguage":"it-IT"},{"@type":"Organization","@id":"https:\/\/boodalo.com\/it\/#organization","name":"Boodalo","url":"https:\/\/boodalo.com\/it\/","logo":{"@type":"ImageObject","inLanguage":"it-IT","@id":"https:\/\/boodalo.com\/it\/#\/schema\/logo\/image\/","url":"https:\/\/boodalo.com\/wp-content\/uploads\/2022\/05\/Boodalo-Logo.png","contentUrl":"https:\/\/boodalo.com\/wp-content\/uploads\/2022\/05\/Boodalo-Logo.png","width":171,"height":64,"caption":"Boodalo"},"image":{"@id":"https:\/\/boodalo.com\/it\/#\/schema\/logo\/image\/"}}]}},"_links":{"self":[{"href":"https:\/\/boodalo.com\/it\/wp-json\/wp\/v2\/pages\/25690","targetHints":{"allow":["GET"]}}],"collection":[{"href":"https:\/\/boodalo.com\/it\/wp-json\/wp\/v2\/pages"}],"about":[{"href":"https:\/\/boodalo.com\/it\/wp-json\/wp\/v2\/types\/page"}],"author":[{"embeddable":true,"href":"https:\/\/boodalo.com\/it\/wp-json\/wp\/v2\/users\/8"}],"replies":[{"embeddable":true,"href":"https:\/\/boodalo.com\/it\/wp-json\/wp\/v2\/comments?post=25690"}],"version-history":[{"count":15,"href":"https:\/\/boodalo.com\/it\/wp-json\/wp\/v2\/pages\/25690\/revisions"}],"predecessor-version":[{"id":27679,"href":"https:\/\/boodalo.com\/it\/wp-json\/wp\/v2\/pages\/25690\/revisions\/27679"}],"wp:featuredmedia":[{"embeddable":true,"href":"https:\/\/boodalo.com\/it\/wp-json\/wp\/v2\/media\/21323"}],"wp:attachment":[{"href":"https:\/\/boodalo.com\/it\/wp-json\/wp\/v2\/media?parent=25690"}],"curies":[{"name":"wp","href":"https:\/\/api.w.org\/{rel}","templated":true}]}}