{"id":25631,"date":"2022-11-15T18:25:34","date_gmt":"2022-11-15T10:25:34","guid":{"rendered":"https:\/\/boodalo.com\/leasehold-villa\/"},"modified":"2023-10-27T16:08:29","modified_gmt":"2023-10-27T08:08:29","slug":"villa-in-affitto-a-bali-a-lungo-termine","status":"publish","type":"page","link":"https:\/\/boodalo.com\/it\/villa-in-affitto-a-bali-a-lungo-termine\/","title":{"rendered":"Villa in affitto a Bali a lungo termine"},"content":{"rendered":"\t\t<div data-elementor-type=\"wp-page\" data-elementor-id=\"25631\" class=\"elementor elementor-25631 elementor-18555\">\n\t\t\t\t\t\t\t\t\t<section class=\"elementor-section elementor-top-section elementor-element elementor-element-0ac37ab elementor-section-boxed elementor-section-height-default elementor-section-height-default\" data-id=\"0ac37ab\" data-element_type=\"section\">\n\t\t\t\t\t\t<div class=\"elementor-container elementor-column-gap-default\">\n\t\t\t\t\t<div class=\"elementor-column elementor-col-100 elementor-top-column elementor-element elementor-element-0f01c15\" data-id=\"0f01c15\" data-element_type=\"column\">\n\t\t\t<div class=\"elementor-widget-wrap elementor-element-populated\">\n\t\t\t\t\t\t\t\t<div class=\"elementor-element elementor-element-ea6e966 elementor-widget elementor-widget-heading\" data-id=\"ea6e966\" data-element_type=\"widget\" data-widget_type=\"heading.default\">\n\t\t\t\t<div class=\"elementor-widget-container\">\n\t\t\t<h2 class=\"elementor-heading-title elementor-size-default\">Felicit\u00e0 a lungo termine a Bali: villa in affitto a Bali<\/h2>\t\t<\/div>\n\t\t\t\t<\/div>\n\t\t\t\t\t<\/div>\n\t\t<\/div>\n\t\t\t\t\t\t\t<\/div>\n\t\t<\/section>\n\t\t\t\t<section class=\"elementor-section elementor-top-section elementor-element elementor-element-16a90cea elementor-section-boxed elementor-section-height-default elementor-section-height-default\" data-id=\"16a90cea\" data-element_type=\"section\">\n\t\t\t\t\t\t<div class=\"elementor-container elementor-column-gap-default\">\n\t\t\t\t\t<div class=\"elementor-column elementor-col-100 elementor-top-column elementor-element elementor-element-120caa26\" data-id=\"120caa26\" data-element_type=\"column\">\n\t\t\t<div class=\"elementor-widget-wrap elementor-element-populated\">\n\t\t\t\t\t\t\t\t<div class=\"elementor-element elementor-element-27973d4b elementor-widget elementor-widget-text-editor\" data-id=\"27973d4b\" data-element_type=\"widget\" data-widget_type=\"text-editor.default\">\n\t\t\t\t<div class=\"elementor-widget-container\">\n\t\t\t\t\t\t\t<p>Se stai cercando di imbarcarti in una lunga avventura balinese, ti aspetta una sorpresa. Bali offre non solo affitti per vacanze a breve termine, ma anche una gamma di splendide ville in affitto a lungo termine. In questo articolo ti guideremo attraverso il processo di ricerca della <a href=\"https:\/\/boodalo.com\/it\/villa-in-affitto-a-bali-a-lungo-termine\/\">villa perfetta in affitto a Bali a lungo termine<\/a>, offrendoti tutti i comfort di casa mentre ti immergi nel fascino unico dell&#8217;isola.<\/p><h3><strong>Esplorando le ville in affitto a lungo termine a Bali<\/strong><\/h3><p><a href=\"https:\/\/en.wikipedia.org\/wiki\/Bali\" target=\"_blank\" rel=\"noopener\">Bali<\/a> non \u00e8 solo un luogo di vacanza; \u00e8 una destinazione dove le persone vengono a vivere i propri sogni. Le ville in affitto a lungo termine a Bali si rivolgono a coloro che desiderano sperimentare la bellezza, la cultura e lo stile di vita dell&#8217;isola per un lungo periodo. Che tu ti stia trasferendo per lavoro, cerchi un cambio di scenario o semplicemente desideri vivere il sogno di Bali, queste ville sono la scelta perfetta.<\/p><h3><strong>Vantaggi degli affitti di ville a lungo termine<\/strong><\/h3><ol><li><strong>Economico<\/strong>: le ville in affitto a lungo termine a Bali offrono spesso tariffe significativamente pi\u00f9 basse rispetto alle case vacanza a breve termine, rendendole una scelta economica per soggiorni prolungati.<\/li><li><strong>Comfort e privacy<\/strong>: goditi il comfort e la privacy della tua villa, completa di tutti i comfort necessari per un&#8217;esperienza di vita rilassata e senza stress.<\/li><li><strong>Immersione locale<\/strong>: vivere in una villa ti consente di diventare parte della comunit\u00e0 locale, entrare in contatto con i vicini e immergerti veramente nello stile di vita balinese.<\/li><\/ol><h3><strong>Come trovare la villa ideale a Bali per un affitto a lungo termine<\/strong><\/h3><ol><li><strong>Definisci le tue esigenze<\/strong>: inizia elencando le tue esigenze, come il numero di camere da letto, l&#8217;ubicazione e i servizi. Bali offre una vasta gamma di ville per soddisfare le diverse preferenze.<\/li><li><strong>Considerazioni sul budget<\/strong>: determina il tuo budget per gli affitti di ville a lungo termine. Il mercato degli affitti di Bali \u00e8 vario, quindi \u00e8 probabile che troverai opzioni in linea con il tuo piano finanziario.<\/li><li><strong>Interagisci con esperti locali<\/strong>: valuta la possibilit\u00e0 di collaborare con agenzie di ville a Bali specializzate in locazioni a lungo termine. Hanno una vasta conoscenza locale e possono aiutarti a trovare la villa perfetta.<\/li><\/ol><h3><strong>Ville a Bali in affitto a lungo termine: la tua casa lontano da casa<\/strong><\/h3><p>A Bali Villas Direct, siamo qui per rendere eccezionale il tuo soggiorno a lungo termine a Bali. Offriamo una selezione curata di ville a Bali in affitto a lungo termine, che vanno da accoglienti rifugi con una camera da letto a spaziosi rifugi per famiglie. Ogni villa \u00e8 progettata per offrirti il massimo comfort e comodit\u00e0, permettendoti di vivere al massimo lo stile di vita di Bali.<\/p><h3><strong>In conclusione<\/strong><\/h3><p>Una villa in affitto a Bali a lungo termine \u00e8 molto pi\u00f9 di un semplice luogo in cui soggiornare; \u00e8 un invito a vivere Bali in tutto il suo splendore. Dalle tranquille terrazze di riso di Ubud alle vivaci strade di Seminyak, le ville in affitto a lungo termine di Bali aprono le porte a infinite possibilit\u00e0. Lascia che ti aiutiamo a trovare la villa ideale, dove ogni giorno \u00e8 una nuova avventura in paradiso.<\/p><p>Quindi, inizia oggi il tuo viaggio ed esplora le ville in affitto a lungo termine di Bali. La tua casa lontano da casa ti sta aspettando! e grazie per aver visitato la <a href=\"https:\/\/boodalo.com\/it\/\">propriet\u00e0 in vendita a Bali<\/a>.<\/p>\t\t\t\t\t\t<\/div>\n\t\t\t\t<\/div>\n\t\t\t\t\t<\/div>\n\t\t<\/div>\n\t\t\t\t\t\t\t<\/div>\n\t\t<\/section>\n\t\t\t\t\t\t\t<\/div>\n\t\t","protected":false},"excerpt":{"rendered":"<p>Felicit\u00e0 a lungo termine a Bali: villa in affitto a Bali Se stai cercando di imbarcarti in una lunga avventura balinese, ti aspetta una sorpresa. Bali offre non solo affitti per vacanze a breve termine, ma anche una gamma di splendide ville in affitto a lungo termine. In questo articolo ti guideremo attraverso il processo&#8230;<\/p>\n","protected":false},"author":8,"featured_media":21323,"parent":0,"menu_order":0,"comment_status":"closed","ping_status":"closed","template":"templates\/grid-layout-full-width.php","meta":{"_monsterinsights_skip_tracking":false,"_monsterinsights_sitenote_active":false,"_monsterinsights_sitenote_note":"","_monsterinsights_sitenote_category":0,"footnotes":""},"class_list":["post-25631","page","type-page","status-publish","has-post-thumbnail","hentry"],"yoast_head":"<!-- This site is optimized with the Yoast SEO plugin v25.5 - https:\/\/yoast.com\/wordpress\/plugins\/seo\/ -->\n<title>Villa in affitto a Bali a lungo termine - Boodalo | Agente immobiliare di Bali<\/title>\n<meta name=\"description\" content=\"Scopri la tua fuga ideale a Bali con le nostre ville in affitto a lungo termine. Trova la villa perfetta in affitto a Bali a lungo termine e immergiti nella bellezza e nella cultura dell&#039;isola per un soggiorno prolungato.\" \/>\n<meta name=\"robots\" content=\"index, follow, max-snippet:-1, max-image-preview:large, max-video-preview:-1\" \/>\n<link rel=\"canonical\" href=\"https:\/\/boodalo.com\/it\/villa-in-affitto-a-bali-a-lungo-termine\/\" \/>\n<meta property=\"og:locale\" content=\"it_IT\" \/>\n<meta property=\"og:type\" content=\"article\" \/>\n<meta property=\"og:title\" content=\"Villa in affitto a Bali a lungo termine - Boodalo | Agente immobiliare di Bali\" \/>\n<meta property=\"og:description\" content=\"Scopri la tua fuga ideale a Bali con le nostre ville in affitto a lungo termine. Trova la villa perfetta in affitto a Bali a lungo termine e immergiti nella bellezza e nella cultura dell&#039;isola per un soggiorno prolungato.\" \/>\n<meta property=\"og:url\" content=\"https:\/\/boodalo.com\/it\/villa-in-affitto-a-bali-a-lungo-termine\/\" \/>\n<meta property=\"og:site_name\" content=\"Boodalo\" \/>\n<meta property=\"article:modified_time\" content=\"2023-10-27T08:08:29+00:00\" \/>\n<meta property=\"og:image\" content=\"https:\/\/boodalo.com\/wp-content\/uploads\/2022\/05\/Home-Boodalo.jpg\" \/>\n\t<meta property=\"og:image:width\" content=\"1440\" \/>\n\t<meta property=\"og:image:height\" content=\"960\" \/>\n\t<meta property=\"og:image:type\" content=\"image\/jpeg\" \/>\n<meta name=\"twitter:card\" content=\"summary_large_image\" \/>\n<meta name=\"twitter:label1\" content=\"Tempo di lettura stimato\" \/>\n\t<meta name=\"twitter:data1\" content=\"3 minuti\" \/>\n<script type=\"application\/ld+json\" class=\"yoast-schema-graph\">{\"@context\":\"https:\/\/schema.org\",\"@graph\":[{\"@type\":\"WebPage\",\"@id\":\"https:\/\/boodalo.com\/it\/villa-in-affitto-a-bali-a-lungo-termine\/\",\"url\":\"https:\/\/boodalo.com\/it\/villa-in-affitto-a-bali-a-lungo-termine\/\",\"name\":\"Villa in affitto a Bali a lungo termine - Boodalo | Agente immobiliare di Bali\",\"isPartOf\":{\"@id\":\"https:\/\/boodalo.com\/it\/#website\"},\"primaryImageOfPage\":{\"@id\":\"https:\/\/boodalo.com\/it\/villa-in-affitto-a-bali-a-lungo-termine\/#primaryimage\"},\"image\":{\"@id\":\"https:\/\/boodalo.com\/it\/villa-in-affitto-a-bali-a-lungo-termine\/#primaryimage\"},\"thumbnailUrl\":\"https:\/\/boodalo.com\/wp-content\/uploads\/2022\/05\/Home-Boodalo.jpg\",\"datePublished\":\"2022-11-15T10:25:34+00:00\",\"dateModified\":\"2023-10-27T08:08:29+00:00\",\"description\":\"Scopri la tua fuga ideale a Bali con le nostre ville in affitto a lungo termine. Trova la villa perfetta in affitto a Bali a lungo termine e immergiti nella bellezza e nella cultura dell'isola per un soggiorno prolungato.\",\"breadcrumb\":{\"@id\":\"https:\/\/boodalo.com\/it\/villa-in-affitto-a-bali-a-lungo-termine\/#breadcrumb\"},\"inLanguage\":\"it-IT\",\"potentialAction\":[{\"@type\":\"ReadAction\",\"target\":[\"https:\/\/boodalo.com\/it\/villa-in-affitto-a-bali-a-lungo-termine\/\"]}]},{\"@type\":\"ImageObject\",\"inLanguage\":\"it-IT\",\"@id\":\"https:\/\/boodalo.com\/it\/villa-in-affitto-a-bali-a-lungo-termine\/#primaryimage\",\"url\":\"https:\/\/boodalo.com\/wp-content\/uploads\/2022\/05\/Home-Boodalo.jpg\",\"contentUrl\":\"https:\/\/boodalo.com\/wp-content\/uploads\/2022\/05\/Home-Boodalo.jpg\",\"width\":1440,\"height\":960},{\"@type\":\"BreadcrumbList\",\"@id\":\"https:\/\/boodalo.com\/it\/villa-in-affitto-a-bali-a-lungo-termine\/#breadcrumb\",\"itemListElement\":[{\"@type\":\"ListItem\",\"position\":1,\"name\":\"Home\",\"item\":\"https:\/\/boodalo.com\/it\/\"},{\"@type\":\"ListItem\",\"position\":2,\"name\":\"Villa in affitto a Bali a lungo termine\"}]},{\"@type\":\"WebSite\",\"@id\":\"https:\/\/boodalo.com\/it\/#website\",\"url\":\"https:\/\/boodalo.com\/it\/\",\"name\":\"Boodalo\",\"description\":\"Indonesia Real Estate portal Website\",\"publisher\":{\"@id\":\"https:\/\/boodalo.com\/it\/#organization\"},\"potentialAction\":[{\"@type\":\"SearchAction\",\"target\":{\"@type\":\"EntryPoint\",\"urlTemplate\":\"https:\/\/boodalo.com\/it\/?s={search_term_string}\"},\"query-input\":{\"@type\":\"PropertyValueSpecification\",\"valueRequired\":true,\"valueName\":\"search_term_string\"}}],\"inLanguage\":\"it-IT\"},{\"@type\":\"Organization\",\"@id\":\"https:\/\/boodalo.com\/it\/#organization\",\"name\":\"Boodalo\",\"url\":\"https:\/\/boodalo.com\/it\/\",\"logo\":{\"@type\":\"ImageObject\",\"inLanguage\":\"it-IT\",\"@id\":\"https:\/\/boodalo.com\/it\/#\/schema\/logo\/image\/\",\"url\":\"https:\/\/boodalo.com\/wp-content\/uploads\/2022\/05\/Boodalo-Logo.png\",\"contentUrl\":\"https:\/\/boodalo.com\/wp-content\/uploads\/2022\/05\/Boodalo-Logo.png\",\"width\":171,\"height\":64,\"caption\":\"Boodalo\"},\"image\":{\"@id\":\"https:\/\/boodalo.com\/it\/#\/schema\/logo\/image\/\"}}]}<\/script>\n<!-- \/ Yoast SEO plugin. -->","yoast_head_json":{"title":"Villa in affitto a Bali a lungo termine - Boodalo | Agente immobiliare di Bali","description":"Scopri la tua fuga ideale a Bali con le nostre ville in affitto a lungo termine. Trova la villa perfetta in affitto a Bali a lungo termine e immergiti nella bellezza e nella cultura dell'isola per un soggiorno prolungato.","robots":{"index":"index","follow":"follow","max-snippet":"max-snippet:-1","max-image-preview":"max-image-preview:large","max-video-preview":"max-video-preview:-1"},"canonical":"https:\/\/boodalo.com\/it\/villa-in-affitto-a-bali-a-lungo-termine\/","og_locale":"it_IT","og_type":"article","og_title":"Villa in affitto a Bali a lungo termine - Boodalo | Agente immobiliare di Bali","og_description":"Scopri la tua fuga ideale a Bali con le nostre ville in affitto a lungo termine. Trova la villa perfetta in affitto a Bali a lungo termine e immergiti nella bellezza e nella cultura dell'isola per un soggiorno prolungato.","og_url":"https:\/\/boodalo.com\/it\/villa-in-affitto-a-bali-a-lungo-termine\/","og_site_name":"Boodalo","article_modified_time":"2023-10-27T08:08:29+00:00","og_image":[{"width":1440,"height":960,"url":"https:\/\/boodalo.com\/wp-content\/uploads\/2022\/05\/Home-Boodalo.jpg","type":"image\/jpeg"}],"twitter_card":"summary_large_image","twitter_misc":{"Tempo di lettura stimato":"3 minuti"},"schema":{"@context":"https:\/\/schema.org","@graph":[{"@type":"WebPage","@id":"https:\/\/boodalo.com\/it\/villa-in-affitto-a-bali-a-lungo-termine\/","url":"https:\/\/boodalo.com\/it\/villa-in-affitto-a-bali-a-lungo-termine\/","name":"Villa in affitto a Bali a lungo termine - Boodalo | Agente immobiliare di Bali","isPartOf":{"@id":"https:\/\/boodalo.com\/it\/#website"},"primaryImageOfPage":{"@id":"https:\/\/boodalo.com\/it\/villa-in-affitto-a-bali-a-lungo-termine\/#primaryimage"},"image":{"@id":"https:\/\/boodalo.com\/it\/villa-in-affitto-a-bali-a-lungo-termine\/#primaryimage"},"thumbnailUrl":"https:\/\/boodalo.com\/wp-content\/uploads\/2022\/05\/Home-Boodalo.jpg","datePublished":"2022-11-15T10:25:34+00:00","dateModified":"2023-10-27T08:08:29+00:00","description":"Scopri la tua fuga ideale a Bali con le nostre ville in affitto a lungo termine. Trova la villa perfetta in affitto a Bali a lungo termine e immergiti nella bellezza e nella cultura dell'isola per un soggiorno prolungato.","breadcrumb":{"@id":"https:\/\/boodalo.com\/it\/villa-in-affitto-a-bali-a-lungo-termine\/#breadcrumb"},"inLanguage":"it-IT","potentialAction":[{"@type":"ReadAction","target":["https:\/\/boodalo.com\/it\/villa-in-affitto-a-bali-a-lungo-termine\/"]}]},{"@type":"ImageObject","inLanguage":"it-IT","@id":"https:\/\/boodalo.com\/it\/villa-in-affitto-a-bali-a-lungo-termine\/#primaryimage","url":"https:\/\/boodalo.com\/wp-content\/uploads\/2022\/05\/Home-Boodalo.jpg","contentUrl":"https:\/\/boodalo.com\/wp-content\/uploads\/2022\/05\/Home-Boodalo.jpg","width":1440,"height":960},{"@type":"BreadcrumbList","@id":"https:\/\/boodalo.com\/it\/villa-in-affitto-a-bali-a-lungo-termine\/#breadcrumb","itemListElement":[{"@type":"ListItem","position":1,"name":"Home","item":"https:\/\/boodalo.com\/it\/"},{"@type":"ListItem","position":2,"name":"Villa in affitto a Bali a lungo termine"}]},{"@type":"WebSite","@id":"https:\/\/boodalo.com\/it\/#website","url":"https:\/\/boodalo.com\/it\/","name":"Boodalo","description":"Indonesia Real Estate portal Website","publisher":{"@id":"https:\/\/boodalo.com\/it\/#organization"},"potentialAction":[{"@type":"SearchAction","target":{"@type":"EntryPoint","urlTemplate":"https:\/\/boodalo.com\/it\/?s={search_term_string}"},"query-input":{"@type":"PropertyValueSpecification","valueRequired":true,"valueName":"search_term_string"}}],"inLanguage":"it-IT"},{"@type":"Organization","@id":"https:\/\/boodalo.com\/it\/#organization","name":"Boodalo","url":"https:\/\/boodalo.com\/it\/","logo":{"@type":"ImageObject","inLanguage":"it-IT","@id":"https:\/\/boodalo.com\/it\/#\/schema\/logo\/image\/","url":"https:\/\/boodalo.com\/wp-content\/uploads\/2022\/05\/Boodalo-Logo.png","contentUrl":"https:\/\/boodalo.com\/wp-content\/uploads\/2022\/05\/Boodalo-Logo.png","width":171,"height":64,"caption":"Boodalo"},"image":{"@id":"https:\/\/boodalo.com\/it\/#\/schema\/logo\/image\/"}}]}},"_links":{"self":[{"href":"https:\/\/boodalo.com\/it\/wp-json\/wp\/v2\/pages\/25631","targetHints":{"allow":["GET"]}}],"collection":[{"href":"https:\/\/boodalo.com\/it\/wp-json\/wp\/v2\/pages"}],"about":[{"href":"https:\/\/boodalo.com\/it\/wp-json\/wp\/v2\/types\/page"}],"author":[{"embeddable":true,"href":"https:\/\/boodalo.com\/it\/wp-json\/wp\/v2\/users\/8"}],"replies":[{"embeddable":true,"href":"https:\/\/boodalo.com\/it\/wp-json\/wp\/v2\/comments?post=25631"}],"version-history":[{"count":18,"href":"https:\/\/boodalo.com\/it\/wp-json\/wp\/v2\/pages\/25631\/revisions"}],"predecessor-version":[{"id":28078,"href":"https:\/\/boodalo.com\/it\/wp-json\/wp\/v2\/pages\/25631\/revisions\/28078"}],"wp:featuredmedia":[{"embeddable":true,"href":"https:\/\/boodalo.com\/it\/wp-json\/wp\/v2\/media\/21323"}],"wp:attachment":[{"href":"https:\/\/boodalo.com\/it\/wp-json\/wp\/v2\/media?parent=25631"}],"curies":[{"name":"wp","href":"https:\/\/api.w.org\/{rel}","templated":true}]}}