{"id":26121,"date":"2023-10-08T13:06:07","date_gmt":"2023-10-08T05:06:07","guid":{"rendered":"https:\/\/boodalo.com\/bali-property-rental\/"},"modified":"2023-10-25T16:57:59","modified_gmt":"2023-10-25T08:57:59","slug":"location-de-propriete-a-bali","status":"publish","type":"page","link":"https:\/\/boodalo.com\/fr\/location-de-propriete-a-bali\/","title":{"rendered":"Location de propri\u00e9t\u00e9 \u00e0 Bali"},"content":{"rendered":"\t\t<div data-elementor-type=\"wp-page\" data-elementor-id=\"26121\" class=\"elementor elementor-26121 elementor-26094\">\n\t\t\t\t\t\t\t\t\t<section class=\"elementor-section elementor-top-section elementor-element elementor-element-47cb6bd1 elementor-section-boxed elementor-section-height-default elementor-section-height-default\" data-id=\"47cb6bd1\" data-element_type=\"section\">\n\t\t\t\t\t\t<div class=\"elementor-container elementor-column-gap-default\">\n\t\t\t\t\t<div class=\"elementor-column elementor-col-100 elementor-top-column elementor-element elementor-element-64baba06\" data-id=\"64baba06\" data-element_type=\"column\">\n\t\t\t<div class=\"elementor-widget-wrap elementor-element-populated\">\n\t\t\t\t\t\t\t\t<div class=\"elementor-element elementor-element-0e7931f elementor-widget elementor-widget-heading\" data-id=\"0e7931f\" data-element_type=\"widget\" data-widget_type=\"heading.default\">\n\t\t\t\t<div class=\"elementor-widget-container\">\n\t\t\t<h2 class=\"elementor-heading-title elementor-size-default\">Location de propri\u00e9t\u00e9 \u00e0 Bali\u00a0: votre porte d'entr\u00e9e vers une escapade de r\u00eave<\/h2>\t\t<\/div>\n\t\t\t\t<\/div>\n\t\t\t\t<div class=\"elementor-element elementor-element-76cf07a5 elementor-widget elementor-widget-text-editor\" data-id=\"76cf07a5\" data-element_type=\"widget\" data-widget_type=\"text-editor.default\">\n\t\t\t\t<div class=\"elementor-widget-container\">\n\t\t\t\t\t\t\t<p>Imaginez vous r\u00e9veiller au doux bruit des vagues s&#8217;\u00e9crasant sur le rivage, dans la verdure luxuriante de <a href=\"https:\/\/en.wikipedia.org\/wiki\/Bali\" target=\"_blank\" rel=\"noopener\">Bali. <\/a> juste devant votre fen\u00eatre. Vos vacances de r\u00eave deviennent r\u00e9alit\u00e9 lorsque vous explorez les options de <a href=\"https:\/\/boodalo.com\/fr\/location-de-propriete-a-bali\/\">location de propri\u00e9t\u00e9 \u00e0 Bali<\/a>. Bali, avec ses paysages \u00e0 couper le souffle et son riche patrimoine culturel, propose une large gamme de propri\u00e9t\u00e9s \u00e0 louer qui peuvent transformer vos vacances en une exp\u00e9rience inoubliable.<\/p><p>Chez Bali Property Rental, nous sommes sp\u00e9cialis\u00e9s dans la mise en relation des voyageurs avec leur h\u00e9bergement id\u00e9al dans ce paradis tropical. Que vous recherchiez une villa luxueuse, un bungalow confortable en bord de mer ou un appartement \u00e9l\u00e9gant, nous disposons d&#8217;un portefeuille diversifi\u00e9 de propri\u00e9t\u00e9s \u00e0 louer \u00e0 Bali pour r\u00e9pondre \u00e0 vos pr\u00e9f\u00e9rences.<\/p><h3><strong>Pourquoi choisir la location immobili\u00e8re \u00e0 Bali\u00a0?<\/strong><\/h3><ol><li><strong>Grande vari\u00e9t\u00e9<\/strong>\u00a0: nos nombreuses listes incluent des options de location de propri\u00e9t\u00e9s \u00e0 Bali dans divers endroits de l&#8217;\u00eele. Des rues anim\u00e9es de Seminyak aux plages sereines d&#8217;Uluwatu, vous trouverez la propri\u00e9t\u00e9 id\u00e9ale pour correspondre \u00e0 l&#8217;exp\u00e9rience souhait\u00e9e.<\/li><li><strong>Expertise locale<\/strong>\u00a0: Forte de plusieurs ann\u00e9es d&#8217;exp\u00e9rience sur le march\u00e9 immobilier de Bali, notre \u00e9quipe poss\u00e8de une compr\u00e9hension approfondie des quartiers et des communaut\u00e9s uniques de l&#8217;\u00eele. Nous pouvons vous fournir des informations pr\u00e9cieuses pour vous assurer de faire le bon choix.<\/li><li><strong>Service personnalis\u00e9<\/strong>\u00a0: nous pensons que votre exp\u00e9rience de vacances doit \u00eatre adapt\u00e9e \u00e0 vos besoins. Notre \u00e9quipe d\u00e9di\u00e9e travaille en \u00e9troite collaboration avec vous pour comprendre vos besoins et trouver la location de propri\u00e9t\u00e9 id\u00e9ale \u00e0 Bali.<\/li><li><strong>Processus transparent<\/strong>\u00a0: nous g\u00e9rons tous les aspects du processus de location, de la s\u00e9lection de la propri\u00e9t\u00e9 \u00e0 la r\u00e9servation et \u00e0 l&#8217;enregistrement. Votre exp\u00e9rience de location de propri\u00e9t\u00e9 \u00e0 Bali se d\u00e9roulera sans tracas du d\u00e9but \u00e0 la fin.<\/li><\/ol><h3><strong>Location de propri\u00e9t\u00e9 \u00e0 Bali\u00a0: une exp\u00e9rience unique<\/strong><\/h3><p>Bali est plus qu&#8217;une simple destination ; c&#8217;est un voyage de d\u00e9couverte de soi, d&#8217;immersion culturelle et d&#8217;\u00e9merveillement naturel. Lorsque vous choisissez la location immobili\u00e8re \u00e0 Bali, vous ouvrez la porte \u00e0 un monde de possibilit\u00e9s. R\u00e9veillez-vous avec de superbes levers de soleil sur l&#8217;oc\u00e9an Indien, explorez les march\u00e9s locaux anim\u00e9s et savourez les riches saveurs de la cuisine balinaise.<\/p><p>Que vous voyagiez en famille, entre amis ou pour une aventure en solo, notre propri\u00e9t\u00e9 \u00e0 louer \u00e0 Bali constitue la base id\u00e9ale pour explorer les tr\u00e9sors de l&#8217;\u00eele. Plongez dans des eaux cristallines, faites une randonn\u00e9e \u00e0 travers des rizi\u00e8res en terrasses luxuriantes et assistez \u00e0 des c\u00e9r\u00e9monies fascinantes au temple.<\/p><p>Vos vacances \u00e0 Bali commencent par la bonne location de propri\u00e9t\u00e9. Laissez-nous vous guider pour trouver la propri\u00e9t\u00e9 \u00e0 louer \u00e0 Bali id\u00e9ale qui correspond \u00e0 vos r\u00eaves. Contactez Bali Property Rental d\u00e8s aujourd&#8217;hui et commencez votre voyage vers une escapade extraordinaire \u00e0 Bali. Votre coin de paradis n&#8217;est qu&#8217;\u00e0 un clic. Merci de votre visite \u00e0 <a href=\"https:\/\/boodalo.com\/fr\/\">agent immobilier de Bali<\/a>.<\/p>\t\t\t\t\t\t<\/div>\n\t\t\t\t<\/div>\n\t\t\t\t\t<\/div>\n\t\t<\/div>\n\t\t\t\t\t\t\t<\/div>\n\t\t<\/section>\n\t\t\t\t\t\t\t<\/div>\n\t\t","protected":false},"excerpt":{"rendered":"<p>Location de propri\u00e9t\u00e9 \u00e0 Bali\u00a0: votre porte d&#8217;entr\u00e9e vers une escapade de r\u00eave Imaginez vous r\u00e9veiller au doux bruit des vagues s&#8217;\u00e9crasant sur le rivage, dans la verdure luxuriante de Bali. juste devant votre fen\u00eatre. Vos vacances de r\u00eave deviennent r\u00e9alit\u00e9 lorsque vous explorez les options de location de propri\u00e9t\u00e9 \u00e0 Bali. Bali, avec ses&#8230;<\/p>\n","protected":false},"author":8,"featured_media":11452,"parent":0,"menu_order":0,"comment_status":"closed","ping_status":"closed","template":"templates\/grid-layout-full-width.php","meta":{"_monsterinsights_skip_tracking":false,"_monsterinsights_sitenote_active":false,"_monsterinsights_sitenote_note":"","_monsterinsights_sitenote_category":0,"footnotes":""},"class_list":["post-26121","page","type-page","status-publish","has-post-thumbnail","hentry"],"yoast_head":"<!-- This site is optimized with the Yoast SEO plugin v25.5 - https:\/\/yoast.com\/wordpress\/plugins\/seo\/ -->\n<title>Location de propri\u00e9t\u00e9 \u00e0 Bali - Boodalo | Agent immobilier \u00e0 Bali<\/title>\n<meta name=\"description\" content=\"D\u00e9couvrez la location de propri\u00e9t\u00e9 parfaite \u00e0 Bali \u2013 Votre passerelle vers une entreprise potentielle \u00e0 Bali. Vous pouvez trouver plus de biens \u00e0 louer chez nous.\" \/>\n<meta name=\"robots\" content=\"index, follow, max-snippet:-1, max-image-preview:large, max-video-preview:-1\" \/>\n<link rel=\"canonical\" href=\"https:\/\/boodalo.com\/fr\/location-de-propriete-a-bali\/\" \/>\n<meta property=\"og:locale\" content=\"fr_FR\" \/>\n<meta property=\"og:type\" content=\"article\" \/>\n<meta property=\"og:title\" content=\"Location de propri\u00e9t\u00e9 \u00e0 Bali - Boodalo | Agent immobilier \u00e0 Bali\" \/>\n<meta property=\"og:description\" content=\"D\u00e9couvrez la location de propri\u00e9t\u00e9 parfaite \u00e0 Bali \u2013 Votre passerelle vers une entreprise potentielle \u00e0 Bali. Vous pouvez trouver plus de biens \u00e0 louer chez nous.\" \/>\n<meta property=\"og:url\" content=\"https:\/\/boodalo.com\/fr\/location-de-propriete-a-bali\/\" \/>\n<meta property=\"og:site_name\" content=\"Boodalo\" \/>\n<meta property=\"article:modified_time\" content=\"2023-10-25T08:57:59+00:00\" \/>\n<meta property=\"og:image\" content=\"https:\/\/boodalo.com\/wp-content\/uploads\/2022\/05\/Home-Boodalo.jpg\" \/>\n\t<meta property=\"og:image:width\" content=\"1440\" \/>\n\t<meta property=\"og:image:height\" content=\"960\" \/>\n\t<meta property=\"og:image:type\" content=\"image\/jpeg\" \/>\n<meta name=\"twitter:card\" content=\"summary_large_image\" \/>\n<meta name=\"twitter:label1\" content=\"Dur\u00e9e de lecture estim\u00e9e\" \/>\n\t<meta name=\"twitter:data1\" content=\"3 minutes\" \/>\n<script type=\"application\/ld+json\" class=\"yoast-schema-graph\">{\"@context\":\"https:\/\/schema.org\",\"@graph\":[{\"@type\":\"WebPage\",\"@id\":\"https:\/\/boodalo.com\/fr\/location-de-propriete-a-bali\/\",\"url\":\"https:\/\/boodalo.com\/fr\/location-de-propriete-a-bali\/\",\"name\":\"Location de propri\u00e9t\u00e9 \u00e0 Bali - Boodalo | Agent immobilier \u00e0 Bali\",\"isPartOf\":{\"@id\":\"https:\/\/boodalo.com\/fr\/#website\"},\"primaryImageOfPage\":{\"@id\":\"https:\/\/boodalo.com\/fr\/location-de-propriete-a-bali\/#primaryimage\"},\"image\":{\"@id\":\"https:\/\/boodalo.com\/fr\/location-de-propriete-a-bali\/#primaryimage\"},\"thumbnailUrl\":\"https:\/\/boodalo.com\/wp-content\/uploads\/2022\/05\/Home-Boodalo.jpg\",\"datePublished\":\"2023-10-08T05:06:07+00:00\",\"dateModified\":\"2023-10-25T08:57:59+00:00\",\"description\":\"D\u00e9couvrez la location de propri\u00e9t\u00e9 parfaite \u00e0 Bali \u2013 Votre passerelle vers une entreprise potentielle \u00e0 Bali. Vous pouvez trouver plus de biens \u00e0 louer chez nous.\",\"breadcrumb\":{\"@id\":\"https:\/\/boodalo.com\/fr\/location-de-propriete-a-bali\/#breadcrumb\"},\"inLanguage\":\"fr-FR\",\"potentialAction\":[{\"@type\":\"ReadAction\",\"target\":[\"https:\/\/boodalo.com\/fr\/location-de-propriete-a-bali\/\"]}]},{\"@type\":\"ImageObject\",\"inLanguage\":\"fr-FR\",\"@id\":\"https:\/\/boodalo.com\/fr\/location-de-propriete-a-bali\/#primaryimage\",\"url\":\"https:\/\/boodalo.com\/wp-content\/uploads\/2022\/05\/Home-Boodalo.jpg\",\"contentUrl\":\"https:\/\/boodalo.com\/wp-content\/uploads\/2022\/05\/Home-Boodalo.jpg\",\"width\":1440,\"height\":960},{\"@type\":\"BreadcrumbList\",\"@id\":\"https:\/\/boodalo.com\/fr\/location-de-propriete-a-bali\/#breadcrumb\",\"itemListElement\":[{\"@type\":\"ListItem\",\"position\":1,\"name\":\"Home\",\"item\":\"https:\/\/boodalo.com\/fr\/\"},{\"@type\":\"ListItem\",\"position\":2,\"name\":\"Location de propri\u00e9t\u00e9 \u00e0 Bali\"}]},{\"@type\":\"WebSite\",\"@id\":\"https:\/\/boodalo.com\/fr\/#website\",\"url\":\"https:\/\/boodalo.com\/fr\/\",\"name\":\"Boodalo\",\"description\":\"Indonesia Real Estate portal Website\",\"publisher\":{\"@id\":\"https:\/\/boodalo.com\/fr\/#organization\"},\"potentialAction\":[{\"@type\":\"SearchAction\",\"target\":{\"@type\":\"EntryPoint\",\"urlTemplate\":\"https:\/\/boodalo.com\/fr\/?s={search_term_string}\"},\"query-input\":{\"@type\":\"PropertyValueSpecification\",\"valueRequired\":true,\"valueName\":\"search_term_string\"}}],\"inLanguage\":\"fr-FR\"},{\"@type\":\"Organization\",\"@id\":\"https:\/\/boodalo.com\/fr\/#organization\",\"name\":\"Boodalo\",\"url\":\"https:\/\/boodalo.com\/fr\/\",\"logo\":{\"@type\":\"ImageObject\",\"inLanguage\":\"fr-FR\",\"@id\":\"https:\/\/boodalo.com\/fr\/#\/schema\/logo\/image\/\",\"url\":\"https:\/\/boodalo.com\/wp-content\/uploads\/2022\/05\/Boodalo-Logo.png\",\"contentUrl\":\"https:\/\/boodalo.com\/wp-content\/uploads\/2022\/05\/Boodalo-Logo.png\",\"width\":171,\"height\":64,\"caption\":\"Boodalo\"},\"image\":{\"@id\":\"https:\/\/boodalo.com\/fr\/#\/schema\/logo\/image\/\"}}]}<\/script>\n<!-- \/ Yoast SEO plugin. -->","yoast_head_json":{"title":"Location de propri\u00e9t\u00e9 \u00e0 Bali - Boodalo | Agent immobilier \u00e0 Bali","description":"D\u00e9couvrez la location de propri\u00e9t\u00e9 parfaite \u00e0 Bali \u2013 Votre passerelle vers une entreprise potentielle \u00e0 Bali. Vous pouvez trouver plus de biens \u00e0 louer chez nous.","robots":{"index":"index","follow":"follow","max-snippet":"max-snippet:-1","max-image-preview":"max-image-preview:large","max-video-preview":"max-video-preview:-1"},"canonical":"https:\/\/boodalo.com\/fr\/location-de-propriete-a-bali\/","og_locale":"fr_FR","og_type":"article","og_title":"Location de propri\u00e9t\u00e9 \u00e0 Bali - Boodalo | Agent immobilier \u00e0 Bali","og_description":"D\u00e9couvrez la location de propri\u00e9t\u00e9 parfaite \u00e0 Bali \u2013 Votre passerelle vers une entreprise potentielle \u00e0 Bali. Vous pouvez trouver plus de biens \u00e0 louer chez nous.","og_url":"https:\/\/boodalo.com\/fr\/location-de-propriete-a-bali\/","og_site_name":"Boodalo","article_modified_time":"2023-10-25T08:57:59+00:00","og_image":[{"width":1440,"height":960,"url":"https:\/\/boodalo.com\/wp-content\/uploads\/2022\/05\/Home-Boodalo.jpg","type":"image\/jpeg"}],"twitter_card":"summary_large_image","twitter_misc":{"Dur\u00e9e de lecture estim\u00e9e":"3 minutes"},"schema":{"@context":"https:\/\/schema.org","@graph":[{"@type":"WebPage","@id":"https:\/\/boodalo.com\/fr\/location-de-propriete-a-bali\/","url":"https:\/\/boodalo.com\/fr\/location-de-propriete-a-bali\/","name":"Location de propri\u00e9t\u00e9 \u00e0 Bali - Boodalo | Agent immobilier \u00e0 Bali","isPartOf":{"@id":"https:\/\/boodalo.com\/fr\/#website"},"primaryImageOfPage":{"@id":"https:\/\/boodalo.com\/fr\/location-de-propriete-a-bali\/#primaryimage"},"image":{"@id":"https:\/\/boodalo.com\/fr\/location-de-propriete-a-bali\/#primaryimage"},"thumbnailUrl":"https:\/\/boodalo.com\/wp-content\/uploads\/2022\/05\/Home-Boodalo.jpg","datePublished":"2023-10-08T05:06:07+00:00","dateModified":"2023-10-25T08:57:59+00:00","description":"D\u00e9couvrez la location de propri\u00e9t\u00e9 parfaite \u00e0 Bali \u2013 Votre passerelle vers une entreprise potentielle \u00e0 Bali. Vous pouvez trouver plus de biens \u00e0 louer chez nous.","breadcrumb":{"@id":"https:\/\/boodalo.com\/fr\/location-de-propriete-a-bali\/#breadcrumb"},"inLanguage":"fr-FR","potentialAction":[{"@type":"ReadAction","target":["https:\/\/boodalo.com\/fr\/location-de-propriete-a-bali\/"]}]},{"@type":"ImageObject","inLanguage":"fr-FR","@id":"https:\/\/boodalo.com\/fr\/location-de-propriete-a-bali\/#primaryimage","url":"https:\/\/boodalo.com\/wp-content\/uploads\/2022\/05\/Home-Boodalo.jpg","contentUrl":"https:\/\/boodalo.com\/wp-content\/uploads\/2022\/05\/Home-Boodalo.jpg","width":1440,"height":960},{"@type":"BreadcrumbList","@id":"https:\/\/boodalo.com\/fr\/location-de-propriete-a-bali\/#breadcrumb","itemListElement":[{"@type":"ListItem","position":1,"name":"Home","item":"https:\/\/boodalo.com\/fr\/"},{"@type":"ListItem","position":2,"name":"Location de propri\u00e9t\u00e9 \u00e0 Bali"}]},{"@type":"WebSite","@id":"https:\/\/boodalo.com\/fr\/#website","url":"https:\/\/boodalo.com\/fr\/","name":"Boodalo","description":"Indonesia Real Estate portal Website","publisher":{"@id":"https:\/\/boodalo.com\/fr\/#organization"},"potentialAction":[{"@type":"SearchAction","target":{"@type":"EntryPoint","urlTemplate":"https:\/\/boodalo.com\/fr\/?s={search_term_string}"},"query-input":{"@type":"PropertyValueSpecification","valueRequired":true,"valueName":"search_term_string"}}],"inLanguage":"fr-FR"},{"@type":"Organization","@id":"https:\/\/boodalo.com\/fr\/#organization","name":"Boodalo","url":"https:\/\/boodalo.com\/fr\/","logo":{"@type":"ImageObject","inLanguage":"fr-FR","@id":"https:\/\/boodalo.com\/fr\/#\/schema\/logo\/image\/","url":"https:\/\/boodalo.com\/wp-content\/uploads\/2022\/05\/Boodalo-Logo.png","contentUrl":"https:\/\/boodalo.com\/wp-content\/uploads\/2022\/05\/Boodalo-Logo.png","width":171,"height":64,"caption":"Boodalo"},"image":{"@id":"https:\/\/boodalo.com\/fr\/#\/schema\/logo\/image\/"}}]}},"_links":{"self":[{"href":"https:\/\/boodalo.com\/fr\/wp-json\/wp\/v2\/pages\/26121","targetHints":{"allow":["GET"]}}],"collection":[{"href":"https:\/\/boodalo.com\/fr\/wp-json\/wp\/v2\/pages"}],"about":[{"href":"https:\/\/boodalo.com\/fr\/wp-json\/wp\/v2\/types\/page"}],"author":[{"embeddable":true,"href":"https:\/\/boodalo.com\/fr\/wp-json\/wp\/v2\/users\/8"}],"replies":[{"embeddable":true,"href":"https:\/\/boodalo.com\/fr\/wp-json\/wp\/v2\/comments?post=26121"}],"version-history":[{"count":13,"href":"https:\/\/boodalo.com\/fr\/wp-json\/wp\/v2\/pages\/26121\/revisions"}],"predecessor-version":[{"id":27747,"href":"https:\/\/boodalo.com\/fr\/wp-json\/wp\/v2\/pages\/26121\/revisions\/27747"}],"wp:featuredmedia":[{"embeddable":true,"href":"https:\/\/boodalo.com\/fr\/wp-json\/wp\/v2\/media\/11452"}],"wp:attachment":[{"href":"https:\/\/boodalo.com\/fr\/wp-json\/wp\/v2\/media?parent=26121"}],"curies":[{"name":"wp","href":"https:\/\/api.w.org\/{rel}","templated":true}]}}