{"id":25902,"date":"2023-10-07T15:15:51","date_gmt":"2023-10-07T07:15:51","guid":{"rendered":"https:\/\/boodalo.com\/bali-house-for-rent\/"},"modified":"2023-10-26T16:32:20","modified_gmt":"2023-10-26T08:32:20","slug":"bali-maison-a-louer","status":"publish","type":"page","link":"https:\/\/boodalo.com\/fr\/bali-maison-a-louer\/","title":{"rendered":"Bali Maison \u00e0 louer"},"content":{"rendered":"\t\t<div data-elementor-type=\"wp-page\" data-elementor-id=\"25902\" class=\"elementor elementor-25902 elementor-25900\">\n\t\t\t\t\t\t\t\t\t<section class=\"elementor-section elementor-top-section elementor-element elementor-element-8cefcb7 elementor-section-boxed elementor-section-height-default elementor-section-height-default\" data-id=\"8cefcb7\" data-element_type=\"section\">\n\t\t\t\t\t\t<div class=\"elementor-container elementor-column-gap-default\">\n\t\t\t\t\t<div class=\"elementor-column elementor-col-100 elementor-top-column elementor-element elementor-element-c910456\" data-id=\"c910456\" data-element_type=\"column\">\n\t\t\t<div class=\"elementor-widget-wrap elementor-element-populated\">\n\t\t\t\t\t\t\t\t<div class=\"elementor-element elementor-element-f35744c elementor-widget elementor-widget-heading\" data-id=\"f35744c\" data-element_type=\"widget\" data-widget_type=\"heading.default\">\n\t\t\t\t<div class=\"elementor-widget-container\">\n\t\t\t<h2 class=\"elementor-heading-title elementor-size-default\">Location d'une maison \u00e0 Bali\u00a0: votre guide ultime des locations \u00e0 long terme<\/h2>\t\t<\/div>\n\t\t\t\t<\/div>\n\t\t\t\t<div class=\"elementor-element elementor-element-199a58c elementor-widget elementor-widget-text-editor\" data-id=\"199a58c\" data-element_type=\"widget\" data-widget_type=\"text-editor.default\">\n\t\t\t\t<div class=\"elementor-widget-container\">\n\t\t\t\t\t\t\t<p>Si vous r\u00eavez de vivre au paradis ou avez besoin d&#8217;un s\u00e9jour de longue dur\u00e9e \u00e0 <a href=\"https:\/\/en.wikipedia.org\/wiki\/Bali\" target=\"_blank\" rel=\"noopener\">Bali<\/a>, vous \u00eates au bon endroit. Bali offre une gamme incroyable de propri\u00e9t\u00e9s \u00e0 louer pour rendre votre s\u00e9jour vraiment sp\u00e9cial. Des maisons sereines en bord de mer aux villas confortables nich\u00e9es dans une verdure luxuriante, trouver la maison balinaise id\u00e9ale \u00e0 louer est plus facile que vous ne le pensez.<\/p><h3><strong>Louer une maison \u00e0 Bali \u00e0 long terme<\/strong><\/h3><p>En mati\u00e8re de location longue dur\u00e9e, Bali a beaucoup \u00e0 offrir. Vivre \u00e0 Bali vous permet de vous immerger dans sa culture dynamique, ses paysages \u00e9poustouflants et sa communaut\u00e9 accueillante. Que vous recherchiez une retraite tranquille pour travailler \u00e0 distance ou une aventure passionnante remplie d&#8217;exploration, une location de maison \u00e0 long terme \u00e0 Bali est le choix id\u00e9al.<\/p><h3><strong>Trouver votre location de maison \u00e0 Bali<\/strong><\/h3><p>Lorsque vous recherchez la location de maison id\u00e9ale \u00e0 Bali, il est essentiel de prendre en compte vos besoins sp\u00e9cifiques. Des options \u00e9conomiques aux h\u00e9bergements luxueux, il y en a pour tous les go\u00fbts.<\/p><h3><strong>Maison Bali \u00e0 louer pr\u00e8s de la plage<\/strong><\/h3><p>Pour ceux qui ne se lassent pas de l&#8217;oc\u00e9an, une <a href=\"https:\/\/boodalo.com\/fr\/bali-maison-a-louer\/\">Maison \u00e0 louer \u00e0 Bali<\/a> pr\u00e8s de la plage est un r\u00eave. se r\u00e9aliser. Imaginez-vous vous r\u00e9veiller au son des vagues et prendre votre caf\u00e9 du matin avec une vue incroyable. Les locations en bord de mer \u00e0 Bali offrent le m\u00e9lange parfait de luxe et de tranquillit\u00e9.<\/p><h3><strong>Location Maison \u00e0 Bali avec piscine priv\u00e9e<\/strong><\/h3><p>Pour profiter pleinement du climat tropical de Bali, pensez \u00e0 louer une maison avec piscine priv\u00e9e. Plongez quand bon vous semble, d\u00e9tendez-vous en nageant au coucher du soleil ou d\u00e9tendez-vous au bord de la piscine avec un cocktail \u00e0 la main. Les locations de maisons \u00e0 Bali avec piscines priv\u00e9es sont la quintessence de la vie tropicale.<\/p><h3><strong>Location Maison Bali \u00e0 Ubud<\/strong><\/h3><p>Ubud, connue comme le c\u0153ur culturel de Bali, offre une exp\u00e9rience unique aux locataires de longue dur\u00e9e. Louer une maison \u00e0 Ubud vous permet d&#8217;explorer le patrimoine artistique de la ville, de visiter des temples anciens et d&#8217;appr\u00e9cier les rizi\u00e8res en terrasses luxuriantes.<\/p><h3><strong>Maison \u00e0 Bali \u00e0 louer avec un budget limit\u00e9<\/strong><\/h3><p>Pour les voyageurs soucieux de leur budget, il existe de nombreuses locations de maisons abordables \u00e0 Bali. Vous n&#8217;avez pas besoin de vous ruiner pour d\u00e9couvrir la beaut\u00e9 et l&#8217;hospitalit\u00e9 de Bali. Ces options \u00e9conomiques vous permettent d\u2019\u00e9conomiser vos fonds pour explorer l\u2019\u00eele.<\/p><h3><strong>Location d&#8217;une maison \u00e0 Bali\u00a0: conclusion<\/strong><\/h3><p>Votre aventure \u00e0 long terme \u00e0 Bali vous attend. Du luxe en bord de mer aux options \u00e9conomiques, les locations de maisons \u00e0 Bali r\u00e9pondent \u00e0 toutes les pr\u00e9f\u00e9rences. Alors pourquoi attendre ? Commencez votre exp\u00e9rience \u00e0 Bali d\u00e8s aujourd&#8217;hui en trouvant la location de maison \u00e0 Bali parfaite qui correspond \u00e0 vos r\u00eaves et \u00e0 votre budget. Bali est pr\u00eate \u00e0 vous accueillir \u00e0 bras ouverts. Merci de votre visite <a href=\"https:\/\/boodalo.com\/fr\/\">immobilier \u00e0 Bali en Indon\u00e9sie<\/a><\/p>\t\t\t\t\t\t<\/div>\n\t\t\t\t<\/div>\n\t\t\t\t\t<\/div>\n\t\t<\/div>\n\t\t\t\t\t\t\t<\/div>\n\t\t<\/section>\n\t\t\t\t\t\t\t<\/div>\n\t\t","protected":false},"excerpt":{"rendered":"<p>Location d&#8217;une maison \u00e0 Bali\u00a0: votre guide ultime des locations \u00e0 long terme Si vous r\u00eavez de vivre au paradis ou avez besoin d&#8217;un s\u00e9jour de longue dur\u00e9e \u00e0 Bali, vous \u00eates au bon endroit. Bali offre une gamme incroyable de propri\u00e9t\u00e9s \u00e0 louer pour rendre votre s\u00e9jour vraiment sp\u00e9cial. Des maisons sereines en bord&#8230;<\/p>\n","protected":false},"author":8,"featured_media":11452,"parent":0,"menu_order":0,"comment_status":"closed","ping_status":"closed","template":"templates\/grid-layout-full-width.php","meta":{"_monsterinsights_skip_tracking":false,"_monsterinsights_sitenote_active":false,"_monsterinsights_sitenote_note":"","_monsterinsights_sitenote_category":0,"footnotes":""},"class_list":["post-25902","page","type-page","status-publish","has-post-thumbnail","hentry"],"yoast_head":"<!-- This site is optimized with the Yoast SEO plugin v25.5 - https:\/\/yoast.com\/wordpress\/plugins\/seo\/ -->\n<title>Bali Maison \u00e0 louer - Boodalo | Agent immobilier \u00e0 Bali<\/title>\n<meta name=\"description\" content=\"Trouvez votre location de maison id\u00e9ale \u00e0 Bali - D\u00e9couvrez les locations \u00e0 long terme au paradis. Du luxe en bord de mer aux options \u00e9conomiques. Commencez votre exp\u00e9rience \u00e0 Bali aujourd&#039;hui\" \/>\n<meta name=\"robots\" content=\"index, follow, max-snippet:-1, max-image-preview:large, max-video-preview:-1\" \/>\n<link rel=\"canonical\" href=\"https:\/\/boodalo.com\/fr\/bali-maison-a-louer\/\" \/>\n<meta property=\"og:locale\" content=\"fr_FR\" \/>\n<meta property=\"og:type\" content=\"article\" \/>\n<meta property=\"og:title\" content=\"Bali Maison \u00e0 louer - Boodalo | Agent immobilier \u00e0 Bali\" \/>\n<meta property=\"og:description\" content=\"Trouvez votre location de maison id\u00e9ale \u00e0 Bali - D\u00e9couvrez les locations \u00e0 long terme au paradis. Du luxe en bord de mer aux options \u00e9conomiques. Commencez votre exp\u00e9rience \u00e0 Bali aujourd&#039;hui\" \/>\n<meta property=\"og:url\" content=\"https:\/\/boodalo.com\/fr\/bali-maison-a-louer\/\" \/>\n<meta property=\"og:site_name\" content=\"Boodalo\" \/>\n<meta property=\"article:modified_time\" content=\"2023-10-26T08:32:20+00:00\" \/>\n<meta property=\"og:image\" content=\"https:\/\/boodalo.com\/wp-content\/uploads\/2022\/05\/Home-Boodalo.jpg\" \/>\n\t<meta property=\"og:image:width\" content=\"1440\" \/>\n\t<meta property=\"og:image:height\" content=\"960\" \/>\n\t<meta property=\"og:image:type\" content=\"image\/jpeg\" \/>\n<meta name=\"twitter:card\" content=\"summary_large_image\" \/>\n<meta name=\"twitter:label1\" content=\"Dur\u00e9e de lecture estim\u00e9e\" \/>\n\t<meta name=\"twitter:data1\" content=\"3 minutes\" \/>\n<script type=\"application\/ld+json\" class=\"yoast-schema-graph\">{\"@context\":\"https:\/\/schema.org\",\"@graph\":[{\"@type\":\"WebPage\",\"@id\":\"https:\/\/boodalo.com\/fr\/bali-maison-a-louer\/\",\"url\":\"https:\/\/boodalo.com\/fr\/bali-maison-a-louer\/\",\"name\":\"Bali Maison \u00e0 louer - Boodalo | Agent immobilier \u00e0 Bali\",\"isPartOf\":{\"@id\":\"https:\/\/boodalo.com\/fr\/#website\"},\"primaryImageOfPage\":{\"@id\":\"https:\/\/boodalo.com\/fr\/bali-maison-a-louer\/#primaryimage\"},\"image\":{\"@id\":\"https:\/\/boodalo.com\/fr\/bali-maison-a-louer\/#primaryimage\"},\"thumbnailUrl\":\"https:\/\/boodalo.com\/wp-content\/uploads\/2022\/05\/Home-Boodalo.jpg\",\"datePublished\":\"2023-10-07T07:15:51+00:00\",\"dateModified\":\"2023-10-26T08:32:20+00:00\",\"description\":\"Trouvez votre location de maison id\u00e9ale \u00e0 Bali - D\u00e9couvrez les locations \u00e0 long terme au paradis. Du luxe en bord de mer aux options \u00e9conomiques. Commencez votre exp\u00e9rience \u00e0 Bali aujourd'hui\",\"breadcrumb\":{\"@id\":\"https:\/\/boodalo.com\/fr\/bali-maison-a-louer\/#breadcrumb\"},\"inLanguage\":\"fr-FR\",\"potentialAction\":[{\"@type\":\"ReadAction\",\"target\":[\"https:\/\/boodalo.com\/fr\/bali-maison-a-louer\/\"]}]},{\"@type\":\"ImageObject\",\"inLanguage\":\"fr-FR\",\"@id\":\"https:\/\/boodalo.com\/fr\/bali-maison-a-louer\/#primaryimage\",\"url\":\"https:\/\/boodalo.com\/wp-content\/uploads\/2022\/05\/Home-Boodalo.jpg\",\"contentUrl\":\"https:\/\/boodalo.com\/wp-content\/uploads\/2022\/05\/Home-Boodalo.jpg\",\"width\":1440,\"height\":960},{\"@type\":\"BreadcrumbList\",\"@id\":\"https:\/\/boodalo.com\/fr\/bali-maison-a-louer\/#breadcrumb\",\"itemListElement\":[{\"@type\":\"ListItem\",\"position\":1,\"name\":\"Home\",\"item\":\"https:\/\/boodalo.com\/fr\/\"},{\"@type\":\"ListItem\",\"position\":2,\"name\":\"Bali Maison \u00e0 louer\"}]},{\"@type\":\"WebSite\",\"@id\":\"https:\/\/boodalo.com\/fr\/#website\",\"url\":\"https:\/\/boodalo.com\/fr\/\",\"name\":\"Boodalo\",\"description\":\"Indonesia Real Estate portal Website\",\"publisher\":{\"@id\":\"https:\/\/boodalo.com\/fr\/#organization\"},\"potentialAction\":[{\"@type\":\"SearchAction\",\"target\":{\"@type\":\"EntryPoint\",\"urlTemplate\":\"https:\/\/boodalo.com\/fr\/?s={search_term_string}\"},\"query-input\":{\"@type\":\"PropertyValueSpecification\",\"valueRequired\":true,\"valueName\":\"search_term_string\"}}],\"inLanguage\":\"fr-FR\"},{\"@type\":\"Organization\",\"@id\":\"https:\/\/boodalo.com\/fr\/#organization\",\"name\":\"Boodalo\",\"url\":\"https:\/\/boodalo.com\/fr\/\",\"logo\":{\"@type\":\"ImageObject\",\"inLanguage\":\"fr-FR\",\"@id\":\"https:\/\/boodalo.com\/fr\/#\/schema\/logo\/image\/\",\"url\":\"https:\/\/boodalo.com\/wp-content\/uploads\/2022\/05\/Boodalo-Logo.png\",\"contentUrl\":\"https:\/\/boodalo.com\/wp-content\/uploads\/2022\/05\/Boodalo-Logo.png\",\"width\":171,\"height\":64,\"caption\":\"Boodalo\"},\"image\":{\"@id\":\"https:\/\/boodalo.com\/fr\/#\/schema\/logo\/image\/\"}}]}<\/script>\n<!-- \/ Yoast SEO plugin. -->","yoast_head_json":{"title":"Bali Maison \u00e0 louer - Boodalo | Agent immobilier \u00e0 Bali","description":"Trouvez votre location de maison id\u00e9ale \u00e0 Bali - D\u00e9couvrez les locations \u00e0 long terme au paradis. Du luxe en bord de mer aux options \u00e9conomiques. Commencez votre exp\u00e9rience \u00e0 Bali aujourd'hui","robots":{"index":"index","follow":"follow","max-snippet":"max-snippet:-1","max-image-preview":"max-image-preview:large","max-video-preview":"max-video-preview:-1"},"canonical":"https:\/\/boodalo.com\/fr\/bali-maison-a-louer\/","og_locale":"fr_FR","og_type":"article","og_title":"Bali Maison \u00e0 louer - Boodalo | Agent immobilier \u00e0 Bali","og_description":"Trouvez votre location de maison id\u00e9ale \u00e0 Bali - D\u00e9couvrez les locations \u00e0 long terme au paradis. Du luxe en bord de mer aux options \u00e9conomiques. Commencez votre exp\u00e9rience \u00e0 Bali aujourd'hui","og_url":"https:\/\/boodalo.com\/fr\/bali-maison-a-louer\/","og_site_name":"Boodalo","article_modified_time":"2023-10-26T08:32:20+00:00","og_image":[{"width":1440,"height":960,"url":"https:\/\/boodalo.com\/wp-content\/uploads\/2022\/05\/Home-Boodalo.jpg","type":"image\/jpeg"}],"twitter_card":"summary_large_image","twitter_misc":{"Dur\u00e9e de lecture estim\u00e9e":"3 minutes"},"schema":{"@context":"https:\/\/schema.org","@graph":[{"@type":"WebPage","@id":"https:\/\/boodalo.com\/fr\/bali-maison-a-louer\/","url":"https:\/\/boodalo.com\/fr\/bali-maison-a-louer\/","name":"Bali Maison \u00e0 louer - Boodalo | Agent immobilier \u00e0 Bali","isPartOf":{"@id":"https:\/\/boodalo.com\/fr\/#website"},"primaryImageOfPage":{"@id":"https:\/\/boodalo.com\/fr\/bali-maison-a-louer\/#primaryimage"},"image":{"@id":"https:\/\/boodalo.com\/fr\/bali-maison-a-louer\/#primaryimage"},"thumbnailUrl":"https:\/\/boodalo.com\/wp-content\/uploads\/2022\/05\/Home-Boodalo.jpg","datePublished":"2023-10-07T07:15:51+00:00","dateModified":"2023-10-26T08:32:20+00:00","description":"Trouvez votre location de maison id\u00e9ale \u00e0 Bali - D\u00e9couvrez les locations \u00e0 long terme au paradis. Du luxe en bord de mer aux options \u00e9conomiques. Commencez votre exp\u00e9rience \u00e0 Bali aujourd'hui","breadcrumb":{"@id":"https:\/\/boodalo.com\/fr\/bali-maison-a-louer\/#breadcrumb"},"inLanguage":"fr-FR","potentialAction":[{"@type":"ReadAction","target":["https:\/\/boodalo.com\/fr\/bali-maison-a-louer\/"]}]},{"@type":"ImageObject","inLanguage":"fr-FR","@id":"https:\/\/boodalo.com\/fr\/bali-maison-a-louer\/#primaryimage","url":"https:\/\/boodalo.com\/wp-content\/uploads\/2022\/05\/Home-Boodalo.jpg","contentUrl":"https:\/\/boodalo.com\/wp-content\/uploads\/2022\/05\/Home-Boodalo.jpg","width":1440,"height":960},{"@type":"BreadcrumbList","@id":"https:\/\/boodalo.com\/fr\/bali-maison-a-louer\/#breadcrumb","itemListElement":[{"@type":"ListItem","position":1,"name":"Home","item":"https:\/\/boodalo.com\/fr\/"},{"@type":"ListItem","position":2,"name":"Bali Maison \u00e0 louer"}]},{"@type":"WebSite","@id":"https:\/\/boodalo.com\/fr\/#website","url":"https:\/\/boodalo.com\/fr\/","name":"Boodalo","description":"Indonesia Real Estate portal Website","publisher":{"@id":"https:\/\/boodalo.com\/fr\/#organization"},"potentialAction":[{"@type":"SearchAction","target":{"@type":"EntryPoint","urlTemplate":"https:\/\/boodalo.com\/fr\/?s={search_term_string}"},"query-input":{"@type":"PropertyValueSpecification","valueRequired":true,"valueName":"search_term_string"}}],"inLanguage":"fr-FR"},{"@type":"Organization","@id":"https:\/\/boodalo.com\/fr\/#organization","name":"Boodalo","url":"https:\/\/boodalo.com\/fr\/","logo":{"@type":"ImageObject","inLanguage":"fr-FR","@id":"https:\/\/boodalo.com\/fr\/#\/schema\/logo\/image\/","url":"https:\/\/boodalo.com\/wp-content\/uploads\/2022\/05\/Boodalo-Logo.png","contentUrl":"https:\/\/boodalo.com\/wp-content\/uploads\/2022\/05\/Boodalo-Logo.png","width":171,"height":64,"caption":"Boodalo"},"image":{"@id":"https:\/\/boodalo.com\/fr\/#\/schema\/logo\/image\/"}}]}},"_links":{"self":[{"href":"https:\/\/boodalo.com\/fr\/wp-json\/wp\/v2\/pages\/25902","targetHints":{"allow":["GET"]}}],"collection":[{"href":"https:\/\/boodalo.com\/fr\/wp-json\/wp\/v2\/pages"}],"about":[{"href":"https:\/\/boodalo.com\/fr\/wp-json\/wp\/v2\/types\/page"}],"author":[{"embeddable":true,"href":"https:\/\/boodalo.com\/fr\/wp-json\/wp\/v2\/users\/8"}],"replies":[{"embeddable":true,"href":"https:\/\/boodalo.com\/fr\/wp-json\/wp\/v2\/comments?post=25902"}],"version-history":[{"count":18,"href":"https:\/\/boodalo.com\/fr\/wp-json\/wp\/v2\/pages\/25902\/revisions"}],"predecessor-version":[{"id":27996,"href":"https:\/\/boodalo.com\/fr\/wp-json\/wp\/v2\/pages\/25902\/revisions\/27996"}],"wp:featuredmedia":[{"embeddable":true,"href":"https:\/\/boodalo.com\/fr\/wp-json\/wp\/v2\/media\/11452"}],"wp:attachment":[{"href":"https:\/\/boodalo.com\/fr\/wp-json\/wp\/v2\/media?parent=25902"}],"curies":[{"name":"wp","href":"https:\/\/api.w.org\/{rel}","templated":true}]}}