{"id":25858,"date":"2023-10-07T14:42:18","date_gmt":"2023-10-07T06:42:18","guid":{"rendered":"https:\/\/boodalo.com\/bali-house-for-sale\/"},"modified":"2023-10-24T17:26:45","modified_gmt":"2023-10-24T09:26:45","slug":"bali-maison-a-vendre","status":"publish","type":"page","link":"https:\/\/boodalo.com\/fr\/bali-maison-a-vendre\/","title":{"rendered":"Bali Maison \u00e0 vendre"},"content":{"rendered":"\t\t<div data-elementor-type=\"wp-page\" data-elementor-id=\"25858\" class=\"elementor elementor-25858 elementor-25856\">\n\t\t\t\t\t\t\t\t\t<section class=\"elementor-section elementor-top-section elementor-element elementor-element-1da6567 elementor-section-boxed elementor-section-height-default elementor-section-height-default\" data-id=\"1da6567\" data-element_type=\"section\">\n\t\t\t\t\t\t<div class=\"elementor-container elementor-column-gap-default\">\n\t\t\t\t\t<div class=\"elementor-column elementor-col-100 elementor-top-column elementor-element elementor-element-ed6eab2\" data-id=\"ed6eab2\" data-element_type=\"column\">\n\t\t\t<div class=\"elementor-widget-wrap elementor-element-populated\">\n\t\t\t\t\t\t\t\t<div class=\"elementor-element elementor-element-ee908dc elementor-widget elementor-widget-heading\" data-id=\"ee908dc\" data-element_type=\"widget\" data-widget_type=\"heading.default\">\n\t\t\t\t<div class=\"elementor-widget-container\">\n\t\t\t<h2 class=\"elementor-heading-title elementor-size-default\">Votre maison de r\u00eave vous attend \u2013 Maison \u00e0 vendre \u00e0 Bali<\/h2>\t\t<\/div>\n\t\t\t\t<\/div>\n\t\t\t\t\t<\/div>\n\t\t<\/div>\n\t\t\t\t\t\t\t<\/div>\n\t\t<\/section>\n\t\t\t\t<section class=\"elementor-section elementor-top-section elementor-element elementor-element-1af01fed elementor-section-boxed elementor-section-height-default elementor-section-height-default\" data-id=\"1af01fed\" data-element_type=\"section\">\n\t\t\t\t\t\t<div class=\"elementor-container elementor-column-gap-default\">\n\t\t\t\t\t<div class=\"elementor-column elementor-col-100 elementor-top-column elementor-element elementor-element-59d4f16a\" data-id=\"59d4f16a\" data-element_type=\"column\">\n\t\t\t<div class=\"elementor-widget-wrap elementor-element-populated\">\n\t\t\t\t\t\t\t\t<div class=\"elementor-element elementor-element-46fdfed3 elementor-widget elementor-widget-text-editor\" data-id=\"46fdfed3\" data-element_type=\"widget\" data-widget_type=\"text-editor.default\">\n\t\t\t\t<div class=\"elementor-widget-container\">\n\t\t\t\t\t\t\t<p>\u00cates-vous pr\u00eat \u00e0 faire de <a href=\"https:\/\/en.wikipedia.org\/wiki\/Bali\" target=\"_blank\" rel=\"noopener\">Bali<\/a> votre paradis permanent\u00a0? Imaginez-vous vous r\u00e9veiller chaque jour au son des douces vagues et au parfum des fleurs tropicales. D\u00e9sormais, votre r\u00eave peut devenir r\u00e9alit\u00e9 avec une <a href=\"https:\/\/boodalo.com\/fr\/bali-maison-a-vendre\/\">Maison \u00e0 vendre \u00e0 Bali<\/a>. Bali offre une qualit\u00e9 de vie in\u00e9gal\u00e9e, et poss\u00e9der un morceau de cette \u00eele paradisiaque est un r\u00eave devenu r\u00e9alit\u00e9.<\/p><h3>D\u00e9couvrez votre maison \u00e0 vendre \u00e0 Bali<\/h3><p>Lorsqu&#8217;il s&#8217;agit de trouver votre maison id\u00e9ale \u00e0 vendre \u00e0 Bali, vous disposez d&#8217;un monde d&#8217;options. Des villas modernes avec piscines priv\u00e9es aux maisons balinaises traditionnelles avec jardins luxuriants, Bali a tout pour plaire. Que vous recherchiez une retraite sereine \u00e0 Ubud, une villa en bord de mer \u00e0 Seminyak ou une maison familiale \u00e0 Canggu, nos annonces de vente de maisons \u00e0 Bali s&#8217;adaptent \u00e0 tous les go\u00fbts et \u00e0 tous les budgets.<\/p><h3>Pourquoi investir dans une maison \u00e0 vendre \u00e0 Bali\u00a0?<\/h3><p>Investir dans une maison \u00e0 vendre \u00e0 Bali ne consiste pas seulement \u00e0 poss\u00e9der une propri\u00e9t\u00e9 ; il s&#8217;agit d&#8217;adopter un style de vie. Bali offre un m\u00e9lange unique de culture, de beaut\u00e9 naturelle et d&#8217;une communaut\u00e9 accueillante. Lorsque vous achetez une maison \u00e0 Bali, vous n&#8217;achetez pas seulement une maison ; vous avez acc\u00e8s \u00e0 un mode de vie dynamique.<\/p><h3>Maison \u00e0 vendre \u00e0 Bali \u2013 Votre coin de paradis<\/h3><p>Imaginez-vous en train de savourer votre caf\u00e9 du matin sur une terrasse ensoleill\u00e9e, entour\u00e9e d&#8217;une verdure tropicale luxuriante. Imaginez-vous en train de vous promener le long de plages immacul\u00e9es, en sentant le sable dor\u00e9 entre vos orteils. Avec une maison \u00e0 Bali \u00e0 acheter, cette vie idyllique peut \u00eatre la v\u00f4tre.<\/p><h3>Explorez les annonces de vente de maisons \u00e0 Bali<\/h3><p>Nos nombreuses annonces de vente de maisons \u00e0 Bali garantissent que vous trouverez la propri\u00e9t\u00e9 id\u00e9ale o\u00f9 vivre. Que vous soyez un premier acheteur, un investisseur ou quelqu&#8217;un souhaitant se moderniser, Bali propose une gamme d&#8217;options de maisons adapt\u00e9es \u00e0 vos besoins.<\/p><h3>Maison \u00e0 acheter \u00e0 Bali \u2013 Un investissement s\u00e9curis\u00e9<\/h3><p>Le march\u00e9 immobilier de Bali est connu pour sa stabilit\u00e9 et son fort potentiel d&#8217;appr\u00e9ciation. Investir dans une maison \u00e0 vendre \u00e0 Bali n\u2019est pas seulement un choix de style de vie mais aussi une d\u00e9cision financi\u00e8re judicieuse. Alors que l&#8217;\u00eele continue d&#8217;attirer les touristes, votre maison \u00e0 Bali peut vous procurer un revenu locatif lorsque vous n&#8217;en profitez pas vous-m\u00eame.<\/p><h3>Ne manquez pas la maison de vos r\u00eaves \u00e0 vendre \u00e0 Bali<\/h3><p>La possibilit\u00e9 de poss\u00e9der une maison \u00e0 Bali est une chance de vivre pleinement la vie. Que vous preniez votre retraite, d\u00e9m\u00e9nagiez ou cherchiez simplement une r\u00e9sidence secondaire, Bali vous accueille \u00e0 bras ouverts. Votre maison \u00e0 vendre \u00e0 Bali vous attend \u2013 il ne vous reste plus qu&#8217;\u00e0 faire le premier pas.<\/p><h3>Trouvez votre maison \u00e0 Bali \u00e0 vendre aujourd&#8217;hui<\/h3><p>Pr\u00eat \u00e0 vous lancer dans ce voyage passionnant ? Parcourez nos annonces de vente de maisons \u00e0 Bali et d\u00e9couvrez la maison de vos r\u00eaves. Bali est bien plus qu\u2019une simple \u00eele ; c&#8217;est un mode de vie, et votre maison id\u00e9ale vous attend ici. Ne manquez pas cette occasion \u2013 trouvez votre maison \u00e0 Bali \u00e0 acheter d\u00e8s aujourd&#8217;hui. Merci de votre visite \u00e0 l&#8217;<a href=\"https:\/\/boodalo.com\/fr\/\">agence immobili\u00e8re de Bali<\/a>.<\/p>\t\t\t\t\t\t<\/div>\n\t\t\t\t<\/div>\n\t\t\t\t\t<\/div>\n\t\t<\/div>\n\t\t\t\t\t\t\t<\/div>\n\t\t<\/section>\n\t\t\t\t\t\t\t<\/div>\n\t\t","protected":false},"excerpt":{"rendered":"<p>Votre maison de r\u00eave vous attend \u2013 Maison \u00e0 vendre \u00e0 Bali \u00cates-vous pr\u00eat \u00e0 faire de Bali votre paradis permanent\u00a0? Imaginez-vous vous r\u00e9veiller chaque jour au son des douces vagues et au parfum des fleurs tropicales. D\u00e9sormais, votre r\u00eave peut devenir r\u00e9alit\u00e9 avec une Maison \u00e0 vendre \u00e0 Bali. Bali offre une qualit\u00e9 de&#8230;<\/p>\n","protected":false},"author":8,"featured_media":11452,"parent":0,"menu_order":0,"comment_status":"closed","ping_status":"closed","template":"templates\/grid-layout-full-width.php","meta":{"_monsterinsights_skip_tracking":false,"_monsterinsights_sitenote_active":false,"_monsterinsights_sitenote_note":"","_monsterinsights_sitenote_category":0,"footnotes":""},"class_list":["post-25858","page","type-page","status-publish","has-post-thumbnail","hentry"],"yoast_head":"<!-- This site is optimized with the Yoast SEO plugin v25.5 - https:\/\/yoast.com\/wordpress\/plugins\/seo\/ -->\n<title>Bali Maison \u00e0 vendre - Boodalo | Agence immobili\u00e8re \u00e0 Bali<\/title>\n<meta name=\"description\" content=\"D\u00e9couvrez le style de vie de vos r\u00eaves \u00e0 Bali avec une maison \u00e0 vendre. Explorez les annonces de vente de maisons \u00e0 Bali pour trouver votre maison id\u00e9ale. Trouvez la maison id\u00e9ale \u00e0 Bali \u00e0 acheter aujourd&#039;hui\" \/>\n<meta name=\"robots\" content=\"index, follow, max-snippet:-1, max-image-preview:large, max-video-preview:-1\" \/>\n<link rel=\"canonical\" href=\"https:\/\/boodalo.com\/fr\/bali-maison-a-vendre\/\" \/>\n<meta property=\"og:locale\" content=\"fr_FR\" \/>\n<meta property=\"og:type\" content=\"article\" \/>\n<meta property=\"og:title\" content=\"Bali Maison \u00e0 vendre - Boodalo | Agence immobili\u00e8re \u00e0 Bali\" \/>\n<meta property=\"og:description\" content=\"D\u00e9couvrez le style de vie de vos r\u00eaves \u00e0 Bali avec une maison \u00e0 vendre. Explorez les annonces de vente de maisons \u00e0 Bali pour trouver votre maison id\u00e9ale. Trouvez la maison id\u00e9ale \u00e0 Bali \u00e0 acheter aujourd&#039;hui\" \/>\n<meta property=\"og:url\" content=\"https:\/\/boodalo.com\/fr\/bali-maison-a-vendre\/\" \/>\n<meta property=\"og:site_name\" content=\"Boodalo\" \/>\n<meta property=\"article:modified_time\" content=\"2023-10-24T09:26:45+00:00\" \/>\n<meta property=\"og:image\" content=\"https:\/\/boodalo.com\/wp-content\/uploads\/2022\/05\/Home-Boodalo.jpg\" \/>\n\t<meta property=\"og:image:width\" content=\"1440\" \/>\n\t<meta property=\"og:image:height\" content=\"960\" \/>\n\t<meta property=\"og:image:type\" content=\"image\/jpeg\" \/>\n<meta name=\"twitter:card\" content=\"summary_large_image\" \/>\n<meta name=\"twitter:label1\" content=\"Dur\u00e9e de lecture estim\u00e9e\" \/>\n\t<meta name=\"twitter:data1\" content=\"3 minutes\" \/>\n<script type=\"application\/ld+json\" class=\"yoast-schema-graph\">{\"@context\":\"https:\/\/schema.org\",\"@graph\":[{\"@type\":\"WebPage\",\"@id\":\"https:\/\/boodalo.com\/fr\/bali-maison-a-vendre\/\",\"url\":\"https:\/\/boodalo.com\/fr\/bali-maison-a-vendre\/\",\"name\":\"Bali Maison \u00e0 vendre - Boodalo | Agence immobili\u00e8re \u00e0 Bali\",\"isPartOf\":{\"@id\":\"https:\/\/boodalo.com\/fr\/#website\"},\"primaryImageOfPage\":{\"@id\":\"https:\/\/boodalo.com\/fr\/bali-maison-a-vendre\/#primaryimage\"},\"image\":{\"@id\":\"https:\/\/boodalo.com\/fr\/bali-maison-a-vendre\/#primaryimage\"},\"thumbnailUrl\":\"https:\/\/boodalo.com\/wp-content\/uploads\/2022\/05\/Home-Boodalo.jpg\",\"datePublished\":\"2023-10-07T06:42:18+00:00\",\"dateModified\":\"2023-10-24T09:26:45+00:00\",\"description\":\"D\u00e9couvrez le style de vie de vos r\u00eaves \u00e0 Bali avec une maison \u00e0 vendre. Explorez les annonces de vente de maisons \u00e0 Bali pour trouver votre maison id\u00e9ale. Trouvez la maison id\u00e9ale \u00e0 Bali \u00e0 acheter aujourd'hui\",\"breadcrumb\":{\"@id\":\"https:\/\/boodalo.com\/fr\/bali-maison-a-vendre\/#breadcrumb\"},\"inLanguage\":\"fr-FR\",\"potentialAction\":[{\"@type\":\"ReadAction\",\"target\":[\"https:\/\/boodalo.com\/fr\/bali-maison-a-vendre\/\"]}]},{\"@type\":\"ImageObject\",\"inLanguage\":\"fr-FR\",\"@id\":\"https:\/\/boodalo.com\/fr\/bali-maison-a-vendre\/#primaryimage\",\"url\":\"https:\/\/boodalo.com\/wp-content\/uploads\/2022\/05\/Home-Boodalo.jpg\",\"contentUrl\":\"https:\/\/boodalo.com\/wp-content\/uploads\/2022\/05\/Home-Boodalo.jpg\",\"width\":1440,\"height\":960},{\"@type\":\"BreadcrumbList\",\"@id\":\"https:\/\/boodalo.com\/fr\/bali-maison-a-vendre\/#breadcrumb\",\"itemListElement\":[{\"@type\":\"ListItem\",\"position\":1,\"name\":\"Home\",\"item\":\"https:\/\/boodalo.com\/fr\/\"},{\"@type\":\"ListItem\",\"position\":2,\"name\":\"Bali Maison \u00e0 vendre\"}]},{\"@type\":\"WebSite\",\"@id\":\"https:\/\/boodalo.com\/fr\/#website\",\"url\":\"https:\/\/boodalo.com\/fr\/\",\"name\":\"Boodalo\",\"description\":\"Indonesia Real Estate portal Website\",\"publisher\":{\"@id\":\"https:\/\/boodalo.com\/fr\/#organization\"},\"potentialAction\":[{\"@type\":\"SearchAction\",\"target\":{\"@type\":\"EntryPoint\",\"urlTemplate\":\"https:\/\/boodalo.com\/fr\/?s={search_term_string}\"},\"query-input\":{\"@type\":\"PropertyValueSpecification\",\"valueRequired\":true,\"valueName\":\"search_term_string\"}}],\"inLanguage\":\"fr-FR\"},{\"@type\":\"Organization\",\"@id\":\"https:\/\/boodalo.com\/fr\/#organization\",\"name\":\"Boodalo\",\"url\":\"https:\/\/boodalo.com\/fr\/\",\"logo\":{\"@type\":\"ImageObject\",\"inLanguage\":\"fr-FR\",\"@id\":\"https:\/\/boodalo.com\/fr\/#\/schema\/logo\/image\/\",\"url\":\"https:\/\/boodalo.com\/wp-content\/uploads\/2022\/05\/Boodalo-Logo.png\",\"contentUrl\":\"https:\/\/boodalo.com\/wp-content\/uploads\/2022\/05\/Boodalo-Logo.png\",\"width\":171,\"height\":64,\"caption\":\"Boodalo\"},\"image\":{\"@id\":\"https:\/\/boodalo.com\/fr\/#\/schema\/logo\/image\/\"}}]}<\/script>\n<!-- \/ Yoast SEO plugin. -->","yoast_head_json":{"title":"Bali Maison \u00e0 vendre - Boodalo | Agence immobili\u00e8re \u00e0 Bali","description":"D\u00e9couvrez le style de vie de vos r\u00eaves \u00e0 Bali avec une maison \u00e0 vendre. Explorez les annonces de vente de maisons \u00e0 Bali pour trouver votre maison id\u00e9ale. Trouvez la maison id\u00e9ale \u00e0 Bali \u00e0 acheter aujourd'hui","robots":{"index":"index","follow":"follow","max-snippet":"max-snippet:-1","max-image-preview":"max-image-preview:large","max-video-preview":"max-video-preview:-1"},"canonical":"https:\/\/boodalo.com\/fr\/bali-maison-a-vendre\/","og_locale":"fr_FR","og_type":"article","og_title":"Bali Maison \u00e0 vendre - Boodalo | Agence immobili\u00e8re \u00e0 Bali","og_description":"D\u00e9couvrez le style de vie de vos r\u00eaves \u00e0 Bali avec une maison \u00e0 vendre. Explorez les annonces de vente de maisons \u00e0 Bali pour trouver votre maison id\u00e9ale. Trouvez la maison id\u00e9ale \u00e0 Bali \u00e0 acheter aujourd'hui","og_url":"https:\/\/boodalo.com\/fr\/bali-maison-a-vendre\/","og_site_name":"Boodalo","article_modified_time":"2023-10-24T09:26:45+00:00","og_image":[{"width":1440,"height":960,"url":"https:\/\/boodalo.com\/wp-content\/uploads\/2022\/05\/Home-Boodalo.jpg","type":"image\/jpeg"}],"twitter_card":"summary_large_image","twitter_misc":{"Dur\u00e9e de lecture estim\u00e9e":"3 minutes"},"schema":{"@context":"https:\/\/schema.org","@graph":[{"@type":"WebPage","@id":"https:\/\/boodalo.com\/fr\/bali-maison-a-vendre\/","url":"https:\/\/boodalo.com\/fr\/bali-maison-a-vendre\/","name":"Bali Maison \u00e0 vendre - Boodalo | Agence immobili\u00e8re \u00e0 Bali","isPartOf":{"@id":"https:\/\/boodalo.com\/fr\/#website"},"primaryImageOfPage":{"@id":"https:\/\/boodalo.com\/fr\/bali-maison-a-vendre\/#primaryimage"},"image":{"@id":"https:\/\/boodalo.com\/fr\/bali-maison-a-vendre\/#primaryimage"},"thumbnailUrl":"https:\/\/boodalo.com\/wp-content\/uploads\/2022\/05\/Home-Boodalo.jpg","datePublished":"2023-10-07T06:42:18+00:00","dateModified":"2023-10-24T09:26:45+00:00","description":"D\u00e9couvrez le style de vie de vos r\u00eaves \u00e0 Bali avec une maison \u00e0 vendre. Explorez les annonces de vente de maisons \u00e0 Bali pour trouver votre maison id\u00e9ale. Trouvez la maison id\u00e9ale \u00e0 Bali \u00e0 acheter aujourd'hui","breadcrumb":{"@id":"https:\/\/boodalo.com\/fr\/bali-maison-a-vendre\/#breadcrumb"},"inLanguage":"fr-FR","potentialAction":[{"@type":"ReadAction","target":["https:\/\/boodalo.com\/fr\/bali-maison-a-vendre\/"]}]},{"@type":"ImageObject","inLanguage":"fr-FR","@id":"https:\/\/boodalo.com\/fr\/bali-maison-a-vendre\/#primaryimage","url":"https:\/\/boodalo.com\/wp-content\/uploads\/2022\/05\/Home-Boodalo.jpg","contentUrl":"https:\/\/boodalo.com\/wp-content\/uploads\/2022\/05\/Home-Boodalo.jpg","width":1440,"height":960},{"@type":"BreadcrumbList","@id":"https:\/\/boodalo.com\/fr\/bali-maison-a-vendre\/#breadcrumb","itemListElement":[{"@type":"ListItem","position":1,"name":"Home","item":"https:\/\/boodalo.com\/fr\/"},{"@type":"ListItem","position":2,"name":"Bali Maison \u00e0 vendre"}]},{"@type":"WebSite","@id":"https:\/\/boodalo.com\/fr\/#website","url":"https:\/\/boodalo.com\/fr\/","name":"Boodalo","description":"Indonesia Real Estate portal Website","publisher":{"@id":"https:\/\/boodalo.com\/fr\/#organization"},"potentialAction":[{"@type":"SearchAction","target":{"@type":"EntryPoint","urlTemplate":"https:\/\/boodalo.com\/fr\/?s={search_term_string}"},"query-input":{"@type":"PropertyValueSpecification","valueRequired":true,"valueName":"search_term_string"}}],"inLanguage":"fr-FR"},{"@type":"Organization","@id":"https:\/\/boodalo.com\/fr\/#organization","name":"Boodalo","url":"https:\/\/boodalo.com\/fr\/","logo":{"@type":"ImageObject","inLanguage":"fr-FR","@id":"https:\/\/boodalo.com\/fr\/#\/schema\/logo\/image\/","url":"https:\/\/boodalo.com\/wp-content\/uploads\/2022\/05\/Boodalo-Logo.png","contentUrl":"https:\/\/boodalo.com\/wp-content\/uploads\/2022\/05\/Boodalo-Logo.png","width":171,"height":64,"caption":"Boodalo"},"image":{"@id":"https:\/\/boodalo.com\/fr\/#\/schema\/logo\/image\/"}}]}},"_links":{"self":[{"href":"https:\/\/boodalo.com\/fr\/wp-json\/wp\/v2\/pages\/25858","targetHints":{"allow":["GET"]}}],"collection":[{"href":"https:\/\/boodalo.com\/fr\/wp-json\/wp\/v2\/pages"}],"about":[{"href":"https:\/\/boodalo.com\/fr\/wp-json\/wp\/v2\/types\/page"}],"author":[{"embeddable":true,"href":"https:\/\/boodalo.com\/fr\/wp-json\/wp\/v2\/users\/8"}],"replies":[{"embeddable":true,"href":"https:\/\/boodalo.com\/fr\/wp-json\/wp\/v2\/comments?post=25858"}],"version-history":[{"count":13,"href":"https:\/\/boodalo.com\/fr\/wp-json\/wp\/v2\/pages\/25858\/revisions"}],"predecessor-version":[{"id":27568,"href":"https:\/\/boodalo.com\/fr\/wp-json\/wp\/v2\/pages\/25858\/revisions\/27568"}],"wp:featuredmedia":[{"embeddable":true,"href":"https:\/\/boodalo.com\/fr\/wp-json\/wp\/v2\/media\/11452"}],"wp:attachment":[{"href":"https:\/\/boodalo.com\/fr\/wp-json\/wp\/v2\/media?parent=25858"}],"curies":[{"name":"wp","href":"https:\/\/api.w.org\/{rel}","templated":true}]}}