{"id":18557,"date":"2022-11-15T18:25:34","date_gmt":"2022-11-15T10:25:34","guid":{"rendered":"https:\/\/boodalo.com\/bali\/leasehold-villa\/"},"modified":"2023-10-27T15:23:29","modified_gmt":"2023-10-27T07:23:29","slug":"villa-a-louer-a-bali-longue-duree","status":"publish","type":"page","link":"https:\/\/boodalo.com\/fr\/villa-a-louer-a-bali-longue-duree\/","title":{"rendered":"Villa \u00e0 louer \u00e0 Bali longue dur\u00e9e"},"content":{"rendered":"\t\t<div data-elementor-type=\"wp-page\" data-elementor-id=\"18557\" class=\"elementor elementor-18557 elementor-18555\">\n\t\t\t\t\t\t\t\t\t<section class=\"elementor-section elementor-top-section elementor-element elementor-element-0ac37ab elementor-section-boxed elementor-section-height-default elementor-section-height-default\" data-id=\"0ac37ab\" data-element_type=\"section\">\n\t\t\t\t\t\t<div class=\"elementor-container elementor-column-gap-default\">\n\t\t\t\t\t<div class=\"elementor-column elementor-col-100 elementor-top-column elementor-element elementor-element-0f01c15\" data-id=\"0f01c15\" data-element_type=\"column\">\n\t\t\t<div class=\"elementor-widget-wrap elementor-element-populated\">\n\t\t\t\t\t\t\t\t<div class=\"elementor-element elementor-element-ea6e966 elementor-widget elementor-widget-heading\" data-id=\"ea6e966\" data-element_type=\"widget\" data-widget_type=\"heading.default\">\n\t\t\t\t<div class=\"elementor-widget-container\">\n\t\t\t<h2 class=\"elementor-heading-title elementor-size-default\">Le bonheur de Bali \u00e0 long terme\u00a0: Villa \u00e0 louer \u00e0 Bali<\/h2>\t\t<\/div>\n\t\t\t\t<\/div>\n\t\t\t\t\t<\/div>\n\t\t<\/div>\n\t\t\t\t\t\t\t<\/div>\n\t\t<\/section>\n\t\t\t\t<section class=\"elementor-section elementor-top-section elementor-element elementor-element-16a90cea elementor-section-boxed elementor-section-height-default elementor-section-height-default\" data-id=\"16a90cea\" data-element_type=\"section\">\n\t\t\t\t\t\t<div class=\"elementor-container elementor-column-gap-default\">\n\t\t\t\t\t<div class=\"elementor-column elementor-col-100 elementor-top-column elementor-element elementor-element-120caa26\" data-id=\"120caa26\" data-element_type=\"column\">\n\t\t\t<div class=\"elementor-widget-wrap elementor-element-populated\">\n\t\t\t\t\t\t\t\t<div class=\"elementor-element elementor-element-27973d4b elementor-widget elementor-widget-text-editor\" data-id=\"27973d4b\" data-element_type=\"widget\" data-widget_type=\"text-editor.default\">\n\t\t\t\t<div class=\"elementor-widget-container\">\n\t\t\t\t\t\t\t<p>Si vous souhaitez vous lancer dans une longue aventure balinaise, vous allez vous r\u00e9galer. Bali propose non seulement des locations de vacances \u00e0 court terme, mais \u00e9galement une gamme de superbes villas \u00e0 louer \u00e0 long terme. Dans cet article, nous vous guiderons tout au long du processus de recherche de la <a href=\"https:\/\/boodalo.com\/fr\/villa-a-louer-a-bali-longue-duree\/\">villa parfaite \u00e0 louer \u00e0 Bali. \u00e0 long terme<\/a>, vous offrant tout le confort d&#8217;un chez-soi tout en vous plongeant dans le charme unique de l&#8217;\u00eele.<\/p><h3><strong>Explorer les locations de villas \u00e0 long terme \u00e0 Bali<\/strong><\/h3><p><a href=\"https:\/\/en.wikipedia.org\/wiki\/Bali\" target=\"_blank\" rel=\"noopener\">Bali<\/a> n&#8217;est pas seulement un lieu de vacances\u00a0; c&#8217;est une destination o\u00f9 les gens viennent vivre leurs r\u00eaves. La location de villas \u00e0 long terme \u00e0 Bali s&#8217;adresse \u00e0 ceux qui souhaitent d\u00e9couvrir la beaut\u00e9, la culture et le style de vie de l&#8217;\u00eele pendant une p\u00e9riode prolong\u00e9e. Que vous d\u00e9m\u00e9nagiez pour le travail, que vous recherchiez un d\u00e9paysement ou que vous souhaitiez simplement vivre le r\u00eave de Bali, ces villas sont le choix parfait.<\/p><h3><strong>Avantages de la location de villas \u00e0 long terme<\/strong><\/h3><ol><li><strong>Rentable<\/strong>\u00a0: les locations de villas \u00e0 long terme \u00e0 Bali offrent souvent des tarifs nettement inf\u00e9rieurs \u00e0 ceux des locations de vacances \u00e0 court terme, ce qui en fait un choix \u00e9conomique pour les s\u00e9jours prolong\u00e9s.<\/li><li><strong>Confort et intimit\u00e9<\/strong>\u00a0: profitez du confort et de l&#8217;intimit\u00e9 de votre propre villa, dot\u00e9e de toutes les commodit\u00e9s dont vous avez besoin pour une exp\u00e9rience de vie d\u00e9tendue et sans stress.<\/li><li><strong>Immersion locale<\/strong>\u00a0: vivre dans une villa vous permet de faire partie de la communaut\u00e9 locale, de vous connecter avec les voisins et de vous immerger v\u00e9ritablement dans le mode de vie balinais.<\/li><\/ol><h3><strong>Comment trouver la villa id\u00e9ale \u00e0 Bali pour une location \u00e0 long terme<\/strong><\/h3><ol><li><strong>D\u00e9finissez vos besoins<\/strong>\u00a0: commencez par \u00e9num\u00e9rer vos exigences, telles que le nombre de chambres, l&#8217;emplacement et les \u00e9quipements. Bali propose une large gamme de villas pour r\u00e9pondre \u00e0 diff\u00e9rentes pr\u00e9f\u00e9rences.<\/li><li><strong>Consid\u00e9rations budg\u00e9taires<\/strong>\u00a0: d\u00e9terminez votre budget pour la location de villas \u00e0 long terme. Le march\u00e9 locatif de Bali est diversifi\u00e9, vous trouverez donc probablement des options qui correspondent \u00e0 votre plan financier.<\/li><li><strong>Entrez en contact avec des experts locaux<\/strong>\u00a0: envisagez de collaborer avec des agences de villas de Bali sp\u00e9cialis\u00e9es dans les baux \u00e0 long terme. Ils poss\u00e8dent une connaissance approfondie de la r\u00e9gion et peuvent vous aider \u00e0 trouver la villa id\u00e9ale.<\/li><\/ol><h3><strong>Villas Bali \u00e0 louer \u00e0 long terme\u00a0: votre maison loin de chez vous<\/strong><\/h3><p>Chez Bali Villas Direct, nous sommes l\u00e0 pour rendre votre s\u00e9jour de longue dur\u00e9e \u00e0 Bali exceptionnel. Nous proposons une s\u00e9lection de villas \u00e0 Bali \u00e0 louer \u00e0 long terme, allant des refuges confortables d&#8217;une chambre aux retraites familiales spacieuses. Chaque villa est con\u00e7ue pour vous offrir le plus grand confort et commodit\u00e9, vous permettant de vivre pleinement le style de vie balinais.<\/p><h3><strong>En conclusion<\/strong><\/h3><p>Une villa \u00e0 louer \u00e0 Bali \u00e0 long terme est plus qu\u2019un simple lieu de s\u00e9jour\u00a0; c&#8217;est une invitation \u00e0 d\u00e9couvrir Bali dans toute sa splendeur. Des paisibles rizi\u00e8res en terrasses d&#8217;Ubud aux rues anim\u00e9es de Seminyak, les locations de villas \u00e0 long terme \u00e0 Bali ouvrent la porte \u00e0 des possibilit\u00e9s infinies. Laissez-nous vous aider \u00e0 trouver la villa id\u00e9ale, o\u00f9 chaque jour est une nouvelle aventure au paradis.<\/p><p>Alors, commencez votre voyage d\u00e8s aujourd&#8217;hui et explorez les locations de villas \u00e0 long terme \u00e0 Bali. Votre deuxi\u00e8me chez-vous vous attend\u00a0! et merci de votre visite <a href=\"https:\/\/boodalo.com\/fr\/\">Propri\u00e9t\u00e9 \u00e0 vendre \u00e0 Bali<\/a>.<\/p>\t\t\t\t\t\t<\/div>\n\t\t\t\t<\/div>\n\t\t\t\t\t<\/div>\n\t\t<\/div>\n\t\t\t\t\t\t\t<\/div>\n\t\t<\/section>\n\t\t\t\t\t\t\t<\/div>\n\t\t","protected":false},"excerpt":{"rendered":"<p>Le bonheur de Bali \u00e0 long terme\u00a0: Villa \u00e0 louer \u00e0 Bali Si vous souhaitez vous lancer dans une longue aventure balinaise, vous allez vous r\u00e9galer. Bali propose non seulement des locations de vacances \u00e0 court terme, mais \u00e9galement une gamme de superbes villas \u00e0 louer \u00e0 long terme. Dans cet article, nous vous guiderons&#8230;<\/p>\n","protected":false},"author":8,"featured_media":11452,"parent":0,"menu_order":0,"comment_status":"closed","ping_status":"closed","template":"templates\/grid-layout-full-width.php","meta":{"_monsterinsights_skip_tracking":false,"_monsterinsights_sitenote_active":false,"_monsterinsights_sitenote_note":"","_monsterinsights_sitenote_category":0,"footnotes":""},"class_list":["post-18557","page","type-page","status-publish","has-post-thumbnail","hentry"],"yoast_head":"<!-- This site is optimized with the Yoast SEO plugin v25.5 - https:\/\/yoast.com\/wordpress\/plugins\/seo\/ -->\n<title>Villa \u00e0 louer \u00e0 Bali longue dur\u00e9e - Boodalo | Agent immobilier \u00e0 Bali<\/title>\n<meta name=\"description\" content=\"D\u00e9couvrez votre escapade id\u00e9ale \u00e0 Bali avec nos locations de villas longue dur\u00e9e. Trouvez la villa id\u00e9ale \u00e0 louer \u00e0 Bali \u00e0 long terme et plongez-vous dans la beaut\u00e9 et la culture de l&#039;\u00eele pour un s\u00e9jour prolong\u00e9.\" \/>\n<meta name=\"robots\" content=\"index, follow, max-snippet:-1, max-image-preview:large, max-video-preview:-1\" \/>\n<link rel=\"canonical\" href=\"https:\/\/boodalo.com\/fr\/villa-a-louer-a-bali-longue-duree\/\" \/>\n<meta property=\"og:locale\" content=\"fr_FR\" \/>\n<meta property=\"og:type\" content=\"article\" \/>\n<meta property=\"og:title\" content=\"Villa \u00e0 louer \u00e0 Bali longue dur\u00e9e - Boodalo | Agent immobilier \u00e0 Bali\" \/>\n<meta property=\"og:description\" content=\"D\u00e9couvrez votre escapade id\u00e9ale \u00e0 Bali avec nos locations de villas longue dur\u00e9e. Trouvez la villa id\u00e9ale \u00e0 louer \u00e0 Bali \u00e0 long terme et plongez-vous dans la beaut\u00e9 et la culture de l&#039;\u00eele pour un s\u00e9jour prolong\u00e9.\" \/>\n<meta property=\"og:url\" content=\"https:\/\/boodalo.com\/fr\/villa-a-louer-a-bali-longue-duree\/\" \/>\n<meta property=\"og:site_name\" content=\"Boodalo\" \/>\n<meta property=\"article:modified_time\" content=\"2023-10-27T07:23:29+00:00\" \/>\n<meta property=\"og:image\" content=\"https:\/\/boodalo.com\/wp-content\/uploads\/2022\/05\/Home-Boodalo.jpg\" \/>\n\t<meta property=\"og:image:width\" content=\"1440\" \/>\n\t<meta property=\"og:image:height\" content=\"960\" \/>\n\t<meta property=\"og:image:type\" content=\"image\/jpeg\" \/>\n<meta name=\"twitter:card\" content=\"summary_large_image\" \/>\n<meta name=\"twitter:label1\" content=\"Dur\u00e9e de lecture estim\u00e9e\" \/>\n\t<meta name=\"twitter:data1\" content=\"3 minutes\" \/>\n<script type=\"application\/ld+json\" class=\"yoast-schema-graph\">{\"@context\":\"https:\/\/schema.org\",\"@graph\":[{\"@type\":\"WebPage\",\"@id\":\"https:\/\/boodalo.com\/fr\/villa-a-louer-a-bali-longue-duree\/\",\"url\":\"https:\/\/boodalo.com\/fr\/villa-a-louer-a-bali-longue-duree\/\",\"name\":\"Villa \u00e0 louer \u00e0 Bali longue dur\u00e9e - Boodalo | Agent immobilier \u00e0 Bali\",\"isPartOf\":{\"@id\":\"https:\/\/boodalo.com\/fr\/#website\"},\"primaryImageOfPage\":{\"@id\":\"https:\/\/boodalo.com\/fr\/villa-a-louer-a-bali-longue-duree\/#primaryimage\"},\"image\":{\"@id\":\"https:\/\/boodalo.com\/fr\/villa-a-louer-a-bali-longue-duree\/#primaryimage\"},\"thumbnailUrl\":\"https:\/\/boodalo.com\/wp-content\/uploads\/2022\/05\/Home-Boodalo.jpg\",\"datePublished\":\"2022-11-15T10:25:34+00:00\",\"dateModified\":\"2023-10-27T07:23:29+00:00\",\"description\":\"D\u00e9couvrez votre escapade id\u00e9ale \u00e0 Bali avec nos locations de villas longue dur\u00e9e. Trouvez la villa id\u00e9ale \u00e0 louer \u00e0 Bali \u00e0 long terme et plongez-vous dans la beaut\u00e9 et la culture de l'\u00eele pour un s\u00e9jour prolong\u00e9.\",\"breadcrumb\":{\"@id\":\"https:\/\/boodalo.com\/fr\/villa-a-louer-a-bali-longue-duree\/#breadcrumb\"},\"inLanguage\":\"fr-FR\",\"potentialAction\":[{\"@type\":\"ReadAction\",\"target\":[\"https:\/\/boodalo.com\/fr\/villa-a-louer-a-bali-longue-duree\/\"]}]},{\"@type\":\"ImageObject\",\"inLanguage\":\"fr-FR\",\"@id\":\"https:\/\/boodalo.com\/fr\/villa-a-louer-a-bali-longue-duree\/#primaryimage\",\"url\":\"https:\/\/boodalo.com\/wp-content\/uploads\/2022\/05\/Home-Boodalo.jpg\",\"contentUrl\":\"https:\/\/boodalo.com\/wp-content\/uploads\/2022\/05\/Home-Boodalo.jpg\",\"width\":1440,\"height\":960},{\"@type\":\"BreadcrumbList\",\"@id\":\"https:\/\/boodalo.com\/fr\/villa-a-louer-a-bali-longue-duree\/#breadcrumb\",\"itemListElement\":[{\"@type\":\"ListItem\",\"position\":1,\"name\":\"Home\",\"item\":\"https:\/\/boodalo.com\/fr\/\"},{\"@type\":\"ListItem\",\"position\":2,\"name\":\"Villa \u00e0 louer \u00e0 Bali longue dur\u00e9e\"}]},{\"@type\":\"WebSite\",\"@id\":\"https:\/\/boodalo.com\/fr\/#website\",\"url\":\"https:\/\/boodalo.com\/fr\/\",\"name\":\"Boodalo\",\"description\":\"Indonesia Real Estate portal Website\",\"publisher\":{\"@id\":\"https:\/\/boodalo.com\/fr\/#organization\"},\"potentialAction\":[{\"@type\":\"SearchAction\",\"target\":{\"@type\":\"EntryPoint\",\"urlTemplate\":\"https:\/\/boodalo.com\/fr\/?s={search_term_string}\"},\"query-input\":{\"@type\":\"PropertyValueSpecification\",\"valueRequired\":true,\"valueName\":\"search_term_string\"}}],\"inLanguage\":\"fr-FR\"},{\"@type\":\"Organization\",\"@id\":\"https:\/\/boodalo.com\/fr\/#organization\",\"name\":\"Boodalo\",\"url\":\"https:\/\/boodalo.com\/fr\/\",\"logo\":{\"@type\":\"ImageObject\",\"inLanguage\":\"fr-FR\",\"@id\":\"https:\/\/boodalo.com\/fr\/#\/schema\/logo\/image\/\",\"url\":\"https:\/\/boodalo.com\/wp-content\/uploads\/2022\/05\/Boodalo-Logo.png\",\"contentUrl\":\"https:\/\/boodalo.com\/wp-content\/uploads\/2022\/05\/Boodalo-Logo.png\",\"width\":171,\"height\":64,\"caption\":\"Boodalo\"},\"image\":{\"@id\":\"https:\/\/boodalo.com\/fr\/#\/schema\/logo\/image\/\"}}]}<\/script>\n<!-- \/ Yoast SEO plugin. -->","yoast_head_json":{"title":"Villa \u00e0 louer \u00e0 Bali longue dur\u00e9e - Boodalo | Agent immobilier \u00e0 Bali","description":"D\u00e9couvrez votre escapade id\u00e9ale \u00e0 Bali avec nos locations de villas longue dur\u00e9e. Trouvez la villa id\u00e9ale \u00e0 louer \u00e0 Bali \u00e0 long terme et plongez-vous dans la beaut\u00e9 et la culture de l'\u00eele pour un s\u00e9jour prolong\u00e9.","robots":{"index":"index","follow":"follow","max-snippet":"max-snippet:-1","max-image-preview":"max-image-preview:large","max-video-preview":"max-video-preview:-1"},"canonical":"https:\/\/boodalo.com\/fr\/villa-a-louer-a-bali-longue-duree\/","og_locale":"fr_FR","og_type":"article","og_title":"Villa \u00e0 louer \u00e0 Bali longue dur\u00e9e - Boodalo | Agent immobilier \u00e0 Bali","og_description":"D\u00e9couvrez votre escapade id\u00e9ale \u00e0 Bali avec nos locations de villas longue dur\u00e9e. Trouvez la villa id\u00e9ale \u00e0 louer \u00e0 Bali \u00e0 long terme et plongez-vous dans la beaut\u00e9 et la culture de l'\u00eele pour un s\u00e9jour prolong\u00e9.","og_url":"https:\/\/boodalo.com\/fr\/villa-a-louer-a-bali-longue-duree\/","og_site_name":"Boodalo","article_modified_time":"2023-10-27T07:23:29+00:00","og_image":[{"width":1440,"height":960,"url":"https:\/\/boodalo.com\/wp-content\/uploads\/2022\/05\/Home-Boodalo.jpg","type":"image\/jpeg"}],"twitter_card":"summary_large_image","twitter_misc":{"Dur\u00e9e de lecture estim\u00e9e":"3 minutes"},"schema":{"@context":"https:\/\/schema.org","@graph":[{"@type":"WebPage","@id":"https:\/\/boodalo.com\/fr\/villa-a-louer-a-bali-longue-duree\/","url":"https:\/\/boodalo.com\/fr\/villa-a-louer-a-bali-longue-duree\/","name":"Villa \u00e0 louer \u00e0 Bali longue dur\u00e9e - Boodalo | Agent immobilier \u00e0 Bali","isPartOf":{"@id":"https:\/\/boodalo.com\/fr\/#website"},"primaryImageOfPage":{"@id":"https:\/\/boodalo.com\/fr\/villa-a-louer-a-bali-longue-duree\/#primaryimage"},"image":{"@id":"https:\/\/boodalo.com\/fr\/villa-a-louer-a-bali-longue-duree\/#primaryimage"},"thumbnailUrl":"https:\/\/boodalo.com\/wp-content\/uploads\/2022\/05\/Home-Boodalo.jpg","datePublished":"2022-11-15T10:25:34+00:00","dateModified":"2023-10-27T07:23:29+00:00","description":"D\u00e9couvrez votre escapade id\u00e9ale \u00e0 Bali avec nos locations de villas longue dur\u00e9e. Trouvez la villa id\u00e9ale \u00e0 louer \u00e0 Bali \u00e0 long terme et plongez-vous dans la beaut\u00e9 et la culture de l'\u00eele pour un s\u00e9jour prolong\u00e9.","breadcrumb":{"@id":"https:\/\/boodalo.com\/fr\/villa-a-louer-a-bali-longue-duree\/#breadcrumb"},"inLanguage":"fr-FR","potentialAction":[{"@type":"ReadAction","target":["https:\/\/boodalo.com\/fr\/villa-a-louer-a-bali-longue-duree\/"]}]},{"@type":"ImageObject","inLanguage":"fr-FR","@id":"https:\/\/boodalo.com\/fr\/villa-a-louer-a-bali-longue-duree\/#primaryimage","url":"https:\/\/boodalo.com\/wp-content\/uploads\/2022\/05\/Home-Boodalo.jpg","contentUrl":"https:\/\/boodalo.com\/wp-content\/uploads\/2022\/05\/Home-Boodalo.jpg","width":1440,"height":960},{"@type":"BreadcrumbList","@id":"https:\/\/boodalo.com\/fr\/villa-a-louer-a-bali-longue-duree\/#breadcrumb","itemListElement":[{"@type":"ListItem","position":1,"name":"Home","item":"https:\/\/boodalo.com\/fr\/"},{"@type":"ListItem","position":2,"name":"Villa \u00e0 louer \u00e0 Bali longue dur\u00e9e"}]},{"@type":"WebSite","@id":"https:\/\/boodalo.com\/fr\/#website","url":"https:\/\/boodalo.com\/fr\/","name":"Boodalo","description":"Indonesia Real Estate portal Website","publisher":{"@id":"https:\/\/boodalo.com\/fr\/#organization"},"potentialAction":[{"@type":"SearchAction","target":{"@type":"EntryPoint","urlTemplate":"https:\/\/boodalo.com\/fr\/?s={search_term_string}"},"query-input":{"@type":"PropertyValueSpecification","valueRequired":true,"valueName":"search_term_string"}}],"inLanguage":"fr-FR"},{"@type":"Organization","@id":"https:\/\/boodalo.com\/fr\/#organization","name":"Boodalo","url":"https:\/\/boodalo.com\/fr\/","logo":{"@type":"ImageObject","inLanguage":"fr-FR","@id":"https:\/\/boodalo.com\/fr\/#\/schema\/logo\/image\/","url":"https:\/\/boodalo.com\/wp-content\/uploads\/2022\/05\/Boodalo-Logo.png","contentUrl":"https:\/\/boodalo.com\/wp-content\/uploads\/2022\/05\/Boodalo-Logo.png","width":171,"height":64,"caption":"Boodalo"},"image":{"@id":"https:\/\/boodalo.com\/fr\/#\/schema\/logo\/image\/"}}]}},"_links":{"self":[{"href":"https:\/\/boodalo.com\/fr\/wp-json\/wp\/v2\/pages\/18557","targetHints":{"allow":["GET"]}}],"collection":[{"href":"https:\/\/boodalo.com\/fr\/wp-json\/wp\/v2\/pages"}],"about":[{"href":"https:\/\/boodalo.com\/fr\/wp-json\/wp\/v2\/types\/page"}],"author":[{"embeddable":true,"href":"https:\/\/boodalo.com\/fr\/wp-json\/wp\/v2\/users\/8"}],"replies":[{"embeddable":true,"href":"https:\/\/boodalo.com\/fr\/wp-json\/wp\/v2\/comments?post=18557"}],"version-history":[{"count":19,"href":"https:\/\/boodalo.com\/fr\/wp-json\/wp\/v2\/pages\/18557\/revisions"}],"predecessor-version":[{"id":28063,"href":"https:\/\/boodalo.com\/fr\/wp-json\/wp\/v2\/pages\/18557\/revisions\/28063"}],"wp:featuredmedia":[{"embeddable":true,"href":"https:\/\/boodalo.com\/fr\/wp-json\/wp\/v2\/media\/11452"}],"wp:attachment":[{"href":"https:\/\/boodalo.com\/fr\/wp-json\/wp\/v2\/media?parent=18557"}],"curies":[{"name":"wp","href":"https:\/\/api.w.org\/{rel}","templated":true}]}}