{"id":18549,"date":"2022-11-15T18:22:00","date_gmt":"2022-11-15T10:22:00","guid":{"rendered":"https:\/\/boodalo.com\/bali\/villa-for-yearly-rental\/"},"modified":"2023-10-27T17:21:58","modified_gmt":"2023-10-27T09:21:58","slug":"villas-a-bali-a-louer-a-lannee","status":"publish","type":"page","link":"https:\/\/boodalo.com\/fr\/villas-a-bali-a-louer-a-lannee\/","title":{"rendered":"Villas \u00e0 Bali \u00e0 louer \u00e0 l&#8217;ann\u00e9e"},"content":{"rendered":"\t\t<div data-elementor-type=\"wp-page\" data-elementor-id=\"18549\" class=\"elementor elementor-18549 elementor-18547\">\n\t\t\t\t\t\t\t\t\t<section class=\"elementor-section elementor-top-section elementor-element elementor-element-11188908 elementor-section-boxed elementor-section-height-default elementor-section-height-default\" data-id=\"11188908\" data-element_type=\"section\">\n\t\t\t\t\t\t<div class=\"elementor-container elementor-column-gap-default\">\n\t\t\t\t\t<div class=\"elementor-column elementor-col-100 elementor-top-column elementor-element elementor-element-2db6fe51\" data-id=\"2db6fe51\" data-element_type=\"column\">\n\t\t\t<div class=\"elementor-widget-wrap elementor-element-populated\">\n\t\t\t\t\t\t\t\t<div class=\"elementor-element elementor-element-960a7d2 elementor-widget elementor-widget-heading\" data-id=\"960a7d2\" data-element_type=\"widget\" data-widget_type=\"heading.default\">\n\t\t\t\t<div class=\"elementor-widget-container\">\n\t\t\t<h2 class=\"elementor-heading-title elementor-size-default\">Location de villas \u00e0 l'ann\u00e9e \u00e0 Bali\u00a0: votre porte d'entr\u00e9e vers la vie tropicale<\/h2>\t\t<\/div>\n\t\t\t\t<\/div>\n\t\t\t\t<div class=\"elementor-element elementor-element-2b5b98e8 elementor-widget elementor-widget-text-editor\" data-id=\"2b5b98e8\" data-element_type=\"widget\" data-widget_type=\"text-editor.default\">\n\t\t\t\t<div class=\"elementor-widget-container\">\n\t\t\t\t\t\t\t<p>Avez-vous d\u00e9j\u00e0 r\u00eav\u00e9 de vivre au paradis toute l&#8217;ann\u00e9e ? <a href=\"https:\/\/en.wikipedia.org\/wiki\/Bali\" target=\"_blank\" rel=\"noopener\">Bali<\/a>, avec sa beaut\u00e9 enchanteresse et sa culture dynamique, vous offre l&#8217;opportunit\u00e9 de tourner ce r\u00eave devient r\u00e9alit\u00e9 avec ses superbes villas disponibles \u00e0 la location \u00e0 l&#8217;ann\u00e9e. Dans cet article, nous explorerons le monde des <a href=\"https:\/\/boodalo.com\/fr\/villas-a-bali-a-louer-a-lannee\/\">Villas \u00e0 Bali \u00e0 louer \u00e0 l&#8217;ann\u00e9e<\/a>, vous fournissant ainsi un aper\u00e7u pour faire de votre s\u00e9jour de longue dur\u00e9e \u00e0 Bali une exp\u00e9rience inoubliable.<\/p><h3><strong>Location annuelle de villas \u00e0 Bali\u00a0: un coin de paradis<\/strong><\/h3><p>Les locations de villas annuelles \u00e0 Bali sont devenues de plus en plus populaires parmi ceux qui recherchent une escapade tropicale prolong\u00e9e ou m\u00eame un changement de style de vie. Imaginez-vous vous r\u00e9veiller au son apaisant des vagues, piquer une t\u00eate dans votre piscine priv\u00e9e et profiter chaque jour de couchers de soleil \u00e0 couper le souffle, le tout dans le confort de votre propre villa \u00e0 Bali.<\/p><h3><strong>Avantages de la location annuelle de villas<\/strong><\/h3><ol><li><strong>Vivre dans le luxe<\/strong>\u00a0: les villas de Bali offrent un luxe et un confort in\u00e9gal\u00e9s, comprenant souvent des espaces de vie spacieux, des \u00e9quipements modernes et de magnifiques jardins paysagers.<\/li><li><strong>Rentable<\/strong>\u00a0: les locations annuelles sont souvent plus rentables que la r\u00e9servation de plusieurs s\u00e9jours de courte dur\u00e9e. C&#8217;est un choix financier judicieux pour ceux qui planifient une aventure prolong\u00e9e \u00e0 Bali.<\/li><li><strong>Exp\u00e9rience immersive<\/strong>\u00a0: rester \u00e0 Bali pendant une ann\u00e9e enti\u00e8re vous permet de vous immerger pleinement dans la culture locale, de nouer des relations durables avec la communaut\u00e9 et d&#8217;explorer l&#8217;\u00eele \u00e0 un rythme tranquille.&lt;\/li &gt;<\/li><\/ol><h3><strong>Trouver votre location de villa annuelle id\u00e9ale<\/strong><\/h3><ol><li><strong>D\u00e9finissez votre budget<\/strong>\u00a0: d\u00e9terminez votre budget annuel pour la location de villas \u00e0 Bali. Que vous recherchiez une option abordable ou une villa haut de gamme, Bali s&#8217;adresse \u00e0 diff\u00e9rentes gammes de prix.<\/li><li><strong>L&#8217;emplacement compte<\/strong>\u00a0: Bali offre diverses r\u00e9gions, chacune avec son charme unique. D\u00e9cidez si vous pr\u00e9f\u00e9rez les rues anim\u00e9es de Seminyak, les collines tranquilles d&#8217;Ubud ou la beaut\u00e9 du front de mer de Jimbaran.<\/li><li><strong>Consulter des experts locaux<\/strong>\u00a0: collaborer avec des agences immobili\u00e8res et des experts de Bali peut simplifier votre recherche. Ils ont une connaissance approfondie du march\u00e9 de la location et peuvent vous aider \u00e0 trouver la villa \u00e0 louer \u00e0 l&#8217;ann\u00e9e id\u00e9ale.<\/li><\/ol><h3><strong>Location annuelle de villas \u00e0 Bali\u00a0: votre porte d&#8217;entr\u00e9e vers un style de vie tropical<\/strong><\/h3><p>Chez Bali Property Experts, nous sommes sp\u00e9cialis\u00e9s dans la mise en relation des locataires avec leurs locations de villas annuelles de r\u00eave \u00e0 Bali. Que vous recherchiez une villa familiale confortable, une retraite tranquille ou une propri\u00e9t\u00e9 luxueuse en bord de mer, nous disposons d&#8217;un vaste portefeuille de villas \u00e0 Bali \u00e0 louer \u00e0 l&#8217;ann\u00e9e.<\/p><h3><strong>En conclusion<\/strong><\/h3><p>La location annuelle de villas \u00e0 Bali ouvre la porte \u00e0 un style de vie rempli de beaut\u00e9, de culture et de tranquillit\u00e9. C&#8217;est l&#8217;occasion de profiter des charmes de l&#8217;\u00eele et de cr\u00e9er des souvenirs inoubliables au paradis. Les villas \u00e0 louer \u00e0 Bali vous offrent la possibilit\u00e9 de savourer le meilleur de Bali chaque jour, ce qui en fait votre chez-soi.<\/p><p>Alors, commencez votre voyage d\u00e8s aujourd\u2019hui et explorez la myriade de locations de villas \u00e0 Bali disponibles pour des s\u00e9jours annuels. Votre oasis tropicale \u00e0 Bali vous attend\u00a0! Merci de votre visite \u00e0 l&#8217;<a href=\"https:\/\/boodalo.com\/fr\/\">Agence immobili\u00e8re de Bali<\/a><\/p>\t\t\t\t\t\t<\/div>\n\t\t\t\t<\/div>\n\t\t\t\t\t<\/div>\n\t\t<\/div>\n\t\t\t\t\t\t\t<\/div>\n\t\t<\/section>\n\t\t\t\t\t\t\t<\/div>\n\t\t","protected":false},"excerpt":{"rendered":"<p>Location de villas \u00e0 l&#8217;ann\u00e9e \u00e0 Bali\u00a0: votre porte d&#8217;entr\u00e9e vers la vie tropicale Avez-vous d\u00e9j\u00e0 r\u00eav\u00e9 de vivre au paradis toute l&#8217;ann\u00e9e ? Bali, avec sa beaut\u00e9 enchanteresse et sa culture dynamique, vous offre l&#8217;opportunit\u00e9 de tourner ce r\u00eave devient r\u00e9alit\u00e9 avec ses superbes villas disponibles \u00e0 la location \u00e0 l&#8217;ann\u00e9e. Dans cet article,&#8230;<\/p>\n","protected":false},"author":8,"featured_media":11452,"parent":0,"menu_order":0,"comment_status":"closed","ping_status":"closed","template":"templates\/grid-layout-full-width.php","meta":{"_monsterinsights_skip_tracking":false,"_monsterinsights_sitenote_active":false,"_monsterinsights_sitenote_note":"","_monsterinsights_sitenote_category":0,"footnotes":""},"class_list":["post-18549","page","type-page","status-publish","has-post-thumbnail","hentry"],"yoast_head":"<!-- This site is optimized with the Yoast SEO plugin v25.5 - https:\/\/yoast.com\/wordpress\/plugins\/seo\/ -->\n<title>Villas \u00e0 Bali \u00e0 louer \u00e0 l&#039;ann\u00e9e - Boodalo | Agent immobilier \u00e0 Bali<\/title>\n<meta name=\"description\" content=\"D\u00e9couvrez les villas Bali \u00e0 louer \u00e0 l&#039;ann\u00e9e. D\u00e9couvrez le style de vie tropical ultime avec notre s\u00e9lection de locations de villas longue dur\u00e9e au paradis. Trouvez la villa de vos r\u00eaves \u00e0 Bali aujourd&#039;hui\" \/>\n<meta name=\"robots\" content=\"index, follow, max-snippet:-1, max-image-preview:large, max-video-preview:-1\" \/>\n<link rel=\"canonical\" href=\"https:\/\/boodalo.com\/fr\/villas-a-bali-a-louer-a-lannee\/\" \/>\n<meta property=\"og:locale\" content=\"fr_FR\" \/>\n<meta property=\"og:type\" content=\"article\" \/>\n<meta property=\"og:title\" content=\"Villas \u00e0 Bali \u00e0 louer \u00e0 l&#039;ann\u00e9e - Boodalo | Agent immobilier \u00e0 Bali\" \/>\n<meta property=\"og:description\" content=\"D\u00e9couvrez les villas Bali \u00e0 louer \u00e0 l&#039;ann\u00e9e. D\u00e9couvrez le style de vie tropical ultime avec notre s\u00e9lection de locations de villas longue dur\u00e9e au paradis. Trouvez la villa de vos r\u00eaves \u00e0 Bali aujourd&#039;hui\" \/>\n<meta property=\"og:url\" content=\"https:\/\/boodalo.com\/fr\/villas-a-bali-a-louer-a-lannee\/\" \/>\n<meta property=\"og:site_name\" content=\"Boodalo\" \/>\n<meta property=\"article:modified_time\" content=\"2023-10-27T09:21:58+00:00\" \/>\n<meta property=\"og:image\" content=\"https:\/\/boodalo.com\/wp-content\/uploads\/2022\/05\/Home-Boodalo.jpg\" \/>\n\t<meta property=\"og:image:width\" content=\"1440\" \/>\n\t<meta property=\"og:image:height\" content=\"960\" \/>\n\t<meta property=\"og:image:type\" content=\"image\/jpeg\" \/>\n<meta name=\"twitter:card\" content=\"summary_large_image\" \/>\n<meta name=\"twitter:label1\" content=\"Dur\u00e9e de lecture estim\u00e9e\" \/>\n\t<meta name=\"twitter:data1\" content=\"3 minutes\" \/>\n<script type=\"application\/ld+json\" class=\"yoast-schema-graph\">{\"@context\":\"https:\/\/schema.org\",\"@graph\":[{\"@type\":\"WebPage\",\"@id\":\"https:\/\/boodalo.com\/fr\/villas-a-bali-a-louer-a-lannee\/\",\"url\":\"https:\/\/boodalo.com\/fr\/villas-a-bali-a-louer-a-lannee\/\",\"name\":\"Villas \u00e0 Bali \u00e0 louer \u00e0 l'ann\u00e9e - Boodalo | Agent immobilier \u00e0 Bali\",\"isPartOf\":{\"@id\":\"https:\/\/boodalo.com\/fr\/#website\"},\"primaryImageOfPage\":{\"@id\":\"https:\/\/boodalo.com\/fr\/villas-a-bali-a-louer-a-lannee\/#primaryimage\"},\"image\":{\"@id\":\"https:\/\/boodalo.com\/fr\/villas-a-bali-a-louer-a-lannee\/#primaryimage\"},\"thumbnailUrl\":\"https:\/\/boodalo.com\/wp-content\/uploads\/2022\/05\/Home-Boodalo.jpg\",\"datePublished\":\"2022-11-15T10:22:00+00:00\",\"dateModified\":\"2023-10-27T09:21:58+00:00\",\"description\":\"D\u00e9couvrez les villas Bali \u00e0 louer \u00e0 l'ann\u00e9e. D\u00e9couvrez le style de vie tropical ultime avec notre s\u00e9lection de locations de villas longue dur\u00e9e au paradis. Trouvez la villa de vos r\u00eaves \u00e0 Bali aujourd'hui\",\"breadcrumb\":{\"@id\":\"https:\/\/boodalo.com\/fr\/villas-a-bali-a-louer-a-lannee\/#breadcrumb\"},\"inLanguage\":\"fr-FR\",\"potentialAction\":[{\"@type\":\"ReadAction\",\"target\":[\"https:\/\/boodalo.com\/fr\/villas-a-bali-a-louer-a-lannee\/\"]}]},{\"@type\":\"ImageObject\",\"inLanguage\":\"fr-FR\",\"@id\":\"https:\/\/boodalo.com\/fr\/villas-a-bali-a-louer-a-lannee\/#primaryimage\",\"url\":\"https:\/\/boodalo.com\/wp-content\/uploads\/2022\/05\/Home-Boodalo.jpg\",\"contentUrl\":\"https:\/\/boodalo.com\/wp-content\/uploads\/2022\/05\/Home-Boodalo.jpg\",\"width\":1440,\"height\":960},{\"@type\":\"BreadcrumbList\",\"@id\":\"https:\/\/boodalo.com\/fr\/villas-a-bali-a-louer-a-lannee\/#breadcrumb\",\"itemListElement\":[{\"@type\":\"ListItem\",\"position\":1,\"name\":\"Home\",\"item\":\"https:\/\/boodalo.com\/fr\/\"},{\"@type\":\"ListItem\",\"position\":2,\"name\":\"Villas \u00e0 Bali \u00e0 louer \u00e0 l&#8217;ann\u00e9e\"}]},{\"@type\":\"WebSite\",\"@id\":\"https:\/\/boodalo.com\/fr\/#website\",\"url\":\"https:\/\/boodalo.com\/fr\/\",\"name\":\"Boodalo\",\"description\":\"Indonesia Real Estate portal Website\",\"publisher\":{\"@id\":\"https:\/\/boodalo.com\/fr\/#organization\"},\"potentialAction\":[{\"@type\":\"SearchAction\",\"target\":{\"@type\":\"EntryPoint\",\"urlTemplate\":\"https:\/\/boodalo.com\/fr\/?s={search_term_string}\"},\"query-input\":{\"@type\":\"PropertyValueSpecification\",\"valueRequired\":true,\"valueName\":\"search_term_string\"}}],\"inLanguage\":\"fr-FR\"},{\"@type\":\"Organization\",\"@id\":\"https:\/\/boodalo.com\/fr\/#organization\",\"name\":\"Boodalo\",\"url\":\"https:\/\/boodalo.com\/fr\/\",\"logo\":{\"@type\":\"ImageObject\",\"inLanguage\":\"fr-FR\",\"@id\":\"https:\/\/boodalo.com\/fr\/#\/schema\/logo\/image\/\",\"url\":\"https:\/\/boodalo.com\/wp-content\/uploads\/2022\/05\/Boodalo-Logo.png\",\"contentUrl\":\"https:\/\/boodalo.com\/wp-content\/uploads\/2022\/05\/Boodalo-Logo.png\",\"width\":171,\"height\":64,\"caption\":\"Boodalo\"},\"image\":{\"@id\":\"https:\/\/boodalo.com\/fr\/#\/schema\/logo\/image\/\"}}]}<\/script>\n<!-- \/ Yoast SEO plugin. -->","yoast_head_json":{"title":"Villas \u00e0 Bali \u00e0 louer \u00e0 l'ann\u00e9e - Boodalo | Agent immobilier \u00e0 Bali","description":"D\u00e9couvrez les villas Bali \u00e0 louer \u00e0 l'ann\u00e9e. D\u00e9couvrez le style de vie tropical ultime avec notre s\u00e9lection de locations de villas longue dur\u00e9e au paradis. Trouvez la villa de vos r\u00eaves \u00e0 Bali aujourd'hui","robots":{"index":"index","follow":"follow","max-snippet":"max-snippet:-1","max-image-preview":"max-image-preview:large","max-video-preview":"max-video-preview:-1"},"canonical":"https:\/\/boodalo.com\/fr\/villas-a-bali-a-louer-a-lannee\/","og_locale":"fr_FR","og_type":"article","og_title":"Villas \u00e0 Bali \u00e0 louer \u00e0 l'ann\u00e9e - Boodalo | Agent immobilier \u00e0 Bali","og_description":"D\u00e9couvrez les villas Bali \u00e0 louer \u00e0 l'ann\u00e9e. D\u00e9couvrez le style de vie tropical ultime avec notre s\u00e9lection de locations de villas longue dur\u00e9e au paradis. Trouvez la villa de vos r\u00eaves \u00e0 Bali aujourd'hui","og_url":"https:\/\/boodalo.com\/fr\/villas-a-bali-a-louer-a-lannee\/","og_site_name":"Boodalo","article_modified_time":"2023-10-27T09:21:58+00:00","og_image":[{"width":1440,"height":960,"url":"https:\/\/boodalo.com\/wp-content\/uploads\/2022\/05\/Home-Boodalo.jpg","type":"image\/jpeg"}],"twitter_card":"summary_large_image","twitter_misc":{"Dur\u00e9e de lecture estim\u00e9e":"3 minutes"},"schema":{"@context":"https:\/\/schema.org","@graph":[{"@type":"WebPage","@id":"https:\/\/boodalo.com\/fr\/villas-a-bali-a-louer-a-lannee\/","url":"https:\/\/boodalo.com\/fr\/villas-a-bali-a-louer-a-lannee\/","name":"Villas \u00e0 Bali \u00e0 louer \u00e0 l'ann\u00e9e - Boodalo | Agent immobilier \u00e0 Bali","isPartOf":{"@id":"https:\/\/boodalo.com\/fr\/#website"},"primaryImageOfPage":{"@id":"https:\/\/boodalo.com\/fr\/villas-a-bali-a-louer-a-lannee\/#primaryimage"},"image":{"@id":"https:\/\/boodalo.com\/fr\/villas-a-bali-a-louer-a-lannee\/#primaryimage"},"thumbnailUrl":"https:\/\/boodalo.com\/wp-content\/uploads\/2022\/05\/Home-Boodalo.jpg","datePublished":"2022-11-15T10:22:00+00:00","dateModified":"2023-10-27T09:21:58+00:00","description":"D\u00e9couvrez les villas Bali \u00e0 louer \u00e0 l'ann\u00e9e. D\u00e9couvrez le style de vie tropical ultime avec notre s\u00e9lection de locations de villas longue dur\u00e9e au paradis. Trouvez la villa de vos r\u00eaves \u00e0 Bali aujourd'hui","breadcrumb":{"@id":"https:\/\/boodalo.com\/fr\/villas-a-bali-a-louer-a-lannee\/#breadcrumb"},"inLanguage":"fr-FR","potentialAction":[{"@type":"ReadAction","target":["https:\/\/boodalo.com\/fr\/villas-a-bali-a-louer-a-lannee\/"]}]},{"@type":"ImageObject","inLanguage":"fr-FR","@id":"https:\/\/boodalo.com\/fr\/villas-a-bali-a-louer-a-lannee\/#primaryimage","url":"https:\/\/boodalo.com\/wp-content\/uploads\/2022\/05\/Home-Boodalo.jpg","contentUrl":"https:\/\/boodalo.com\/wp-content\/uploads\/2022\/05\/Home-Boodalo.jpg","width":1440,"height":960},{"@type":"BreadcrumbList","@id":"https:\/\/boodalo.com\/fr\/villas-a-bali-a-louer-a-lannee\/#breadcrumb","itemListElement":[{"@type":"ListItem","position":1,"name":"Home","item":"https:\/\/boodalo.com\/fr\/"},{"@type":"ListItem","position":2,"name":"Villas \u00e0 Bali \u00e0 louer \u00e0 l&#8217;ann\u00e9e"}]},{"@type":"WebSite","@id":"https:\/\/boodalo.com\/fr\/#website","url":"https:\/\/boodalo.com\/fr\/","name":"Boodalo","description":"Indonesia Real Estate portal Website","publisher":{"@id":"https:\/\/boodalo.com\/fr\/#organization"},"potentialAction":[{"@type":"SearchAction","target":{"@type":"EntryPoint","urlTemplate":"https:\/\/boodalo.com\/fr\/?s={search_term_string}"},"query-input":{"@type":"PropertyValueSpecification","valueRequired":true,"valueName":"search_term_string"}}],"inLanguage":"fr-FR"},{"@type":"Organization","@id":"https:\/\/boodalo.com\/fr\/#organization","name":"Boodalo","url":"https:\/\/boodalo.com\/fr\/","logo":{"@type":"ImageObject","inLanguage":"fr-FR","@id":"https:\/\/boodalo.com\/fr\/#\/schema\/logo\/image\/","url":"https:\/\/boodalo.com\/wp-content\/uploads\/2022\/05\/Boodalo-Logo.png","contentUrl":"https:\/\/boodalo.com\/wp-content\/uploads\/2022\/05\/Boodalo-Logo.png","width":171,"height":64,"caption":"Boodalo"},"image":{"@id":"https:\/\/boodalo.com\/fr\/#\/schema\/logo\/image\/"}}]}},"_links":{"self":[{"href":"https:\/\/boodalo.com\/fr\/wp-json\/wp\/v2\/pages\/18549","targetHints":{"allow":["GET"]}}],"collection":[{"href":"https:\/\/boodalo.com\/fr\/wp-json\/wp\/v2\/pages"}],"about":[{"href":"https:\/\/boodalo.com\/fr\/wp-json\/wp\/v2\/types\/page"}],"author":[{"embeddable":true,"href":"https:\/\/boodalo.com\/fr\/wp-json\/wp\/v2\/users\/8"}],"replies":[{"embeddable":true,"href":"https:\/\/boodalo.com\/fr\/wp-json\/wp\/v2\/comments?post=18549"}],"version-history":[{"count":16,"href":"https:\/\/boodalo.com\/fr\/wp-json\/wp\/v2\/pages\/18549\/revisions"}],"predecessor-version":[{"id":28126,"href":"https:\/\/boodalo.com\/fr\/wp-json\/wp\/v2\/pages\/18549\/revisions\/28126"}],"wp:featuredmedia":[{"embeddable":true,"href":"https:\/\/boodalo.com\/fr\/wp-json\/wp\/v2\/media\/11452"}],"wp:attachment":[{"href":"https:\/\/boodalo.com\/fr\/wp-json\/wp\/v2\/media?parent=18549"}],"curies":[{"name":"wp","href":"https:\/\/api.w.org\/{rel}","templated":true}]}}