{"id":26150,"date":"2023-10-08T13:41:00","date_gmt":"2023-10-08T05:41:00","guid":{"rendered":"https:\/\/boodalo.com\/bali-leasehold-land\/"},"modified":"2023-10-26T12:39:37","modified_gmt":"2023-10-26T04:39:37","slug":"tierras-arrendadas-en-bali","status":"publish","type":"page","link":"https:\/\/boodalo.com\/es\/tierras-arrendadas-en-bali\/","title":{"rendered":"Tierras arrendadas en Bali"},"content":{"rendered":"\t\t<div data-elementor-type=\"wp-page\" data-elementor-id=\"26150\" class=\"elementor elementor-26150 elementor-26139\">\n\t\t\t\t\t\t\t\t\t<section class=\"elementor-section elementor-top-section elementor-element elementor-element-358ba3 elementor-section-boxed elementor-section-height-default elementor-section-height-default\" data-id=\"358ba3\" data-element_type=\"section\">\n\t\t\t\t\t\t<div class=\"elementor-container elementor-column-gap-default\">\n\t\t\t\t\t<div class=\"elementor-column elementor-col-100 elementor-top-column elementor-element elementor-element-4770a8a\" data-id=\"4770a8a\" data-element_type=\"column\">\n\t\t\t<div class=\"elementor-widget-wrap elementor-element-populated\">\n\t\t\t\t\t\t\t\t<div class=\"elementor-element elementor-element-b599b82 elementor-widget elementor-widget-heading\" data-id=\"b599b82\" data-element_type=\"widget\" data-widget_type=\"heading.default\">\n\t\t\t\t<div class=\"elementor-widget-container\">\n\t\t\t<h2 class=\"elementor-heading-title elementor-size-default\">Invertir en terrenos arrendados en Bali: su puerta de entrada al para\u00edso<\/h2>\t\t<\/div>\n\t\t\t\t<\/div>\n\t\t\t\t<div class=\"elementor-element elementor-element-937c8e8 elementor-widget elementor-widget-text-editor\" data-id=\"937c8e8\" data-element_type=\"widget\" data-widget_type=\"text-editor.default\">\n\t\t\t\t<div class=\"elementor-widget-container\">\n\t\t\t\t\t\t\t<p>\u00bfSue\u00f1as con ser due\u00f1o de un pedazo de para\u00edso en <a href=\"https:\/\/en.wikipedia.org\/wiki\/Bali\">Bali<\/a>? Los impresionantes paisajes y la vibrante cultura de la isla la convierten en un destino privilegiado para quienes buscan una escapada tropical o una inversi\u00f3n inmobiliaria rentable. Bali ofrece una oportunidad \u00fanica para que los extranjeros adquieran tierras en arrendamiento, lo que les permitir\u00e1 disfrutar de la belleza de este para\u00edso tropical durante muchos a\u00f1os. En este art\u00edculo, exploraremos los beneficios de invertir en terrenos arrendados en Bali y c\u00f3mo puede ser una opci\u00f3n inteligente tanto para uso personal como para ganancias financieras.<\/p><h3><strong>\u00bfPor qu\u00e9 arrendar tierras en Bali?<\/strong><\/h3><p>El mercado inmobiliario de Bali ha experimentado un auge en los \u00faltimos a\u00f1os, y cada vez m\u00e1s inversores buscan capitalizar la creciente popularidad de la isla. Si bien la propiedad absoluta de la tierra generalmente est\u00e1 restringida a los ciudadanos indonesios, la tierra arrendada ofrece una alternativa atractiva para los extranjeros.<\/p><p>Los terrenos en arrendamiento permiten asegurar una propiedad por un per\u00edodo predeterminado, que a menudo se extiende hasta 25 o incluso 30 a\u00f1os, con la posibilidad de extender el contrato de arrendamiento. Este acuerdo le brinda los derechos de uso y desarrollo del terreno durante el plazo del arrendamiento, brind\u00e1ndole tiempo suficiente para disfrutar de su propiedad o generar ingresos por alquiler.<\/p><h3><strong>Beneficios de las tierras arrendadas en Bali<\/strong><\/h3><ol><li><strong>Asequibilidad<\/strong>: los terrenos arrendados en Bali suelen ser m\u00e1s asequibles que las opciones de propiedad absoluta, lo que los convierte en una opci\u00f3n atractiva para los compradores preocupados por su presupuesto. Puede disfrutar de las ventajas de ser propietario de una propiedad en Bali sin los altos costos iniciales asociados con la propiedad absoluta.<\/li><li><strong>Potencial de inversi\u00f3n<\/strong>: la industria tur\u00edstica de Bali est\u00e1 prosperando y la demanda de alquileres vacacionales y propiedades de inversi\u00f3n est\u00e1 aumentando. Al comprar terrenos arrendados, puede acceder al lucrativo mercado de alquileres vacacionales, lo que le proporcionar\u00e1 un flujo constante de ingresos.<\/li><li><strong>Flexibilidad<\/strong>: el terreno arrendado le otorga la libertad de desarrollar su propiedad como mejor le parezca. Ya sea que desee construir una villa lujosa, un hotel boutique o un retiro encantador, usted tiene el control creativo para dise\u00f1ar la propiedad de sus sue\u00f1os.<\/li><li><strong>Arrendamientos renovables<\/strong>: muchos contratos de arrendamiento en Bali son renovables, lo que le brinda la opci\u00f3n de extender su contrato de arrendamiento cuando expire. Esto significa que podr\u00e1 seguir benefici\u00e1ndose de su inversi\u00f3n en el futuro.<\/li><\/ol><h3><strong>Encontrar el terreno adecuado para arrendar en Bali<\/strong><\/h3><p>Al buscar <a href=\"https:\/\/boodalo.com\/es\/tierras-arrendadas-en-bali\/\">terrenos arrendados en Bali<\/a>, es fundamental trabajar con una agencia inmobiliaria acreditada que se especialice en este tipo de transacciones. Una agencia confiable lo ayudar\u00e1 a navegar por los aspectos legales, negociar t\u00e9rminos favorables y garantizar un proceso de adquisici\u00f3n sin problemas.<\/p><p>En conclusi\u00f3n, los terrenos arrendados en Bali ofrecen una oportunidad atractiva para que los extranjeros inviertan en un para\u00edso tropical. Con su asequibilidad, potencial de inversi\u00f3n, flexibilidad y arrendamientos renovables, es una opci\u00f3n inteligente para quienes buscan poseer una porci\u00f3n de la belleza de Bali. Ya sea que est\u00e9 buscando un retiro personal o una empresa inmobiliaria rentable, el mercado de terrenos arrendados de Bali tiene algo que ofrecer a todos. Explore sus opciones y quiz\u00e1s encuentre el para\u00edso perfecto esper\u00e1ndolo en Bali. Gracias por visitar la <a href=\"https:\/\/boodalo.com\/es\/\">agencia inmobiliaria de Bali<\/a>.<\/p>\t\t\t\t\t\t<\/div>\n\t\t\t\t<\/div>\n\t\t\t\t\t<\/div>\n\t\t<\/div>\n\t\t\t\t\t\t\t<\/div>\n\t\t<\/section>\n\t\t\t\t\t\t\t<\/div>\n\t\t","protected":false},"excerpt":{"rendered":"<p>Invertir en terrenos arrendados en Bali: su puerta de entrada al para\u00edso \u00bfSue\u00f1as con ser due\u00f1o de un pedazo de para\u00edso en Bali? Los impresionantes paisajes y la vibrante cultura de la isla la convierten en un destino privilegiado para quienes buscan una escapada tropical o una inversi\u00f3n inmobiliaria rentable. Bali ofrece una oportunidad \u00fanica&#8230;<\/p>\n","protected":false},"author":8,"featured_media":21324,"parent":0,"menu_order":0,"comment_status":"closed","ping_status":"closed","template":"templates\/grid-layout-full-width.php","meta":{"_monsterinsights_skip_tracking":false,"_monsterinsights_sitenote_active":false,"_monsterinsights_sitenote_note":"","_monsterinsights_sitenote_category":0,"footnotes":""},"class_list":["post-26150","page","type-page","status-publish","has-post-thumbnail","hentry"],"yoast_head":"<!-- This site is optimized with the Yoast SEO plugin v25.5 - https:\/\/yoast.com\/wordpress\/plugins\/seo\/ -->\n<title>Tierras arrendadas en Bali - Boodalo | Agente inmobiliario de Bali<\/title>\n<meta name=\"description\" content=\"Descubra las tierras arrendadas en Bali: su puerta de entrada a la propiedad tropical. Explore opciones asequibles de terrenos en arrendamiento, perfectas para inversi\u00f3n o uso personal en el para\u00edso de Bali.\" \/>\n<meta name=\"robots\" content=\"index, follow, max-snippet:-1, max-image-preview:large, max-video-preview:-1\" \/>\n<link rel=\"canonical\" href=\"https:\/\/boodalo.com\/es\/tierras-arrendadas-en-bali\/\" \/>\n<meta property=\"og:locale\" content=\"es_ES\" \/>\n<meta property=\"og:type\" content=\"article\" \/>\n<meta property=\"og:title\" content=\"Tierras arrendadas en Bali - Boodalo | Agente inmobiliario de Bali\" \/>\n<meta property=\"og:description\" content=\"Descubra las tierras arrendadas en Bali: su puerta de entrada a la propiedad tropical. Explore opciones asequibles de terrenos en arrendamiento, perfectas para inversi\u00f3n o uso personal en el para\u00edso de Bali.\" \/>\n<meta property=\"og:url\" content=\"https:\/\/boodalo.com\/es\/tierras-arrendadas-en-bali\/\" \/>\n<meta property=\"og:site_name\" content=\"Boodalo\" \/>\n<meta property=\"article:modified_time\" content=\"2023-10-26T04:39:37+00:00\" \/>\n<meta property=\"og:image\" content=\"https:\/\/boodalo.com\/wp-content\/uploads\/2022\/05\/Home-Boodalo.jpg\" \/>\n\t<meta property=\"og:image:width\" content=\"1440\" \/>\n\t<meta property=\"og:image:height\" content=\"960\" \/>\n\t<meta property=\"og:image:type\" content=\"image\/jpeg\" \/>\n<meta name=\"twitter:card\" content=\"summary_large_image\" \/>\n<meta name=\"twitter:label1\" content=\"Tiempo de lectura\" \/>\n\t<meta name=\"twitter:data1\" content=\"3 minutos\" \/>\n<script type=\"application\/ld+json\" class=\"yoast-schema-graph\">{\"@context\":\"https:\/\/schema.org\",\"@graph\":[{\"@type\":\"WebPage\",\"@id\":\"https:\/\/boodalo.com\/es\/tierras-arrendadas-en-bali\/\",\"url\":\"https:\/\/boodalo.com\/es\/tierras-arrendadas-en-bali\/\",\"name\":\"Tierras arrendadas en Bali - Boodalo | Agente inmobiliario de Bali\",\"isPartOf\":{\"@id\":\"https:\/\/boodalo.com\/es\/#website\"},\"primaryImageOfPage\":{\"@id\":\"https:\/\/boodalo.com\/es\/tierras-arrendadas-en-bali\/#primaryimage\"},\"image\":{\"@id\":\"https:\/\/boodalo.com\/es\/tierras-arrendadas-en-bali\/#primaryimage\"},\"thumbnailUrl\":\"https:\/\/boodalo.com\/wp-content\/uploads\/2022\/05\/Home-Boodalo.jpg\",\"datePublished\":\"2023-10-08T05:41:00+00:00\",\"dateModified\":\"2023-10-26T04:39:37+00:00\",\"description\":\"Descubra las tierras arrendadas en Bali: su puerta de entrada a la propiedad tropical. Explore opciones asequibles de terrenos en arrendamiento, perfectas para inversi\u00f3n o uso personal en el para\u00edso de Bali.\",\"breadcrumb\":{\"@id\":\"https:\/\/boodalo.com\/es\/tierras-arrendadas-en-bali\/#breadcrumb\"},\"inLanguage\":\"es\",\"potentialAction\":[{\"@type\":\"ReadAction\",\"target\":[\"https:\/\/boodalo.com\/es\/tierras-arrendadas-en-bali\/\"]}]},{\"@type\":\"ImageObject\",\"inLanguage\":\"es\",\"@id\":\"https:\/\/boodalo.com\/es\/tierras-arrendadas-en-bali\/#primaryimage\",\"url\":\"https:\/\/boodalo.com\/wp-content\/uploads\/2022\/05\/Home-Boodalo.jpg\",\"contentUrl\":\"https:\/\/boodalo.com\/wp-content\/uploads\/2022\/05\/Home-Boodalo.jpg\",\"width\":1440,\"height\":960},{\"@type\":\"BreadcrumbList\",\"@id\":\"https:\/\/boodalo.com\/es\/tierras-arrendadas-en-bali\/#breadcrumb\",\"itemListElement\":[{\"@type\":\"ListItem\",\"position\":1,\"name\":\"Home\",\"item\":\"https:\/\/boodalo.com\/es\/\"},{\"@type\":\"ListItem\",\"position\":2,\"name\":\"Tierras arrendadas en Bali\"}]},{\"@type\":\"WebSite\",\"@id\":\"https:\/\/boodalo.com\/es\/#website\",\"url\":\"https:\/\/boodalo.com\/es\/\",\"name\":\"Boodalo\",\"description\":\"Indonesia Real Estate portal Website\",\"publisher\":{\"@id\":\"https:\/\/boodalo.com\/es\/#organization\"},\"potentialAction\":[{\"@type\":\"SearchAction\",\"target\":{\"@type\":\"EntryPoint\",\"urlTemplate\":\"https:\/\/boodalo.com\/es\/?s={search_term_string}\"},\"query-input\":{\"@type\":\"PropertyValueSpecification\",\"valueRequired\":true,\"valueName\":\"search_term_string\"}}],\"inLanguage\":\"es\"},{\"@type\":\"Organization\",\"@id\":\"https:\/\/boodalo.com\/es\/#organization\",\"name\":\"Boodalo\",\"url\":\"https:\/\/boodalo.com\/es\/\",\"logo\":{\"@type\":\"ImageObject\",\"inLanguage\":\"es\",\"@id\":\"https:\/\/boodalo.com\/es\/#\/schema\/logo\/image\/\",\"url\":\"https:\/\/boodalo.com\/wp-content\/uploads\/2022\/05\/Boodalo-Logo.png\",\"contentUrl\":\"https:\/\/boodalo.com\/wp-content\/uploads\/2022\/05\/Boodalo-Logo.png\",\"width\":171,\"height\":64,\"caption\":\"Boodalo\"},\"image\":{\"@id\":\"https:\/\/boodalo.com\/es\/#\/schema\/logo\/image\/\"}}]}<\/script>\n<!-- \/ Yoast SEO plugin. -->","yoast_head_json":{"title":"Tierras arrendadas en Bali - Boodalo | Agente inmobiliario de Bali","description":"Descubra las tierras arrendadas en Bali: su puerta de entrada a la propiedad tropical. Explore opciones asequibles de terrenos en arrendamiento, perfectas para inversi\u00f3n o uso personal en el para\u00edso de Bali.","robots":{"index":"index","follow":"follow","max-snippet":"max-snippet:-1","max-image-preview":"max-image-preview:large","max-video-preview":"max-video-preview:-1"},"canonical":"https:\/\/boodalo.com\/es\/tierras-arrendadas-en-bali\/","og_locale":"es_ES","og_type":"article","og_title":"Tierras arrendadas en Bali - Boodalo | Agente inmobiliario de Bali","og_description":"Descubra las tierras arrendadas en Bali: su puerta de entrada a la propiedad tropical. Explore opciones asequibles de terrenos en arrendamiento, perfectas para inversi\u00f3n o uso personal en el para\u00edso de Bali.","og_url":"https:\/\/boodalo.com\/es\/tierras-arrendadas-en-bali\/","og_site_name":"Boodalo","article_modified_time":"2023-10-26T04:39:37+00:00","og_image":[{"width":1440,"height":960,"url":"https:\/\/boodalo.com\/wp-content\/uploads\/2022\/05\/Home-Boodalo.jpg","type":"image\/jpeg"}],"twitter_card":"summary_large_image","twitter_misc":{"Tiempo de lectura":"3 minutos"},"schema":{"@context":"https:\/\/schema.org","@graph":[{"@type":"WebPage","@id":"https:\/\/boodalo.com\/es\/tierras-arrendadas-en-bali\/","url":"https:\/\/boodalo.com\/es\/tierras-arrendadas-en-bali\/","name":"Tierras arrendadas en Bali - Boodalo | Agente inmobiliario de Bali","isPartOf":{"@id":"https:\/\/boodalo.com\/es\/#website"},"primaryImageOfPage":{"@id":"https:\/\/boodalo.com\/es\/tierras-arrendadas-en-bali\/#primaryimage"},"image":{"@id":"https:\/\/boodalo.com\/es\/tierras-arrendadas-en-bali\/#primaryimage"},"thumbnailUrl":"https:\/\/boodalo.com\/wp-content\/uploads\/2022\/05\/Home-Boodalo.jpg","datePublished":"2023-10-08T05:41:00+00:00","dateModified":"2023-10-26T04:39:37+00:00","description":"Descubra las tierras arrendadas en Bali: su puerta de entrada a la propiedad tropical. Explore opciones asequibles de terrenos en arrendamiento, perfectas para inversi\u00f3n o uso personal en el para\u00edso de Bali.","breadcrumb":{"@id":"https:\/\/boodalo.com\/es\/tierras-arrendadas-en-bali\/#breadcrumb"},"inLanguage":"es","potentialAction":[{"@type":"ReadAction","target":["https:\/\/boodalo.com\/es\/tierras-arrendadas-en-bali\/"]}]},{"@type":"ImageObject","inLanguage":"es","@id":"https:\/\/boodalo.com\/es\/tierras-arrendadas-en-bali\/#primaryimage","url":"https:\/\/boodalo.com\/wp-content\/uploads\/2022\/05\/Home-Boodalo.jpg","contentUrl":"https:\/\/boodalo.com\/wp-content\/uploads\/2022\/05\/Home-Boodalo.jpg","width":1440,"height":960},{"@type":"BreadcrumbList","@id":"https:\/\/boodalo.com\/es\/tierras-arrendadas-en-bali\/#breadcrumb","itemListElement":[{"@type":"ListItem","position":1,"name":"Home","item":"https:\/\/boodalo.com\/es\/"},{"@type":"ListItem","position":2,"name":"Tierras arrendadas en Bali"}]},{"@type":"WebSite","@id":"https:\/\/boodalo.com\/es\/#website","url":"https:\/\/boodalo.com\/es\/","name":"Boodalo","description":"Indonesia Real Estate portal Website","publisher":{"@id":"https:\/\/boodalo.com\/es\/#organization"},"potentialAction":[{"@type":"SearchAction","target":{"@type":"EntryPoint","urlTemplate":"https:\/\/boodalo.com\/es\/?s={search_term_string}"},"query-input":{"@type":"PropertyValueSpecification","valueRequired":true,"valueName":"search_term_string"}}],"inLanguage":"es"},{"@type":"Organization","@id":"https:\/\/boodalo.com\/es\/#organization","name":"Boodalo","url":"https:\/\/boodalo.com\/es\/","logo":{"@type":"ImageObject","inLanguage":"es","@id":"https:\/\/boodalo.com\/es\/#\/schema\/logo\/image\/","url":"https:\/\/boodalo.com\/wp-content\/uploads\/2022\/05\/Boodalo-Logo.png","contentUrl":"https:\/\/boodalo.com\/wp-content\/uploads\/2022\/05\/Boodalo-Logo.png","width":171,"height":64,"caption":"Boodalo"},"image":{"@id":"https:\/\/boodalo.com\/es\/#\/schema\/logo\/image\/"}}]}},"_links":{"self":[{"href":"https:\/\/boodalo.com\/es\/wp-json\/wp\/v2\/pages\/26150","targetHints":{"allow":["GET"]}}],"collection":[{"href":"https:\/\/boodalo.com\/es\/wp-json\/wp\/v2\/pages"}],"about":[{"href":"https:\/\/boodalo.com\/es\/wp-json\/wp\/v2\/types\/page"}],"author":[{"embeddable":true,"href":"https:\/\/boodalo.com\/es\/wp-json\/wp\/v2\/users\/8"}],"replies":[{"embeddable":true,"href":"https:\/\/boodalo.com\/es\/wp-json\/wp\/v2\/comments?post=26150"}],"version-history":[{"count":10,"href":"https:\/\/boodalo.com\/es\/wp-json\/wp\/v2\/pages\/26150\/revisions"}],"predecessor-version":[{"id":27883,"href":"https:\/\/boodalo.com\/es\/wp-json\/wp\/v2\/pages\/26150\/revisions\/27883"}],"wp:featuredmedia":[{"embeddable":true,"href":"https:\/\/boodalo.com\/es\/wp-json\/wp\/v2\/media\/21324"}],"wp:attachment":[{"href":"https:\/\/boodalo.com\/es\/wp-json\/wp\/v2\/media?parent=26150"}],"curies":[{"name":"wp","href":"https:\/\/api.w.org\/{rel}","templated":true}]}}