{"id":26083,"date":"2023-10-08T12:34:04","date_gmt":"2023-10-08T04:34:04","guid":{"rendered":"https:\/\/boodalo.com\/bali-property-sales\/"},"modified":"2023-10-21T21:33:40","modified_gmt":"2023-10-21T13:33:40","slug":"ventas-de-propiedades-en-bali","status":"publish","type":"page","link":"https:\/\/boodalo.com\/es\/ventas-de-propiedades-en-bali\/","title":{"rendered":"Ventas de propiedades en Bali"},"content":{"rendered":"\t\t<div data-elementor-type=\"wp-page\" data-elementor-id=\"26083\" class=\"elementor elementor-26083 elementor-26056\">\n\t\t\t\t\t\t\t\t\t<section class=\"elementor-section elementor-top-section elementor-element elementor-element-700fd37 elementor-section-boxed elementor-section-height-default elementor-section-height-default\" data-id=\"700fd37\" data-element_type=\"section\">\n\t\t\t\t\t\t<div class=\"elementor-container elementor-column-gap-default\">\n\t\t\t\t\t<div class=\"elementor-column elementor-col-100 elementor-top-column elementor-element elementor-element-fb7e9ef\" data-id=\"fb7e9ef\" data-element_type=\"column\">\n\t\t\t<div class=\"elementor-widget-wrap elementor-element-populated\">\n\t\t\t\t\t\t\t\t<div class=\"elementor-element elementor-element-3b06ecd elementor-widget elementor-widget-heading\" data-id=\"3b06ecd\" data-element_type=\"widget\" data-widget_type=\"heading.default\">\n\t\t\t\t<div class=\"elementor-widget-container\">\n\t\t\t<h2 class=\"elementor-heading-title elementor-size-default\">Ventas de propiedades en Bali: su puerta de entrada a la excelencia inmobiliaria<\/h2>\t\t<\/div>\n\t\t\t\t<\/div>\n\t\t\t\t<div class=\"elementor-element elementor-element-a0a0dd6 elementor-widget elementor-widget-text-editor\" data-id=\"a0a0dd6\" data-element_type=\"widget\" data-widget_type=\"text-editor.default\">\n\t\t\t\t<div class=\"elementor-widget-container\">\n\t\t\t\t\t\t\tSi sue\u00f1as con ser due\u00f1o de un pedazo de para\u00edso en <a href=\"https:\/\/en.wikipedia.org\/wiki\/Bali\" target=\"_blank\" rel=\"noopener\">Bali<\/a>, tu viaje comienza con <a href=\"https:\/\/boodalo.com\/es\/ventas-de-propiedades-en-bali\/\">ventas de propiedades en Bali<\/a>. Somos su principal agencia inmobiliaria en Bali, dedicada a ayudarle a encontrar la propiedad perfecta para comprar en Bali. Con una amplia gama de propiedades en venta en Bali, ofrecemos diversas opciones para satisfacer sus necesidades.\n\nEn Bali Property Sales, entendemos que ser propietario de una propiedad en Bali no es s\u00f3lo una transacci\u00f3n; es un sue\u00f1o de toda la vida. Es por eso que estamos comprometidos a hacer que su viaje inmobiliario sea lo m\u00e1s fluido posible. Ya sea que est\u00e9 buscando una villa tranquila, un para\u00edso frente al mar o un apartamento acogedor, tenemos la propiedad en Bali que se adapta a su visi\u00f3n.\n\nNuestro equipo de profesionales experimentados est\u00e1 aqu\u00ed para guiarlo a trav\u00e9s de todo el proceso. Estamos orgullosos de ser algo m\u00e1s que una <a href=\"https:\/\/boodalo.com\/es\/\">agencia inmobiliaria de Bali<\/a>; Somos sus socios para hacer realidad sus sue\u00f1os inmobiliarios. Desde encontrar la propiedad ideal en venta en Bali hasta gestionar todo el papeleo necesario, lo tenemos cubierto.\n<h3>\u00bfPor qu\u00e9 elegir Bali Property Sales?<\/h3>\n<ul>\n \t<li>Amplia cartera: nuestros listados presentan una amplia gama de propiedades en venta en Bali, lo que garantiza que tenga muchas opciones para elegir.<\/li>\n \t<li>Experiencia local: con a\u00f1os de experiencia en el mercado inmobiliario de Bali, tenemos un conocimiento profundo de las \u00e1reas locales, lo que garantiza que usted tome una decisi\u00f3n informada.<\/li>\n \t<li>Servicio personalizado: entendemos que cada comprador tiene requisitos \u00fanicos. Nuestro dedicado equipo escucha sus necesidades y le ofrece la propiedad perfecta en Bali para comprar.<\/li>\n \t<li>Proceso sin complicaciones: Nos encargamos de todos los tr\u00e1mites y tr\u00e1mites legales, haciendo que la compra de su propiedad en Bali sea una experiencia sin estr\u00e9s.<\/li>\n<\/ul>\nBali Property Sales no se trata s\u00f3lo de transacciones; se trata de construir relaciones y cumplir sue\u00f1os. Ya sea que est\u00e9 buscando una propiedad en Bali para la venta como inversi\u00f3n, casa de vacaciones o residencia permanente, tenemos la experiencia y los listados para ayudarlo a encontrar su pedazo de para\u00edso.\n\nNo pierda la oportunidad de poseer una parte de la encantadora belleza de Bali. P\u00f3ngase en contacto con Bali Property Sales hoy y comencemos su viaje hacia la propiedad inmobiliaria en Bali. La propiedad de tus sue\u00f1os est\u00e1 a s\u00f3lo un clic de distancia.\t\t\t\t\t\t<\/div>\n\t\t\t\t<\/div>\n\t\t\t\t\t<\/div>\n\t\t<\/div>\n\t\t\t\t\t\t\t<\/div>\n\t\t<\/section>\n\t\t\t\t\t\t\t<\/div>\n\t\t","protected":false},"excerpt":{"rendered":"<p>Ventas de propiedades en Bali: su puerta de entrada a la excelencia inmobiliaria Si sue\u00f1as con ser due\u00f1o de un pedazo de para\u00edso en Bali, tu viaje comienza con ventas de propiedades en Bali. Somos su principal agencia inmobiliaria en Bali, dedicada a ayudarle a encontrar la propiedad perfecta para comprar en Bali. Con una&#8230;<\/p>\n","protected":false},"author":8,"featured_media":21324,"parent":0,"menu_order":0,"comment_status":"closed","ping_status":"closed","template":"templates\/grid-layout-full-width.php","meta":{"_monsterinsights_skip_tracking":false,"_monsterinsights_sitenote_active":false,"_monsterinsights_sitenote_note":"","_monsterinsights_sitenote_category":0,"footnotes":""},"class_list":["post-26083","page","type-page","status-publish","has-post-thumbnail","hentry"],"yoast_head":"<!-- This site is optimized with the Yoast SEO plugin v25.5 - https:\/\/yoast.com\/wordpress\/plugins\/seo\/ -->\n<title>Ventas de propiedades en Bali - Boodalo<\/title>\n<meta name=\"description\" content=\"Descubra las mejores ventas de propiedades en Bali: su puerta de entrada al para\u00edso. Explore una variedad de propiedades exquisitas en la impresionante isla de Bali. \u00a1Encuentra la casa de tus sue\u00f1os hoy!\" \/>\n<meta name=\"robots\" content=\"index, follow, max-snippet:-1, max-image-preview:large, max-video-preview:-1\" \/>\n<link rel=\"canonical\" href=\"https:\/\/boodalo.com\/es\/ventas-de-propiedades-en-bali\/\" \/>\n<meta property=\"og:locale\" content=\"es_ES\" \/>\n<meta property=\"og:type\" content=\"article\" \/>\n<meta property=\"og:title\" content=\"Ventas de propiedades en Bali - Boodalo\" \/>\n<meta property=\"og:description\" content=\"Descubra las mejores ventas de propiedades en Bali: su puerta de entrada al para\u00edso. Explore una variedad de propiedades exquisitas en la impresionante isla de Bali. \u00a1Encuentra la casa de tus sue\u00f1os hoy!\" \/>\n<meta property=\"og:url\" content=\"https:\/\/boodalo.com\/es\/ventas-de-propiedades-en-bali\/\" \/>\n<meta property=\"og:site_name\" content=\"Boodalo\" \/>\n<meta property=\"article:modified_time\" content=\"2023-10-21T13:33:40+00:00\" \/>\n<meta property=\"og:image\" content=\"https:\/\/boodalo.com\/wp-content\/uploads\/2022\/05\/Home-Boodalo.jpg\" \/>\n\t<meta property=\"og:image:width\" content=\"1440\" \/>\n\t<meta property=\"og:image:height\" content=\"960\" \/>\n\t<meta property=\"og:image:type\" content=\"image\/jpeg\" \/>\n<meta name=\"twitter:card\" content=\"summary_large_image\" \/>\n<meta name=\"twitter:label1\" content=\"Tiempo de lectura\" \/>\n\t<meta name=\"twitter:data1\" content=\"2 minutos\" \/>\n<script type=\"application\/ld+json\" class=\"yoast-schema-graph\">{\"@context\":\"https:\/\/schema.org\",\"@graph\":[{\"@type\":\"WebPage\",\"@id\":\"https:\/\/boodalo.com\/es\/ventas-de-propiedades-en-bali\/\",\"url\":\"https:\/\/boodalo.com\/es\/ventas-de-propiedades-en-bali\/\",\"name\":\"Ventas de propiedades en Bali - Boodalo\",\"isPartOf\":{\"@id\":\"https:\/\/boodalo.com\/es\/#website\"},\"primaryImageOfPage\":{\"@id\":\"https:\/\/boodalo.com\/es\/ventas-de-propiedades-en-bali\/#primaryimage\"},\"image\":{\"@id\":\"https:\/\/boodalo.com\/es\/ventas-de-propiedades-en-bali\/#primaryimage\"},\"thumbnailUrl\":\"https:\/\/boodalo.com\/wp-content\/uploads\/2022\/05\/Home-Boodalo.jpg\",\"datePublished\":\"2023-10-08T04:34:04+00:00\",\"dateModified\":\"2023-10-21T13:33:40+00:00\",\"description\":\"Descubra las mejores ventas de propiedades en Bali: su puerta de entrada al para\u00edso. Explore una variedad de propiedades exquisitas en la impresionante isla de Bali. \u00a1Encuentra la casa de tus sue\u00f1os hoy!\",\"breadcrumb\":{\"@id\":\"https:\/\/boodalo.com\/es\/ventas-de-propiedades-en-bali\/#breadcrumb\"},\"inLanguage\":\"es\",\"potentialAction\":[{\"@type\":\"ReadAction\",\"target\":[\"https:\/\/boodalo.com\/es\/ventas-de-propiedades-en-bali\/\"]}]},{\"@type\":\"ImageObject\",\"inLanguage\":\"es\",\"@id\":\"https:\/\/boodalo.com\/es\/ventas-de-propiedades-en-bali\/#primaryimage\",\"url\":\"https:\/\/boodalo.com\/wp-content\/uploads\/2022\/05\/Home-Boodalo.jpg\",\"contentUrl\":\"https:\/\/boodalo.com\/wp-content\/uploads\/2022\/05\/Home-Boodalo.jpg\",\"width\":1440,\"height\":960},{\"@type\":\"BreadcrumbList\",\"@id\":\"https:\/\/boodalo.com\/es\/ventas-de-propiedades-en-bali\/#breadcrumb\",\"itemListElement\":[{\"@type\":\"ListItem\",\"position\":1,\"name\":\"Home\",\"item\":\"https:\/\/boodalo.com\/es\/\"},{\"@type\":\"ListItem\",\"position\":2,\"name\":\"Ventas de propiedades en Bali\"}]},{\"@type\":\"WebSite\",\"@id\":\"https:\/\/boodalo.com\/es\/#website\",\"url\":\"https:\/\/boodalo.com\/es\/\",\"name\":\"Boodalo\",\"description\":\"Indonesia Real Estate portal Website\",\"publisher\":{\"@id\":\"https:\/\/boodalo.com\/es\/#organization\"},\"potentialAction\":[{\"@type\":\"SearchAction\",\"target\":{\"@type\":\"EntryPoint\",\"urlTemplate\":\"https:\/\/boodalo.com\/es\/?s={search_term_string}\"},\"query-input\":{\"@type\":\"PropertyValueSpecification\",\"valueRequired\":true,\"valueName\":\"search_term_string\"}}],\"inLanguage\":\"es\"},{\"@type\":\"Organization\",\"@id\":\"https:\/\/boodalo.com\/es\/#organization\",\"name\":\"Boodalo\",\"url\":\"https:\/\/boodalo.com\/es\/\",\"logo\":{\"@type\":\"ImageObject\",\"inLanguage\":\"es\",\"@id\":\"https:\/\/boodalo.com\/es\/#\/schema\/logo\/image\/\",\"url\":\"https:\/\/boodalo.com\/wp-content\/uploads\/2022\/05\/Boodalo-Logo.png\",\"contentUrl\":\"https:\/\/boodalo.com\/wp-content\/uploads\/2022\/05\/Boodalo-Logo.png\",\"width\":171,\"height\":64,\"caption\":\"Boodalo\"},\"image\":{\"@id\":\"https:\/\/boodalo.com\/es\/#\/schema\/logo\/image\/\"}}]}<\/script>\n<!-- \/ Yoast SEO plugin. -->","yoast_head_json":{"title":"Ventas de propiedades en Bali - Boodalo","description":"Descubra las mejores ventas de propiedades en Bali: su puerta de entrada al para\u00edso. Explore una variedad de propiedades exquisitas en la impresionante isla de Bali. \u00a1Encuentra la casa de tus sue\u00f1os hoy!","robots":{"index":"index","follow":"follow","max-snippet":"max-snippet:-1","max-image-preview":"max-image-preview:large","max-video-preview":"max-video-preview:-1"},"canonical":"https:\/\/boodalo.com\/es\/ventas-de-propiedades-en-bali\/","og_locale":"es_ES","og_type":"article","og_title":"Ventas de propiedades en Bali - Boodalo","og_description":"Descubra las mejores ventas de propiedades en Bali: su puerta de entrada al para\u00edso. Explore una variedad de propiedades exquisitas en la impresionante isla de Bali. \u00a1Encuentra la casa de tus sue\u00f1os hoy!","og_url":"https:\/\/boodalo.com\/es\/ventas-de-propiedades-en-bali\/","og_site_name":"Boodalo","article_modified_time":"2023-10-21T13:33:40+00:00","og_image":[{"width":1440,"height":960,"url":"https:\/\/boodalo.com\/wp-content\/uploads\/2022\/05\/Home-Boodalo.jpg","type":"image\/jpeg"}],"twitter_card":"summary_large_image","twitter_misc":{"Tiempo de lectura":"2 minutos"},"schema":{"@context":"https:\/\/schema.org","@graph":[{"@type":"WebPage","@id":"https:\/\/boodalo.com\/es\/ventas-de-propiedades-en-bali\/","url":"https:\/\/boodalo.com\/es\/ventas-de-propiedades-en-bali\/","name":"Ventas de propiedades en Bali - Boodalo","isPartOf":{"@id":"https:\/\/boodalo.com\/es\/#website"},"primaryImageOfPage":{"@id":"https:\/\/boodalo.com\/es\/ventas-de-propiedades-en-bali\/#primaryimage"},"image":{"@id":"https:\/\/boodalo.com\/es\/ventas-de-propiedades-en-bali\/#primaryimage"},"thumbnailUrl":"https:\/\/boodalo.com\/wp-content\/uploads\/2022\/05\/Home-Boodalo.jpg","datePublished":"2023-10-08T04:34:04+00:00","dateModified":"2023-10-21T13:33:40+00:00","description":"Descubra las mejores ventas de propiedades en Bali: su puerta de entrada al para\u00edso. Explore una variedad de propiedades exquisitas en la impresionante isla de Bali. \u00a1Encuentra la casa de tus sue\u00f1os hoy!","breadcrumb":{"@id":"https:\/\/boodalo.com\/es\/ventas-de-propiedades-en-bali\/#breadcrumb"},"inLanguage":"es","potentialAction":[{"@type":"ReadAction","target":["https:\/\/boodalo.com\/es\/ventas-de-propiedades-en-bali\/"]}]},{"@type":"ImageObject","inLanguage":"es","@id":"https:\/\/boodalo.com\/es\/ventas-de-propiedades-en-bali\/#primaryimage","url":"https:\/\/boodalo.com\/wp-content\/uploads\/2022\/05\/Home-Boodalo.jpg","contentUrl":"https:\/\/boodalo.com\/wp-content\/uploads\/2022\/05\/Home-Boodalo.jpg","width":1440,"height":960},{"@type":"BreadcrumbList","@id":"https:\/\/boodalo.com\/es\/ventas-de-propiedades-en-bali\/#breadcrumb","itemListElement":[{"@type":"ListItem","position":1,"name":"Home","item":"https:\/\/boodalo.com\/es\/"},{"@type":"ListItem","position":2,"name":"Ventas de propiedades en Bali"}]},{"@type":"WebSite","@id":"https:\/\/boodalo.com\/es\/#website","url":"https:\/\/boodalo.com\/es\/","name":"Boodalo","description":"Indonesia Real Estate portal Website","publisher":{"@id":"https:\/\/boodalo.com\/es\/#organization"},"potentialAction":[{"@type":"SearchAction","target":{"@type":"EntryPoint","urlTemplate":"https:\/\/boodalo.com\/es\/?s={search_term_string}"},"query-input":{"@type":"PropertyValueSpecification","valueRequired":true,"valueName":"search_term_string"}}],"inLanguage":"es"},{"@type":"Organization","@id":"https:\/\/boodalo.com\/es\/#organization","name":"Boodalo","url":"https:\/\/boodalo.com\/es\/","logo":{"@type":"ImageObject","inLanguage":"es","@id":"https:\/\/boodalo.com\/es\/#\/schema\/logo\/image\/","url":"https:\/\/boodalo.com\/wp-content\/uploads\/2022\/05\/Boodalo-Logo.png","contentUrl":"https:\/\/boodalo.com\/wp-content\/uploads\/2022\/05\/Boodalo-Logo.png","width":171,"height":64,"caption":"Boodalo"},"image":{"@id":"https:\/\/boodalo.com\/es\/#\/schema\/logo\/image\/"}}]}},"_links":{"self":[{"href":"https:\/\/boodalo.com\/es\/wp-json\/wp\/v2\/pages\/26083","targetHints":{"allow":["GET"]}}],"collection":[{"href":"https:\/\/boodalo.com\/es\/wp-json\/wp\/v2\/pages"}],"about":[{"href":"https:\/\/boodalo.com\/es\/wp-json\/wp\/v2\/types\/page"}],"author":[{"embeddable":true,"href":"https:\/\/boodalo.com\/es\/wp-json\/wp\/v2\/users\/8"}],"replies":[{"embeddable":true,"href":"https:\/\/boodalo.com\/es\/wp-json\/wp\/v2\/comments?post=26083"}],"version-history":[{"count":5,"href":"https:\/\/boodalo.com\/es\/wp-json\/wp\/v2\/pages\/26083\/revisions"}],"predecessor-version":[{"id":27510,"href":"https:\/\/boodalo.com\/es\/wp-json\/wp\/v2\/pages\/26083\/revisions\/27510"}],"wp:featuredmedia":[{"embeddable":true,"href":"https:\/\/boodalo.com\/es\/wp-json\/wp\/v2\/media\/21324"}],"wp:attachment":[{"href":"https:\/\/boodalo.com\/es\/wp-json\/wp\/v2\/media?parent=26083"}],"curies":[{"name":"wp","href":"https:\/\/api.w.org\/{rel}","templated":true}]}}