{"id":25907,"date":"2023-10-07T15:15:51","date_gmt":"2023-10-07T07:15:51","guid":{"rendered":"https:\/\/boodalo.com\/bali-house-for-rent\/"},"modified":"2023-10-26T16:58:24","modified_gmt":"2023-10-26T08:58:24","slug":"se-alquila-casa-en-bali","status":"publish","type":"page","link":"https:\/\/boodalo.com\/es\/se-alquila-casa-en-bali\/","title":{"rendered":"Se alquila casa en Bali"},"content":{"rendered":"\t\t<div data-elementor-type=\"wp-page\" data-elementor-id=\"25907\" class=\"elementor elementor-25907 elementor-25900\">\n\t\t\t\t\t\t\t\t\t<section class=\"elementor-section elementor-top-section elementor-element elementor-element-8cefcb7 elementor-section-boxed elementor-section-height-default elementor-section-height-default\" data-id=\"8cefcb7\" data-element_type=\"section\">\n\t\t\t\t\t\t<div class=\"elementor-container elementor-column-gap-default\">\n\t\t\t\t\t<div class=\"elementor-column elementor-col-100 elementor-top-column elementor-element elementor-element-c910456\" data-id=\"c910456\" data-element_type=\"column\">\n\t\t\t<div class=\"elementor-widget-wrap elementor-element-populated\">\n\t\t\t\t\t\t\t\t<div class=\"elementor-element elementor-element-f35744c elementor-widget elementor-widget-heading\" data-id=\"f35744c\" data-element_type=\"widget\" data-widget_type=\"heading.default\">\n\t\t\t\t<div class=\"elementor-widget-container\">\n\t\t\t<h2 class=\"elementor-heading-title elementor-size-default\">Alquiler de casa en Bali: su gu\u00eda definitiva para alquileres a largo plazo<\/h2>\t\t<\/div>\n\t\t\t\t<\/div>\n\t\t\t\t<div class=\"elementor-element elementor-element-199a58c elementor-widget elementor-widget-text-editor\" data-id=\"199a58c\" data-element_type=\"widget\" data-widget_type=\"text-editor.default\">\n\t\t\t\t<div class=\"elementor-widget-container\">\n\t\t\t\t\t\t\t<p>Si sue\u00f1as con vivir en el para\u00edso o necesitas una estancia prolongada en <a href=\"https:\/\/en.wikipedia.org\/wiki\/Bali\" target=\"_blank\" rel=\"noopener\">Bali<\/a>, has venido al lugar correcto. Bali ofrece una incre\u00edble variedad de propiedades de alquiler para que su estad\u00eda sea realmente especial. Desde serenas casas frente a la playa hasta acogedoras villas ubicadas en una exuberante vegetaci\u00f3n, encontrar la casa en alquiler perfecta en Bali es m\u00e1s f\u00e1cil de lo que piensa.<\/p><h3><strong>Alquiler de casa en Bali a largo plazo<\/strong><\/h3><p>Cuando se trata de alquileres a largo plazo, Bali tiene mucho que ofrecer. Vivir en Bali le permite sumergirse en su vibrante cultura, sus impresionantes paisajes y su acogedora comunidad. Ya sea que est\u00e9 buscando un retiro tranquilo para trabajar de forma remota o una aventura emocionante llena de exploraci\u00f3n, una casa de alquiler a largo plazo en Bali es la opci\u00f3n ideal.<\/p><h3><strong>Encontrar su casa de alquiler en Bali<\/strong><\/h3><p>Al buscar la casa de alquiler perfecta en Bali, es esencial tener en cuenta sus necesidades espec\u00edficas. Desde opciones econ\u00f3micas hasta alojamientos de lujo, hay algo para todos los gustos.<\/p><h3><strong>Casa en alquiler en Bali cerca de la playa<\/strong><\/h3><p>Para aquellos que no se cansan del oc\u00e9ano, una <a href=\"https:\/\/boodalo.com\/es\/se-alquila-casa-en-bali\/\">casa en alquiler en Bali<\/a> cerca de la playa es un sue\u00f1o. Hacerse realidad. Imag\u00ednese despertarse con el sonido de las olas y tomar su caf\u00e9 matutino con una vista incre\u00edble. Los alquileres frente a la playa de Bali ofrecen la combinaci\u00f3n perfecta de lujo y tranquilidad.<\/p><h3><strong>Alquiler de casa en Bali con piscina privada<\/strong><\/h3><p>Para disfrutar al m\u00e1ximo del clima tropical de Bali, considere alquilar una casa con piscina privada. Sum\u00e9rgete cuando quieras, rel\u00e1jate nadando al atardecer o rel\u00e1jate junto a la piscina con un c\u00f3ctel en la mano. Los alquileres de casas en Bali con piscina privada son el ep\u00edtome de la vida tropical.<\/p><h3><strong>Alquiler Casa Bali en Ubud<\/strong><\/h3><p>Ubud, conocido como el coraz\u00f3n cultural de Bali, ofrece una experiencia \u00fanica para inquilinos a largo plazo. Alquilar una casa en Ubud le permite explorar el patrimonio art\u00edstico de la ciudad, visitar templos antiguos y apreciar los exuberantes campos de arroz en terrazas.<\/p><h3><strong>Casa en Bali en alquiler con un presupuesto<\/strong><\/h3><p>Para los viajeros preocupados por su presupuesto, existen numerosas casas de alquiler asequibles en Bali disponibles. No es necesario gastar mucho dinero para experimentar la belleza y la hospitalidad de Bali. Estas opciones econ\u00f3micas le permiten ahorrar fondos para explorar la isla.<\/p><h3><strong>Alquiler de casa en Bali: resumen<\/strong><\/h3><p>Tu aventura a largo plazo en Bali te espera. Desde lujo frente al mar hasta opciones econ\u00f3micas, las casas de alquiler en Bali se adaptan a todas las preferencias. Entonces, \u00bfpor qu\u00e9 esperar? Comience su experiencia en Bali hoy encontrando la casa de alquiler perfecta en Bali que se adapte a sus sue\u00f1os y presupuesto. Bali est\u00e1 lista para recibirte con los brazos abiertos. Gracias por visitar <a href=\"https:\/\/boodalo.com\/es\/\">bienes ra\u00edces en Bali Indonesia<\/a><\/p>\t\t\t\t\t\t<\/div>\n\t\t\t\t<\/div>\n\t\t\t\t\t<\/div>\n\t\t<\/div>\n\t\t\t\t\t\t\t<\/div>\n\t\t<\/section>\n\t\t\t\t\t\t\t<\/div>\n\t\t","protected":false},"excerpt":{"rendered":"<p>Alquiler de casa en Bali: su gu\u00eda definitiva para alquileres a largo plazo Si sue\u00f1as con vivir en el para\u00edso o necesitas una estancia prolongada en Bali, has venido al lugar correcto. Bali ofrece una incre\u00edble variedad de propiedades de alquiler para que su estad\u00eda sea realmente especial. Desde serenas casas frente a la playa&#8230;<\/p>\n","protected":false},"author":8,"featured_media":21324,"parent":0,"menu_order":0,"comment_status":"closed","ping_status":"closed","template":"templates\/grid-layout-full-width.php","meta":{"_monsterinsights_skip_tracking":false,"_monsterinsights_sitenote_active":false,"_monsterinsights_sitenote_note":"","_monsterinsights_sitenote_category":0,"footnotes":""},"class_list":["post-25907","page","type-page","status-publish","has-post-thumbnail","hentry"],"yoast_head":"<!-- This site is optimized with the Yoast SEO plugin v25.5 - https:\/\/yoast.com\/wordpress\/plugins\/seo\/ -->\n<title>Se alquila casa en Bali - Boodalo | Agente inmobiliario de Bali<\/title>\n<meta name=\"description\" content=\"Encuentre su casa de alquiler ideal en Bali: descubra alquileres a largo plazo en el para\u00edso. Desde lujo frente al mar hasta opciones econ\u00f3micas. Comience su experiencia en Bali hoy\" \/>\n<meta name=\"robots\" content=\"index, follow, max-snippet:-1, max-image-preview:large, max-video-preview:-1\" \/>\n<link rel=\"canonical\" href=\"https:\/\/boodalo.com\/es\/se-alquila-casa-en-bali\/\" \/>\n<meta property=\"og:locale\" content=\"es_ES\" \/>\n<meta property=\"og:type\" content=\"article\" \/>\n<meta property=\"og:title\" content=\"Se alquila casa en Bali - Boodalo | Agente inmobiliario de Bali\" \/>\n<meta property=\"og:description\" content=\"Encuentre su casa de alquiler ideal en Bali: descubra alquileres a largo plazo en el para\u00edso. Desde lujo frente al mar hasta opciones econ\u00f3micas. Comience su experiencia en Bali hoy\" \/>\n<meta property=\"og:url\" content=\"https:\/\/boodalo.com\/es\/se-alquila-casa-en-bali\/\" \/>\n<meta property=\"og:site_name\" content=\"Boodalo\" \/>\n<meta property=\"article:modified_time\" content=\"2023-10-26T08:58:24+00:00\" \/>\n<meta property=\"og:image\" content=\"https:\/\/boodalo.com\/wp-content\/uploads\/2022\/05\/Home-Boodalo.jpg\" \/>\n\t<meta property=\"og:image:width\" content=\"1440\" \/>\n\t<meta property=\"og:image:height\" content=\"960\" \/>\n\t<meta property=\"og:image:type\" content=\"image\/jpeg\" \/>\n<meta name=\"twitter:card\" content=\"summary_large_image\" \/>\n<meta name=\"twitter:label1\" content=\"Tiempo de lectura\" \/>\n\t<meta name=\"twitter:data1\" content=\"3 minutos\" \/>\n<script type=\"application\/ld+json\" class=\"yoast-schema-graph\">{\"@context\":\"https:\/\/schema.org\",\"@graph\":[{\"@type\":\"WebPage\",\"@id\":\"https:\/\/boodalo.com\/es\/se-alquila-casa-en-bali\/\",\"url\":\"https:\/\/boodalo.com\/es\/se-alquila-casa-en-bali\/\",\"name\":\"Se alquila casa en Bali - Boodalo | Agente inmobiliario de Bali\",\"isPartOf\":{\"@id\":\"https:\/\/boodalo.com\/es\/#website\"},\"primaryImageOfPage\":{\"@id\":\"https:\/\/boodalo.com\/es\/se-alquila-casa-en-bali\/#primaryimage\"},\"image\":{\"@id\":\"https:\/\/boodalo.com\/es\/se-alquila-casa-en-bali\/#primaryimage\"},\"thumbnailUrl\":\"https:\/\/boodalo.com\/wp-content\/uploads\/2022\/05\/Home-Boodalo.jpg\",\"datePublished\":\"2023-10-07T07:15:51+00:00\",\"dateModified\":\"2023-10-26T08:58:24+00:00\",\"description\":\"Encuentre su casa de alquiler ideal en Bali: descubra alquileres a largo plazo en el para\u00edso. Desde lujo frente al mar hasta opciones econ\u00f3micas. Comience su experiencia en Bali hoy\",\"breadcrumb\":{\"@id\":\"https:\/\/boodalo.com\/es\/se-alquila-casa-en-bali\/#breadcrumb\"},\"inLanguage\":\"es\",\"potentialAction\":[{\"@type\":\"ReadAction\",\"target\":[\"https:\/\/boodalo.com\/es\/se-alquila-casa-en-bali\/\"]}]},{\"@type\":\"ImageObject\",\"inLanguage\":\"es\",\"@id\":\"https:\/\/boodalo.com\/es\/se-alquila-casa-en-bali\/#primaryimage\",\"url\":\"https:\/\/boodalo.com\/wp-content\/uploads\/2022\/05\/Home-Boodalo.jpg\",\"contentUrl\":\"https:\/\/boodalo.com\/wp-content\/uploads\/2022\/05\/Home-Boodalo.jpg\",\"width\":1440,\"height\":960},{\"@type\":\"BreadcrumbList\",\"@id\":\"https:\/\/boodalo.com\/es\/se-alquila-casa-en-bali\/#breadcrumb\",\"itemListElement\":[{\"@type\":\"ListItem\",\"position\":1,\"name\":\"Home\",\"item\":\"https:\/\/boodalo.com\/es\/\"},{\"@type\":\"ListItem\",\"position\":2,\"name\":\"Se alquila casa en Bali\"}]},{\"@type\":\"WebSite\",\"@id\":\"https:\/\/boodalo.com\/es\/#website\",\"url\":\"https:\/\/boodalo.com\/es\/\",\"name\":\"Boodalo\",\"description\":\"Indonesia Real Estate portal Website\",\"publisher\":{\"@id\":\"https:\/\/boodalo.com\/es\/#organization\"},\"potentialAction\":[{\"@type\":\"SearchAction\",\"target\":{\"@type\":\"EntryPoint\",\"urlTemplate\":\"https:\/\/boodalo.com\/es\/?s={search_term_string}\"},\"query-input\":{\"@type\":\"PropertyValueSpecification\",\"valueRequired\":true,\"valueName\":\"search_term_string\"}}],\"inLanguage\":\"es\"},{\"@type\":\"Organization\",\"@id\":\"https:\/\/boodalo.com\/es\/#organization\",\"name\":\"Boodalo\",\"url\":\"https:\/\/boodalo.com\/es\/\",\"logo\":{\"@type\":\"ImageObject\",\"inLanguage\":\"es\",\"@id\":\"https:\/\/boodalo.com\/es\/#\/schema\/logo\/image\/\",\"url\":\"https:\/\/boodalo.com\/wp-content\/uploads\/2022\/05\/Boodalo-Logo.png\",\"contentUrl\":\"https:\/\/boodalo.com\/wp-content\/uploads\/2022\/05\/Boodalo-Logo.png\",\"width\":171,\"height\":64,\"caption\":\"Boodalo\"},\"image\":{\"@id\":\"https:\/\/boodalo.com\/es\/#\/schema\/logo\/image\/\"}}]}<\/script>\n<!-- \/ Yoast SEO plugin. -->","yoast_head_json":{"title":"Se alquila casa en Bali - Boodalo | Agente inmobiliario de Bali","description":"Encuentre su casa de alquiler ideal en Bali: descubra alquileres a largo plazo en el para\u00edso. Desde lujo frente al mar hasta opciones econ\u00f3micas. Comience su experiencia en Bali hoy","robots":{"index":"index","follow":"follow","max-snippet":"max-snippet:-1","max-image-preview":"max-image-preview:large","max-video-preview":"max-video-preview:-1"},"canonical":"https:\/\/boodalo.com\/es\/se-alquila-casa-en-bali\/","og_locale":"es_ES","og_type":"article","og_title":"Se alquila casa en Bali - Boodalo | Agente inmobiliario de Bali","og_description":"Encuentre su casa de alquiler ideal en Bali: descubra alquileres a largo plazo en el para\u00edso. Desde lujo frente al mar hasta opciones econ\u00f3micas. Comience su experiencia en Bali hoy","og_url":"https:\/\/boodalo.com\/es\/se-alquila-casa-en-bali\/","og_site_name":"Boodalo","article_modified_time":"2023-10-26T08:58:24+00:00","og_image":[{"width":1440,"height":960,"url":"https:\/\/boodalo.com\/wp-content\/uploads\/2022\/05\/Home-Boodalo.jpg","type":"image\/jpeg"}],"twitter_card":"summary_large_image","twitter_misc":{"Tiempo de lectura":"3 minutos"},"schema":{"@context":"https:\/\/schema.org","@graph":[{"@type":"WebPage","@id":"https:\/\/boodalo.com\/es\/se-alquila-casa-en-bali\/","url":"https:\/\/boodalo.com\/es\/se-alquila-casa-en-bali\/","name":"Se alquila casa en Bali - Boodalo | Agente inmobiliario de Bali","isPartOf":{"@id":"https:\/\/boodalo.com\/es\/#website"},"primaryImageOfPage":{"@id":"https:\/\/boodalo.com\/es\/se-alquila-casa-en-bali\/#primaryimage"},"image":{"@id":"https:\/\/boodalo.com\/es\/se-alquila-casa-en-bali\/#primaryimage"},"thumbnailUrl":"https:\/\/boodalo.com\/wp-content\/uploads\/2022\/05\/Home-Boodalo.jpg","datePublished":"2023-10-07T07:15:51+00:00","dateModified":"2023-10-26T08:58:24+00:00","description":"Encuentre su casa de alquiler ideal en Bali: descubra alquileres a largo plazo en el para\u00edso. Desde lujo frente al mar hasta opciones econ\u00f3micas. Comience su experiencia en Bali hoy","breadcrumb":{"@id":"https:\/\/boodalo.com\/es\/se-alquila-casa-en-bali\/#breadcrumb"},"inLanguage":"es","potentialAction":[{"@type":"ReadAction","target":["https:\/\/boodalo.com\/es\/se-alquila-casa-en-bali\/"]}]},{"@type":"ImageObject","inLanguage":"es","@id":"https:\/\/boodalo.com\/es\/se-alquila-casa-en-bali\/#primaryimage","url":"https:\/\/boodalo.com\/wp-content\/uploads\/2022\/05\/Home-Boodalo.jpg","contentUrl":"https:\/\/boodalo.com\/wp-content\/uploads\/2022\/05\/Home-Boodalo.jpg","width":1440,"height":960},{"@type":"BreadcrumbList","@id":"https:\/\/boodalo.com\/es\/se-alquila-casa-en-bali\/#breadcrumb","itemListElement":[{"@type":"ListItem","position":1,"name":"Home","item":"https:\/\/boodalo.com\/es\/"},{"@type":"ListItem","position":2,"name":"Se alquila casa en Bali"}]},{"@type":"WebSite","@id":"https:\/\/boodalo.com\/es\/#website","url":"https:\/\/boodalo.com\/es\/","name":"Boodalo","description":"Indonesia Real Estate portal Website","publisher":{"@id":"https:\/\/boodalo.com\/es\/#organization"},"potentialAction":[{"@type":"SearchAction","target":{"@type":"EntryPoint","urlTemplate":"https:\/\/boodalo.com\/es\/?s={search_term_string}"},"query-input":{"@type":"PropertyValueSpecification","valueRequired":true,"valueName":"search_term_string"}}],"inLanguage":"es"},{"@type":"Organization","@id":"https:\/\/boodalo.com\/es\/#organization","name":"Boodalo","url":"https:\/\/boodalo.com\/es\/","logo":{"@type":"ImageObject","inLanguage":"es","@id":"https:\/\/boodalo.com\/es\/#\/schema\/logo\/image\/","url":"https:\/\/boodalo.com\/wp-content\/uploads\/2022\/05\/Boodalo-Logo.png","contentUrl":"https:\/\/boodalo.com\/wp-content\/uploads\/2022\/05\/Boodalo-Logo.png","width":171,"height":64,"caption":"Boodalo"},"image":{"@id":"https:\/\/boodalo.com\/es\/#\/schema\/logo\/image\/"}}]}},"_links":{"self":[{"href":"https:\/\/boodalo.com\/es\/wp-json\/wp\/v2\/pages\/25907","targetHints":{"allow":["GET"]}}],"collection":[{"href":"https:\/\/boodalo.com\/es\/wp-json\/wp\/v2\/pages"}],"about":[{"href":"https:\/\/boodalo.com\/es\/wp-json\/wp\/v2\/types\/page"}],"author":[{"embeddable":true,"href":"https:\/\/boodalo.com\/es\/wp-json\/wp\/v2\/users\/8"}],"replies":[{"embeddable":true,"href":"https:\/\/boodalo.com\/es\/wp-json\/wp\/v2\/comments?post=25907"}],"version-history":[{"count":18,"href":"https:\/\/boodalo.com\/es\/wp-json\/wp\/v2\/pages\/25907\/revisions"}],"predecessor-version":[{"id":28024,"href":"https:\/\/boodalo.com\/es\/wp-json\/wp\/v2\/pages\/25907\/revisions\/28024"}],"wp:featuredmedia":[{"embeddable":true,"href":"https:\/\/boodalo.com\/es\/wp-json\/wp\/v2\/media\/21324"}],"wp:attachment":[{"href":"https:\/\/boodalo.com\/es\/wp-json\/wp\/v2\/media?parent=25907"}],"curies":[{"name":"wp","href":"https:\/\/api.w.org\/{rel}","templated":true}]}}