{"id":25863,"date":"2023-10-07T14:42:18","date_gmt":"2023-10-07T06:42:18","guid":{"rendered":"https:\/\/boodalo.com\/bali-house-for-sale\/"},"modified":"2023-10-25T15:28:58","modified_gmt":"2023-10-25T07:28:58","slug":"casa-en-venta-en-bali","status":"publish","type":"page","link":"https:\/\/boodalo.com\/es\/casa-en-venta-en-bali\/","title":{"rendered":"Casa en venta en Bali"},"content":{"rendered":"\t\t<div data-elementor-type=\"wp-page\" data-elementor-id=\"25863\" class=\"elementor elementor-25863 elementor-25856\">\n\t\t\t\t\t\t\t\t\t<section class=\"elementor-section elementor-top-section elementor-element elementor-element-1da6567 elementor-section-boxed elementor-section-height-default elementor-section-height-default\" data-id=\"1da6567\" data-element_type=\"section\">\n\t\t\t\t\t\t<div class=\"elementor-container elementor-column-gap-default\">\n\t\t\t\t\t<div class=\"elementor-column elementor-col-100 elementor-top-column elementor-element elementor-element-ed6eab2\" data-id=\"ed6eab2\" data-element_type=\"column\">\n\t\t\t<div class=\"elementor-widget-wrap elementor-element-populated\">\n\t\t\t\t\t\t\t\t<div class=\"elementor-element elementor-element-ee908dc elementor-widget elementor-widget-heading\" data-id=\"ee908dc\" data-element_type=\"widget\" data-widget_type=\"heading.default\">\n\t\t\t\t<div class=\"elementor-widget-container\">\n\t\t\t<h2 class=\"elementor-heading-title elementor-size-default\">La casa de sus sue\u00f1os le espera: casa en Bali en venta<\/h2>\t\t<\/div>\n\t\t\t\t<\/div>\n\t\t\t\t\t<\/div>\n\t\t<\/div>\n\t\t\t\t\t\t\t<\/div>\n\t\t<\/section>\n\t\t\t\t<section class=\"elementor-section elementor-top-section elementor-element elementor-element-1af01fed elementor-section-boxed elementor-section-height-default elementor-section-height-default\" data-id=\"1af01fed\" data-element_type=\"section\">\n\t\t\t\t\t\t<div class=\"elementor-container elementor-column-gap-default\">\n\t\t\t\t\t<div class=\"elementor-column elementor-col-100 elementor-top-column elementor-element elementor-element-59d4f16a\" data-id=\"59d4f16a\" data-element_type=\"column\">\n\t\t\t<div class=\"elementor-widget-wrap elementor-element-populated\">\n\t\t\t\t\t\t\t\t<div class=\"elementor-element elementor-element-46fdfed3 elementor-widget elementor-widget-text-editor\" data-id=\"46fdfed3\" data-element_type=\"widget\" data-widget_type=\"text-editor.default\">\n\t\t\t\t<div class=\"elementor-widget-container\">\n\t\t\t\t\t\t\t<p>\u00bfEst\u00e1s listo para hacer de <a href=\"https:\/\/en.wikipedia.org\/wiki\/Bali\" target=\"_blank\" rel=\"noopener\">Bali<\/a> tu para\u00edso permanente? Imag\u00ednese despertarse con el sonido de las suaves olas y el aroma de las flores tropicales todos los d\u00edas. Ahora, su sue\u00f1o puede hacerse realidad con una <a href=\"https:\/\/boodalo.com\/es\/casa-en-venta-en-bali\/\">casa en venta en Bali<\/a>. Bali ofrece una calidad de vida incomparable y poseer un pedazo de esta isla paradis\u00edaca es un sue\u00f1o hecho realidad.<\/p><h3>Descubra su casa en venta en Bali<\/h3><p>Cuando se trata de encontrar la casa en venta perfecta en Bali, tienes un mundo de opciones. Desde villas modernas con piscina privada hasta casas tradicionales balinesas con exuberantes jardines, Bali lo tiene todo. Ya sea que est\u00e9 buscando un retiro sereno en Ubud, una villa frente al mar en Seminyak o una casa familiar en Canggu, nuestros listados de casas en venta en Bali se adaptan a todos los gustos y presupuestos.<\/p><h3>\u00bfPor qu\u00e9 invertir en una casa en venta en Bali?<\/h3><p>Invertir en una casa en venta en Bali no se trata s\u00f3lo de poseer una propiedad; se trata de adoptar un estilo de vida. Bali ofrece una combinaci\u00f3n \u00fanica de cultura, belleza natural y una comunidad acogedora. Cuando compras una casa en Bali, no est\u00e1s simplemente comprando una casa; est\u00e1s obteniendo acceso a una forma de vida vibrante.<\/p><h3>Casa en venta en Bali: su pedacito de para\u00edso<\/h3><p>Imag\u00ednese disfrutar de su caf\u00e9 matutino en una terraza ba\u00f1ada por el sol, rodeada de una exuberante vegetaci\u00f3n tropical. Imag\u00ednese paseando por playas v\u00edrgenes, sintiendo la arena dorada entre los dedos de los pies. Con una casa en Bali para comprar, esta vida id\u00edlica puede ser suya.<\/p><h3>Explore los listados de casas en venta en Bali<\/h3><p>Nuestros extensos listados de casas en venta en Bali garantizan que encontrar\u00e1 la propiedad perfecta para llamar hogar. Ya sea que sea un comprador por primera vez, un inversionista o alguien que busca mejorar, Bali ofrece una variedad de opciones de casas que se adaptan a sus necesidades.<\/p><h3>Comprar una casa en Bali: una inversi\u00f3n segura<\/h3><p>El mercado inmobiliario de Bali es conocido por su estabilidad y su fuerte potencial de apreciaci\u00f3n. Invertir en una casa en venta en Bali no es s\u00f3lo una elecci\u00f3n de estilo de vida sino tambi\u00e9n una decisi\u00f3n financiera inteligente. A medida que la isla contin\u00faa atrayendo turistas, su casa en Bali puede proporcionarle ingresos por alquiler cuando no la est\u00e9 disfrutando.<\/p><h3>No se pierda la casa en venta de sus sue\u00f1os en Bali<\/h3><p>La oportunidad de ser propietario de una casa en Bali es una oportunidad de experimentar la vida al m\u00e1ximo. Ya sea que se est\u00e9 jubilando, mud\u00e1ndose o simplemente buscando un segundo hogar, Bali le da la bienvenida con los brazos abiertos. Su casa en venta en Bali le est\u00e1 esperando: todo lo que tiene que hacer es dar el primer paso.<\/p><h3>Encuentre su casa en Bali en venta hoy<\/h3><p>\u00bfListo para embarcarte en este emocionante viaje? Explore nuestros listados de casas en venta en Bali y descubra la casa de sus sue\u00f1os. Bali es m\u00e1s que una simple isla; es una forma de vida y tu hogar perfecto est\u00e1 aqu\u00ed esper\u00e1ndote. No se lo pierda: encuentre su casa en Bali para comprarla hoy. Gracias por visitar la <a href=\"https:\/\/boodalo.com\/es\/\">agencia inmobiliaria de Bali<\/a>.<\/p>\t\t\t\t\t\t<\/div>\n\t\t\t\t<\/div>\n\t\t\t\t\t<\/div>\n\t\t<\/div>\n\t\t\t\t\t\t\t<\/div>\n\t\t<\/section>\n\t\t\t\t\t\t\t<\/div>\n\t\t","protected":false},"excerpt":{"rendered":"<p>La casa de sus sue\u00f1os le espera: casa en Bali en venta \u00bfEst\u00e1s listo para hacer de Bali tu para\u00edso permanente? Imag\u00ednese despertarse con el sonido de las suaves olas y el aroma de las flores tropicales todos los d\u00edas. Ahora, su sue\u00f1o puede hacerse realidad con una casa en venta en Bali. Bali ofrece&#8230;<\/p>\n","protected":false},"author":8,"featured_media":21324,"parent":0,"menu_order":0,"comment_status":"closed","ping_status":"closed","template":"templates\/grid-layout-full-width.php","meta":{"_monsterinsights_skip_tracking":false,"_monsterinsights_sitenote_active":false,"_monsterinsights_sitenote_note":"","_monsterinsights_sitenote_category":0,"footnotes":""},"class_list":["post-25863","page","type-page","status-publish","has-post-thumbnail","hentry"],"yoast_head":"<!-- This site is optimized with the Yoast SEO plugin v25.5 - https:\/\/yoast.com\/wordpress\/plugins\/seo\/ -->\n<title>Casa en venta en Bali - Boodalo | Agente inmobiliario de Bali<\/title>\n<meta name=\"description\" content=\"Descubra el estilo de vida de sus sue\u00f1os en Bali con una casa en venta. Explore los listados de casas en venta en Bali para encontrar su hogar perfecto. Encuentre la casa ideal en Bali para comprar hoy\" \/>\n<meta name=\"robots\" content=\"index, follow, max-snippet:-1, max-image-preview:large, max-video-preview:-1\" \/>\n<link rel=\"canonical\" href=\"https:\/\/boodalo.com\/es\/casa-en-venta-en-bali\/\" \/>\n<meta property=\"og:locale\" content=\"es_ES\" \/>\n<meta property=\"og:type\" content=\"article\" \/>\n<meta property=\"og:title\" content=\"Casa en venta en Bali - Boodalo | Agente inmobiliario de Bali\" \/>\n<meta property=\"og:description\" content=\"Descubra el estilo de vida de sus sue\u00f1os en Bali con una casa en venta. Explore los listados de casas en venta en Bali para encontrar su hogar perfecto. Encuentre la casa ideal en Bali para comprar hoy\" \/>\n<meta property=\"og:url\" content=\"https:\/\/boodalo.com\/es\/casa-en-venta-en-bali\/\" \/>\n<meta property=\"og:site_name\" content=\"Boodalo\" \/>\n<meta property=\"article:modified_time\" content=\"2023-10-25T07:28:58+00:00\" \/>\n<meta property=\"og:image\" content=\"https:\/\/boodalo.com\/wp-content\/uploads\/2022\/05\/Home-Boodalo.jpg\" \/>\n\t<meta property=\"og:image:width\" content=\"1440\" \/>\n\t<meta property=\"og:image:height\" content=\"960\" \/>\n\t<meta property=\"og:image:type\" content=\"image\/jpeg\" \/>\n<meta name=\"twitter:card\" content=\"summary_large_image\" \/>\n<meta name=\"twitter:label1\" content=\"Tiempo de lectura\" \/>\n\t<meta name=\"twitter:data1\" content=\"3 minutos\" \/>\n<script type=\"application\/ld+json\" class=\"yoast-schema-graph\">{\"@context\":\"https:\/\/schema.org\",\"@graph\":[{\"@type\":\"WebPage\",\"@id\":\"https:\/\/boodalo.com\/es\/casa-en-venta-en-bali\/\",\"url\":\"https:\/\/boodalo.com\/es\/casa-en-venta-en-bali\/\",\"name\":\"Casa en venta en Bali - Boodalo | Agente inmobiliario de Bali\",\"isPartOf\":{\"@id\":\"https:\/\/boodalo.com\/es\/#website\"},\"primaryImageOfPage\":{\"@id\":\"https:\/\/boodalo.com\/es\/casa-en-venta-en-bali\/#primaryimage\"},\"image\":{\"@id\":\"https:\/\/boodalo.com\/es\/casa-en-venta-en-bali\/#primaryimage\"},\"thumbnailUrl\":\"https:\/\/boodalo.com\/wp-content\/uploads\/2022\/05\/Home-Boodalo.jpg\",\"datePublished\":\"2023-10-07T06:42:18+00:00\",\"dateModified\":\"2023-10-25T07:28:58+00:00\",\"description\":\"Descubra el estilo de vida de sus sue\u00f1os en Bali con una casa en venta. Explore los listados de casas en venta en Bali para encontrar su hogar perfecto. Encuentre la casa ideal en Bali para comprar hoy\",\"breadcrumb\":{\"@id\":\"https:\/\/boodalo.com\/es\/casa-en-venta-en-bali\/#breadcrumb\"},\"inLanguage\":\"es\",\"potentialAction\":[{\"@type\":\"ReadAction\",\"target\":[\"https:\/\/boodalo.com\/es\/casa-en-venta-en-bali\/\"]}]},{\"@type\":\"ImageObject\",\"inLanguage\":\"es\",\"@id\":\"https:\/\/boodalo.com\/es\/casa-en-venta-en-bali\/#primaryimage\",\"url\":\"https:\/\/boodalo.com\/wp-content\/uploads\/2022\/05\/Home-Boodalo.jpg\",\"contentUrl\":\"https:\/\/boodalo.com\/wp-content\/uploads\/2022\/05\/Home-Boodalo.jpg\",\"width\":1440,\"height\":960},{\"@type\":\"BreadcrumbList\",\"@id\":\"https:\/\/boodalo.com\/es\/casa-en-venta-en-bali\/#breadcrumb\",\"itemListElement\":[{\"@type\":\"ListItem\",\"position\":1,\"name\":\"Home\",\"item\":\"https:\/\/boodalo.com\/es\/\"},{\"@type\":\"ListItem\",\"position\":2,\"name\":\"Casa en venta en Bali\"}]},{\"@type\":\"WebSite\",\"@id\":\"https:\/\/boodalo.com\/es\/#website\",\"url\":\"https:\/\/boodalo.com\/es\/\",\"name\":\"Boodalo\",\"description\":\"Indonesia Real Estate portal Website\",\"publisher\":{\"@id\":\"https:\/\/boodalo.com\/es\/#organization\"},\"potentialAction\":[{\"@type\":\"SearchAction\",\"target\":{\"@type\":\"EntryPoint\",\"urlTemplate\":\"https:\/\/boodalo.com\/es\/?s={search_term_string}\"},\"query-input\":{\"@type\":\"PropertyValueSpecification\",\"valueRequired\":true,\"valueName\":\"search_term_string\"}}],\"inLanguage\":\"es\"},{\"@type\":\"Organization\",\"@id\":\"https:\/\/boodalo.com\/es\/#organization\",\"name\":\"Boodalo\",\"url\":\"https:\/\/boodalo.com\/es\/\",\"logo\":{\"@type\":\"ImageObject\",\"inLanguage\":\"es\",\"@id\":\"https:\/\/boodalo.com\/es\/#\/schema\/logo\/image\/\",\"url\":\"https:\/\/boodalo.com\/wp-content\/uploads\/2022\/05\/Boodalo-Logo.png\",\"contentUrl\":\"https:\/\/boodalo.com\/wp-content\/uploads\/2022\/05\/Boodalo-Logo.png\",\"width\":171,\"height\":64,\"caption\":\"Boodalo\"},\"image\":{\"@id\":\"https:\/\/boodalo.com\/es\/#\/schema\/logo\/image\/\"}}]}<\/script>\n<!-- \/ Yoast SEO plugin. -->","yoast_head_json":{"title":"Casa en venta en Bali - Boodalo | Agente inmobiliario de Bali","description":"Descubra el estilo de vida de sus sue\u00f1os en Bali con una casa en venta. Explore los listados de casas en venta en Bali para encontrar su hogar perfecto. Encuentre la casa ideal en Bali para comprar hoy","robots":{"index":"index","follow":"follow","max-snippet":"max-snippet:-1","max-image-preview":"max-image-preview:large","max-video-preview":"max-video-preview:-1"},"canonical":"https:\/\/boodalo.com\/es\/casa-en-venta-en-bali\/","og_locale":"es_ES","og_type":"article","og_title":"Casa en venta en Bali - Boodalo | Agente inmobiliario de Bali","og_description":"Descubra el estilo de vida de sus sue\u00f1os en Bali con una casa en venta. Explore los listados de casas en venta en Bali para encontrar su hogar perfecto. Encuentre la casa ideal en Bali para comprar hoy","og_url":"https:\/\/boodalo.com\/es\/casa-en-venta-en-bali\/","og_site_name":"Boodalo","article_modified_time":"2023-10-25T07:28:58+00:00","og_image":[{"width":1440,"height":960,"url":"https:\/\/boodalo.com\/wp-content\/uploads\/2022\/05\/Home-Boodalo.jpg","type":"image\/jpeg"}],"twitter_card":"summary_large_image","twitter_misc":{"Tiempo de lectura":"3 minutos"},"schema":{"@context":"https:\/\/schema.org","@graph":[{"@type":"WebPage","@id":"https:\/\/boodalo.com\/es\/casa-en-venta-en-bali\/","url":"https:\/\/boodalo.com\/es\/casa-en-venta-en-bali\/","name":"Casa en venta en Bali - Boodalo | Agente inmobiliario de Bali","isPartOf":{"@id":"https:\/\/boodalo.com\/es\/#website"},"primaryImageOfPage":{"@id":"https:\/\/boodalo.com\/es\/casa-en-venta-en-bali\/#primaryimage"},"image":{"@id":"https:\/\/boodalo.com\/es\/casa-en-venta-en-bali\/#primaryimage"},"thumbnailUrl":"https:\/\/boodalo.com\/wp-content\/uploads\/2022\/05\/Home-Boodalo.jpg","datePublished":"2023-10-07T06:42:18+00:00","dateModified":"2023-10-25T07:28:58+00:00","description":"Descubra el estilo de vida de sus sue\u00f1os en Bali con una casa en venta. Explore los listados de casas en venta en Bali para encontrar su hogar perfecto. Encuentre la casa ideal en Bali para comprar hoy","breadcrumb":{"@id":"https:\/\/boodalo.com\/es\/casa-en-venta-en-bali\/#breadcrumb"},"inLanguage":"es","potentialAction":[{"@type":"ReadAction","target":["https:\/\/boodalo.com\/es\/casa-en-venta-en-bali\/"]}]},{"@type":"ImageObject","inLanguage":"es","@id":"https:\/\/boodalo.com\/es\/casa-en-venta-en-bali\/#primaryimage","url":"https:\/\/boodalo.com\/wp-content\/uploads\/2022\/05\/Home-Boodalo.jpg","contentUrl":"https:\/\/boodalo.com\/wp-content\/uploads\/2022\/05\/Home-Boodalo.jpg","width":1440,"height":960},{"@type":"BreadcrumbList","@id":"https:\/\/boodalo.com\/es\/casa-en-venta-en-bali\/#breadcrumb","itemListElement":[{"@type":"ListItem","position":1,"name":"Home","item":"https:\/\/boodalo.com\/es\/"},{"@type":"ListItem","position":2,"name":"Casa en venta en Bali"}]},{"@type":"WebSite","@id":"https:\/\/boodalo.com\/es\/#website","url":"https:\/\/boodalo.com\/es\/","name":"Boodalo","description":"Indonesia Real Estate portal Website","publisher":{"@id":"https:\/\/boodalo.com\/es\/#organization"},"potentialAction":[{"@type":"SearchAction","target":{"@type":"EntryPoint","urlTemplate":"https:\/\/boodalo.com\/es\/?s={search_term_string}"},"query-input":{"@type":"PropertyValueSpecification","valueRequired":true,"valueName":"search_term_string"}}],"inLanguage":"es"},{"@type":"Organization","@id":"https:\/\/boodalo.com\/es\/#organization","name":"Boodalo","url":"https:\/\/boodalo.com\/es\/","logo":{"@type":"ImageObject","inLanguage":"es","@id":"https:\/\/boodalo.com\/es\/#\/schema\/logo\/image\/","url":"https:\/\/boodalo.com\/wp-content\/uploads\/2022\/05\/Boodalo-Logo.png","contentUrl":"https:\/\/boodalo.com\/wp-content\/uploads\/2022\/05\/Boodalo-Logo.png","width":171,"height":64,"caption":"Boodalo"},"image":{"@id":"https:\/\/boodalo.com\/es\/#\/schema\/logo\/image\/"}}]}},"_links":{"self":[{"href":"https:\/\/boodalo.com\/es\/wp-json\/wp\/v2\/pages\/25863","targetHints":{"allow":["GET"]}}],"collection":[{"href":"https:\/\/boodalo.com\/es\/wp-json\/wp\/v2\/pages"}],"about":[{"href":"https:\/\/boodalo.com\/es\/wp-json\/wp\/v2\/types\/page"}],"author":[{"embeddable":true,"href":"https:\/\/boodalo.com\/es\/wp-json\/wp\/v2\/users\/8"}],"replies":[{"embeddable":true,"href":"https:\/\/boodalo.com\/es\/wp-json\/wp\/v2\/comments?post=25863"}],"version-history":[{"count":14,"href":"https:\/\/boodalo.com\/es\/wp-json\/wp\/v2\/pages\/25863\/revisions"}],"predecessor-version":[{"id":27629,"href":"https:\/\/boodalo.com\/es\/wp-json\/wp\/v2\/pages\/25863\/revisions\/27629"}],"wp:featuredmedia":[{"embeddable":true,"href":"https:\/\/boodalo.com\/es\/wp-json\/wp\/v2\/media\/21324"}],"wp:attachment":[{"href":"https:\/\/boodalo.com\/es\/wp-json\/wp\/v2\/media?parent=25863"}],"curies":[{"name":"wp","href":"https:\/\/api.w.org\/{rel}","templated":true}]}}