{"id":25691,"date":"2022-11-15T18:16:50","date_gmt":"2022-11-15T10:16:50","guid":{"rendered":"https:\/\/boodalo.com\/villa-for-sale\/"},"modified":"2023-10-25T16:35:33","modified_gmt":"2023-10-25T08:35:33","slug":"villas-en-bali-en-venta","status":"publish","type":"page","link":"https:\/\/boodalo.com\/es\/villas-en-bali-en-venta\/","title":{"rendered":"Villas en Bali en venta"},"content":{"rendered":"\t\t<div data-elementor-type=\"wp-page\" data-elementor-id=\"25691\" class=\"elementor elementor-25691 elementor-18539\">\n\t\t\t\t\t\t\t\t\t<section class=\"elementor-section elementor-top-section elementor-element elementor-element-552522e elementor-section-boxed elementor-section-height-default elementor-section-height-default\" data-id=\"552522e\" data-element_type=\"section\">\n\t\t\t\t\t\t<div class=\"elementor-container elementor-column-gap-default\">\n\t\t\t\t\t<div class=\"elementor-column elementor-col-100 elementor-top-column elementor-element elementor-element-3f351d2\" data-id=\"3f351d2\" data-element_type=\"column\">\n\t\t\t<div class=\"elementor-widget-wrap elementor-element-populated\">\n\t\t\t\t\t\t\t\t<div class=\"elementor-element elementor-element-19cc420 elementor-widget elementor-widget-heading\" data-id=\"19cc420\" data-element_type=\"widget\" data-widget_type=\"heading.default\">\n\t\t\t\t<div class=\"elementor-widget-container\">\n\t\t\t<h2 class=\"elementor-heading-title elementor-size-default\">La casa de sus sue\u00f1os le espera: villas en Bali en venta<\/h2>\t\t<\/div>\n\t\t\t\t<\/div>\n\t\t\t\t\t<\/div>\n\t\t<\/div>\n\t\t\t\t\t\t\t<\/div>\n\t\t<\/section>\n\t\t\t\t<section class=\"elementor-section elementor-top-section elementor-element elementor-element-d874ff3 elementor-section-boxed elementor-section-height-default elementor-section-height-default\" data-id=\"d874ff3\" data-element_type=\"section\">\n\t\t\t\t\t\t<div class=\"elementor-container elementor-column-gap-default\">\n\t\t\t\t\t<div class=\"elementor-column elementor-col-100 elementor-top-column elementor-element elementor-element-31a61da1\" data-id=\"31a61da1\" data-element_type=\"column\">\n\t\t\t<div class=\"elementor-widget-wrap elementor-element-populated\">\n\t\t\t\t\t\t\t\t<div class=\"elementor-element elementor-element-5cfcc61f elementor-widget elementor-widget-text-editor\" data-id=\"5cfcc61f\" data-element_type=\"widget\" data-widget_type=\"text-editor.default\">\n\t\t\t\t<div class=\"elementor-widget-container\">\n\t\t\t\t\t\t\t<p>Si alguna vez has so\u00f1ado con ser due\u00f1o de un pedazo de para\u00edso, <a href=\"https:\/\/en.wikipedia.org\/wiki\/Bali\" target=\"_blank\" rel=\"noopener\">Bali<\/a> ofrece una Oportunidad tentadora con sus impresionantes villas en venta. Ya sea que busque un retiro sereno, una inversi\u00f3n rentable o una combinaci\u00f3n de ambos, el mercado inmobiliario de Bali tiene una villa que se adapta a sus deseos. En este art\u00edculo, profundizaremos en el mundo de las <a href=\"https:\/\/boodalo.com\/es\/villas-en-bali-en-venta\/\">villas en venta en Bali<\/a> y le brindaremos informaci\u00f3n para hacer Su sue\u00f1o de ser propietario de una villa en Bali se hace realidad.<\/p><h3><strong>Explorando el mercado de villas de Bali<\/strong><\/h3><p>Bali es famosa por sus paisajes cautivadores, su rica cultura y su acogedora comunidad. Ser propietario de una villa en Bali le permite sumergirse en este para\u00edso tropical, y hay una villa para cada gusto y presupuesto. Desde la arquitectura elegante y moderna hasta la tradicional balinesa, el mercado de villas de Bali es diverso y din\u00e1mico.<\/p><h3><strong>Beneficios de ser propietario de una villa en Bali<\/strong><\/h3><ol><li><strong>Vida de lujo<\/strong>: las villas de Bali ofrecen lujo y comodidad incomparables, y a menudo cuentan con piscinas privadas, exuberantes jardines y amplias salas de estar.<\/li><li><strong>Potencial de inversi\u00f3n<\/strong>: la industria tur\u00edstica de Bali contin\u00faa prosperando, lo que convierte a las villas en una opci\u00f3n de inversi\u00f3n prometedora. Puede generar ingresos por alquiler cuando no est\u00e9 utilizando su villa.<\/li><li><strong>Retiro personal<\/strong>: tener su propia villa en Bali significa que puede escapar a su santuario tropical cuando lo desee, creando recuerdos preciados con familiares y amigos.<\/li><\/ol><h3><strong>Encontrar su villa perfecta<\/strong><\/h3><ol><li><strong>Establezca su presupuesto<\/strong>: determine su presupuesto para las villas en venta en Bali. Ya sea que est\u00e9 buscando una opci\u00f3n asequible o una villa de alta gama, Bali se adapta a varios rangos de precios.<\/li><li><strong>La ubicaci\u00f3n importa<\/strong>: Bali ofrece diversas regiones, cada una con su encanto \u00fanico. Decide si prefieres las bulliciosas calles de Seminyak, las tranquilas colinas de Ubud o la belleza costera de Jimbaran.<\/li><li><strong>Consulte a expertos locales<\/strong>: interactuar con expertos y agencias inmobiliarias de Bali puede simplificar su b\u00fasqueda. Tienen un amplio conocimiento del mercado y pueden ayudarle a encontrar la villa ideal.<\/li><\/ol><h3><strong>Villas en venta en Bali: su puerta de entrada al para\u00edso<\/strong><\/h3><p>En Bali Property Experts, nos especializamos en conectar a los compradores con las villas de sus sue\u00f1os en Bali. Ya sea que est\u00e9 buscando una villa ideal para familias, una oportunidad de inversi\u00f3n o una combinaci\u00f3n de ambas, tenemos una amplia cartera de villas en venta en Bali para explorar.<\/p><h3><strong>En conclusi\u00f3n<\/strong><\/h3><p>Ser propietario de una villa en Bali no es s\u00f3lo una inversi\u00f3n inmobiliaria; es una inversi\u00f3n en un estilo de vida lleno de belleza, cultura y tranquilidad. Las villas en venta en Bali abren la puerta a una experiencia de vida extraordinaria que fusiona lujo, naturaleza y una vibrante cultura local.<\/p><p>Entonces, comience su viaje hoy y explore las villas en venta en Bali. \u00a1La casa de tus sue\u00f1os en el para\u00edso te espera! Y gracias por visitar <a href=\"https:\/\/boodalo.com\/es\/\">propiedad en venta en Bali<\/a>.<\/p>\t\t\t\t\t\t<\/div>\n\t\t\t\t<\/div>\n\t\t\t\t\t<\/div>\n\t\t<\/div>\n\t\t\t\t\t\t\t<\/div>\n\t\t<\/section>\n\t\t\t\t\t\t\t<\/div>\n\t\t","protected":false},"excerpt":{"rendered":"<p>La casa de sus sue\u00f1os le espera: villas en Bali en venta Si alguna vez has so\u00f1ado con ser due\u00f1o de un pedazo de para\u00edso, Bali ofrece una Oportunidad tentadora con sus impresionantes villas en venta. Ya sea que busque un retiro sereno, una inversi\u00f3n rentable o una combinaci\u00f3n de ambos, el mercado inmobiliario de&#8230;<\/p>\n","protected":false},"author":8,"featured_media":21324,"parent":0,"menu_order":0,"comment_status":"closed","ping_status":"closed","template":"templates\/grid-layout-full-width.php","meta":{"_monsterinsights_skip_tracking":false,"_monsterinsights_sitenote_active":false,"_monsterinsights_sitenote_note":"","_monsterinsights_sitenote_category":0,"footnotes":""},"class_list":["post-25691","page","type-page","status-publish","has-post-thumbnail","hentry"],"yoast_head":"<!-- This site is optimized with the Yoast SEO plugin v25.5 - https:\/\/yoast.com\/wordpress\/plugins\/seo\/ -->\n<title>Villas en Bali en venta - Boodalo | Agente inmobiliario de Bali<\/title>\n<meta name=\"description\" content=\"Descubra las villas en venta de sus sue\u00f1os en Bali. Explore una variedad de impresionantes propiedades en el para\u00edso. Encuentre hoy la villa perfecta para llamar hogar o invertir en bienes ra\u00edces en Bali.\" \/>\n<meta name=\"robots\" content=\"index, follow, max-snippet:-1, max-image-preview:large, max-video-preview:-1\" \/>\n<link rel=\"canonical\" href=\"https:\/\/boodalo.com\/es\/villas-en-bali-en-venta\/\" \/>\n<meta property=\"og:locale\" content=\"es_ES\" \/>\n<meta property=\"og:type\" content=\"article\" \/>\n<meta property=\"og:title\" content=\"Villas en Bali en venta - Boodalo | Agente inmobiliario de Bali\" \/>\n<meta property=\"og:description\" content=\"Descubra las villas en venta de sus sue\u00f1os en Bali. Explore una variedad de impresionantes propiedades en el para\u00edso. Encuentre hoy la villa perfecta para llamar hogar o invertir en bienes ra\u00edces en Bali.\" \/>\n<meta property=\"og:url\" content=\"https:\/\/boodalo.com\/es\/villas-en-bali-en-venta\/\" \/>\n<meta property=\"og:site_name\" content=\"Boodalo\" \/>\n<meta property=\"article:modified_time\" content=\"2023-10-25T08:35:33+00:00\" \/>\n<meta property=\"og:image\" content=\"https:\/\/boodalo.com\/wp-content\/uploads\/2022\/05\/Home-Boodalo.jpg\" \/>\n\t<meta property=\"og:image:width\" content=\"1440\" \/>\n\t<meta property=\"og:image:height\" content=\"960\" \/>\n\t<meta property=\"og:image:type\" content=\"image\/jpeg\" \/>\n<meta name=\"twitter:card\" content=\"summary_large_image\" \/>\n<meta name=\"twitter:label1\" content=\"Tiempo de lectura\" \/>\n\t<meta name=\"twitter:data1\" content=\"3 minutos\" \/>\n<script type=\"application\/ld+json\" class=\"yoast-schema-graph\">{\"@context\":\"https:\/\/schema.org\",\"@graph\":[{\"@type\":\"WebPage\",\"@id\":\"https:\/\/boodalo.com\/es\/villas-en-bali-en-venta\/\",\"url\":\"https:\/\/boodalo.com\/es\/villas-en-bali-en-venta\/\",\"name\":\"Villas en Bali en venta - Boodalo | Agente inmobiliario de Bali\",\"isPartOf\":{\"@id\":\"https:\/\/boodalo.com\/es\/#website\"},\"primaryImageOfPage\":{\"@id\":\"https:\/\/boodalo.com\/es\/villas-en-bali-en-venta\/#primaryimage\"},\"image\":{\"@id\":\"https:\/\/boodalo.com\/es\/villas-en-bali-en-venta\/#primaryimage\"},\"thumbnailUrl\":\"https:\/\/boodalo.com\/wp-content\/uploads\/2022\/05\/Home-Boodalo.jpg\",\"datePublished\":\"2022-11-15T10:16:50+00:00\",\"dateModified\":\"2023-10-25T08:35:33+00:00\",\"description\":\"Descubra las villas en venta de sus sue\u00f1os en Bali. Explore una variedad de impresionantes propiedades en el para\u00edso. Encuentre hoy la villa perfecta para llamar hogar o invertir en bienes ra\u00edces en Bali.\",\"breadcrumb\":{\"@id\":\"https:\/\/boodalo.com\/es\/villas-en-bali-en-venta\/#breadcrumb\"},\"inLanguage\":\"es\",\"potentialAction\":[{\"@type\":\"ReadAction\",\"target\":[\"https:\/\/boodalo.com\/es\/villas-en-bali-en-venta\/\"]}]},{\"@type\":\"ImageObject\",\"inLanguage\":\"es\",\"@id\":\"https:\/\/boodalo.com\/es\/villas-en-bali-en-venta\/#primaryimage\",\"url\":\"https:\/\/boodalo.com\/wp-content\/uploads\/2022\/05\/Home-Boodalo.jpg\",\"contentUrl\":\"https:\/\/boodalo.com\/wp-content\/uploads\/2022\/05\/Home-Boodalo.jpg\",\"width\":1440,\"height\":960},{\"@type\":\"BreadcrumbList\",\"@id\":\"https:\/\/boodalo.com\/es\/villas-en-bali-en-venta\/#breadcrumb\",\"itemListElement\":[{\"@type\":\"ListItem\",\"position\":1,\"name\":\"Home\",\"item\":\"https:\/\/boodalo.com\/es\/\"},{\"@type\":\"ListItem\",\"position\":2,\"name\":\"Villas en Bali en venta\"}]},{\"@type\":\"WebSite\",\"@id\":\"https:\/\/boodalo.com\/es\/#website\",\"url\":\"https:\/\/boodalo.com\/es\/\",\"name\":\"Boodalo\",\"description\":\"Indonesia Real Estate portal Website\",\"publisher\":{\"@id\":\"https:\/\/boodalo.com\/es\/#organization\"},\"potentialAction\":[{\"@type\":\"SearchAction\",\"target\":{\"@type\":\"EntryPoint\",\"urlTemplate\":\"https:\/\/boodalo.com\/es\/?s={search_term_string}\"},\"query-input\":{\"@type\":\"PropertyValueSpecification\",\"valueRequired\":true,\"valueName\":\"search_term_string\"}}],\"inLanguage\":\"es\"},{\"@type\":\"Organization\",\"@id\":\"https:\/\/boodalo.com\/es\/#organization\",\"name\":\"Boodalo\",\"url\":\"https:\/\/boodalo.com\/es\/\",\"logo\":{\"@type\":\"ImageObject\",\"inLanguage\":\"es\",\"@id\":\"https:\/\/boodalo.com\/es\/#\/schema\/logo\/image\/\",\"url\":\"https:\/\/boodalo.com\/wp-content\/uploads\/2022\/05\/Boodalo-Logo.png\",\"contentUrl\":\"https:\/\/boodalo.com\/wp-content\/uploads\/2022\/05\/Boodalo-Logo.png\",\"width\":171,\"height\":64,\"caption\":\"Boodalo\"},\"image\":{\"@id\":\"https:\/\/boodalo.com\/es\/#\/schema\/logo\/image\/\"}}]}<\/script>\n<!-- \/ Yoast SEO plugin. -->","yoast_head_json":{"title":"Villas en Bali en venta - Boodalo | Agente inmobiliario de Bali","description":"Descubra las villas en venta de sus sue\u00f1os en Bali. Explore una variedad de impresionantes propiedades en el para\u00edso. Encuentre hoy la villa perfecta para llamar hogar o invertir en bienes ra\u00edces en Bali.","robots":{"index":"index","follow":"follow","max-snippet":"max-snippet:-1","max-image-preview":"max-image-preview:large","max-video-preview":"max-video-preview:-1"},"canonical":"https:\/\/boodalo.com\/es\/villas-en-bali-en-venta\/","og_locale":"es_ES","og_type":"article","og_title":"Villas en Bali en venta - Boodalo | Agente inmobiliario de Bali","og_description":"Descubra las villas en venta de sus sue\u00f1os en Bali. Explore una variedad de impresionantes propiedades en el para\u00edso. Encuentre hoy la villa perfecta para llamar hogar o invertir en bienes ra\u00edces en Bali.","og_url":"https:\/\/boodalo.com\/es\/villas-en-bali-en-venta\/","og_site_name":"Boodalo","article_modified_time":"2023-10-25T08:35:33+00:00","og_image":[{"width":1440,"height":960,"url":"https:\/\/boodalo.com\/wp-content\/uploads\/2022\/05\/Home-Boodalo.jpg","type":"image\/jpeg"}],"twitter_card":"summary_large_image","twitter_misc":{"Tiempo de lectura":"3 minutos"},"schema":{"@context":"https:\/\/schema.org","@graph":[{"@type":"WebPage","@id":"https:\/\/boodalo.com\/es\/villas-en-bali-en-venta\/","url":"https:\/\/boodalo.com\/es\/villas-en-bali-en-venta\/","name":"Villas en Bali en venta - Boodalo | Agente inmobiliario de Bali","isPartOf":{"@id":"https:\/\/boodalo.com\/es\/#website"},"primaryImageOfPage":{"@id":"https:\/\/boodalo.com\/es\/villas-en-bali-en-venta\/#primaryimage"},"image":{"@id":"https:\/\/boodalo.com\/es\/villas-en-bali-en-venta\/#primaryimage"},"thumbnailUrl":"https:\/\/boodalo.com\/wp-content\/uploads\/2022\/05\/Home-Boodalo.jpg","datePublished":"2022-11-15T10:16:50+00:00","dateModified":"2023-10-25T08:35:33+00:00","description":"Descubra las villas en venta de sus sue\u00f1os en Bali. Explore una variedad de impresionantes propiedades en el para\u00edso. Encuentre hoy la villa perfecta para llamar hogar o invertir en bienes ra\u00edces en Bali.","breadcrumb":{"@id":"https:\/\/boodalo.com\/es\/villas-en-bali-en-venta\/#breadcrumb"},"inLanguage":"es","potentialAction":[{"@type":"ReadAction","target":["https:\/\/boodalo.com\/es\/villas-en-bali-en-venta\/"]}]},{"@type":"ImageObject","inLanguage":"es","@id":"https:\/\/boodalo.com\/es\/villas-en-bali-en-venta\/#primaryimage","url":"https:\/\/boodalo.com\/wp-content\/uploads\/2022\/05\/Home-Boodalo.jpg","contentUrl":"https:\/\/boodalo.com\/wp-content\/uploads\/2022\/05\/Home-Boodalo.jpg","width":1440,"height":960},{"@type":"BreadcrumbList","@id":"https:\/\/boodalo.com\/es\/villas-en-bali-en-venta\/#breadcrumb","itemListElement":[{"@type":"ListItem","position":1,"name":"Home","item":"https:\/\/boodalo.com\/es\/"},{"@type":"ListItem","position":2,"name":"Villas en Bali en venta"}]},{"@type":"WebSite","@id":"https:\/\/boodalo.com\/es\/#website","url":"https:\/\/boodalo.com\/es\/","name":"Boodalo","description":"Indonesia Real Estate portal Website","publisher":{"@id":"https:\/\/boodalo.com\/es\/#organization"},"potentialAction":[{"@type":"SearchAction","target":{"@type":"EntryPoint","urlTemplate":"https:\/\/boodalo.com\/es\/?s={search_term_string}"},"query-input":{"@type":"PropertyValueSpecification","valueRequired":true,"valueName":"search_term_string"}}],"inLanguage":"es"},{"@type":"Organization","@id":"https:\/\/boodalo.com\/es\/#organization","name":"Boodalo","url":"https:\/\/boodalo.com\/es\/","logo":{"@type":"ImageObject","inLanguage":"es","@id":"https:\/\/boodalo.com\/es\/#\/schema\/logo\/image\/","url":"https:\/\/boodalo.com\/wp-content\/uploads\/2022\/05\/Boodalo-Logo.png","contentUrl":"https:\/\/boodalo.com\/wp-content\/uploads\/2022\/05\/Boodalo-Logo.png","width":171,"height":64,"caption":"Boodalo"},"image":{"@id":"https:\/\/boodalo.com\/es\/#\/schema\/logo\/image\/"}}]}},"_links":{"self":[{"href":"https:\/\/boodalo.com\/es\/wp-json\/wp\/v2\/pages\/25691","targetHints":{"allow":["GET"]}}],"collection":[{"href":"https:\/\/boodalo.com\/es\/wp-json\/wp\/v2\/pages"}],"about":[{"href":"https:\/\/boodalo.com\/es\/wp-json\/wp\/v2\/types\/page"}],"author":[{"embeddable":true,"href":"https:\/\/boodalo.com\/es\/wp-json\/wp\/v2\/users\/8"}],"replies":[{"embeddable":true,"href":"https:\/\/boodalo.com\/es\/wp-json\/wp\/v2\/comments?post=25691"}],"version-history":[{"count":15,"href":"https:\/\/boodalo.com\/es\/wp-json\/wp\/v2\/pages\/25691\/revisions"}],"predecessor-version":[{"id":27692,"href":"https:\/\/boodalo.com\/es\/wp-json\/wp\/v2\/pages\/25691\/revisions\/27692"}],"wp:featuredmedia":[{"embeddable":true,"href":"https:\/\/boodalo.com\/es\/wp-json\/wp\/v2\/media\/21324"}],"wp:attachment":[{"href":"https:\/\/boodalo.com\/es\/wp-json\/wp\/v2\/media?parent=25691"}],"curies":[{"name":"wp","href":"https:\/\/api.w.org\/{rel}","templated":true}]}}