{"id":25632,"date":"2022-11-15T18:25:34","date_gmt":"2022-11-15T10:25:34","guid":{"rendered":"https:\/\/boodalo.com\/leasehold-villa\/"},"modified":"2023-10-27T16:36:44","modified_gmt":"2023-10-27T08:36:44","slug":"villa-en-alquiler-en-bali-a-largo-plazo","status":"publish","type":"page","link":"https:\/\/boodalo.com\/es\/villa-en-alquiler-en-bali-a-largo-plazo\/","title":{"rendered":"Villa en alquiler en Bali a largo plazo"},"content":{"rendered":"\t\t<div data-elementor-type=\"wp-page\" data-elementor-id=\"25632\" class=\"elementor elementor-25632 elementor-18555\">\n\t\t\t\t\t\t\t\t\t<section class=\"elementor-section elementor-top-section elementor-element elementor-element-0ac37ab elementor-section-boxed elementor-section-height-default elementor-section-height-default\" data-id=\"0ac37ab\" data-element_type=\"section\">\n\t\t\t\t\t\t<div class=\"elementor-container elementor-column-gap-default\">\n\t\t\t\t\t<div class=\"elementor-column elementor-col-100 elementor-top-column elementor-element elementor-element-0f01c15\" data-id=\"0f01c15\" data-element_type=\"column\">\n\t\t\t<div class=\"elementor-widget-wrap elementor-element-populated\">\n\t\t\t\t\t\t\t\t<div class=\"elementor-element elementor-element-ea6e966 elementor-widget elementor-widget-heading\" data-id=\"ea6e966\" data-element_type=\"widget\" data-widget_type=\"heading.default\">\n\t\t\t\t<div class=\"elementor-widget-container\">\n\t\t\t<h2 class=\"elementor-heading-title elementor-size-default\">Felicidad de Bali a largo plazo: Villa en alquiler en Bali<\/h2>\t\t<\/div>\n\t\t\t\t<\/div>\n\t\t\t\t\t<\/div>\n\t\t<\/div>\n\t\t\t\t\t\t\t<\/div>\n\t\t<\/section>\n\t\t\t\t<section class=\"elementor-section elementor-top-section elementor-element elementor-element-16a90cea elementor-section-boxed elementor-section-height-default elementor-section-height-default\" data-id=\"16a90cea\" data-element_type=\"section\">\n\t\t\t\t\t\t<div class=\"elementor-container elementor-column-gap-default\">\n\t\t\t\t\t<div class=\"elementor-column elementor-col-100 elementor-top-column elementor-element elementor-element-120caa26\" data-id=\"120caa26\" data-element_type=\"column\">\n\t\t\t<div class=\"elementor-widget-wrap elementor-element-populated\">\n\t\t\t\t\t\t\t\t<div class=\"elementor-element elementor-element-27973d4b elementor-widget elementor-widget-text-editor\" data-id=\"27973d4b\" data-element_type=\"widget\" data-widget_type=\"text-editor.default\">\n\t\t\t\t<div class=\"elementor-widget-container\">\n\t\t\t\t\t\t\t<p>Si est\u00e1 buscando embarcarse en una aventura balinesa prolongada, le espera un placer. Bali ofrece no s\u00f3lo alquileres vacacionales a corto plazo, sino tambi\u00e9n una variedad de impresionantes villas para arrendamiento a largo plazo. En este art\u00edculo, lo guiaremos a trav\u00e9s del proceso de encontrar la <a href=\"https:\/\/boodalo.com\/es\/villa-en-alquiler-en-bali-a-largo-plazo\/\">villa en alquiler perfecta en Bali. largo plazo<\/a>, proporcion\u00e1ndote todas las comodidades del hogar mientras te sumerges en el encanto \u00fanico de la isla.<\/p><h3><strong>Explorando los alquileres de villas a largo plazo en Bali<\/strong><\/h3><p><a href=\"https:\/\/en.wikipedia.org\/wiki\/Bali\" target=\"_blank\" rel=\"noopener\">Bali<\/a> no es s\u00f3lo un lugar de vacaciones; es un destino donde la gente viene a vivir sus sue\u00f1os. Los alquileres de villas a largo plazo en Bali est\u00e1n dirigidos a aquellos que desean experimentar la belleza, la cultura y el estilo de vida de la isla durante un per\u00edodo prolongado. Ya sea que se mude por trabajo, busque un cambio de escenario o simplemente quiera vivir el sue\u00f1o de Bali, estas villas son la elecci\u00f3n perfecta.<\/p><h3><strong>Beneficios del alquiler de villas a largo plazo<\/strong><\/h3><ol><li><strong>Rentable<\/strong>: los alquileres de villas a largo plazo en Bali a menudo ofrecen tarifas significativamente m\u00e1s bajas que los alquileres de vacaciones a corto plazo, lo que los convierte en una opci\u00f3n econ\u00f3mica para estad\u00edas prolongadas.<\/li><li><strong>Comodidad y privacidad<\/strong>: disfrute de la comodidad y privacidad de su propia villa, completa con todas las comodidades que necesita para una experiencia de vida relajada y sin estr\u00e9s.<\/li><li><strong>Inmersi\u00f3n local<\/strong>: vivir en una villa le permite formar parte de la comunidad local, conectarse con los vecinos y sumergirse verdaderamente en el estilo de vida balin\u00e9s.<\/li><\/ol><h3><strong>C\u00f3mo encontrar la villa ideal en Bali para alquilar a largo plazo<\/strong><\/h3><ol><li><strong>Defina sus necesidades<\/strong>: comience enumerando sus requisitos, como la cantidad de habitaciones, la ubicaci\u00f3n y las comodidades. Bali ofrece una amplia gama de villas que se adaptan a diferentes preferencias.<\/li><li><strong>Consideraciones presupuestarias<\/strong>: determine su presupuesto para alquileres de villas a largo plazo. El mercado de alquiler de Bali es diverso, por lo que es probable que encuentre opciones que se ajusten a su plan financiero.<\/li><li><strong>Interact\u00fae con expertos locales<\/strong>: considere colaborar con agencias de villas en Bali que se especializan en arrendamientos a largo plazo. Tienen un amplio conocimiento local y pueden ayudarle a encontrar la villa perfecta.<\/li><\/ol><h3><strong>Villas en Bali en alquiler a largo plazo: su hogar lejos del hogar<\/strong><\/h3><p>En Bali Villas Direct, estamos aqu\u00ed para hacer que su estad\u00eda prolongada en Bali sea excepcional. Ofrecemos una cuidada selecci\u00f3n de villas en Bali para alquiler a largo plazo, que van desde acogedores escondites de un dormitorio hasta espaciosos retiros familiares. Cada villa est\u00e1 dise\u00f1ada para brindarle el m\u00e1ximo confort y conveniencia, permiti\u00e9ndole vivir el estilo de vida de Bali al m\u00e1ximo.<\/p><h3><strong>En conclusi\u00f3n<\/strong><\/h3><p>Una villa en alquiler en Bali a largo plazo es m\u00e1s que un simple lugar para quedarse; es una invitaci\u00f3n a experimentar Bali en todo su esplendor. Desde las tranquilas terrazas de arroz de Ubud hasta las vibrantes calles de Seminyak, el alquiler de villas a largo plazo en Bali abre la puerta a infinitas posibilidades. D\u00e9janos ayudarte a encontrar la villa ideal, donde cada d\u00eda sea una nueva aventura en el para\u00edso.<\/p><p>Entonces, comience su viaje hoy y explore los alquileres de villas a largo plazo en Bali. \u00a1Tu hogar lejos del hogar te est\u00e1 esperando! y gracias por visitar <a href=\"https:\/\/boodalo.com\/es\/\">propiedad en venta en Bali<\/a>.<\/p>\t\t\t\t\t\t<\/div>\n\t\t\t\t<\/div>\n\t\t\t\t\t<\/div>\n\t\t<\/div>\n\t\t\t\t\t\t\t<\/div>\n\t\t<\/section>\n\t\t\t\t\t\t\t<\/div>\n\t\t","protected":false},"excerpt":{"rendered":"<p>Felicidad de Bali a largo plazo: Villa en alquiler en Bali Si est\u00e1 buscando embarcarse en una aventura balinesa prolongada, le espera un placer. Bali ofrece no s\u00f3lo alquileres vacacionales a corto plazo, sino tambi\u00e9n una variedad de impresionantes villas para arrendamiento a largo plazo. En este art\u00edculo, lo guiaremos a trav\u00e9s del proceso de&#8230;<\/p>\n","protected":false},"author":8,"featured_media":21324,"parent":0,"menu_order":0,"comment_status":"closed","ping_status":"closed","template":"templates\/grid-layout-full-width.php","meta":{"_monsterinsights_skip_tracking":false,"_monsterinsights_sitenote_active":false,"_monsterinsights_sitenote_note":"","_monsterinsights_sitenote_category":0,"footnotes":""},"class_list":["post-25632","page","type-page","status-publish","has-post-thumbnail","hentry"],"yoast_head":"<!-- This site is optimized with the Yoast SEO plugin v25.5 - https:\/\/yoast.com\/wordpress\/plugins\/seo\/ -->\n<title>Villa en alquiler en Bali a largo plazo - Boodalo | Agente inmobiliario de Bali<\/title>\n<meta name=\"description\" content=\"Descubra su escapada ideal a Bali con nuestros alquileres de villas a largo plazo. Encuentre la Villa perfecta para alquilar en Bali a largo plazo y sum\u00e9rjase en la belleza y la cultura de la isla durante una estad\u00eda prolongada.\" \/>\n<meta name=\"robots\" content=\"index, follow, max-snippet:-1, max-image-preview:large, max-video-preview:-1\" \/>\n<link rel=\"canonical\" href=\"https:\/\/boodalo.com\/es\/villa-en-alquiler-en-bali-a-largo-plazo\/\" \/>\n<meta property=\"og:locale\" content=\"es_ES\" \/>\n<meta property=\"og:type\" content=\"article\" \/>\n<meta property=\"og:title\" content=\"Villa en alquiler en Bali a largo plazo - Boodalo | Agente inmobiliario de Bali\" \/>\n<meta property=\"og:description\" content=\"Descubra su escapada ideal a Bali con nuestros alquileres de villas a largo plazo. Encuentre la Villa perfecta para alquilar en Bali a largo plazo y sum\u00e9rjase en la belleza y la cultura de la isla durante una estad\u00eda prolongada.\" \/>\n<meta property=\"og:url\" content=\"https:\/\/boodalo.com\/es\/villa-en-alquiler-en-bali-a-largo-plazo\/\" \/>\n<meta property=\"og:site_name\" content=\"Boodalo\" \/>\n<meta property=\"article:modified_time\" content=\"2023-10-27T08:36:44+00:00\" \/>\n<meta property=\"og:image\" content=\"https:\/\/boodalo.com\/wp-content\/uploads\/2022\/05\/Home-Boodalo.jpg\" \/>\n\t<meta property=\"og:image:width\" content=\"1440\" \/>\n\t<meta property=\"og:image:height\" content=\"960\" \/>\n\t<meta property=\"og:image:type\" content=\"image\/jpeg\" \/>\n<meta name=\"twitter:card\" content=\"summary_large_image\" \/>\n<meta name=\"twitter:label1\" content=\"Tiempo de lectura\" \/>\n\t<meta name=\"twitter:data1\" content=\"3 minutos\" \/>\n<script type=\"application\/ld+json\" class=\"yoast-schema-graph\">{\"@context\":\"https:\/\/schema.org\",\"@graph\":[{\"@type\":\"WebPage\",\"@id\":\"https:\/\/boodalo.com\/es\/villa-en-alquiler-en-bali-a-largo-plazo\/\",\"url\":\"https:\/\/boodalo.com\/es\/villa-en-alquiler-en-bali-a-largo-plazo\/\",\"name\":\"Villa en alquiler en Bali a largo plazo - Boodalo | Agente inmobiliario de Bali\",\"isPartOf\":{\"@id\":\"https:\/\/boodalo.com\/es\/#website\"},\"primaryImageOfPage\":{\"@id\":\"https:\/\/boodalo.com\/es\/villa-en-alquiler-en-bali-a-largo-plazo\/#primaryimage\"},\"image\":{\"@id\":\"https:\/\/boodalo.com\/es\/villa-en-alquiler-en-bali-a-largo-plazo\/#primaryimage\"},\"thumbnailUrl\":\"https:\/\/boodalo.com\/wp-content\/uploads\/2022\/05\/Home-Boodalo.jpg\",\"datePublished\":\"2022-11-15T10:25:34+00:00\",\"dateModified\":\"2023-10-27T08:36:44+00:00\",\"description\":\"Descubra su escapada ideal a Bali con nuestros alquileres de villas a largo plazo. Encuentre la Villa perfecta para alquilar en Bali a largo plazo y sum\u00e9rjase en la belleza y la cultura de la isla durante una estad\u00eda prolongada.\",\"breadcrumb\":{\"@id\":\"https:\/\/boodalo.com\/es\/villa-en-alquiler-en-bali-a-largo-plazo\/#breadcrumb\"},\"inLanguage\":\"es\",\"potentialAction\":[{\"@type\":\"ReadAction\",\"target\":[\"https:\/\/boodalo.com\/es\/villa-en-alquiler-en-bali-a-largo-plazo\/\"]}]},{\"@type\":\"ImageObject\",\"inLanguage\":\"es\",\"@id\":\"https:\/\/boodalo.com\/es\/villa-en-alquiler-en-bali-a-largo-plazo\/#primaryimage\",\"url\":\"https:\/\/boodalo.com\/wp-content\/uploads\/2022\/05\/Home-Boodalo.jpg\",\"contentUrl\":\"https:\/\/boodalo.com\/wp-content\/uploads\/2022\/05\/Home-Boodalo.jpg\",\"width\":1440,\"height\":960},{\"@type\":\"BreadcrumbList\",\"@id\":\"https:\/\/boodalo.com\/es\/villa-en-alquiler-en-bali-a-largo-plazo\/#breadcrumb\",\"itemListElement\":[{\"@type\":\"ListItem\",\"position\":1,\"name\":\"Home\",\"item\":\"https:\/\/boodalo.com\/es\/\"},{\"@type\":\"ListItem\",\"position\":2,\"name\":\"Villa en alquiler en Bali a largo plazo\"}]},{\"@type\":\"WebSite\",\"@id\":\"https:\/\/boodalo.com\/es\/#website\",\"url\":\"https:\/\/boodalo.com\/es\/\",\"name\":\"Boodalo\",\"description\":\"Indonesia Real Estate portal Website\",\"publisher\":{\"@id\":\"https:\/\/boodalo.com\/es\/#organization\"},\"potentialAction\":[{\"@type\":\"SearchAction\",\"target\":{\"@type\":\"EntryPoint\",\"urlTemplate\":\"https:\/\/boodalo.com\/es\/?s={search_term_string}\"},\"query-input\":{\"@type\":\"PropertyValueSpecification\",\"valueRequired\":true,\"valueName\":\"search_term_string\"}}],\"inLanguage\":\"es\"},{\"@type\":\"Organization\",\"@id\":\"https:\/\/boodalo.com\/es\/#organization\",\"name\":\"Boodalo\",\"url\":\"https:\/\/boodalo.com\/es\/\",\"logo\":{\"@type\":\"ImageObject\",\"inLanguage\":\"es\",\"@id\":\"https:\/\/boodalo.com\/es\/#\/schema\/logo\/image\/\",\"url\":\"https:\/\/boodalo.com\/wp-content\/uploads\/2022\/05\/Boodalo-Logo.png\",\"contentUrl\":\"https:\/\/boodalo.com\/wp-content\/uploads\/2022\/05\/Boodalo-Logo.png\",\"width\":171,\"height\":64,\"caption\":\"Boodalo\"},\"image\":{\"@id\":\"https:\/\/boodalo.com\/es\/#\/schema\/logo\/image\/\"}}]}<\/script>\n<!-- \/ Yoast SEO plugin. -->","yoast_head_json":{"title":"Villa en alquiler en Bali a largo plazo - Boodalo | Agente inmobiliario de Bali","description":"Descubra su escapada ideal a Bali con nuestros alquileres de villas a largo plazo. Encuentre la Villa perfecta para alquilar en Bali a largo plazo y sum\u00e9rjase en la belleza y la cultura de la isla durante una estad\u00eda prolongada.","robots":{"index":"index","follow":"follow","max-snippet":"max-snippet:-1","max-image-preview":"max-image-preview:large","max-video-preview":"max-video-preview:-1"},"canonical":"https:\/\/boodalo.com\/es\/villa-en-alquiler-en-bali-a-largo-plazo\/","og_locale":"es_ES","og_type":"article","og_title":"Villa en alquiler en Bali a largo plazo - Boodalo | Agente inmobiliario de Bali","og_description":"Descubra su escapada ideal a Bali con nuestros alquileres de villas a largo plazo. Encuentre la Villa perfecta para alquilar en Bali a largo plazo y sum\u00e9rjase en la belleza y la cultura de la isla durante una estad\u00eda prolongada.","og_url":"https:\/\/boodalo.com\/es\/villa-en-alquiler-en-bali-a-largo-plazo\/","og_site_name":"Boodalo","article_modified_time":"2023-10-27T08:36:44+00:00","og_image":[{"width":1440,"height":960,"url":"https:\/\/boodalo.com\/wp-content\/uploads\/2022\/05\/Home-Boodalo.jpg","type":"image\/jpeg"}],"twitter_card":"summary_large_image","twitter_misc":{"Tiempo de lectura":"3 minutos"},"schema":{"@context":"https:\/\/schema.org","@graph":[{"@type":"WebPage","@id":"https:\/\/boodalo.com\/es\/villa-en-alquiler-en-bali-a-largo-plazo\/","url":"https:\/\/boodalo.com\/es\/villa-en-alquiler-en-bali-a-largo-plazo\/","name":"Villa en alquiler en Bali a largo plazo - Boodalo | Agente inmobiliario de Bali","isPartOf":{"@id":"https:\/\/boodalo.com\/es\/#website"},"primaryImageOfPage":{"@id":"https:\/\/boodalo.com\/es\/villa-en-alquiler-en-bali-a-largo-plazo\/#primaryimage"},"image":{"@id":"https:\/\/boodalo.com\/es\/villa-en-alquiler-en-bali-a-largo-plazo\/#primaryimage"},"thumbnailUrl":"https:\/\/boodalo.com\/wp-content\/uploads\/2022\/05\/Home-Boodalo.jpg","datePublished":"2022-11-15T10:25:34+00:00","dateModified":"2023-10-27T08:36:44+00:00","description":"Descubra su escapada ideal a Bali con nuestros alquileres de villas a largo plazo. Encuentre la Villa perfecta para alquilar en Bali a largo plazo y sum\u00e9rjase en la belleza y la cultura de la isla durante una estad\u00eda prolongada.","breadcrumb":{"@id":"https:\/\/boodalo.com\/es\/villa-en-alquiler-en-bali-a-largo-plazo\/#breadcrumb"},"inLanguage":"es","potentialAction":[{"@type":"ReadAction","target":["https:\/\/boodalo.com\/es\/villa-en-alquiler-en-bali-a-largo-plazo\/"]}]},{"@type":"ImageObject","inLanguage":"es","@id":"https:\/\/boodalo.com\/es\/villa-en-alquiler-en-bali-a-largo-plazo\/#primaryimage","url":"https:\/\/boodalo.com\/wp-content\/uploads\/2022\/05\/Home-Boodalo.jpg","contentUrl":"https:\/\/boodalo.com\/wp-content\/uploads\/2022\/05\/Home-Boodalo.jpg","width":1440,"height":960},{"@type":"BreadcrumbList","@id":"https:\/\/boodalo.com\/es\/villa-en-alquiler-en-bali-a-largo-plazo\/#breadcrumb","itemListElement":[{"@type":"ListItem","position":1,"name":"Home","item":"https:\/\/boodalo.com\/es\/"},{"@type":"ListItem","position":2,"name":"Villa en alquiler en Bali a largo plazo"}]},{"@type":"WebSite","@id":"https:\/\/boodalo.com\/es\/#website","url":"https:\/\/boodalo.com\/es\/","name":"Boodalo","description":"Indonesia Real Estate portal Website","publisher":{"@id":"https:\/\/boodalo.com\/es\/#organization"},"potentialAction":[{"@type":"SearchAction","target":{"@type":"EntryPoint","urlTemplate":"https:\/\/boodalo.com\/es\/?s={search_term_string}"},"query-input":{"@type":"PropertyValueSpecification","valueRequired":true,"valueName":"search_term_string"}}],"inLanguage":"es"},{"@type":"Organization","@id":"https:\/\/boodalo.com\/es\/#organization","name":"Boodalo","url":"https:\/\/boodalo.com\/es\/","logo":{"@type":"ImageObject","inLanguage":"es","@id":"https:\/\/boodalo.com\/es\/#\/schema\/logo\/image\/","url":"https:\/\/boodalo.com\/wp-content\/uploads\/2022\/05\/Boodalo-Logo.png","contentUrl":"https:\/\/boodalo.com\/wp-content\/uploads\/2022\/05\/Boodalo-Logo.png","width":171,"height":64,"caption":"Boodalo"},"image":{"@id":"https:\/\/boodalo.com\/es\/#\/schema\/logo\/image\/"}}]}},"_links":{"self":[{"href":"https:\/\/boodalo.com\/es\/wp-json\/wp\/v2\/pages\/25632","targetHints":{"allow":["GET"]}}],"collection":[{"href":"https:\/\/boodalo.com\/es\/wp-json\/wp\/v2\/pages"}],"about":[{"href":"https:\/\/boodalo.com\/es\/wp-json\/wp\/v2\/types\/page"}],"author":[{"embeddable":true,"href":"https:\/\/boodalo.com\/es\/wp-json\/wp\/v2\/users\/8"}],"replies":[{"embeddable":true,"href":"https:\/\/boodalo.com\/es\/wp-json\/wp\/v2\/comments?post=25632"}],"version-history":[{"count":18,"href":"https:\/\/boodalo.com\/es\/wp-json\/wp\/v2\/pages\/25632\/revisions"}],"predecessor-version":[{"id":28092,"href":"https:\/\/boodalo.com\/es\/wp-json\/wp\/v2\/pages\/25632\/revisions\/28092"}],"wp:featuredmedia":[{"embeddable":true,"href":"https:\/\/boodalo.com\/es\/wp-json\/wp\/v2\/media\/21324"}],"wp:attachment":[{"href":"https:\/\/boodalo.com\/es\/wp-json\/wp\/v2\/media?parent=25632"}],"curies":[{"name":"wp","href":"https:\/\/api.w.org\/{rel}","templated":true}]}}