{"id":26202,"date":"2023-10-13T17:05:35","date_gmt":"2023-10-13T09:05:35","guid":{"rendered":"https:\/\/boodalo.com\/bali-business-sale\/"},"modified":"2023-10-21T21:50:11","modified_gmt":"2023-10-21T13:50:11","slug":"bali-geschaeftsverkauf","status":"publish","type":"page","link":"https:\/\/boodalo.com\/de\/bali-geschaeftsverkauf\/","title":{"rendered":"Bali-Gesch\u00e4ftsverkauf"},"content":{"rendered":"\t\t<div data-elementor-type=\"wp-page\" data-elementor-id=\"26202\" class=\"elementor elementor-26202 elementor-26194\">\n\t\t\t\t\t\t\t\t\t<section class=\"elementor-section elementor-top-section elementor-element elementor-element-3625a6c elementor-section-boxed elementor-section-height-default elementor-section-height-default\" data-id=\"3625a6c\" data-element_type=\"section\">\n\t\t\t\t\t\t<div class=\"elementor-container elementor-column-gap-default\">\n\t\t\t\t\t<div class=\"elementor-column elementor-col-100 elementor-top-column elementor-element elementor-element-ab0d6a9\" data-id=\"ab0d6a9\" data-element_type=\"column\">\n\t\t\t<div class=\"elementor-widget-wrap elementor-element-populated\">\n\t\t\t\t\t\t\t\t<div class=\"elementor-element elementor-element-28e60ba elementor-widget elementor-widget-heading\" data-id=\"28e60ba\" data-element_type=\"widget\" data-widget_type=\"heading.default\">\n\t\t\t\t<div class=\"elementor-widget-container\">\n\t\t\t<h2 class=\"elementor-heading-title elementor-size-default\">Investieren Sie Ihr Gesch\u00e4ft auf Bali<\/h2>\t\t<\/div>\n\t\t\t\t<\/div>\n\t\t\t\t<div class=\"elementor-element elementor-element-369116a elementor-widget elementor-widget-text-editor\" data-id=\"369116a\" data-element_type=\"widget\" data-widget_type=\"text-editor.default\">\n\t\t\t\t<div class=\"elementor-widget-container\">\n\t\t\t\t\t\t\tWenn Sie \u00fcber einen Gesch\u00e4ftsverkauf auf Bali nachdenken, sind Sie hier richtig. <a href=\"https:\/\/en.wikipedia.org\/wiki\/Bali\" target=\"_blank\" rel=\"noopener\">Bali<\/a>, das tropische Paradies, das f\u00fcr seine atemberaubenden Landschaften und seine lebendige Kultur bekannt ist, ist dies nicht nicht nur ein erstklassiges Touristenziel, sondern auch ein Land voller Gesch\u00e4ftsm\u00f6glichkeiten. Ganz gleich, ob Sie ein Unternehmer auf der Suche nach Ihrem n\u00e4chsten Vorhaben oder ein Investor auf der Suche nach profitablen M\u00f6glichkeiten sind, die Optionen f\u00fcr den Verkauf von Unternehmen in Bali, Indonesien, sind vielf\u00e4ltig und aufregend.\n<h3><strong>In Bali-Gesch\u00e4fte investieren<\/strong><\/h3>\nUnternehmensinvestitionen auf Bali sind in den letzten Jahren immer beliebter geworden. Die florierende Tourismusbranche der Insel bietet gepaart mit ihrer wachsenden Beliebtheit als Reiseziel f\u00fcr Remote-Arbeiter eine Reihe von Gesch\u00e4ftsaussichten. Von Boutique-Hotels und Restaurants bis hin zu Wellnesscentern und Co-Working-Spaces ist f\u00fcr jeden Unternehmergeist etwas dabei.\n\nEiner der Hauptvorteile eines Unternehmensverkaufs auf Bali ist die M\u00f6glichkeit, in einen etablierten Markt einzutreten. Die Zahl der Touristen, die auf die Insel kommen, nimmt weiter zu, was sie zu einem attraktiven Knotenpunkt f\u00fcr verschiedene Gesch\u00e4ftsvorhaben macht. Unternehmer und Investoren sind gleicherma\u00dfen von Balis Potenzial f\u00fcr gesunde Kapitalrenditen angezogen.\n<h3><strong>Das richtige Unternehmen ausw\u00e4hlen<\/strong><\/h3>\nDer Gesch\u00e4ftsmarkt auf Bali ist so vielf\u00e4ltig wie seine Landschaft. Mit der richtigen Beratung k\u00f6nnen Sie das ideale Unternehmen zum Verkauf auf Bali finden, das Ihren Interessen und Investitionszielen entspricht. Ganz gleich, ob Sie auf der Suche nach einem schl\u00fcsselfertigen Projekt oder der Entwicklung eines Unternehmens sind, Bali bietet eine Vielzahl von M\u00f6glichkeiten.\n<h3><strong>Nischenchancen<\/strong><\/h3>\nDie Gesch\u00e4ftsm\u00f6glichkeiten auf Bali erstrecken sich \u00fcber zahlreiche Nischen, darunter Gastgewerbe, Wellness, F&amp;B, Einzelhandel und Technologie. Wenn Sie in ein Unternehmen auf Bali investieren, k\u00f6nnen Sie diese Nischenm\u00e4rkte erkunden und von der wachsenden Tourismusbranche der Insel profitieren.\n<h3><strong>Rechtlichkeit und Sorgfaltspflicht<\/strong><\/h3>\nBevor Sie eine Gesch\u00e4ftsinvestition auf Bali t\u00e4tigen, ist es wichtig, die rechtlichen und finanziellen Aspekte zu verstehen. Dazu geh\u00f6rt die sorgf\u00e4ltige Pr\u00fcfung, das Verst\u00e4ndnis der \u00f6rtlichen Vorschriften und die Beschaffung der erforderlichen Genehmigungen und Lizenzen. Viele Gesch\u00e4ftsinhaber entscheiden sich daf\u00fcr, mit lokalen Experten oder Agenten zusammenzuarbeiten, die mit den Feinheiten der Gesch\u00e4ftslandschaft Balis bestens vertraut sind.\n\nZusammenfassend l\u00e4sst sich sagen, dass ein <a href=\"https:\/\/boodalo.com\/de\/bali-geschaeftsverkauf\/\">Bali-Gesch\u00e4ftsverkauf<\/a> ein lohnendes Unterfangen sein kann. Die tropische Insel bietet zahlreiche Investitionsm\u00f6glichkeiten in verschiedenen Sektoren und ist damit eine attraktive Perspektive f\u00fcr Unternehmer und Investoren. Indem Sie das zum Verkauf stehende Unternehmen auf Bali, Indonesien, erkunden und eine gr\u00fcndliche Due-Diligence-Pr\u00fcfung durchf\u00fchren, k\u00f6nnen Sie die perfekte Investitionsm\u00f6glichkeit finden, die Ihren Zielen entspricht. Balis wachsende Tourismusbranche und einzigartige Kultur schaffen ein ideales Umfeld f\u00fcr diejenigen, die gesch\u00e4ftlichen Erfolg anstreben.\n\nWenn Sie also bereit sind, Ihre gesch\u00e4ftliche Investitionsreise auf Bali anzutreten, sollten Sie die Auswahl an zum Verkauf stehenden Unternehmen in diesem tropischen Paradies erkunden. Mit der richtigen Beratung und einer durchdachten Strategie k\u00f6nnen Sie Ihre Anlagetr\u00e4ume Wirklichkeit werden lassen. Vielen Dank f\u00fcr Ihren Besuch <a href=\"https:\/\/boodalo.com\/de\/\">Immobilien auf Bali, Indonesien<\/a>.\t\t\t\t\t\t<\/div>\n\t\t\t\t<\/div>\n\t\t\t\t\t<\/div>\n\t\t<\/div>\n\t\t\t\t\t\t\t<\/div>\n\t\t<\/section>\n\t\t\t\t\t\t\t<\/div>\n\t\t","protected":false},"excerpt":{"rendered":"<p>Investieren Sie Ihr Gesch\u00e4ft auf Bali Wenn Sie \u00fcber einen Gesch\u00e4ftsverkauf auf Bali nachdenken, sind Sie hier richtig. Bali, das tropische Paradies, das f\u00fcr seine atemberaubenden Landschaften und seine lebendige Kultur bekannt ist, ist dies nicht nicht nur ein erstklassiges Touristenziel, sondern auch ein Land voller Gesch\u00e4ftsm\u00f6glichkeiten. Ganz gleich, ob Sie ein Unternehmer auf der&#8230;<\/p>\n","protected":false},"author":8,"featured_media":21322,"parent":0,"menu_order":0,"comment_status":"closed","ping_status":"closed","template":"templates\/grid-layout-full-width.php","meta":{"_monsterinsights_skip_tracking":false,"_monsterinsights_sitenote_active":false,"_monsterinsights_sitenote_note":"","_monsterinsights_sitenote_category":0,"footnotes":""},"class_list":["post-26202","page","type-page","status-publish","has-post-thumbnail","hentry"],"yoast_head":"<!-- This site is optimized with the Yoast SEO plugin v25.5 - https:\/\/yoast.com\/wordpress\/plugins\/seo\/ -->\n<title>Bali-Gesch\u00e4ftsverkauf - Boodalo<\/title>\n<meta name=\"description\" content=\"Erkundung der Gesch\u00e4ftsm\u00f6glichkeiten auf Bali: Investieren Sie in den Gesch\u00e4ftsverkauf auf Bali \u2013 Ihr Tor zum Erfolg. Finden Sie ein profitables Unternehmen zum Verkauf in Bali, Indonesien, f\u00fcr vielversprechende gesch\u00e4ftliche Investitionen in Bali. Entdecken Sie Nischenunternehmen f\u00fcr Ihre Zukunft\" \/>\n<meta name=\"robots\" content=\"index, follow, max-snippet:-1, max-image-preview:large, max-video-preview:-1\" \/>\n<link rel=\"canonical\" href=\"https:\/\/boodalo.com\/de\/bali-geschaeftsverkauf\/\" \/>\n<meta property=\"og:locale\" content=\"de_DE\" \/>\n<meta property=\"og:type\" content=\"article\" \/>\n<meta property=\"og:title\" content=\"Bali-Gesch\u00e4ftsverkauf - Boodalo\" \/>\n<meta property=\"og:description\" content=\"Erkundung der Gesch\u00e4ftsm\u00f6glichkeiten auf Bali: Investieren Sie in den Gesch\u00e4ftsverkauf auf Bali \u2013 Ihr Tor zum Erfolg. Finden Sie ein profitables Unternehmen zum Verkauf in Bali, Indonesien, f\u00fcr vielversprechende gesch\u00e4ftliche Investitionen in Bali. Entdecken Sie Nischenunternehmen f\u00fcr Ihre Zukunft\" \/>\n<meta property=\"og:url\" content=\"https:\/\/boodalo.com\/de\/bali-geschaeftsverkauf\/\" \/>\n<meta property=\"og:site_name\" content=\"Boodalo\" \/>\n<meta property=\"article:modified_time\" content=\"2023-10-21T13:50:11+00:00\" \/>\n<meta property=\"og:image\" content=\"https:\/\/boodalo.com\/wp-content\/uploads\/2022\/05\/Home-Boodalo.jpg\" \/>\n\t<meta property=\"og:image:width\" content=\"1440\" \/>\n\t<meta property=\"og:image:height\" content=\"960\" \/>\n\t<meta property=\"og:image:type\" content=\"image\/jpeg\" \/>\n<meta name=\"twitter:card\" content=\"summary_large_image\" \/>\n<meta name=\"twitter:label1\" content=\"Gesch\u00e4tzte Lesezeit\" \/>\n\t<meta name=\"twitter:data1\" content=\"3\u00a0Minuten\" \/>\n<script type=\"application\/ld+json\" class=\"yoast-schema-graph\">{\"@context\":\"https:\/\/schema.org\",\"@graph\":[{\"@type\":\"WebPage\",\"@id\":\"https:\/\/boodalo.com\/de\/bali-geschaeftsverkauf\/\",\"url\":\"https:\/\/boodalo.com\/de\/bali-geschaeftsverkauf\/\",\"name\":\"Bali-Gesch\u00e4ftsverkauf - Boodalo\",\"isPartOf\":{\"@id\":\"https:\/\/boodalo.com\/de\/#website\"},\"primaryImageOfPage\":{\"@id\":\"https:\/\/boodalo.com\/de\/bali-geschaeftsverkauf\/#primaryimage\"},\"image\":{\"@id\":\"https:\/\/boodalo.com\/de\/bali-geschaeftsverkauf\/#primaryimage\"},\"thumbnailUrl\":\"https:\/\/boodalo.com\/wp-content\/uploads\/2022\/05\/Home-Boodalo.jpg\",\"datePublished\":\"2023-10-13T09:05:35+00:00\",\"dateModified\":\"2023-10-21T13:50:11+00:00\",\"description\":\"Erkundung der Gesch\u00e4ftsm\u00f6glichkeiten auf Bali: Investieren Sie in den Gesch\u00e4ftsverkauf auf Bali \u2013 Ihr Tor zum Erfolg. Finden Sie ein profitables Unternehmen zum Verkauf in Bali, Indonesien, f\u00fcr vielversprechende gesch\u00e4ftliche Investitionen in Bali. Entdecken Sie Nischenunternehmen f\u00fcr Ihre Zukunft\",\"breadcrumb\":{\"@id\":\"https:\/\/boodalo.com\/de\/bali-geschaeftsverkauf\/#breadcrumb\"},\"inLanguage\":\"de\",\"potentialAction\":[{\"@type\":\"ReadAction\",\"target\":[\"https:\/\/boodalo.com\/de\/bali-geschaeftsverkauf\/\"]}]},{\"@type\":\"ImageObject\",\"inLanguage\":\"de\",\"@id\":\"https:\/\/boodalo.com\/de\/bali-geschaeftsverkauf\/#primaryimage\",\"url\":\"https:\/\/boodalo.com\/wp-content\/uploads\/2022\/05\/Home-Boodalo.jpg\",\"contentUrl\":\"https:\/\/boodalo.com\/wp-content\/uploads\/2022\/05\/Home-Boodalo.jpg\",\"width\":1440,\"height\":960},{\"@type\":\"BreadcrumbList\",\"@id\":\"https:\/\/boodalo.com\/de\/bali-geschaeftsverkauf\/#breadcrumb\",\"itemListElement\":[{\"@type\":\"ListItem\",\"position\":1,\"name\":\"Home\",\"item\":\"https:\/\/boodalo.com\/de\/\"},{\"@type\":\"ListItem\",\"position\":2,\"name\":\"Bali-Gesch\u00e4ftsverkauf\"}]},{\"@type\":\"WebSite\",\"@id\":\"https:\/\/boodalo.com\/de\/#website\",\"url\":\"https:\/\/boodalo.com\/de\/\",\"name\":\"Boodalo\",\"description\":\"Indonesia Real Estate portal Website\",\"publisher\":{\"@id\":\"https:\/\/boodalo.com\/de\/#organization\"},\"potentialAction\":[{\"@type\":\"SearchAction\",\"target\":{\"@type\":\"EntryPoint\",\"urlTemplate\":\"https:\/\/boodalo.com\/de\/?s={search_term_string}\"},\"query-input\":{\"@type\":\"PropertyValueSpecification\",\"valueRequired\":true,\"valueName\":\"search_term_string\"}}],\"inLanguage\":\"de\"},{\"@type\":\"Organization\",\"@id\":\"https:\/\/boodalo.com\/de\/#organization\",\"name\":\"Boodalo\",\"url\":\"https:\/\/boodalo.com\/de\/\",\"logo\":{\"@type\":\"ImageObject\",\"inLanguage\":\"de\",\"@id\":\"https:\/\/boodalo.com\/de\/#\/schema\/logo\/image\/\",\"url\":\"https:\/\/boodalo.com\/wp-content\/uploads\/2022\/05\/Boodalo-Logo.png\",\"contentUrl\":\"https:\/\/boodalo.com\/wp-content\/uploads\/2022\/05\/Boodalo-Logo.png\",\"width\":171,\"height\":64,\"caption\":\"Boodalo\"},\"image\":{\"@id\":\"https:\/\/boodalo.com\/de\/#\/schema\/logo\/image\/\"}}]}<\/script>\n<!-- \/ Yoast SEO plugin. -->","yoast_head_json":{"title":"Bali-Gesch\u00e4ftsverkauf - Boodalo","description":"Erkundung der Gesch\u00e4ftsm\u00f6glichkeiten auf Bali: Investieren Sie in den Gesch\u00e4ftsverkauf auf Bali \u2013 Ihr Tor zum Erfolg. Finden Sie ein profitables Unternehmen zum Verkauf in Bali, Indonesien, f\u00fcr vielversprechende gesch\u00e4ftliche Investitionen in Bali. Entdecken Sie Nischenunternehmen f\u00fcr Ihre Zukunft","robots":{"index":"index","follow":"follow","max-snippet":"max-snippet:-1","max-image-preview":"max-image-preview:large","max-video-preview":"max-video-preview:-1"},"canonical":"https:\/\/boodalo.com\/de\/bali-geschaeftsverkauf\/","og_locale":"de_DE","og_type":"article","og_title":"Bali-Gesch\u00e4ftsverkauf - Boodalo","og_description":"Erkundung der Gesch\u00e4ftsm\u00f6glichkeiten auf Bali: Investieren Sie in den Gesch\u00e4ftsverkauf auf Bali \u2013 Ihr Tor zum Erfolg. Finden Sie ein profitables Unternehmen zum Verkauf in Bali, Indonesien, f\u00fcr vielversprechende gesch\u00e4ftliche Investitionen in Bali. Entdecken Sie Nischenunternehmen f\u00fcr Ihre Zukunft","og_url":"https:\/\/boodalo.com\/de\/bali-geschaeftsverkauf\/","og_site_name":"Boodalo","article_modified_time":"2023-10-21T13:50:11+00:00","og_image":[{"width":1440,"height":960,"url":"https:\/\/boodalo.com\/wp-content\/uploads\/2022\/05\/Home-Boodalo.jpg","type":"image\/jpeg"}],"twitter_card":"summary_large_image","twitter_misc":{"Gesch\u00e4tzte Lesezeit":"3\u00a0Minuten"},"schema":{"@context":"https:\/\/schema.org","@graph":[{"@type":"WebPage","@id":"https:\/\/boodalo.com\/de\/bali-geschaeftsverkauf\/","url":"https:\/\/boodalo.com\/de\/bali-geschaeftsverkauf\/","name":"Bali-Gesch\u00e4ftsverkauf - Boodalo","isPartOf":{"@id":"https:\/\/boodalo.com\/de\/#website"},"primaryImageOfPage":{"@id":"https:\/\/boodalo.com\/de\/bali-geschaeftsverkauf\/#primaryimage"},"image":{"@id":"https:\/\/boodalo.com\/de\/bali-geschaeftsverkauf\/#primaryimage"},"thumbnailUrl":"https:\/\/boodalo.com\/wp-content\/uploads\/2022\/05\/Home-Boodalo.jpg","datePublished":"2023-10-13T09:05:35+00:00","dateModified":"2023-10-21T13:50:11+00:00","description":"Erkundung der Gesch\u00e4ftsm\u00f6glichkeiten auf Bali: Investieren Sie in den Gesch\u00e4ftsverkauf auf Bali \u2013 Ihr Tor zum Erfolg. Finden Sie ein profitables Unternehmen zum Verkauf in Bali, Indonesien, f\u00fcr vielversprechende gesch\u00e4ftliche Investitionen in Bali. Entdecken Sie Nischenunternehmen f\u00fcr Ihre Zukunft","breadcrumb":{"@id":"https:\/\/boodalo.com\/de\/bali-geschaeftsverkauf\/#breadcrumb"},"inLanguage":"de","potentialAction":[{"@type":"ReadAction","target":["https:\/\/boodalo.com\/de\/bali-geschaeftsverkauf\/"]}]},{"@type":"ImageObject","inLanguage":"de","@id":"https:\/\/boodalo.com\/de\/bali-geschaeftsverkauf\/#primaryimage","url":"https:\/\/boodalo.com\/wp-content\/uploads\/2022\/05\/Home-Boodalo.jpg","contentUrl":"https:\/\/boodalo.com\/wp-content\/uploads\/2022\/05\/Home-Boodalo.jpg","width":1440,"height":960},{"@type":"BreadcrumbList","@id":"https:\/\/boodalo.com\/de\/bali-geschaeftsverkauf\/#breadcrumb","itemListElement":[{"@type":"ListItem","position":1,"name":"Home","item":"https:\/\/boodalo.com\/de\/"},{"@type":"ListItem","position":2,"name":"Bali-Gesch\u00e4ftsverkauf"}]},{"@type":"WebSite","@id":"https:\/\/boodalo.com\/de\/#website","url":"https:\/\/boodalo.com\/de\/","name":"Boodalo","description":"Indonesia Real Estate portal Website","publisher":{"@id":"https:\/\/boodalo.com\/de\/#organization"},"potentialAction":[{"@type":"SearchAction","target":{"@type":"EntryPoint","urlTemplate":"https:\/\/boodalo.com\/de\/?s={search_term_string}"},"query-input":{"@type":"PropertyValueSpecification","valueRequired":true,"valueName":"search_term_string"}}],"inLanguage":"de"},{"@type":"Organization","@id":"https:\/\/boodalo.com\/de\/#organization","name":"Boodalo","url":"https:\/\/boodalo.com\/de\/","logo":{"@type":"ImageObject","inLanguage":"de","@id":"https:\/\/boodalo.com\/de\/#\/schema\/logo\/image\/","url":"https:\/\/boodalo.com\/wp-content\/uploads\/2022\/05\/Boodalo-Logo.png","contentUrl":"https:\/\/boodalo.com\/wp-content\/uploads\/2022\/05\/Boodalo-Logo.png","width":171,"height":64,"caption":"Boodalo"},"image":{"@id":"https:\/\/boodalo.com\/de\/#\/schema\/logo\/image\/"}}]}},"_links":{"self":[{"href":"https:\/\/boodalo.com\/de\/wp-json\/wp\/v2\/pages\/26202","targetHints":{"allow":["GET"]}}],"collection":[{"href":"https:\/\/boodalo.com\/de\/wp-json\/wp\/v2\/pages"}],"about":[{"href":"https:\/\/boodalo.com\/de\/wp-json\/wp\/v2\/types\/page"}],"author":[{"embeddable":true,"href":"https:\/\/boodalo.com\/de\/wp-json\/wp\/v2\/users\/8"}],"replies":[{"embeddable":true,"href":"https:\/\/boodalo.com\/de\/wp-json\/wp\/v2\/comments?post=26202"}],"version-history":[{"count":9,"href":"https:\/\/boodalo.com\/de\/wp-json\/wp\/v2\/pages\/26202\/revisions"}],"predecessor-version":[{"id":27518,"href":"https:\/\/boodalo.com\/de\/wp-json\/wp\/v2\/pages\/26202\/revisions\/27518"}],"wp:featuredmedia":[{"embeddable":true,"href":"https:\/\/boodalo.com\/de\/wp-json\/wp\/v2\/media\/21322"}],"wp:attachment":[{"href":"https:\/\/boodalo.com\/de\/wp-json\/wp\/v2\/media?parent=26202"}],"curies":[{"name":"wp","href":"https:\/\/api.w.org\/{rel}","templated":true}]}}