{"id":26146,"date":"2023-10-08T13:41:00","date_gmt":"2023-10-08T05:41:00","guid":{"rendered":"https:\/\/boodalo.com\/bali-leasehold-land\/"},"modified":"2023-10-26T12:14:45","modified_gmt":"2023-10-26T04:14:45","slug":"pachtgrundstueck-auf-bali","status":"publish","type":"page","link":"https:\/\/boodalo.com\/de\/pachtgrundstueck-auf-bali\/","title":{"rendered":"Pachtgrundst\u00fcck auf Bali"},"content":{"rendered":"\t\t<div data-elementor-type=\"wp-page\" data-elementor-id=\"26146\" class=\"elementor elementor-26146 elementor-26139\">\n\t\t\t\t\t\t\t\t\t<section class=\"elementor-section elementor-top-section elementor-element elementor-element-358ba3 elementor-section-boxed elementor-section-height-default elementor-section-height-default\" data-id=\"358ba3\" data-element_type=\"section\">\n\t\t\t\t\t\t<div class=\"elementor-container elementor-column-gap-default\">\n\t\t\t\t\t<div class=\"elementor-column elementor-col-100 elementor-top-column elementor-element elementor-element-4770a8a\" data-id=\"4770a8a\" data-element_type=\"column\">\n\t\t\t<div class=\"elementor-widget-wrap elementor-element-populated\">\n\t\t\t\t\t\t\t\t<div class=\"elementor-element elementor-element-b599b82 elementor-widget elementor-widget-heading\" data-id=\"b599b82\" data-element_type=\"widget\" data-widget_type=\"heading.default\">\n\t\t\t\t<div class=\"elementor-widget-container\">\n\t\t\t<h2 class=\"elementor-heading-title elementor-size-default\">In Pachtland auf Bali investieren: Ihr Tor zum Paradies<\/h2>\t\t<\/div>\n\t\t\t\t<\/div>\n\t\t\t\t<div class=\"elementor-element elementor-element-937c8e8 elementor-widget elementor-widget-text-editor\" data-id=\"937c8e8\" data-element_type=\"widget\" data-widget_type=\"text-editor.default\">\n\t\t\t\t<div class=\"elementor-widget-container\">\n\t\t\t\t\t\t\t<p>Tr\u00e4umen Sie davon, ein St\u00fcck Paradies auf <a href=\"https:\/\/en.wikipedia.org\/wiki\/Bali\">Bali<\/a> zu besitzen? Die atemberaubenden Landschaften und die lebendige Kultur der Insel machen sie zu einem erstklassigen Reiseziel f\u00fcr diejenigen, die einen tropischen Urlaub oder eine rentable Immobilieninvestition suchen. Bali bietet Ausl\u00e4ndern eine einzigartige Gelegenheit, Pachtland zu erwerben, sodass Sie die Sch\u00f6nheit dieses tropischen Paradieses noch viele Jahre lang genie\u00dfen k\u00f6nnen. In diesem Artikel untersuchen wir die Vorteile einer Investition in Pachtland auf Bali und wie es eine kluge Wahl sowohl f\u00fcr den pers\u00f6nlichen Gebrauch als auch f\u00fcr den finanziellen Gewinn sein kann.<\/p><h3><strong>Warum Pachtland auf Bali?<\/strong><\/h3><p>Der Immobilienmarkt auf Bali boomt in den letzten Jahren und immer mehr Investoren wollen von der wachsenden Beliebtheit der Insel profitieren. W\u00e4hrend der Besitz von Grundeigentum in der Regel auf indonesische Staatsb\u00fcrger beschr\u00e4nkt ist, bietet Pachtland eine attraktive Alternative f\u00fcr Ausl\u00e4nder.<\/p><p>Mit Pachtgrundst\u00fccken k\u00f6nnen Sie sich eine Immobilie f\u00fcr einen vorher festgelegten Zeitraum sichern, der sich h\u00e4ufig auf 25 oder sogar 30 Jahre erstreckt, mit der M\u00f6glichkeit einer Verl\u00e4ngerung des Pachtvertrags. Durch diese Vereinbarung erhalten Sie das Recht, das Grundst\u00fcck w\u00e4hrend der Mietdauer zu nutzen und zu erschlie\u00dfen, sodass Sie ausreichend Zeit haben, Ihre Immobilie zu genie\u00dfen oder Mieteinnahmen zu erzielen.<\/p><h3><strong>Vorteile von Pachtgrundst\u00fccken auf Bali<\/strong><\/h3><ol><li><strong>Erschwinglichkeit<\/strong>: Pachtgrundst\u00fccke auf Bali sind in der Regel g\u00fcnstiger als Eigentumsgrundst\u00fccke, was sie zu einer attraktiven Wahl f\u00fcr preisbewusste K\u00e4ufer macht. Sie k\u00f6nnen die Vorteile einer Immobilie auf Bali genie\u00dfen, ohne die hohen Vorabkosten, die mit Eigentumsbesitz verbunden sind.<\/li><li><strong>Investitionspotenzial<\/strong>: Balis Tourismusbranche floriert und die Nachfrage nach Ferienvermietungen und Anlageimmobilien steigt. Durch den Kauf von Pachtgrundst\u00fccken k\u00f6nnen Sie den lukrativen Markt der Ferienvermietung erschlie\u00dfen und sich so ein stetiges Einkommen sichern.<\/li><li><strong>Flexibilit\u00e4t<\/strong>: Pachtgrundst\u00fccke geben Ihnen die Freiheit, Ihre Immobilie so zu entwickeln, wie Sie es f\u00fcr richtig halten. Egal, ob Sie eine luxuri\u00f6se Villa, ein Boutique-Hotel oder einen charmanten R\u00fcckzugsort bauen m\u00f6chten, Sie haben die kreative Kontrolle, Ihre Traumimmobilie zu gestalten.<\/li><li><strong>Verl\u00e4ngerbare Mietvertr\u00e4ge<\/strong>: Viele Pachtvertr\u00e4ge auf Bali sind verl\u00e4ngerbar, sodass Sie Ihren Mietvertrag nach Ablauf verl\u00e4ngern k\u00f6nnen. So k\u00f6nnen Sie auch in Zukunft von Ihrer Investition profitieren.<\/li><\/ol><h3><strong>Das richtige Pachtgrundst\u00fcck auf Bali finden<\/strong><\/h3><p>Bei der Suche nach <a href=\"https:\/\/boodalo.com\/de\/pachtgrundstueck-auf-bali\/\">Bali-Pachtland<\/a> ist es wichtig, mit einer seri\u00f6sen Immobilienagentur zusammenzuarbeiten, die auf diese Art von Transaktion spezialisiert ist. Eine zuverl\u00e4ssige Agentur hilft Ihnen, sich durch die rechtlichen Aspekte zurechtzufinden, g\u00fcnstige Konditionen auszuhandeln und einen reibungslosen Erwerbsprozess sicherzustellen.<\/p><p>Zusammenfassend l\u00e4sst sich sagen, dass Pachtgrundst\u00fccke auf Bali eine attraktive M\u00f6glichkeit f\u00fcr Ausl\u00e4nder bieten, in ein tropisches Paradies zu investieren. Mit seiner Erschwinglichkeit, dem Investitionspotenzial, der Flexibilit\u00e4t und den verl\u00e4ngerbaren Mietvertr\u00e4gen ist es eine kluge Wahl f\u00fcr diejenigen, die ein St\u00fcck der Sch\u00f6nheit Balis besitzen m\u00f6chten. Ganz gleich, ob Sie auf der Suche nach einem pers\u00f6nlichen R\u00fcckzugsort oder einem profitablen Immobilienprojekt sind, Balis Markt f\u00fcr Pachtgrundst\u00fccke hat f\u00fcr jeden etwas zu bieten. Erkunden Sie Ihre M\u00f6glichkeiten und vielleicht finden Sie auf Bali das perfekte St\u00fcck Paradies, das auf Sie wartet. Vielen Dank f\u00fcr Ihren Besuch <a href=\"https:\/\/boodalo.com\/de\/\">Bali Immobilienagentur<\/a>.<\/p>\t\t\t\t\t\t<\/div>\n\t\t\t\t<\/div>\n\t\t\t\t\t<\/div>\n\t\t<\/div>\n\t\t\t\t\t\t\t<\/div>\n\t\t<\/section>\n\t\t\t\t\t\t\t<\/div>\n\t\t","protected":false},"excerpt":{"rendered":"<p>In Pachtland auf Bali investieren: Ihr Tor zum Paradies Tr\u00e4umen Sie davon, ein St\u00fcck Paradies auf Bali zu besitzen? Die atemberaubenden Landschaften und die lebendige Kultur der Insel machen sie zu einem erstklassigen Reiseziel f\u00fcr diejenigen, die einen tropischen Urlaub oder eine rentable Immobilieninvestition suchen. Bali bietet Ausl\u00e4ndern eine einzigartige Gelegenheit, Pachtland zu erwerben, sodass&#8230;<\/p>\n","protected":false},"author":8,"featured_media":21322,"parent":0,"menu_order":0,"comment_status":"closed","ping_status":"closed","template":"templates\/grid-layout-full-width.php","meta":{"_monsterinsights_skip_tracking":false,"_monsterinsights_sitenote_active":false,"_monsterinsights_sitenote_note":"","_monsterinsights_sitenote_category":0,"footnotes":""},"class_list":["post-26146","page","type-page","status-publish","has-post-thumbnail","hentry"],"yoast_head":"<!-- This site is optimized with the Yoast SEO plugin v25.5 - https:\/\/yoast.com\/wordpress\/plugins\/seo\/ -->\n<title>Pachtgrundst\u00fcck auf Bali - Boodalo | Immobilienmakler auf Bali<\/title>\n<meta name=\"description\" content=\"Entdecken Sie Bali Pachtland: Ihr Tor zum tropischen Eigentum. Entdecken Sie erschwingliche Pachtgrundst\u00fccksoptionen, die sich perfekt f\u00fcr Investitionen oder den pers\u00f6nlichen Gebrauch im Paradies Balis eignen.\" \/>\n<meta name=\"robots\" content=\"index, follow, max-snippet:-1, max-image-preview:large, max-video-preview:-1\" \/>\n<link rel=\"canonical\" href=\"https:\/\/boodalo.com\/de\/pachtgrundstueck-auf-bali\/\" \/>\n<meta property=\"og:locale\" content=\"de_DE\" \/>\n<meta property=\"og:type\" content=\"article\" \/>\n<meta property=\"og:title\" content=\"Pachtgrundst\u00fcck auf Bali - Boodalo | Immobilienmakler auf Bali\" \/>\n<meta property=\"og:description\" content=\"Entdecken Sie Bali Pachtland: Ihr Tor zum tropischen Eigentum. Entdecken Sie erschwingliche Pachtgrundst\u00fccksoptionen, die sich perfekt f\u00fcr Investitionen oder den pers\u00f6nlichen Gebrauch im Paradies Balis eignen.\" \/>\n<meta property=\"og:url\" content=\"https:\/\/boodalo.com\/de\/pachtgrundstueck-auf-bali\/\" \/>\n<meta property=\"og:site_name\" content=\"Boodalo\" \/>\n<meta property=\"article:modified_time\" content=\"2023-10-26T04:14:45+00:00\" \/>\n<meta property=\"og:image\" content=\"https:\/\/boodalo.com\/wp-content\/uploads\/2022\/05\/Home-Boodalo.jpg\" \/>\n\t<meta property=\"og:image:width\" content=\"1440\" \/>\n\t<meta property=\"og:image:height\" content=\"960\" \/>\n\t<meta property=\"og:image:type\" content=\"image\/jpeg\" \/>\n<meta name=\"twitter:card\" content=\"summary_large_image\" \/>\n<meta name=\"twitter:label1\" content=\"Gesch\u00e4tzte Lesezeit\" \/>\n\t<meta name=\"twitter:data1\" content=\"3\u00a0Minuten\" \/>\n<script type=\"application\/ld+json\" class=\"yoast-schema-graph\">{\"@context\":\"https:\/\/schema.org\",\"@graph\":[{\"@type\":\"WebPage\",\"@id\":\"https:\/\/boodalo.com\/de\/pachtgrundstueck-auf-bali\/\",\"url\":\"https:\/\/boodalo.com\/de\/pachtgrundstueck-auf-bali\/\",\"name\":\"Pachtgrundst\u00fcck auf Bali - Boodalo | Immobilienmakler auf Bali\",\"isPartOf\":{\"@id\":\"https:\/\/boodalo.com\/de\/#website\"},\"primaryImageOfPage\":{\"@id\":\"https:\/\/boodalo.com\/de\/pachtgrundstueck-auf-bali\/#primaryimage\"},\"image\":{\"@id\":\"https:\/\/boodalo.com\/de\/pachtgrundstueck-auf-bali\/#primaryimage\"},\"thumbnailUrl\":\"https:\/\/boodalo.com\/wp-content\/uploads\/2022\/05\/Home-Boodalo.jpg\",\"datePublished\":\"2023-10-08T05:41:00+00:00\",\"dateModified\":\"2023-10-26T04:14:45+00:00\",\"description\":\"Entdecken Sie Bali Pachtland: Ihr Tor zum tropischen Eigentum. Entdecken Sie erschwingliche Pachtgrundst\u00fccksoptionen, die sich perfekt f\u00fcr Investitionen oder den pers\u00f6nlichen Gebrauch im Paradies Balis eignen.\",\"breadcrumb\":{\"@id\":\"https:\/\/boodalo.com\/de\/pachtgrundstueck-auf-bali\/#breadcrumb\"},\"inLanguage\":\"de\",\"potentialAction\":[{\"@type\":\"ReadAction\",\"target\":[\"https:\/\/boodalo.com\/de\/pachtgrundstueck-auf-bali\/\"]}]},{\"@type\":\"ImageObject\",\"inLanguage\":\"de\",\"@id\":\"https:\/\/boodalo.com\/de\/pachtgrundstueck-auf-bali\/#primaryimage\",\"url\":\"https:\/\/boodalo.com\/wp-content\/uploads\/2022\/05\/Home-Boodalo.jpg\",\"contentUrl\":\"https:\/\/boodalo.com\/wp-content\/uploads\/2022\/05\/Home-Boodalo.jpg\",\"width\":1440,\"height\":960},{\"@type\":\"BreadcrumbList\",\"@id\":\"https:\/\/boodalo.com\/de\/pachtgrundstueck-auf-bali\/#breadcrumb\",\"itemListElement\":[{\"@type\":\"ListItem\",\"position\":1,\"name\":\"Home\",\"item\":\"https:\/\/boodalo.com\/de\/\"},{\"@type\":\"ListItem\",\"position\":2,\"name\":\"Pachtgrundst\u00fcck auf Bali\"}]},{\"@type\":\"WebSite\",\"@id\":\"https:\/\/boodalo.com\/de\/#website\",\"url\":\"https:\/\/boodalo.com\/de\/\",\"name\":\"Boodalo\",\"description\":\"Indonesia Real Estate portal Website\",\"publisher\":{\"@id\":\"https:\/\/boodalo.com\/de\/#organization\"},\"potentialAction\":[{\"@type\":\"SearchAction\",\"target\":{\"@type\":\"EntryPoint\",\"urlTemplate\":\"https:\/\/boodalo.com\/de\/?s={search_term_string}\"},\"query-input\":{\"@type\":\"PropertyValueSpecification\",\"valueRequired\":true,\"valueName\":\"search_term_string\"}}],\"inLanguage\":\"de\"},{\"@type\":\"Organization\",\"@id\":\"https:\/\/boodalo.com\/de\/#organization\",\"name\":\"Boodalo\",\"url\":\"https:\/\/boodalo.com\/de\/\",\"logo\":{\"@type\":\"ImageObject\",\"inLanguage\":\"de\",\"@id\":\"https:\/\/boodalo.com\/de\/#\/schema\/logo\/image\/\",\"url\":\"https:\/\/boodalo.com\/wp-content\/uploads\/2022\/05\/Boodalo-Logo.png\",\"contentUrl\":\"https:\/\/boodalo.com\/wp-content\/uploads\/2022\/05\/Boodalo-Logo.png\",\"width\":171,\"height\":64,\"caption\":\"Boodalo\"},\"image\":{\"@id\":\"https:\/\/boodalo.com\/de\/#\/schema\/logo\/image\/\"}}]}<\/script>\n<!-- \/ Yoast SEO plugin. -->","yoast_head_json":{"title":"Pachtgrundst\u00fcck auf Bali - Boodalo | Immobilienmakler auf Bali","description":"Entdecken Sie Bali Pachtland: Ihr Tor zum tropischen Eigentum. Entdecken Sie erschwingliche Pachtgrundst\u00fccksoptionen, die sich perfekt f\u00fcr Investitionen oder den pers\u00f6nlichen Gebrauch im Paradies Balis eignen.","robots":{"index":"index","follow":"follow","max-snippet":"max-snippet:-1","max-image-preview":"max-image-preview:large","max-video-preview":"max-video-preview:-1"},"canonical":"https:\/\/boodalo.com\/de\/pachtgrundstueck-auf-bali\/","og_locale":"de_DE","og_type":"article","og_title":"Pachtgrundst\u00fcck auf Bali - Boodalo | Immobilienmakler auf Bali","og_description":"Entdecken Sie Bali Pachtland: Ihr Tor zum tropischen Eigentum. Entdecken Sie erschwingliche Pachtgrundst\u00fccksoptionen, die sich perfekt f\u00fcr Investitionen oder den pers\u00f6nlichen Gebrauch im Paradies Balis eignen.","og_url":"https:\/\/boodalo.com\/de\/pachtgrundstueck-auf-bali\/","og_site_name":"Boodalo","article_modified_time":"2023-10-26T04:14:45+00:00","og_image":[{"width":1440,"height":960,"url":"https:\/\/boodalo.com\/wp-content\/uploads\/2022\/05\/Home-Boodalo.jpg","type":"image\/jpeg"}],"twitter_card":"summary_large_image","twitter_misc":{"Gesch\u00e4tzte Lesezeit":"3\u00a0Minuten"},"schema":{"@context":"https:\/\/schema.org","@graph":[{"@type":"WebPage","@id":"https:\/\/boodalo.com\/de\/pachtgrundstueck-auf-bali\/","url":"https:\/\/boodalo.com\/de\/pachtgrundstueck-auf-bali\/","name":"Pachtgrundst\u00fcck auf Bali - Boodalo | Immobilienmakler auf Bali","isPartOf":{"@id":"https:\/\/boodalo.com\/de\/#website"},"primaryImageOfPage":{"@id":"https:\/\/boodalo.com\/de\/pachtgrundstueck-auf-bali\/#primaryimage"},"image":{"@id":"https:\/\/boodalo.com\/de\/pachtgrundstueck-auf-bali\/#primaryimage"},"thumbnailUrl":"https:\/\/boodalo.com\/wp-content\/uploads\/2022\/05\/Home-Boodalo.jpg","datePublished":"2023-10-08T05:41:00+00:00","dateModified":"2023-10-26T04:14:45+00:00","description":"Entdecken Sie Bali Pachtland: Ihr Tor zum tropischen Eigentum. Entdecken Sie erschwingliche Pachtgrundst\u00fccksoptionen, die sich perfekt f\u00fcr Investitionen oder den pers\u00f6nlichen Gebrauch im Paradies Balis eignen.","breadcrumb":{"@id":"https:\/\/boodalo.com\/de\/pachtgrundstueck-auf-bali\/#breadcrumb"},"inLanguage":"de","potentialAction":[{"@type":"ReadAction","target":["https:\/\/boodalo.com\/de\/pachtgrundstueck-auf-bali\/"]}]},{"@type":"ImageObject","inLanguage":"de","@id":"https:\/\/boodalo.com\/de\/pachtgrundstueck-auf-bali\/#primaryimage","url":"https:\/\/boodalo.com\/wp-content\/uploads\/2022\/05\/Home-Boodalo.jpg","contentUrl":"https:\/\/boodalo.com\/wp-content\/uploads\/2022\/05\/Home-Boodalo.jpg","width":1440,"height":960},{"@type":"BreadcrumbList","@id":"https:\/\/boodalo.com\/de\/pachtgrundstueck-auf-bali\/#breadcrumb","itemListElement":[{"@type":"ListItem","position":1,"name":"Home","item":"https:\/\/boodalo.com\/de\/"},{"@type":"ListItem","position":2,"name":"Pachtgrundst\u00fcck auf Bali"}]},{"@type":"WebSite","@id":"https:\/\/boodalo.com\/de\/#website","url":"https:\/\/boodalo.com\/de\/","name":"Boodalo","description":"Indonesia Real Estate portal Website","publisher":{"@id":"https:\/\/boodalo.com\/de\/#organization"},"potentialAction":[{"@type":"SearchAction","target":{"@type":"EntryPoint","urlTemplate":"https:\/\/boodalo.com\/de\/?s={search_term_string}"},"query-input":{"@type":"PropertyValueSpecification","valueRequired":true,"valueName":"search_term_string"}}],"inLanguage":"de"},{"@type":"Organization","@id":"https:\/\/boodalo.com\/de\/#organization","name":"Boodalo","url":"https:\/\/boodalo.com\/de\/","logo":{"@type":"ImageObject","inLanguage":"de","@id":"https:\/\/boodalo.com\/de\/#\/schema\/logo\/image\/","url":"https:\/\/boodalo.com\/wp-content\/uploads\/2022\/05\/Boodalo-Logo.png","contentUrl":"https:\/\/boodalo.com\/wp-content\/uploads\/2022\/05\/Boodalo-Logo.png","width":171,"height":64,"caption":"Boodalo"},"image":{"@id":"https:\/\/boodalo.com\/de\/#\/schema\/logo\/image\/"}}]}},"_links":{"self":[{"href":"https:\/\/boodalo.com\/de\/wp-json\/wp\/v2\/pages\/26146","targetHints":{"allow":["GET"]}}],"collection":[{"href":"https:\/\/boodalo.com\/de\/wp-json\/wp\/v2\/pages"}],"about":[{"href":"https:\/\/boodalo.com\/de\/wp-json\/wp\/v2\/types\/page"}],"author":[{"embeddable":true,"href":"https:\/\/boodalo.com\/de\/wp-json\/wp\/v2\/users\/8"}],"replies":[{"embeddable":true,"href":"https:\/\/boodalo.com\/de\/wp-json\/wp\/v2\/comments?post=26146"}],"version-history":[{"count":10,"href":"https:\/\/boodalo.com\/de\/wp-json\/wp\/v2\/pages\/26146\/revisions"}],"predecessor-version":[{"id":27864,"href":"https:\/\/boodalo.com\/de\/wp-json\/wp\/v2\/pages\/26146\/revisions\/27864"}],"wp:featuredmedia":[{"embeddable":true,"href":"https:\/\/boodalo.com\/de\/wp-json\/wp\/v2\/media\/21322"}],"wp:attachment":[{"href":"https:\/\/boodalo.com\/de\/wp-json\/wp\/v2\/media?parent=26146"}],"curies":[{"name":"wp","href":"https:\/\/api.w.org\/{rel}","templated":true}]}}