{"id":26122,"date":"2023-10-08T13:06:07","date_gmt":"2023-10-08T05:06:07","guid":{"rendered":"https:\/\/boodalo.com\/bali-property-rental\/"},"modified":"2023-10-25T17:06:37","modified_gmt":"2023-10-25T09:06:37","slug":"immobilienvermietung-auf-bali","status":"publish","type":"page","link":"https:\/\/boodalo.com\/de\/immobilienvermietung-auf-bali\/","title":{"rendered":"Immobilienvermietung auf Bali"},"content":{"rendered":"\t\t<div data-elementor-type=\"wp-page\" data-elementor-id=\"26122\" class=\"elementor elementor-26122 elementor-26094\">\n\t\t\t\t\t\t\t\t\t<section class=\"elementor-section elementor-top-section elementor-element elementor-element-47cb6bd1 elementor-section-boxed elementor-section-height-default elementor-section-height-default\" data-id=\"47cb6bd1\" data-element_type=\"section\">\n\t\t\t\t\t\t<div class=\"elementor-container elementor-column-gap-default\">\n\t\t\t\t\t<div class=\"elementor-column elementor-col-100 elementor-top-column elementor-element elementor-element-64baba06\" data-id=\"64baba06\" data-element_type=\"column\">\n\t\t\t<div class=\"elementor-widget-wrap elementor-element-populated\">\n\t\t\t\t\t\t\t\t<div class=\"elementor-element elementor-element-0e7931f elementor-widget elementor-widget-heading\" data-id=\"0e7931f\" data-element_type=\"widget\" data-widget_type=\"heading.default\">\n\t\t\t\t<div class=\"elementor-widget-container\">\n\t\t\t<h2 class=\"elementor-heading-title elementor-size-default\">Immobilienvermietung auf Bali: Ihr Tor zu einem Traumurlaub<\/h2>\t\t<\/div>\n\t\t\t\t<\/div>\n\t\t\t\t<div class=\"elementor-element elementor-element-76cf07a5 elementor-widget elementor-widget-text-editor\" data-id=\"76cf07a5\" data-element_type=\"widget\" data-widget_type=\"text-editor.default\">\n\t\t\t\t<div class=\"elementor-widget-container\">\n\t\t\t\t\t\t\t<p>Stellen Sie sich vor, Sie wachen mit dem sanften Rauschen der Wellen am Ufer und im \u00fcppigen Gr\u00fcn von <a href=\"https:\/\/en.wikipedia.org\/wiki\/Bali\" target=\"_blank\" rel=\"noopener\">Bali<\/a> auf direkt vor Ihrem Fenster. Ihr Traumurlaub wird Wirklichkeit, wenn Sie die Optionen f\u00fcr die <a href=\"https:\/\/boodalo.com\/de\/immobilienvermietung-auf-bali\/\">Immobilienvermietung auf Bali<\/a> erkunden. Bali bietet mit seinen atemberaubenden Landschaften und seinem reichen kulturellen Erbe eine gro\u00dfe Auswahl an Mietobjekten, die Ihren Urlaub zu einem unvergesslichen Erlebnis machen k\u00f6nnen.<\/p><p>Bei Bali Property Rental sind wir darauf spezialisiert, Reisenden ihre ideale Unterkunft in diesem tropischen Paradies zu vermitteln. Egal, ob Sie eine luxuri\u00f6se Villa, einen gem\u00fctlichen Bungalow am Strand oder ein stilvolles Apartment suchen, wir haben ein vielf\u00e4ltiges Portfolio an Mietimmobilien auf Bali, die Ihren Vorlieben entsprechen.<\/p><h3><strong>Warum sollten Sie sich f\u00fcr Bali Property Rental entscheiden?<\/strong><\/h3><ol><li><strong>Gro\u00dfe Vielfalt<\/strong>: Unser umfangreiches Angebot umfasst Optionen zur Immobilienvermietung auf Bali an verschiedenen Standorten auf der ganzen Insel. Von den lebhaften Stra\u00dfen von Seminyak bis zu den ruhigen Str\u00e4nden von Uluwatu finden Sie die perfekte Unterkunft f\u00fcr Ihr gew\u00fcnschtes Erlebnis.<\/li><li><strong>Lokale Expertise<\/strong>: Mit jahrelanger Erfahrung auf dem Bali-Immobilienmarkt verf\u00fcgt unser Team \u00fcber ein tiefes Verst\u00e4ndnis der einzigartigen Viertel und Gemeinden der Insel. Wir k\u00f6nnen Ihnen wertvolle Erkenntnisse liefern, um sicherzustellen, dass Sie die richtige Wahl treffen.<\/li><li><strong>Pers\u00f6nlicher Service<\/strong>: Wir glauben, dass Ihr Urlaubserlebnis auf Ihre Bed\u00fcrfnisse zugeschnitten sein sollte. Unser engagiertes Team arbeitet eng mit Ihnen zusammen, um Ihre Anforderungen zu verstehen und die ideale Mietimmobilie auf Bali zu finden.<\/li><li><strong>Nahtloser Prozess<\/strong>: Wir k\u00fcmmern uns um alle Aspekte des Vermietungsprozesses, von der Objektauswahl bis zur Buchung und dem Check-in. Ihre Immobilienvermietung auf Bali wird von Anfang bis Ende problemlos verlaufen.<\/li><\/ol><h3><strong>Immobilienvermietung auf Bali: Ein einzigartiges Erlebnis<\/strong><\/h3><p>Bali ist mehr als nur ein Reiseziel; Es ist eine Reise der Selbstfindung, des Eintauchens in die Kultur und der Naturwunder. Wenn Sie sich f\u00fcr die Vermietung einer Immobilie auf Bali entscheiden, \u00f6ffnen Sie die T\u00fcr zu einer Welt voller M\u00f6glichkeiten. Wachen Sie mit atemberaubenden Sonnenaufg\u00e4ngen \u00fcber dem Indischen Ozean auf, erkunden Sie die lebhaften lokalen M\u00e4rkte und genie\u00dfen Sie die reichhaltigen Aromen der balinesischen K\u00fcche.<\/p><p>Ganz gleich, ob Sie mit der Familie, Freunden oder auf einem Solo-Abenteuer reisen, unsere Mietimmobilie auf Bali bietet den perfekten Ausgangspunkt, um die Sch\u00e4tze der Insel zu erkunden. Tauchen Sie ein in kristallklares Wasser, wandern Sie durch \u00fcppige Reisterrassen und erleben Sie faszinierende Tempelzeremonien.<\/p><p>Ihr Bali-Urlaub beginnt mit der richtigen Immobilienvermietung. Lassen Sie sich von uns dabei unterst\u00fctzen, die ideale Mietimmobilie auf Bali zu finden, die Ihren Tr\u00e4umen entspricht. Kontaktieren Sie Bali Property Rental noch heute und beginnen Sie Ihre Reise zu einem au\u00dfergew\u00f6hnlichen Urlaub auf Bali. Ihr St\u00fcck Paradies ist nur einen Klick entfernt. Vielen Dank f\u00fcr Ihren Besuch <a href=\"https:\/\/boodalo.com\/de\/\">Bali-Immobilienmakler<\/a>.<\/p>\t\t\t\t\t\t<\/div>\n\t\t\t\t<\/div>\n\t\t\t\t\t<\/div>\n\t\t<\/div>\n\t\t\t\t\t\t\t<\/div>\n\t\t<\/section>\n\t\t\t\t\t\t\t<\/div>\n\t\t","protected":false},"excerpt":{"rendered":"<p>Immobilienvermietung auf Bali: Ihr Tor zu einem Traumurlaub Stellen Sie sich vor, Sie wachen mit dem sanften Rauschen der Wellen am Ufer und im \u00fcppigen Gr\u00fcn von Bali auf direkt vor Ihrem Fenster. Ihr Traumurlaub wird Wirklichkeit, wenn Sie die Optionen f\u00fcr die Immobilienvermietung auf Bali erkunden. Bali bietet mit seinen atemberaubenden Landschaften und seinem&#8230;<\/p>\n","protected":false},"author":8,"featured_media":21322,"parent":0,"menu_order":0,"comment_status":"closed","ping_status":"closed","template":"templates\/grid-layout-full-width.php","meta":{"_monsterinsights_skip_tracking":false,"_monsterinsights_sitenote_active":false,"_monsterinsights_sitenote_note":"","_monsterinsights_sitenote_category":0,"footnotes":""},"class_list":["post-26122","page","type-page","status-publish","has-post-thumbnail","hentry"],"yoast_head":"<!-- This site is optimized with the Yoast SEO plugin v25.5 - https:\/\/yoast.com\/wordpress\/plugins\/seo\/ -->\n<title>Immobilienvermietung auf Bali - Boodalo | Bali-Immobilienmakler<\/title>\n<meta name=\"description\" content=\"Entdecken Sie die perfekte Immobilienvermietung auf Bali \u2013 Ihr Tor zu einem potenziellen Unternehmen auf Bali. Weitere Immobilien zur Miete finden Sie bei uns.\" \/>\n<meta name=\"robots\" content=\"index, follow, max-snippet:-1, max-image-preview:large, max-video-preview:-1\" \/>\n<link rel=\"canonical\" href=\"https:\/\/boodalo.com\/de\/immobilienvermietung-auf-bali\/\" \/>\n<meta property=\"og:locale\" content=\"de_DE\" \/>\n<meta property=\"og:type\" content=\"article\" \/>\n<meta property=\"og:title\" content=\"Immobilienvermietung auf Bali - Boodalo | Bali-Immobilienmakler\" \/>\n<meta property=\"og:description\" content=\"Entdecken Sie die perfekte Immobilienvermietung auf Bali \u2013 Ihr Tor zu einem potenziellen Unternehmen auf Bali. Weitere Immobilien zur Miete finden Sie bei uns.\" \/>\n<meta property=\"og:url\" content=\"https:\/\/boodalo.com\/de\/immobilienvermietung-auf-bali\/\" \/>\n<meta property=\"og:site_name\" content=\"Boodalo\" \/>\n<meta property=\"article:modified_time\" content=\"2023-10-25T09:06:37+00:00\" \/>\n<meta property=\"og:image\" content=\"https:\/\/boodalo.com\/wp-content\/uploads\/2022\/05\/Home-Boodalo.jpg\" \/>\n\t<meta property=\"og:image:width\" content=\"1440\" \/>\n\t<meta property=\"og:image:height\" content=\"960\" \/>\n\t<meta property=\"og:image:type\" content=\"image\/jpeg\" \/>\n<meta name=\"twitter:card\" content=\"summary_large_image\" \/>\n<meta name=\"twitter:label1\" content=\"Gesch\u00e4tzte Lesezeit\" \/>\n\t<meta name=\"twitter:data1\" content=\"2\u00a0Minuten\" \/>\n<script type=\"application\/ld+json\" class=\"yoast-schema-graph\">{\"@context\":\"https:\/\/schema.org\",\"@graph\":[{\"@type\":\"WebPage\",\"@id\":\"https:\/\/boodalo.com\/de\/immobilienvermietung-auf-bali\/\",\"url\":\"https:\/\/boodalo.com\/de\/immobilienvermietung-auf-bali\/\",\"name\":\"Immobilienvermietung auf Bali - Boodalo | Bali-Immobilienmakler\",\"isPartOf\":{\"@id\":\"https:\/\/boodalo.com\/de\/#website\"},\"primaryImageOfPage\":{\"@id\":\"https:\/\/boodalo.com\/de\/immobilienvermietung-auf-bali\/#primaryimage\"},\"image\":{\"@id\":\"https:\/\/boodalo.com\/de\/immobilienvermietung-auf-bali\/#primaryimage\"},\"thumbnailUrl\":\"https:\/\/boodalo.com\/wp-content\/uploads\/2022\/05\/Home-Boodalo.jpg\",\"datePublished\":\"2023-10-08T05:06:07+00:00\",\"dateModified\":\"2023-10-25T09:06:37+00:00\",\"description\":\"Entdecken Sie die perfekte Immobilienvermietung auf Bali \u2013 Ihr Tor zu einem potenziellen Unternehmen auf Bali. Weitere Immobilien zur Miete finden Sie bei uns.\",\"breadcrumb\":{\"@id\":\"https:\/\/boodalo.com\/de\/immobilienvermietung-auf-bali\/#breadcrumb\"},\"inLanguage\":\"de\",\"potentialAction\":[{\"@type\":\"ReadAction\",\"target\":[\"https:\/\/boodalo.com\/de\/immobilienvermietung-auf-bali\/\"]}]},{\"@type\":\"ImageObject\",\"inLanguage\":\"de\",\"@id\":\"https:\/\/boodalo.com\/de\/immobilienvermietung-auf-bali\/#primaryimage\",\"url\":\"https:\/\/boodalo.com\/wp-content\/uploads\/2022\/05\/Home-Boodalo.jpg\",\"contentUrl\":\"https:\/\/boodalo.com\/wp-content\/uploads\/2022\/05\/Home-Boodalo.jpg\",\"width\":1440,\"height\":960},{\"@type\":\"BreadcrumbList\",\"@id\":\"https:\/\/boodalo.com\/de\/immobilienvermietung-auf-bali\/#breadcrumb\",\"itemListElement\":[{\"@type\":\"ListItem\",\"position\":1,\"name\":\"Home\",\"item\":\"https:\/\/boodalo.com\/de\/\"},{\"@type\":\"ListItem\",\"position\":2,\"name\":\"Immobilienvermietung auf Bali\"}]},{\"@type\":\"WebSite\",\"@id\":\"https:\/\/boodalo.com\/de\/#website\",\"url\":\"https:\/\/boodalo.com\/de\/\",\"name\":\"Boodalo\",\"description\":\"Indonesia Real Estate portal Website\",\"publisher\":{\"@id\":\"https:\/\/boodalo.com\/de\/#organization\"},\"potentialAction\":[{\"@type\":\"SearchAction\",\"target\":{\"@type\":\"EntryPoint\",\"urlTemplate\":\"https:\/\/boodalo.com\/de\/?s={search_term_string}\"},\"query-input\":{\"@type\":\"PropertyValueSpecification\",\"valueRequired\":true,\"valueName\":\"search_term_string\"}}],\"inLanguage\":\"de\"},{\"@type\":\"Organization\",\"@id\":\"https:\/\/boodalo.com\/de\/#organization\",\"name\":\"Boodalo\",\"url\":\"https:\/\/boodalo.com\/de\/\",\"logo\":{\"@type\":\"ImageObject\",\"inLanguage\":\"de\",\"@id\":\"https:\/\/boodalo.com\/de\/#\/schema\/logo\/image\/\",\"url\":\"https:\/\/boodalo.com\/wp-content\/uploads\/2022\/05\/Boodalo-Logo.png\",\"contentUrl\":\"https:\/\/boodalo.com\/wp-content\/uploads\/2022\/05\/Boodalo-Logo.png\",\"width\":171,\"height\":64,\"caption\":\"Boodalo\"},\"image\":{\"@id\":\"https:\/\/boodalo.com\/de\/#\/schema\/logo\/image\/\"}}]}<\/script>\n<!-- \/ Yoast SEO plugin. -->","yoast_head_json":{"title":"Immobilienvermietung auf Bali - Boodalo | Bali-Immobilienmakler","description":"Entdecken Sie die perfekte Immobilienvermietung auf Bali \u2013 Ihr Tor zu einem potenziellen Unternehmen auf Bali. Weitere Immobilien zur Miete finden Sie bei uns.","robots":{"index":"index","follow":"follow","max-snippet":"max-snippet:-1","max-image-preview":"max-image-preview:large","max-video-preview":"max-video-preview:-1"},"canonical":"https:\/\/boodalo.com\/de\/immobilienvermietung-auf-bali\/","og_locale":"de_DE","og_type":"article","og_title":"Immobilienvermietung auf Bali - Boodalo | Bali-Immobilienmakler","og_description":"Entdecken Sie die perfekte Immobilienvermietung auf Bali \u2013 Ihr Tor zu einem potenziellen Unternehmen auf Bali. Weitere Immobilien zur Miete finden Sie bei uns.","og_url":"https:\/\/boodalo.com\/de\/immobilienvermietung-auf-bali\/","og_site_name":"Boodalo","article_modified_time":"2023-10-25T09:06:37+00:00","og_image":[{"width":1440,"height":960,"url":"https:\/\/boodalo.com\/wp-content\/uploads\/2022\/05\/Home-Boodalo.jpg","type":"image\/jpeg"}],"twitter_card":"summary_large_image","twitter_misc":{"Gesch\u00e4tzte Lesezeit":"2\u00a0Minuten"},"schema":{"@context":"https:\/\/schema.org","@graph":[{"@type":"WebPage","@id":"https:\/\/boodalo.com\/de\/immobilienvermietung-auf-bali\/","url":"https:\/\/boodalo.com\/de\/immobilienvermietung-auf-bali\/","name":"Immobilienvermietung auf Bali - Boodalo | Bali-Immobilienmakler","isPartOf":{"@id":"https:\/\/boodalo.com\/de\/#website"},"primaryImageOfPage":{"@id":"https:\/\/boodalo.com\/de\/immobilienvermietung-auf-bali\/#primaryimage"},"image":{"@id":"https:\/\/boodalo.com\/de\/immobilienvermietung-auf-bali\/#primaryimage"},"thumbnailUrl":"https:\/\/boodalo.com\/wp-content\/uploads\/2022\/05\/Home-Boodalo.jpg","datePublished":"2023-10-08T05:06:07+00:00","dateModified":"2023-10-25T09:06:37+00:00","description":"Entdecken Sie die perfekte Immobilienvermietung auf Bali \u2013 Ihr Tor zu einem potenziellen Unternehmen auf Bali. Weitere Immobilien zur Miete finden Sie bei uns.","breadcrumb":{"@id":"https:\/\/boodalo.com\/de\/immobilienvermietung-auf-bali\/#breadcrumb"},"inLanguage":"de","potentialAction":[{"@type":"ReadAction","target":["https:\/\/boodalo.com\/de\/immobilienvermietung-auf-bali\/"]}]},{"@type":"ImageObject","inLanguage":"de","@id":"https:\/\/boodalo.com\/de\/immobilienvermietung-auf-bali\/#primaryimage","url":"https:\/\/boodalo.com\/wp-content\/uploads\/2022\/05\/Home-Boodalo.jpg","contentUrl":"https:\/\/boodalo.com\/wp-content\/uploads\/2022\/05\/Home-Boodalo.jpg","width":1440,"height":960},{"@type":"BreadcrumbList","@id":"https:\/\/boodalo.com\/de\/immobilienvermietung-auf-bali\/#breadcrumb","itemListElement":[{"@type":"ListItem","position":1,"name":"Home","item":"https:\/\/boodalo.com\/de\/"},{"@type":"ListItem","position":2,"name":"Immobilienvermietung auf Bali"}]},{"@type":"WebSite","@id":"https:\/\/boodalo.com\/de\/#website","url":"https:\/\/boodalo.com\/de\/","name":"Boodalo","description":"Indonesia Real Estate portal Website","publisher":{"@id":"https:\/\/boodalo.com\/de\/#organization"},"potentialAction":[{"@type":"SearchAction","target":{"@type":"EntryPoint","urlTemplate":"https:\/\/boodalo.com\/de\/?s={search_term_string}"},"query-input":{"@type":"PropertyValueSpecification","valueRequired":true,"valueName":"search_term_string"}}],"inLanguage":"de"},{"@type":"Organization","@id":"https:\/\/boodalo.com\/de\/#organization","name":"Boodalo","url":"https:\/\/boodalo.com\/de\/","logo":{"@type":"ImageObject","inLanguage":"de","@id":"https:\/\/boodalo.com\/de\/#\/schema\/logo\/image\/","url":"https:\/\/boodalo.com\/wp-content\/uploads\/2022\/05\/Boodalo-Logo.png","contentUrl":"https:\/\/boodalo.com\/wp-content\/uploads\/2022\/05\/Boodalo-Logo.png","width":171,"height":64,"caption":"Boodalo"},"image":{"@id":"https:\/\/boodalo.com\/de\/#\/schema\/logo\/image\/"}}]}},"_links":{"self":[{"href":"https:\/\/boodalo.com\/de\/wp-json\/wp\/v2\/pages\/26122","targetHints":{"allow":["GET"]}}],"collection":[{"href":"https:\/\/boodalo.com\/de\/wp-json\/wp\/v2\/pages"}],"about":[{"href":"https:\/\/boodalo.com\/de\/wp-json\/wp\/v2\/types\/page"}],"author":[{"embeddable":true,"href":"https:\/\/boodalo.com\/de\/wp-json\/wp\/v2\/users\/8"}],"replies":[{"embeddable":true,"href":"https:\/\/boodalo.com\/de\/wp-json\/wp\/v2\/comments?post=26122"}],"version-history":[{"count":17,"href":"https:\/\/boodalo.com\/de\/wp-json\/wp\/v2\/pages\/26122\/revisions"}],"predecessor-version":[{"id":27776,"href":"https:\/\/boodalo.com\/de\/wp-json\/wp\/v2\/pages\/26122\/revisions\/27776"}],"wp:featuredmedia":[{"embeddable":true,"href":"https:\/\/boodalo.com\/de\/wp-json\/wp\/v2\/media\/21322"}],"wp:attachment":[{"href":"https:\/\/boodalo.com\/de\/wp-json\/wp\/v2\/media?parent=26122"}],"curies":[{"name":"wp","href":"https:\/\/api.w.org\/{rel}","templated":true}]}}