{"id":25903,"date":"2023-10-07T15:15:51","date_gmt":"2023-10-07T07:15:51","guid":{"rendered":"https:\/\/boodalo.com\/bali-house-for-rent\/"},"modified":"2023-10-26T16:36:47","modified_gmt":"2023-10-26T08:36:47","slug":"bali-haus-zu-vermieten","status":"publish","type":"page","link":"https:\/\/boodalo.com\/de\/bali-haus-zu-vermieten\/","title":{"rendered":"Bali-Haus zu vermieten"},"content":{"rendered":"\t\t<div data-elementor-type=\"wp-page\" data-elementor-id=\"25903\" class=\"elementor elementor-25903 elementor-25900\">\n\t\t\t\t\t\t\t\t\t<section class=\"elementor-section elementor-top-section elementor-element elementor-element-8cefcb7 elementor-section-boxed elementor-section-height-default elementor-section-height-default\" data-id=\"8cefcb7\" data-element_type=\"section\">\n\t\t\t\t\t\t<div class=\"elementor-container elementor-column-gap-default\">\n\t\t\t\t\t<div class=\"elementor-column elementor-col-100 elementor-top-column elementor-element elementor-element-c910456\" data-id=\"c910456\" data-element_type=\"column\">\n\t\t\t<div class=\"elementor-widget-wrap elementor-element-populated\">\n\t\t\t\t\t\t\t\t<div class=\"elementor-element elementor-element-f35744c elementor-widget elementor-widget-heading\" data-id=\"f35744c\" data-element_type=\"widget\" data-widget_type=\"heading.default\">\n\t\t\t\t<div class=\"elementor-widget-container\">\n\t\t\t<h2 class=\"elementor-heading-title elementor-size-default\">Hausmiete auf Bali: Ihr ultimativer Leitfaden f\u00fcr Langzeitmieten<\/h2>\t\t<\/div>\n\t\t\t\t<\/div>\n\t\t\t\t<div class=\"elementor-element elementor-element-199a58c elementor-widget elementor-widget-text-editor\" data-id=\"199a58c\" data-element_type=\"widget\" data-widget_type=\"text-editor.default\">\n\t\t\t\t<div class=\"elementor-widget-container\">\n\t\t\t\t\t\t\t<p>Wenn Sie davon tr\u00e4umen, im Paradies zu leben oder einen l\u00e4ngeren Aufenthalt auf <a href=\"https:\/\/en.wikipedia.org\/wiki\/Bali\" target=\"_blank\" rel=\"noopener\">Bali<\/a>, hier sind Sie richtig. Bali bietet eine unglaubliche Auswahl an Mietobjekten, die Ihren Aufenthalt zu etwas ganz Besonderem machen. Von ruhigen H\u00e4usern am Strand bis hin zu gem\u00fctlichen Villen mitten im \u00fcppigen Gr\u00fcn ist es einfacher, das perfekte Miethaus auf Bali zu finden, als Sie vielleicht denken.<\/p><h3><strong>Haus auf Bali langfristig vermieten<\/strong><\/h3><p>Wenn es um Langzeitmieten geht, hat Bali viel zu bieten. Wenn Sie auf Bali leben, k\u00f6nnen Sie in die lebendige Kultur, die atemberaubenden Landschaften und die einladende Gemeinschaft eintauchen. Egal, ob Sie auf der Suche nach einem ruhigen R\u00fcckzugsort zum Arbeiten aus der Ferne oder nach einem aufregenden Abenteuer voller Erkundungen sind, eine Langzeitmiete eines Hauses auf Bali ist die ideale Wahl.<\/p><h3><strong>Finden Sie Ihr Miethaus auf Bali<\/strong><\/h3><p>Bei der Suche nach dem perfekten Miethaus auf Bali ist es wichtig, Ihre spezifischen Bed\u00fcrfnisse zu ber\u00fccksichtigen. Von preisg\u00fcnstigen Optionen bis hin zu luxuri\u00f6sen Unterk\u00fcnften ist f\u00fcr jeden etwas dabei.<\/p><h3><strong>Bali-Haus zur Miete in Strandn\u00e4he<\/strong><\/h3><p>F\u00fcr diejenigen, die nicht genug vom Meer bekommen k\u00f6nnen, ist ein <a href=\"https:\/\/boodalo.com\/de\/bali-haus-zu-vermieten\/\">Bali-Haus zur Miete<\/a> in Strandn\u00e4he ein Traum wahr werden. Stellen Sie sich vor, Sie wachen mit dem Rauschen der Wellen auf und genie\u00dfen Ihren Morgenkaffee bei einer unglaublichen Aussicht. Die Strandmieten auf Bali bieten die perfekte Mischung aus Luxus und Ruhe.<\/p><h3><strong>Hausvermietung auf Bali mit privatem Pool<\/strong><\/h3><p>Um das tropische Klima Balis in vollen Z\u00fcgen zu genie\u00dfen, sollten Sie die Anmietung eines Hauses mit privatem Pool in Betracht ziehen. Tauchen Sie ein, wann immer Sie m\u00f6chten, entspannen Sie sich bei einem Bad im Sonnenuntergang oder entspannen Sie am Pool mit einem Cocktail in der Hand. Die Vermietung von H\u00e4usern auf Bali mit privatem Pool ist der Inbegriff tropischen Lebens.<\/p><h3><strong>Bali-Hausvermietung in Ubud<\/strong><\/h3><p>Ubud, bekannt als das kulturelle Herz Balis, bietet Langzeitmietern ein einzigartiges Erlebnis. Wenn Sie ein Haus in Ubud mieten, k\u00f6nnen Sie das k\u00fcnstlerische Erbe der Stadt erkunden, antike Tempel besuchen und die \u00fcppigen Reisterrassenfelder bewundern.<\/p><h3><strong>Bali-Haus zu vermieten mit kleinem Budget<\/strong><\/h3><p>F\u00fcr preisbewusste Reisende gibt es zahlreiche erschwingliche Ferienh\u00e4user auf Bali. Sie m\u00fcssen nicht viel Geld ausgeben, um Balis Sch\u00f6nheit und Gastfreundschaft zu erleben. Mit diesen budgetfreundlichen Optionen k\u00f6nnen Sie Geld f\u00fcr die Erkundung der Insel sparen.<\/p><h3><strong>Hausmiete auf Bali: Zusammenfassung<\/strong><\/h3><p>Ihr langfristiges Bali-Abenteuer erwartet Sie. Von Luxus direkt am Strand bis hin zu preisg\u00fcnstigen Optionen \u2013 die Ferienh\u00e4user auf Bali bieten f\u00fcr jeden Geschmack etwas. Warum also warten? Beginnen Sie Ihr Bali-Erlebnis noch heute, indem Sie das perfekte Miethaus auf Bali finden, das Ihren Tr\u00e4umen und Ihrem Budget entspricht. Bali ist bereit, Sie mit offenen Armen willkommen zu hei\u00dfen. Vielen Dank f\u00fcr Ihren Besuch <a href=\"https:\/\/boodalo.com\/de\/\">Immobilien in Bali, Indonesien<\/a><\/p>\t\t\t\t\t\t<\/div>\n\t\t\t\t<\/div>\n\t\t\t\t\t<\/div>\n\t\t<\/div>\n\t\t\t\t\t\t\t<\/div>\n\t\t<\/section>\n\t\t\t\t\t\t\t<\/div>\n\t\t","protected":false},"excerpt":{"rendered":"<p>Hausmiete auf Bali: Ihr ultimativer Leitfaden f\u00fcr Langzeitmieten Wenn Sie davon tr\u00e4umen, im Paradies zu leben oder einen l\u00e4ngeren Aufenthalt auf Bali, hier sind Sie richtig. Bali bietet eine unglaubliche Auswahl an Mietobjekten, die Ihren Aufenthalt zu etwas ganz Besonderem machen. Von ruhigen H\u00e4usern am Strand bis hin zu gem\u00fctlichen Villen mitten im \u00fcppigen Gr\u00fcn&#8230;<\/p>\n","protected":false},"author":8,"featured_media":21322,"parent":0,"menu_order":0,"comment_status":"closed","ping_status":"closed","template":"templates\/grid-layout-full-width.php","meta":{"_monsterinsights_skip_tracking":false,"_monsterinsights_sitenote_active":false,"_monsterinsights_sitenote_note":"","_monsterinsights_sitenote_category":0,"footnotes":""},"class_list":["post-25903","page","type-page","status-publish","has-post-thumbnail","hentry"],"yoast_head":"<!-- This site is optimized with the Yoast SEO plugin v25.5 - https:\/\/yoast.com\/wordpress\/plugins\/seo\/ -->\n<title>Bali-Haus zu vermieten - Boodalo | Immobilienmakler auf Bali<\/title>\n<meta name=\"description\" content=\"Finden Sie Ihr ideales Bali-Haus zur Miete \u2013 Entdecken Sie Langzeitmieten im Paradies. Von Luxus am Strand bis hin zu preisg\u00fcnstigen Optionen. Beginnen Sie noch heute Ihr Bali-Erlebnis\" \/>\n<meta name=\"robots\" content=\"index, follow, max-snippet:-1, max-image-preview:large, max-video-preview:-1\" \/>\n<link rel=\"canonical\" href=\"https:\/\/boodalo.com\/de\/bali-haus-zu-vermieten\/\" \/>\n<meta property=\"og:locale\" content=\"de_DE\" \/>\n<meta property=\"og:type\" content=\"article\" \/>\n<meta property=\"og:title\" content=\"Bali-Haus zu vermieten - Boodalo | Immobilienmakler auf Bali\" \/>\n<meta property=\"og:description\" content=\"Finden Sie Ihr ideales Bali-Haus zur Miete \u2013 Entdecken Sie Langzeitmieten im Paradies. Von Luxus am Strand bis hin zu preisg\u00fcnstigen Optionen. Beginnen Sie noch heute Ihr Bali-Erlebnis\" \/>\n<meta property=\"og:url\" content=\"https:\/\/boodalo.com\/de\/bali-haus-zu-vermieten\/\" \/>\n<meta property=\"og:site_name\" content=\"Boodalo\" \/>\n<meta property=\"article:modified_time\" content=\"2023-10-26T08:36:47+00:00\" \/>\n<meta property=\"og:image\" content=\"https:\/\/boodalo.com\/wp-content\/uploads\/2022\/05\/Home-Boodalo.jpg\" \/>\n\t<meta property=\"og:image:width\" content=\"1440\" \/>\n\t<meta property=\"og:image:height\" content=\"960\" \/>\n\t<meta property=\"og:image:type\" content=\"image\/jpeg\" \/>\n<meta name=\"twitter:card\" content=\"summary_large_image\" \/>\n<meta name=\"twitter:label1\" content=\"Gesch\u00e4tzte Lesezeit\" \/>\n\t<meta name=\"twitter:data1\" content=\"2\u00a0Minuten\" \/>\n<script type=\"application\/ld+json\" class=\"yoast-schema-graph\">{\"@context\":\"https:\/\/schema.org\",\"@graph\":[{\"@type\":\"WebPage\",\"@id\":\"https:\/\/boodalo.com\/de\/bali-haus-zu-vermieten\/\",\"url\":\"https:\/\/boodalo.com\/de\/bali-haus-zu-vermieten\/\",\"name\":\"Bali-Haus zu vermieten - Boodalo | Immobilienmakler auf Bali\",\"isPartOf\":{\"@id\":\"https:\/\/boodalo.com\/de\/#website\"},\"primaryImageOfPage\":{\"@id\":\"https:\/\/boodalo.com\/de\/bali-haus-zu-vermieten\/#primaryimage\"},\"image\":{\"@id\":\"https:\/\/boodalo.com\/de\/bali-haus-zu-vermieten\/#primaryimage\"},\"thumbnailUrl\":\"https:\/\/boodalo.com\/wp-content\/uploads\/2022\/05\/Home-Boodalo.jpg\",\"datePublished\":\"2023-10-07T07:15:51+00:00\",\"dateModified\":\"2023-10-26T08:36:47+00:00\",\"description\":\"Finden Sie Ihr ideales Bali-Haus zur Miete \u2013 Entdecken Sie Langzeitmieten im Paradies. Von Luxus am Strand bis hin zu preisg\u00fcnstigen Optionen. Beginnen Sie noch heute Ihr Bali-Erlebnis\",\"breadcrumb\":{\"@id\":\"https:\/\/boodalo.com\/de\/bali-haus-zu-vermieten\/#breadcrumb\"},\"inLanguage\":\"de\",\"potentialAction\":[{\"@type\":\"ReadAction\",\"target\":[\"https:\/\/boodalo.com\/de\/bali-haus-zu-vermieten\/\"]}]},{\"@type\":\"ImageObject\",\"inLanguage\":\"de\",\"@id\":\"https:\/\/boodalo.com\/de\/bali-haus-zu-vermieten\/#primaryimage\",\"url\":\"https:\/\/boodalo.com\/wp-content\/uploads\/2022\/05\/Home-Boodalo.jpg\",\"contentUrl\":\"https:\/\/boodalo.com\/wp-content\/uploads\/2022\/05\/Home-Boodalo.jpg\",\"width\":1440,\"height\":960},{\"@type\":\"BreadcrumbList\",\"@id\":\"https:\/\/boodalo.com\/de\/bali-haus-zu-vermieten\/#breadcrumb\",\"itemListElement\":[{\"@type\":\"ListItem\",\"position\":1,\"name\":\"Home\",\"item\":\"https:\/\/boodalo.com\/de\/\"},{\"@type\":\"ListItem\",\"position\":2,\"name\":\"Bali-Haus zu vermieten\"}]},{\"@type\":\"WebSite\",\"@id\":\"https:\/\/boodalo.com\/de\/#website\",\"url\":\"https:\/\/boodalo.com\/de\/\",\"name\":\"Boodalo\",\"description\":\"Indonesia Real Estate portal Website\",\"publisher\":{\"@id\":\"https:\/\/boodalo.com\/de\/#organization\"},\"potentialAction\":[{\"@type\":\"SearchAction\",\"target\":{\"@type\":\"EntryPoint\",\"urlTemplate\":\"https:\/\/boodalo.com\/de\/?s={search_term_string}\"},\"query-input\":{\"@type\":\"PropertyValueSpecification\",\"valueRequired\":true,\"valueName\":\"search_term_string\"}}],\"inLanguage\":\"de\"},{\"@type\":\"Organization\",\"@id\":\"https:\/\/boodalo.com\/de\/#organization\",\"name\":\"Boodalo\",\"url\":\"https:\/\/boodalo.com\/de\/\",\"logo\":{\"@type\":\"ImageObject\",\"inLanguage\":\"de\",\"@id\":\"https:\/\/boodalo.com\/de\/#\/schema\/logo\/image\/\",\"url\":\"https:\/\/boodalo.com\/wp-content\/uploads\/2022\/05\/Boodalo-Logo.png\",\"contentUrl\":\"https:\/\/boodalo.com\/wp-content\/uploads\/2022\/05\/Boodalo-Logo.png\",\"width\":171,\"height\":64,\"caption\":\"Boodalo\"},\"image\":{\"@id\":\"https:\/\/boodalo.com\/de\/#\/schema\/logo\/image\/\"}}]}<\/script>\n<!-- \/ Yoast SEO plugin. -->","yoast_head_json":{"title":"Bali-Haus zu vermieten - Boodalo | Immobilienmakler auf Bali","description":"Finden Sie Ihr ideales Bali-Haus zur Miete \u2013 Entdecken Sie Langzeitmieten im Paradies. Von Luxus am Strand bis hin zu preisg\u00fcnstigen Optionen. Beginnen Sie noch heute Ihr Bali-Erlebnis","robots":{"index":"index","follow":"follow","max-snippet":"max-snippet:-1","max-image-preview":"max-image-preview:large","max-video-preview":"max-video-preview:-1"},"canonical":"https:\/\/boodalo.com\/de\/bali-haus-zu-vermieten\/","og_locale":"de_DE","og_type":"article","og_title":"Bali-Haus zu vermieten - Boodalo | Immobilienmakler auf Bali","og_description":"Finden Sie Ihr ideales Bali-Haus zur Miete \u2013 Entdecken Sie Langzeitmieten im Paradies. Von Luxus am Strand bis hin zu preisg\u00fcnstigen Optionen. Beginnen Sie noch heute Ihr Bali-Erlebnis","og_url":"https:\/\/boodalo.com\/de\/bali-haus-zu-vermieten\/","og_site_name":"Boodalo","article_modified_time":"2023-10-26T08:36:47+00:00","og_image":[{"width":1440,"height":960,"url":"https:\/\/boodalo.com\/wp-content\/uploads\/2022\/05\/Home-Boodalo.jpg","type":"image\/jpeg"}],"twitter_card":"summary_large_image","twitter_misc":{"Gesch\u00e4tzte Lesezeit":"2\u00a0Minuten"},"schema":{"@context":"https:\/\/schema.org","@graph":[{"@type":"WebPage","@id":"https:\/\/boodalo.com\/de\/bali-haus-zu-vermieten\/","url":"https:\/\/boodalo.com\/de\/bali-haus-zu-vermieten\/","name":"Bali-Haus zu vermieten - Boodalo | Immobilienmakler auf Bali","isPartOf":{"@id":"https:\/\/boodalo.com\/de\/#website"},"primaryImageOfPage":{"@id":"https:\/\/boodalo.com\/de\/bali-haus-zu-vermieten\/#primaryimage"},"image":{"@id":"https:\/\/boodalo.com\/de\/bali-haus-zu-vermieten\/#primaryimage"},"thumbnailUrl":"https:\/\/boodalo.com\/wp-content\/uploads\/2022\/05\/Home-Boodalo.jpg","datePublished":"2023-10-07T07:15:51+00:00","dateModified":"2023-10-26T08:36:47+00:00","description":"Finden Sie Ihr ideales Bali-Haus zur Miete \u2013 Entdecken Sie Langzeitmieten im Paradies. Von Luxus am Strand bis hin zu preisg\u00fcnstigen Optionen. Beginnen Sie noch heute Ihr Bali-Erlebnis","breadcrumb":{"@id":"https:\/\/boodalo.com\/de\/bali-haus-zu-vermieten\/#breadcrumb"},"inLanguage":"de","potentialAction":[{"@type":"ReadAction","target":["https:\/\/boodalo.com\/de\/bali-haus-zu-vermieten\/"]}]},{"@type":"ImageObject","inLanguage":"de","@id":"https:\/\/boodalo.com\/de\/bali-haus-zu-vermieten\/#primaryimage","url":"https:\/\/boodalo.com\/wp-content\/uploads\/2022\/05\/Home-Boodalo.jpg","contentUrl":"https:\/\/boodalo.com\/wp-content\/uploads\/2022\/05\/Home-Boodalo.jpg","width":1440,"height":960},{"@type":"BreadcrumbList","@id":"https:\/\/boodalo.com\/de\/bali-haus-zu-vermieten\/#breadcrumb","itemListElement":[{"@type":"ListItem","position":1,"name":"Home","item":"https:\/\/boodalo.com\/de\/"},{"@type":"ListItem","position":2,"name":"Bali-Haus zu vermieten"}]},{"@type":"WebSite","@id":"https:\/\/boodalo.com\/de\/#website","url":"https:\/\/boodalo.com\/de\/","name":"Boodalo","description":"Indonesia Real Estate portal Website","publisher":{"@id":"https:\/\/boodalo.com\/de\/#organization"},"potentialAction":[{"@type":"SearchAction","target":{"@type":"EntryPoint","urlTemplate":"https:\/\/boodalo.com\/de\/?s={search_term_string}"},"query-input":{"@type":"PropertyValueSpecification","valueRequired":true,"valueName":"search_term_string"}}],"inLanguage":"de"},{"@type":"Organization","@id":"https:\/\/boodalo.com\/de\/#organization","name":"Boodalo","url":"https:\/\/boodalo.com\/de\/","logo":{"@type":"ImageObject","inLanguage":"de","@id":"https:\/\/boodalo.com\/de\/#\/schema\/logo\/image\/","url":"https:\/\/boodalo.com\/wp-content\/uploads\/2022\/05\/Boodalo-Logo.png","contentUrl":"https:\/\/boodalo.com\/wp-content\/uploads\/2022\/05\/Boodalo-Logo.png","width":171,"height":64,"caption":"Boodalo"},"image":{"@id":"https:\/\/boodalo.com\/de\/#\/schema\/logo\/image\/"}}]}},"_links":{"self":[{"href":"https:\/\/boodalo.com\/de\/wp-json\/wp\/v2\/pages\/25903","targetHints":{"allow":["GET"]}}],"collection":[{"href":"https:\/\/boodalo.com\/de\/wp-json\/wp\/v2\/pages"}],"about":[{"href":"https:\/\/boodalo.com\/de\/wp-json\/wp\/v2\/types\/page"}],"author":[{"embeddable":true,"href":"https:\/\/boodalo.com\/de\/wp-json\/wp\/v2\/users\/8"}],"replies":[{"embeddable":true,"href":"https:\/\/boodalo.com\/de\/wp-json\/wp\/v2\/comments?post=25903"}],"version-history":[{"count":19,"href":"https:\/\/boodalo.com\/de\/wp-json\/wp\/v2\/pages\/25903\/revisions"}],"predecessor-version":[{"id":28002,"href":"https:\/\/boodalo.com\/de\/wp-json\/wp\/v2\/pages\/25903\/revisions\/28002"}],"wp:featuredmedia":[{"embeddable":true,"href":"https:\/\/boodalo.com\/de\/wp-json\/wp\/v2\/media\/21322"}],"wp:attachment":[{"href":"https:\/\/boodalo.com\/de\/wp-json\/wp\/v2\/media?parent=25903"}],"curies":[{"name":"wp","href":"https:\/\/api.w.org\/{rel}","templated":true}]}}