{"id":25859,"date":"2023-10-07T14:42:18","date_gmt":"2023-10-07T06:42:18","guid":{"rendered":"https:\/\/boodalo.com\/bali-house-for-sale\/"},"modified":"2023-10-24T17:38:01","modified_gmt":"2023-10-24T09:38:01","slug":"bali-haus-zum-verkauf","status":"publish","type":"page","link":"https:\/\/boodalo.com\/de\/bali-haus-zum-verkauf\/","title":{"rendered":"Bali-Haus zum Verkauf"},"content":{"rendered":"\t\t<div data-elementor-type=\"wp-page\" data-elementor-id=\"25859\" class=\"elementor elementor-25859 elementor-25856\">\n\t\t\t\t\t\t\t\t\t<section class=\"elementor-section elementor-top-section elementor-element elementor-element-1da6567 elementor-section-boxed elementor-section-height-default elementor-section-height-default\" data-id=\"1da6567\" data-element_type=\"section\">\n\t\t\t\t\t\t<div class=\"elementor-container elementor-column-gap-default\">\n\t\t\t\t\t<div class=\"elementor-column elementor-col-100 elementor-top-column elementor-element elementor-element-ed6eab2\" data-id=\"ed6eab2\" data-element_type=\"column\">\n\t\t\t<div class=\"elementor-widget-wrap elementor-element-populated\">\n\t\t\t\t\t\t\t\t<div class=\"elementor-element elementor-element-ee908dc elementor-widget elementor-widget-heading\" data-id=\"ee908dc\" data-element_type=\"widget\" data-widget_type=\"heading.default\">\n\t\t\t\t<div class=\"elementor-widget-container\">\n\t\t\t<h2 class=\"elementor-heading-title elementor-size-default\">Ihr Traumhaus erwartet Sie \u2013 Bali-Haus zum Verkauf<\/h2>\t\t<\/div>\n\t\t\t\t<\/div>\n\t\t\t\t\t<\/div>\n\t\t<\/div>\n\t\t\t\t\t\t\t<\/div>\n\t\t<\/section>\n\t\t\t\t<section class=\"elementor-section elementor-top-section elementor-element elementor-element-1af01fed elementor-section-boxed elementor-section-height-default elementor-section-height-default\" data-id=\"1af01fed\" data-element_type=\"section\">\n\t\t\t\t\t\t<div class=\"elementor-container elementor-column-gap-default\">\n\t\t\t\t\t<div class=\"elementor-column elementor-col-100 elementor-top-column elementor-element elementor-element-59d4f16a\" data-id=\"59d4f16a\" data-element_type=\"column\">\n\t\t\t<div class=\"elementor-widget-wrap elementor-element-populated\">\n\t\t\t\t\t\t\t\t<div class=\"elementor-element elementor-element-46fdfed3 elementor-widget elementor-widget-text-editor\" data-id=\"46fdfed3\" data-element_type=\"widget\" data-widget_type=\"text-editor.default\">\n\t\t\t\t<div class=\"elementor-widget-container\">\n\t\t\t\t\t\t\t<p>Sind Sie bereit, <a href=\"https:\/\/en.wikipedia.org\/wiki\/Bali\" target=\"_blank\" rel=\"noopener\">Bali<\/a> zu Ihrem dauerhaften Paradies zu machen? Stellen Sie sich vor, Sie w\u00fcrden jeden Tag mit dem Rauschen sanfter Wellen und dem Duft tropischer Bl\u00fcten aufwachen. Jetzt kann Ihr Traum mit einem <a href=\"https:\/\/boodalo.com\/de\/bali-haus-zum-verkauf\/\">Bali-Haus zum Verkauf<\/a> Wirklichkeit werden. Bali bietet eine unvergleichliche Lebensqualit\u00e4t und ein St\u00fcck dieses Inselparadieses zu besitzen, ist ein wahrgewordener Traum.<\/p><h3>Entdecken Sie Ihr Bali-Haus zum Verkauf<\/h3><p>Wenn es darum geht, Ihr perfektes Bali-Haus zum Verkauf zu finden, haben Sie eine Welt voller M\u00f6glichkeiten. Von modernen Villen mit privaten Pools bis hin zu traditionellen balinesischen H\u00e4usern mit \u00fcppigen G\u00e4rten hat Bali alles zu bieten. Ganz gleich, ob Sie auf der Suche nach einem ruhigen R\u00fcckzugsort in Ubud, einer Villa am Strand in Seminyak oder einem Einfamilienhaus in Canggu sind, unsere Angebote zum Verkauf von H\u00e4usern auf Bali bieten f\u00fcr jeden Geschmack und jedes Budget etwas.<\/p><h3>Warum in ein zum Verkauf stehendes Haus auf Bali investieren?<\/h3><p>Bei der Investition in ein zum Verkauf stehendes Haus auf Bali geht es nicht nur um den Besitz einer Immobilie; Es geht darum, einen Lebensstil anzunehmen. Bali bietet eine einzigartige Mischung aus Kultur, nat\u00fcrlicher Sch\u00f6nheit und einer einladenden Gemeinschaft. Wenn Sie ein Haus auf Bali kaufen, kaufen Sie nicht nur ein Haus; Sie erhalten Zugang zu einem lebendigen Lebensstil.<\/p><h3>Haus zum Verkauf auf Bali \u2013 Ihr St\u00fcck Paradies<\/h3><p>Stellen Sie sich vor, Sie genie\u00dfen Ihren Morgenkaffee auf einer sonnenverw\u00f6hnten Terrasse, umgeben von \u00fcppigem tropischem Gr\u00fcn. Stellen Sie sich vor, Sie spazieren an unber\u00fchrten Str\u00e4nden entlang und sp\u00fcren den goldenen Sand zwischen Ihren Zehen. Wenn Sie ein Haus auf Bali kaufen, kann dieses idyllische Leben Ihnen geh\u00f6ren.<\/p><h3>Entdecken Sie die Angebote zum Verkauf von H\u00e4usern auf Bali<\/h3><p>Unsere umfangreichen Angebote zum Verkauf von H\u00e4usern auf Bali stellen sicher, dass Sie die perfekte Immobilie finden, die Sie Ihr Zuhause nennen k\u00f6nnen. Ob Sie ein Erstk\u00e4ufer, ein Investor oder jemand sind, der ein Upgrade anstrebt, Bali bietet eine Reihe von Hausoptionen, die Ihren Bed\u00fcrfnissen entsprechen.<\/p><h3>Bali-Haus kaufen \u2013 eine sichere Investition<\/h3><p>Balis Immobilienmarkt ist f\u00fcr seine Stabilit\u00e4t und sein gro\u00dfes Wertsteigerungspotenzial bekannt. Die Investition in ein zum Verkauf stehendes Haus auf Bali ist nicht nur eine Entscheidung f\u00fcr den Lebensstil, sondern auch eine kluge finanzielle Entscheidung. Da die Insel weiterhin Touristen anzieht, kann Ihr Haus auf Bali Mieteinnahmen erzielen, wenn Sie es nicht selbst genie\u00dfen.<\/p><h3>Verpassen Sie nicht Ihr Traumhaus auf Bali zum Verkauf<\/h3><p>Die M\u00f6glichkeit, ein Haus auf Bali zu besitzen, ist eine Chance, das Leben in vollen Z\u00fcgen zu erleben. Egal, ob Sie in den Ruhestand gehen, umziehen oder einfach nur ein zweites Zuhause suchen, Bali hei\u00dft Sie mit offenen Armen willkommen. Ihr zum Verkauf stehendes Haus auf Bali wartet auf Sie \u2013 Sie m\u00fcssen nur den ersten Schritt tun.<\/p><h3>Finden Sie noch heute Ihr Bali-Haus zum Verkauf<\/h3><p>Bereit f\u00fcr diese aufregende Reise? St\u00f6bern Sie in unseren Angeboten zum Verkauf von H\u00e4usern auf Bali und entdecken Sie das Haus Ihrer Tr\u00e4ume. Bali ist mehr als nur eine Insel; Es ist eine Lebenseinstellung und Ihr perfektes Zuhause wartet hier auf Sie. Lassen Sie sich das nicht entgehen \u2013 finden Sie noch heute Ihr Bali-Haus zum Kauf. Vielen Dank f\u00fcr Ihren Besuch bei der <a href=\"https:\/\/boodalo.com\/de\/\">Bali-Immobilienagentur<\/a>.<\/p>\t\t\t\t\t\t<\/div>\n\t\t\t\t<\/div>\n\t\t\t\t\t<\/div>\n\t\t<\/div>\n\t\t\t\t\t\t\t<\/div>\n\t\t<\/section>\n\t\t\t\t\t\t\t<\/div>\n\t\t","protected":false},"excerpt":{"rendered":"<p>Ihr Traumhaus erwartet Sie \u2013 Bali-Haus zum Verkauf Sind Sie bereit, Bali zu Ihrem dauerhaften Paradies zu machen? Stellen Sie sich vor, Sie w\u00fcrden jeden Tag mit dem Rauschen sanfter Wellen und dem Duft tropischer Bl\u00fcten aufwachen. Jetzt kann Ihr Traum mit einem Bali-Haus zum Verkauf Wirklichkeit werden. Bali bietet eine unvergleichliche Lebensqualit\u00e4t und ein&#8230;<\/p>\n","protected":false},"author":8,"featured_media":21322,"parent":0,"menu_order":0,"comment_status":"closed","ping_status":"closed","template":"templates\/grid-layout-full-width.php","meta":{"_monsterinsights_skip_tracking":false,"_monsterinsights_sitenote_active":false,"_monsterinsights_sitenote_note":"","_monsterinsights_sitenote_category":0,"footnotes":""},"class_list":["post-25859","page","type-page","status-publish","has-post-thumbnail","hentry"],"yoast_head":"<!-- This site is optimized with the Yoast SEO plugin v25.5 - https:\/\/yoast.com\/wordpress\/plugins\/seo\/ -->\n<title>Bali-Haus zum Verkauf - Boodalo | Bali-Immobilienagentur<\/title>\n<meta name=\"description\" content=\"Entdecken Sie Ihren Traumlebensstil auf Bali mit einem Haus zum Verkauf. Entdecken Sie die Immobilienverkaufsangebote auf Bali f\u00fcr Ihr perfektes Zuhause. Finden Sie noch heute das ideale Haus auf Bali zum Kauf\" \/>\n<meta name=\"robots\" content=\"index, follow, max-snippet:-1, max-image-preview:large, max-video-preview:-1\" \/>\n<link rel=\"canonical\" href=\"https:\/\/boodalo.com\/de\/bali-haus-zum-verkauf\/\" \/>\n<meta property=\"og:locale\" content=\"de_DE\" \/>\n<meta property=\"og:type\" content=\"article\" \/>\n<meta property=\"og:title\" content=\"Bali-Haus zum Verkauf - Boodalo | Bali-Immobilienagentur\" \/>\n<meta property=\"og:description\" content=\"Entdecken Sie Ihren Traumlebensstil auf Bali mit einem Haus zum Verkauf. Entdecken Sie die Immobilienverkaufsangebote auf Bali f\u00fcr Ihr perfektes Zuhause. Finden Sie noch heute das ideale Haus auf Bali zum Kauf\" \/>\n<meta property=\"og:url\" content=\"https:\/\/boodalo.com\/de\/bali-haus-zum-verkauf\/\" \/>\n<meta property=\"og:site_name\" content=\"Boodalo\" \/>\n<meta property=\"article:modified_time\" content=\"2023-10-24T09:38:01+00:00\" \/>\n<meta property=\"og:image\" content=\"https:\/\/boodalo.com\/wp-content\/uploads\/2022\/05\/Home-Boodalo.jpg\" \/>\n\t<meta property=\"og:image:width\" content=\"1440\" \/>\n\t<meta property=\"og:image:height\" content=\"960\" \/>\n\t<meta property=\"og:image:type\" content=\"image\/jpeg\" \/>\n<meta name=\"twitter:card\" content=\"summary_large_image\" \/>\n<meta name=\"twitter:label1\" content=\"Gesch\u00e4tzte Lesezeit\" \/>\n\t<meta name=\"twitter:data1\" content=\"3\u00a0Minuten\" \/>\n<script type=\"application\/ld+json\" class=\"yoast-schema-graph\">{\"@context\":\"https:\/\/schema.org\",\"@graph\":[{\"@type\":\"WebPage\",\"@id\":\"https:\/\/boodalo.com\/de\/bali-haus-zum-verkauf\/\",\"url\":\"https:\/\/boodalo.com\/de\/bali-haus-zum-verkauf\/\",\"name\":\"Bali-Haus zum Verkauf - Boodalo | Bali-Immobilienagentur\",\"isPartOf\":{\"@id\":\"https:\/\/boodalo.com\/de\/#website\"},\"primaryImageOfPage\":{\"@id\":\"https:\/\/boodalo.com\/de\/bali-haus-zum-verkauf\/#primaryimage\"},\"image\":{\"@id\":\"https:\/\/boodalo.com\/de\/bali-haus-zum-verkauf\/#primaryimage\"},\"thumbnailUrl\":\"https:\/\/boodalo.com\/wp-content\/uploads\/2022\/05\/Home-Boodalo.jpg\",\"datePublished\":\"2023-10-07T06:42:18+00:00\",\"dateModified\":\"2023-10-24T09:38:01+00:00\",\"description\":\"Entdecken Sie Ihren Traumlebensstil auf Bali mit einem Haus zum Verkauf. Entdecken Sie die Immobilienverkaufsangebote auf Bali f\u00fcr Ihr perfektes Zuhause. Finden Sie noch heute das ideale Haus auf Bali zum Kauf\",\"breadcrumb\":{\"@id\":\"https:\/\/boodalo.com\/de\/bali-haus-zum-verkauf\/#breadcrumb\"},\"inLanguage\":\"de\",\"potentialAction\":[{\"@type\":\"ReadAction\",\"target\":[\"https:\/\/boodalo.com\/de\/bali-haus-zum-verkauf\/\"]}]},{\"@type\":\"ImageObject\",\"inLanguage\":\"de\",\"@id\":\"https:\/\/boodalo.com\/de\/bali-haus-zum-verkauf\/#primaryimage\",\"url\":\"https:\/\/boodalo.com\/wp-content\/uploads\/2022\/05\/Home-Boodalo.jpg\",\"contentUrl\":\"https:\/\/boodalo.com\/wp-content\/uploads\/2022\/05\/Home-Boodalo.jpg\",\"width\":1440,\"height\":960},{\"@type\":\"BreadcrumbList\",\"@id\":\"https:\/\/boodalo.com\/de\/bali-haus-zum-verkauf\/#breadcrumb\",\"itemListElement\":[{\"@type\":\"ListItem\",\"position\":1,\"name\":\"Home\",\"item\":\"https:\/\/boodalo.com\/de\/\"},{\"@type\":\"ListItem\",\"position\":2,\"name\":\"Bali-Haus zum Verkauf\"}]},{\"@type\":\"WebSite\",\"@id\":\"https:\/\/boodalo.com\/de\/#website\",\"url\":\"https:\/\/boodalo.com\/de\/\",\"name\":\"Boodalo\",\"description\":\"Indonesia Real Estate portal Website\",\"publisher\":{\"@id\":\"https:\/\/boodalo.com\/de\/#organization\"},\"potentialAction\":[{\"@type\":\"SearchAction\",\"target\":{\"@type\":\"EntryPoint\",\"urlTemplate\":\"https:\/\/boodalo.com\/de\/?s={search_term_string}\"},\"query-input\":{\"@type\":\"PropertyValueSpecification\",\"valueRequired\":true,\"valueName\":\"search_term_string\"}}],\"inLanguage\":\"de\"},{\"@type\":\"Organization\",\"@id\":\"https:\/\/boodalo.com\/de\/#organization\",\"name\":\"Boodalo\",\"url\":\"https:\/\/boodalo.com\/de\/\",\"logo\":{\"@type\":\"ImageObject\",\"inLanguage\":\"de\",\"@id\":\"https:\/\/boodalo.com\/de\/#\/schema\/logo\/image\/\",\"url\":\"https:\/\/boodalo.com\/wp-content\/uploads\/2022\/05\/Boodalo-Logo.png\",\"contentUrl\":\"https:\/\/boodalo.com\/wp-content\/uploads\/2022\/05\/Boodalo-Logo.png\",\"width\":171,\"height\":64,\"caption\":\"Boodalo\"},\"image\":{\"@id\":\"https:\/\/boodalo.com\/de\/#\/schema\/logo\/image\/\"}}]}<\/script>\n<!-- \/ Yoast SEO plugin. -->","yoast_head_json":{"title":"Bali-Haus zum Verkauf - Boodalo | Bali-Immobilienagentur","description":"Entdecken Sie Ihren Traumlebensstil auf Bali mit einem Haus zum Verkauf. Entdecken Sie die Immobilienverkaufsangebote auf Bali f\u00fcr Ihr perfektes Zuhause. Finden Sie noch heute das ideale Haus auf Bali zum Kauf","robots":{"index":"index","follow":"follow","max-snippet":"max-snippet:-1","max-image-preview":"max-image-preview:large","max-video-preview":"max-video-preview:-1"},"canonical":"https:\/\/boodalo.com\/de\/bali-haus-zum-verkauf\/","og_locale":"de_DE","og_type":"article","og_title":"Bali-Haus zum Verkauf - Boodalo | Bali-Immobilienagentur","og_description":"Entdecken Sie Ihren Traumlebensstil auf Bali mit einem Haus zum Verkauf. Entdecken Sie die Immobilienverkaufsangebote auf Bali f\u00fcr Ihr perfektes Zuhause. Finden Sie noch heute das ideale Haus auf Bali zum Kauf","og_url":"https:\/\/boodalo.com\/de\/bali-haus-zum-verkauf\/","og_site_name":"Boodalo","article_modified_time":"2023-10-24T09:38:01+00:00","og_image":[{"width":1440,"height":960,"url":"https:\/\/boodalo.com\/wp-content\/uploads\/2022\/05\/Home-Boodalo.jpg","type":"image\/jpeg"}],"twitter_card":"summary_large_image","twitter_misc":{"Gesch\u00e4tzte Lesezeit":"3\u00a0Minuten"},"schema":{"@context":"https:\/\/schema.org","@graph":[{"@type":"WebPage","@id":"https:\/\/boodalo.com\/de\/bali-haus-zum-verkauf\/","url":"https:\/\/boodalo.com\/de\/bali-haus-zum-verkauf\/","name":"Bali-Haus zum Verkauf - Boodalo | Bali-Immobilienagentur","isPartOf":{"@id":"https:\/\/boodalo.com\/de\/#website"},"primaryImageOfPage":{"@id":"https:\/\/boodalo.com\/de\/bali-haus-zum-verkauf\/#primaryimage"},"image":{"@id":"https:\/\/boodalo.com\/de\/bali-haus-zum-verkauf\/#primaryimage"},"thumbnailUrl":"https:\/\/boodalo.com\/wp-content\/uploads\/2022\/05\/Home-Boodalo.jpg","datePublished":"2023-10-07T06:42:18+00:00","dateModified":"2023-10-24T09:38:01+00:00","description":"Entdecken Sie Ihren Traumlebensstil auf Bali mit einem Haus zum Verkauf. Entdecken Sie die Immobilienverkaufsangebote auf Bali f\u00fcr Ihr perfektes Zuhause. Finden Sie noch heute das ideale Haus auf Bali zum Kauf","breadcrumb":{"@id":"https:\/\/boodalo.com\/de\/bali-haus-zum-verkauf\/#breadcrumb"},"inLanguage":"de","potentialAction":[{"@type":"ReadAction","target":["https:\/\/boodalo.com\/de\/bali-haus-zum-verkauf\/"]}]},{"@type":"ImageObject","inLanguage":"de","@id":"https:\/\/boodalo.com\/de\/bali-haus-zum-verkauf\/#primaryimage","url":"https:\/\/boodalo.com\/wp-content\/uploads\/2022\/05\/Home-Boodalo.jpg","contentUrl":"https:\/\/boodalo.com\/wp-content\/uploads\/2022\/05\/Home-Boodalo.jpg","width":1440,"height":960},{"@type":"BreadcrumbList","@id":"https:\/\/boodalo.com\/de\/bali-haus-zum-verkauf\/#breadcrumb","itemListElement":[{"@type":"ListItem","position":1,"name":"Home","item":"https:\/\/boodalo.com\/de\/"},{"@type":"ListItem","position":2,"name":"Bali-Haus zum Verkauf"}]},{"@type":"WebSite","@id":"https:\/\/boodalo.com\/de\/#website","url":"https:\/\/boodalo.com\/de\/","name":"Boodalo","description":"Indonesia Real Estate portal Website","publisher":{"@id":"https:\/\/boodalo.com\/de\/#organization"},"potentialAction":[{"@type":"SearchAction","target":{"@type":"EntryPoint","urlTemplate":"https:\/\/boodalo.com\/de\/?s={search_term_string}"},"query-input":{"@type":"PropertyValueSpecification","valueRequired":true,"valueName":"search_term_string"}}],"inLanguage":"de"},{"@type":"Organization","@id":"https:\/\/boodalo.com\/de\/#organization","name":"Boodalo","url":"https:\/\/boodalo.com\/de\/","logo":{"@type":"ImageObject","inLanguage":"de","@id":"https:\/\/boodalo.com\/de\/#\/schema\/logo\/image\/","url":"https:\/\/boodalo.com\/wp-content\/uploads\/2022\/05\/Boodalo-Logo.png","contentUrl":"https:\/\/boodalo.com\/wp-content\/uploads\/2022\/05\/Boodalo-Logo.png","width":171,"height":64,"caption":"Boodalo"},"image":{"@id":"https:\/\/boodalo.com\/de\/#\/schema\/logo\/image\/"}}]}},"_links":{"self":[{"href":"https:\/\/boodalo.com\/de\/wp-json\/wp\/v2\/pages\/25859","targetHints":{"allow":["GET"]}}],"collection":[{"href":"https:\/\/boodalo.com\/de\/wp-json\/wp\/v2\/pages"}],"about":[{"href":"https:\/\/boodalo.com\/de\/wp-json\/wp\/v2\/types\/page"}],"author":[{"embeddable":true,"href":"https:\/\/boodalo.com\/de\/wp-json\/wp\/v2\/users\/8"}],"replies":[{"embeddable":true,"href":"https:\/\/boodalo.com\/de\/wp-json\/wp\/v2\/comments?post=25859"}],"version-history":[{"count":17,"href":"https:\/\/boodalo.com\/de\/wp-json\/wp\/v2\/pages\/25859\/revisions"}],"predecessor-version":[{"id":27600,"href":"https:\/\/boodalo.com\/de\/wp-json\/wp\/v2\/pages\/25859\/revisions\/27600"}],"wp:featuredmedia":[{"embeddable":true,"href":"https:\/\/boodalo.com\/de\/wp-json\/wp\/v2\/media\/21322"}],"wp:attachment":[{"href":"https:\/\/boodalo.com\/de\/wp-json\/wp\/v2\/media?parent=25859"}],"curies":[{"name":"wp","href":"https:\/\/api.w.org\/{rel}","templated":true}]}}