{"id":25737,"date":"2022-11-15T18:22:00","date_gmt":"2022-11-15T10:22:00","guid":{"rendered":"https:\/\/boodalo.com\/bali-villas-for-rent-yearly\/"},"modified":"2023-10-27T17:32:27","modified_gmt":"2023-10-27T09:32:27","slug":"bali-villen-zur-jaehrlichen-miete","status":"publish","type":"page","link":"https:\/\/boodalo.com\/de\/bali-villen-zur-jaehrlichen-miete\/","title":{"rendered":"Bali-Villen zur j\u00e4hrlichen Miete"},"content":{"rendered":"\t\t<div data-elementor-type=\"wp-page\" data-elementor-id=\"25737\" class=\"elementor elementor-25737 elementor-18547\">\n\t\t\t\t\t\t\t\t\t<section class=\"elementor-section elementor-top-section elementor-element elementor-element-11188908 elementor-section-boxed elementor-section-height-default elementor-section-height-default\" data-id=\"11188908\" data-element_type=\"section\">\n\t\t\t\t\t\t<div class=\"elementor-container elementor-column-gap-default\">\n\t\t\t\t\t<div class=\"elementor-column elementor-col-100 elementor-top-column elementor-element elementor-element-2db6fe51\" data-id=\"2db6fe51\" data-element_type=\"column\">\n\t\t\t<div class=\"elementor-widget-wrap elementor-element-populated\">\n\t\t\t\t\t\t\t\t<div class=\"elementor-element elementor-element-960a7d2 elementor-widget elementor-widget-heading\" data-id=\"960a7d2\" data-element_type=\"widget\" data-widget_type=\"heading.default\">\n\t\t\t\t<div class=\"elementor-widget-container\">\n\t\t\t<h2 class=\"elementor-heading-title elementor-size-default\">J\u00e4hrliche Bali-Villenvermietung: Ihr Tor zum tropischen Leben<\/h2>\t\t<\/div>\n\t\t\t\t<\/div>\n\t\t\t\t<div class=\"elementor-element elementor-element-2b5b98e8 elementor-widget elementor-widget-text-editor\" data-id=\"2b5b98e8\" data-element_type=\"widget\" data-widget_type=\"text-editor.default\">\n\t\t\t\t<div class=\"elementor-widget-container\">\n\t\t\t\t\t\t\t<p>Haben Sie schon einmal davon getr\u00e4umt, das ganze Jahr \u00fcber im Paradies zu leben? <a href=\"https:\/\/en.wikipedia.org\/wiki\/Bali\" target=\"_blank\" rel=\"noopener\">Bali<\/a> bietet Ihnen mit seiner bezaubernden Sch\u00f6nheit und lebendigen Kultur die M\u00f6glichkeit, umzudrehen Verwirklichen Sie Ihren Traum mit den atemberaubenden Villen, die Sie ganzj\u00e4hrig mieten k\u00f6nnen. In diesem Artikel erkunden wir die Welt der <a href=\"https:\/\/boodalo.com\/de\/bali-villen-zur-jaehrlichen-miete\/\">Bali-Villen zur j\u00e4hrlichen Miete<\/a> und geben Ihnen Einblicke um Ihren Langzeitaufenthalt auf Bali zu einem unvergesslichen Erlebnis zu machen.<\/p><h3><strong>J\u00e4hrliche Bali-Villenvermietung: Ein St\u00fcck Paradies<\/strong><\/h3><p>Die j\u00e4hrliche Vermietung einer Villa auf Bali erfreut sich bei denjenigen, die einen l\u00e4ngeren Urlaub in den Tropen verbringen oder sogar ihren Lebensstil \u00e4ndern m\u00f6chten, immer gr\u00f6\u00dferer Beliebtheit. Stellen Sie sich vor, Sie wachen mit dem beruhigenden Rauschen der Wellen auf, nehmen ein Bad in Ihrem privaten Pool und genie\u00dfen jeden Tag atemberaubende Sonnenunterg\u00e4nge \u2013 und das alles bequem von Ihrer eigenen Bali-Villa aus.<\/p><h3><strong>Vorteile der j\u00e4hrlichen Villa-Vermietung<\/strong><\/h3><ol><li><strong>Leben im Luxus<\/strong>: Bali-Villen bieten unvergleichlichen Luxus und Komfort, oft mit ger\u00e4umigen Wohnbereichen, modernen Annehmlichkeiten und wundersch\u00f6n angelegten G\u00e4rten.<\/li><li><strong>Kosteng\u00fcnstig<\/strong>: Jahresmieten sind oft kosteng\u00fcnstiger als die Buchung mehrerer Kurzzeitaufenthalte. Es ist eine kluge finanzielle Wahl f\u00fcr diejenigen, die ein l\u00e4ngeres Bali-Abenteuer planen.<\/li><li><strong>Immersive Erfahrung<\/strong>: Wenn Sie ein ganzes Jahr auf Bali bleiben, k\u00f6nnen Sie vollst\u00e4ndig in die lokale Kultur eintauchen, dauerhafte Beziehungen zur Gemeinschaft aufbauen und die Insel in gem\u00e4chlichem Tempo erkunden.&lt;\/li &gt;<\/li><\/ol><h3><strong>Finden Sie Ihre perfekte Ferienvilla f\u00fcr ein Jahr<\/strong><\/h3><ol><li><strong>Legen Sie Ihr Budget fest<\/strong>: Bestimmen Sie Ihr Jahresbudget f\u00fcr die Vermietung von Villen auf Bali. Egal, ob Sie nach einer erschwinglichen Option oder einer High-End-Villa suchen, Bali bietet unterschiedliche Preisklassen.<\/li><li><strong>Der Standort z\u00e4hlt<\/strong>: Bali bietet verschiedene Regionen, jede mit ihrem einzigartigen Charme. Entscheiden Sie, ob Sie die belebten Stra\u00dfen von Seminyak, die ruhigen H\u00fcgel von Ubud oder die Strandsch\u00f6nheit von Jimbaran bevorzugen.<\/li><li><strong>Konsultieren Sie lokale Experten<\/strong>: Die Zusammenarbeit mit Immobilienagenturen und Experten auf Bali kann Ihre Suche vereinfachen. Sie verf\u00fcgen \u00fcber umfassende Kenntnisse des Mietmarktes und k\u00f6nnen Ihnen dabei helfen, die ideale Villa zur Jahresmiete zu finden.<\/li><\/ol><h3><strong>J\u00e4hrliche Bali-Villenvermietung: Ihr Tor zu einem tropischen Lebensstil<\/strong><\/h3><p>Bei Bali Property Experts sind wir darauf spezialisiert, Mietern ihre Traumvilla auf Bali zu vermitteln. Ganz gleich, ob Sie auf der Suche nach einer gem\u00fctlichen, familienfreundlichen Villa, einem ruhigen R\u00fcckzugsort oder einem luxuri\u00f6sen Anwesen direkt am Strand sind, wir verf\u00fcgen \u00fcber ein umfangreiches Portfolio an Bali-Villen, die Sie jedes Jahr vermieten k\u00f6nnen.<\/p><h3><strong>Abschlie\u00dfend<\/strong><\/h3><p>Die j\u00e4hrliche Vermietung einer Villa auf Bali \u00f6ffnet Ihnen die T\u00fcr zu einem Lebensstil voller Sch\u00f6nheit, Kultur und Ruhe. Es ist eine Gelegenheit, den Charme der Insel zu genie\u00dfen und bleibende Erinnerungen im Paradies zu schaffen. Bali-Villen zur j\u00e4hrlichen Miete bieten Ihnen die M\u00f6glichkeit, jeden Tag das Beste von Bali zu genie\u00dfen und es zu Ihrem zweiten Zuhause zu machen.<\/p><p>Beginnen Sie also noch heute Ihre Reise und erkunden Sie die unz\u00e4hligen Mietvillen auf Bali, die f\u00fcr einj\u00e4hrige Aufenthalte verf\u00fcgbar sind. Ihre tropische Oase auf Bali erwartet Sie! Vielen Dank f\u00fcr Ihren Besuch bei der <a href=\"https:\/\/boodalo.com\/de\/\">Bali-Immobilienagentur<\/a><\/p>\t\t\t\t\t\t<\/div>\n\t\t\t\t<\/div>\n\t\t\t\t\t<\/div>\n\t\t<\/div>\n\t\t\t\t\t\t\t<\/div>\n\t\t<\/section>\n\t\t\t\t\t\t\t<\/div>\n\t\t","protected":false},"excerpt":{"rendered":"<p>J\u00e4hrliche Bali-Villenvermietung: Ihr Tor zum tropischen Leben Haben Sie schon einmal davon getr\u00e4umt, das ganze Jahr \u00fcber im Paradies zu leben? Bali bietet Ihnen mit seiner bezaubernden Sch\u00f6nheit und lebendigen Kultur die M\u00f6glichkeit, umzudrehen Verwirklichen Sie Ihren Traum mit den atemberaubenden Villen, die Sie ganzj\u00e4hrig mieten k\u00f6nnen. In diesem Artikel erkunden wir die Welt der&#8230;<\/p>\n","protected":false},"author":8,"featured_media":21322,"parent":0,"menu_order":0,"comment_status":"closed","ping_status":"closed","template":"templates\/grid-layout-full-width.php","meta":{"_monsterinsights_skip_tracking":false,"_monsterinsights_sitenote_active":false,"_monsterinsights_sitenote_note":"","_monsterinsights_sitenote_category":0,"footnotes":""},"class_list":["post-25737","page","type-page","status-publish","has-post-thumbnail","hentry"],"yoast_head":"<!-- This site is optimized with the Yoast SEO plugin v25.5 - https:\/\/yoast.com\/wordpress\/plugins\/seo\/ -->\n<title>Bali-Villen zur j\u00e4hrlichen Miete - Boodalo | Immobilienmakler auf Bali<\/title>\n<meta name=\"description\" content=\"Entdecken Sie Bali-Villen zur j\u00e4hrlichen Miete. Erleben Sie den ultimativen tropischen Lebensstil mit unserer Auswahl an Villen zur Langzeitmiete im Paradies. Finden Sie noch heute Ihre Traumvilla auf Bali\" \/>\n<meta name=\"robots\" content=\"index, follow, max-snippet:-1, max-image-preview:large, max-video-preview:-1\" \/>\n<link rel=\"canonical\" href=\"https:\/\/boodalo.com\/de\/bali-villen-zur-jaehrlichen-miete\/\" \/>\n<meta property=\"og:locale\" content=\"de_DE\" \/>\n<meta property=\"og:type\" content=\"article\" \/>\n<meta property=\"og:title\" content=\"Bali-Villen zur j\u00e4hrlichen Miete - Boodalo | Immobilienmakler auf Bali\" \/>\n<meta property=\"og:description\" content=\"Entdecken Sie Bali-Villen zur j\u00e4hrlichen Miete. Erleben Sie den ultimativen tropischen Lebensstil mit unserer Auswahl an Villen zur Langzeitmiete im Paradies. Finden Sie noch heute Ihre Traumvilla auf Bali\" \/>\n<meta property=\"og:url\" content=\"https:\/\/boodalo.com\/de\/bali-villen-zur-jaehrlichen-miete\/\" \/>\n<meta property=\"og:site_name\" content=\"Boodalo\" \/>\n<meta property=\"article:modified_time\" content=\"2023-10-27T09:32:27+00:00\" \/>\n<meta property=\"og:image\" content=\"https:\/\/boodalo.com\/wp-content\/uploads\/2022\/05\/Home-Boodalo.jpg\" \/>\n\t<meta property=\"og:image:width\" content=\"1440\" \/>\n\t<meta property=\"og:image:height\" content=\"960\" \/>\n\t<meta property=\"og:image:type\" content=\"image\/jpeg\" \/>\n<meta name=\"twitter:card\" content=\"summary_large_image\" \/>\n<meta name=\"twitter:label1\" content=\"Gesch\u00e4tzte Lesezeit\" \/>\n\t<meta name=\"twitter:data1\" content=\"3\u00a0Minuten\" \/>\n<script type=\"application\/ld+json\" class=\"yoast-schema-graph\">{\"@context\":\"https:\/\/schema.org\",\"@graph\":[{\"@type\":\"WebPage\",\"@id\":\"https:\/\/boodalo.com\/de\/bali-villen-zur-jaehrlichen-miete\/\",\"url\":\"https:\/\/boodalo.com\/de\/bali-villen-zur-jaehrlichen-miete\/\",\"name\":\"Bali-Villen zur j\u00e4hrlichen Miete - Boodalo | Immobilienmakler auf Bali\",\"isPartOf\":{\"@id\":\"https:\/\/boodalo.com\/de\/#website\"},\"primaryImageOfPage\":{\"@id\":\"https:\/\/boodalo.com\/de\/bali-villen-zur-jaehrlichen-miete\/#primaryimage\"},\"image\":{\"@id\":\"https:\/\/boodalo.com\/de\/bali-villen-zur-jaehrlichen-miete\/#primaryimage\"},\"thumbnailUrl\":\"https:\/\/boodalo.com\/wp-content\/uploads\/2022\/05\/Home-Boodalo.jpg\",\"datePublished\":\"2022-11-15T10:22:00+00:00\",\"dateModified\":\"2023-10-27T09:32:27+00:00\",\"description\":\"Entdecken Sie Bali-Villen zur j\u00e4hrlichen Miete. Erleben Sie den ultimativen tropischen Lebensstil mit unserer Auswahl an Villen zur Langzeitmiete im Paradies. Finden Sie noch heute Ihre Traumvilla auf Bali\",\"breadcrumb\":{\"@id\":\"https:\/\/boodalo.com\/de\/bali-villen-zur-jaehrlichen-miete\/#breadcrumb\"},\"inLanguage\":\"de\",\"potentialAction\":[{\"@type\":\"ReadAction\",\"target\":[\"https:\/\/boodalo.com\/de\/bali-villen-zur-jaehrlichen-miete\/\"]}]},{\"@type\":\"ImageObject\",\"inLanguage\":\"de\",\"@id\":\"https:\/\/boodalo.com\/de\/bali-villen-zur-jaehrlichen-miete\/#primaryimage\",\"url\":\"https:\/\/boodalo.com\/wp-content\/uploads\/2022\/05\/Home-Boodalo.jpg\",\"contentUrl\":\"https:\/\/boodalo.com\/wp-content\/uploads\/2022\/05\/Home-Boodalo.jpg\",\"width\":1440,\"height\":960},{\"@type\":\"BreadcrumbList\",\"@id\":\"https:\/\/boodalo.com\/de\/bali-villen-zur-jaehrlichen-miete\/#breadcrumb\",\"itemListElement\":[{\"@type\":\"ListItem\",\"position\":1,\"name\":\"Home\",\"item\":\"https:\/\/boodalo.com\/de\/\"},{\"@type\":\"ListItem\",\"position\":2,\"name\":\"Bali-Villen zur j\u00e4hrlichen Miete\"}]},{\"@type\":\"WebSite\",\"@id\":\"https:\/\/boodalo.com\/de\/#website\",\"url\":\"https:\/\/boodalo.com\/de\/\",\"name\":\"Boodalo\",\"description\":\"Indonesia Real Estate portal Website\",\"publisher\":{\"@id\":\"https:\/\/boodalo.com\/de\/#organization\"},\"potentialAction\":[{\"@type\":\"SearchAction\",\"target\":{\"@type\":\"EntryPoint\",\"urlTemplate\":\"https:\/\/boodalo.com\/de\/?s={search_term_string}\"},\"query-input\":{\"@type\":\"PropertyValueSpecification\",\"valueRequired\":true,\"valueName\":\"search_term_string\"}}],\"inLanguage\":\"de\"},{\"@type\":\"Organization\",\"@id\":\"https:\/\/boodalo.com\/de\/#organization\",\"name\":\"Boodalo\",\"url\":\"https:\/\/boodalo.com\/de\/\",\"logo\":{\"@type\":\"ImageObject\",\"inLanguage\":\"de\",\"@id\":\"https:\/\/boodalo.com\/de\/#\/schema\/logo\/image\/\",\"url\":\"https:\/\/boodalo.com\/wp-content\/uploads\/2022\/05\/Boodalo-Logo.png\",\"contentUrl\":\"https:\/\/boodalo.com\/wp-content\/uploads\/2022\/05\/Boodalo-Logo.png\",\"width\":171,\"height\":64,\"caption\":\"Boodalo\"},\"image\":{\"@id\":\"https:\/\/boodalo.com\/de\/#\/schema\/logo\/image\/\"}}]}<\/script>\n<!-- \/ Yoast SEO plugin. -->","yoast_head_json":{"title":"Bali-Villen zur j\u00e4hrlichen Miete - Boodalo | Immobilienmakler auf Bali","description":"Entdecken Sie Bali-Villen zur j\u00e4hrlichen Miete. Erleben Sie den ultimativen tropischen Lebensstil mit unserer Auswahl an Villen zur Langzeitmiete im Paradies. Finden Sie noch heute Ihre Traumvilla auf Bali","robots":{"index":"index","follow":"follow","max-snippet":"max-snippet:-1","max-image-preview":"max-image-preview:large","max-video-preview":"max-video-preview:-1"},"canonical":"https:\/\/boodalo.com\/de\/bali-villen-zur-jaehrlichen-miete\/","og_locale":"de_DE","og_type":"article","og_title":"Bali-Villen zur j\u00e4hrlichen Miete - Boodalo | Immobilienmakler auf Bali","og_description":"Entdecken Sie Bali-Villen zur j\u00e4hrlichen Miete. Erleben Sie den ultimativen tropischen Lebensstil mit unserer Auswahl an Villen zur Langzeitmiete im Paradies. Finden Sie noch heute Ihre Traumvilla auf Bali","og_url":"https:\/\/boodalo.com\/de\/bali-villen-zur-jaehrlichen-miete\/","og_site_name":"Boodalo","article_modified_time":"2023-10-27T09:32:27+00:00","og_image":[{"width":1440,"height":960,"url":"https:\/\/boodalo.com\/wp-content\/uploads\/2022\/05\/Home-Boodalo.jpg","type":"image\/jpeg"}],"twitter_card":"summary_large_image","twitter_misc":{"Gesch\u00e4tzte Lesezeit":"3\u00a0Minuten"},"schema":{"@context":"https:\/\/schema.org","@graph":[{"@type":"WebPage","@id":"https:\/\/boodalo.com\/de\/bali-villen-zur-jaehrlichen-miete\/","url":"https:\/\/boodalo.com\/de\/bali-villen-zur-jaehrlichen-miete\/","name":"Bali-Villen zur j\u00e4hrlichen Miete - Boodalo | Immobilienmakler auf Bali","isPartOf":{"@id":"https:\/\/boodalo.com\/de\/#website"},"primaryImageOfPage":{"@id":"https:\/\/boodalo.com\/de\/bali-villen-zur-jaehrlichen-miete\/#primaryimage"},"image":{"@id":"https:\/\/boodalo.com\/de\/bali-villen-zur-jaehrlichen-miete\/#primaryimage"},"thumbnailUrl":"https:\/\/boodalo.com\/wp-content\/uploads\/2022\/05\/Home-Boodalo.jpg","datePublished":"2022-11-15T10:22:00+00:00","dateModified":"2023-10-27T09:32:27+00:00","description":"Entdecken Sie Bali-Villen zur j\u00e4hrlichen Miete. Erleben Sie den ultimativen tropischen Lebensstil mit unserer Auswahl an Villen zur Langzeitmiete im Paradies. Finden Sie noch heute Ihre Traumvilla auf Bali","breadcrumb":{"@id":"https:\/\/boodalo.com\/de\/bali-villen-zur-jaehrlichen-miete\/#breadcrumb"},"inLanguage":"de","potentialAction":[{"@type":"ReadAction","target":["https:\/\/boodalo.com\/de\/bali-villen-zur-jaehrlichen-miete\/"]}]},{"@type":"ImageObject","inLanguage":"de","@id":"https:\/\/boodalo.com\/de\/bali-villen-zur-jaehrlichen-miete\/#primaryimage","url":"https:\/\/boodalo.com\/wp-content\/uploads\/2022\/05\/Home-Boodalo.jpg","contentUrl":"https:\/\/boodalo.com\/wp-content\/uploads\/2022\/05\/Home-Boodalo.jpg","width":1440,"height":960},{"@type":"BreadcrumbList","@id":"https:\/\/boodalo.com\/de\/bali-villen-zur-jaehrlichen-miete\/#breadcrumb","itemListElement":[{"@type":"ListItem","position":1,"name":"Home","item":"https:\/\/boodalo.com\/de\/"},{"@type":"ListItem","position":2,"name":"Bali-Villen zur j\u00e4hrlichen Miete"}]},{"@type":"WebSite","@id":"https:\/\/boodalo.com\/de\/#website","url":"https:\/\/boodalo.com\/de\/","name":"Boodalo","description":"Indonesia Real Estate portal Website","publisher":{"@id":"https:\/\/boodalo.com\/de\/#organization"},"potentialAction":[{"@type":"SearchAction","target":{"@type":"EntryPoint","urlTemplate":"https:\/\/boodalo.com\/de\/?s={search_term_string}"},"query-input":{"@type":"PropertyValueSpecification","valueRequired":true,"valueName":"search_term_string"}}],"inLanguage":"de"},{"@type":"Organization","@id":"https:\/\/boodalo.com\/de\/#organization","name":"Boodalo","url":"https:\/\/boodalo.com\/de\/","logo":{"@type":"ImageObject","inLanguage":"de","@id":"https:\/\/boodalo.com\/de\/#\/schema\/logo\/image\/","url":"https:\/\/boodalo.com\/wp-content\/uploads\/2022\/05\/Boodalo-Logo.png","contentUrl":"https:\/\/boodalo.com\/wp-content\/uploads\/2022\/05\/Boodalo-Logo.png","width":171,"height":64,"caption":"Boodalo"},"image":{"@id":"https:\/\/boodalo.com\/de\/#\/schema\/logo\/image\/"}}]}},"_links":{"self":[{"href":"https:\/\/boodalo.com\/de\/wp-json\/wp\/v2\/pages\/25737","targetHints":{"allow":["GET"]}}],"collection":[{"href":"https:\/\/boodalo.com\/de\/wp-json\/wp\/v2\/pages"}],"about":[{"href":"https:\/\/boodalo.com\/de\/wp-json\/wp\/v2\/types\/page"}],"author":[{"embeddable":true,"href":"https:\/\/boodalo.com\/de\/wp-json\/wp\/v2\/users\/8"}],"replies":[{"embeddable":true,"href":"https:\/\/boodalo.com\/de\/wp-json\/wp\/v2\/comments?post=25737"}],"version-history":[{"count":14,"href":"https:\/\/boodalo.com\/de\/wp-json\/wp\/v2\/pages\/25737\/revisions"}],"predecessor-version":[{"id":28132,"href":"https:\/\/boodalo.com\/de\/wp-json\/wp\/v2\/pages\/25737\/revisions\/28132"}],"wp:featuredmedia":[{"embeddable":true,"href":"https:\/\/boodalo.com\/de\/wp-json\/wp\/v2\/media\/21322"}],"wp:attachment":[{"href":"https:\/\/boodalo.com\/de\/wp-json\/wp\/v2\/media?parent=25737"}],"curies":[{"name":"wp","href":"https:\/\/api.w.org\/{rel}","templated":true}]}}