{"id":25689,"date":"2022-11-15T18:16:50","date_gmt":"2022-11-15T10:16:50","guid":{"rendered":"https:\/\/boodalo.com\/villa-for-sale\/"},"modified":"2023-10-25T16:01:35","modified_gmt":"2023-10-25T08:01:35","slug":"bali-villen-zu-verkaufen","status":"publish","type":"page","link":"https:\/\/boodalo.com\/de\/bali-villen-zu-verkaufen\/","title":{"rendered":"Bali-Villen zu verkaufen"},"content":{"rendered":"\t\t<div data-elementor-type=\"wp-page\" data-elementor-id=\"25689\" class=\"elementor elementor-25689 elementor-18539\">\n\t\t\t\t\t\t\t\t\t<section class=\"elementor-section elementor-top-section elementor-element elementor-element-552522e elementor-section-boxed elementor-section-height-default elementor-section-height-default\" data-id=\"552522e\" data-element_type=\"section\">\n\t\t\t\t\t\t<div class=\"elementor-container elementor-column-gap-default\">\n\t\t\t\t\t<div class=\"elementor-column elementor-col-100 elementor-top-column elementor-element elementor-element-3f351d2\" data-id=\"3f351d2\" data-element_type=\"column\">\n\t\t\t<div class=\"elementor-widget-wrap elementor-element-populated\">\n\t\t\t\t\t\t\t\t<div class=\"elementor-element elementor-element-19cc420 elementor-widget elementor-widget-heading\" data-id=\"19cc420\" data-element_type=\"widget\" data-widget_type=\"heading.default\">\n\t\t\t\t<div class=\"elementor-widget-container\">\n\t\t\t<h2 class=\"elementor-heading-title elementor-size-default\">Ihr Traumhaus erwartet Sie: Bali-Villen zum Verkauf<\/h2>\t\t<\/div>\n\t\t\t\t<\/div>\n\t\t\t\t\t<\/div>\n\t\t<\/div>\n\t\t\t\t\t\t\t<\/div>\n\t\t<\/section>\n\t\t\t\t<section class=\"elementor-section elementor-top-section elementor-element elementor-element-d874ff3 elementor-section-boxed elementor-section-height-default elementor-section-height-default\" data-id=\"d874ff3\" data-element_type=\"section\">\n\t\t\t\t\t\t<div class=\"elementor-container elementor-column-gap-default\">\n\t\t\t\t\t<div class=\"elementor-column elementor-col-100 elementor-top-column elementor-element elementor-element-31a61da1\" data-id=\"31a61da1\" data-element_type=\"column\">\n\t\t\t<div class=\"elementor-widget-wrap elementor-element-populated\">\n\t\t\t\t\t\t\t\t<div class=\"elementor-element elementor-element-5cfcc61f elementor-widget elementor-widget-text-editor\" data-id=\"5cfcc61f\" data-element_type=\"widget\" data-widget_type=\"text-editor.default\">\n\t\t\t\t<div class=\"elementor-widget-container\">\n\t\t\t\t\t\t\t<p>Wenn Sie jemals davon getr\u00e4umt haben, ein St\u00fcck Paradies zu besitzen, bietet <a href=\"https:\/\/en.wikipedia.org\/wiki\/Bali\" target=\"_blank\" rel=\"noopener\">Bali<\/a> ein verlockende Gelegenheit mit seinen atemberaubenden Villen zum Verkauf. Egal, ob Sie einen ruhigen R\u00fcckzugsort, eine rentable Investition oder eine Mischung aus beidem suchen, auf dem Immobilienmarkt in Bali finden Sie eine Villa, die Ihren W\u00fcnschen entspricht. In diesem Artikel tauchen wir in die Welt der <a href=\"https:\/\/boodalo.com\/de\/bali-villen-zu-verkaufen\/\">zum Verkauf stehenden Villen auf Bali<\/a> ein und liefern Ihnen interessante Einblicke Ihr Traum vom Besitz einer Villa auf Bali wird Wirklichkeit.<\/p><h3><strong>Erkundung von Balis Villenmarkt<\/strong><\/h3><p>Bali ist bekannt f\u00fcr seine faszinierenden Landschaften, seine reiche Kultur und seine einladende Gemeinschaft. Wenn Sie eine Villa auf Bali besitzen, k\u00f6nnen Sie in diese tropische Oase eintauchen, und es gibt eine Villa f\u00fcr jeden Geschmack und Geldbeutel. Von schick und modern bis hin zu traditioneller balinesischer Architektur ist Balis Villenmarkt vielf\u00e4ltig und dynamisch.<\/p><h3><strong>Vorteile des Besitzes einer Villa auf Bali<\/strong><\/h3><ol><li><strong>Luxuri\u00f6ses Wohnen<\/strong>: Bali-Villen bieten unvergleichlichen Luxus und Komfort und verf\u00fcgen oft \u00fcber private Pools, \u00fcppige G\u00e4rten und gro\u00dfz\u00fcgige Wohnbereiche.<\/li><li><strong>Investitionspotenzial<\/strong>: Balis Tourismusbranche floriert weiterhin und macht Villen zu einer vielversprechenden Investitionsm\u00f6glichkeit. Sie k\u00f6nnen Mieteinnahmen erzielen, wenn Sie Ihre Villa nicht nutzen.<\/li><li><strong>Pers\u00f6nlicher R\u00fcckzugsort<\/strong>: Mit Ihrer eigenen Villa auf Bali k\u00f6nnen Sie jederzeit in Ihr tropisches Refugium fliehen und wertvolle Erinnerungen mit Familie und Freunden schaffen.<\/li><\/ol><h3><strong>Finden Sie Ihre perfekte Villa<\/strong><\/h3><ol><li><strong>Legen Sie Ihr Budget fest<\/strong>: Bestimmen Sie Ihr Budget f\u00fcr zum Verkauf stehende Villen auf Bali. Egal, ob Sie nach einer erschwinglichen Option oder einer High-End-Villa suchen, Bali bietet unterschiedliche Preisklassen.<\/li><li><strong>Der Standort z\u00e4hlt<\/strong>: Bali bietet verschiedene Regionen, jede mit ihrem einzigartigen Charme. Entscheiden Sie, ob Sie die belebten Stra\u00dfen von Seminyak, die ruhigen H\u00fcgel von Ubud oder die Strandsch\u00f6nheit von Jimbaran bevorzugen.<\/li><li><strong>Konsultieren Sie lokale Experten<\/strong>: Die Zusammenarbeit mit Immobilienagenturen und Experten auf Bali kann Ihre Suche vereinfachen. Sie verf\u00fcgen \u00fcber umfassende Marktkenntnisse und k\u00f6nnen Ihnen bei der Suche nach der idealen Villa helfen.<\/li><\/ol><h3><strong>Bali-Villen zum Verkauf: Ihr Tor zum Paradies<\/strong><\/h3><p>Bei Bali Property Experts sind wir darauf spezialisiert, K\u00e4ufer mit ihren Traumvillen auf Bali zu verbinden. Egal, ob Sie nach einer familienfreundlichen Villa, einer Investitionsm\u00f6glichkeit oder einer Kombination aus beidem suchen, wir haben ein umfangreiches Portfolio an Bali-Villen zum Verkauf, die Sie erkunden k\u00f6nnen.<\/p><h3><strong>Abschlie\u00dfend<\/strong><\/h3><p>Der Besitz einer Villa auf Bali ist nicht nur eine Immobilieninvestition; Es ist eine Investition in einen Lebensstil voller Sch\u00f6nheit, Kultur und Ruhe. Zum Verkauf stehende Villen auf Bali \u00f6ffnen die T\u00fcr zu einem au\u00dfergew\u00f6hnlichen Wohnerlebnis, das Luxus, Natur und lebendige lokale Kultur vereint.<\/p><p>Beginnen Sie also noch heute Ihre Reise und erkunden Sie die zum Verkauf stehenden Villen auf Bali. Ihr Traumhaus im Paradies erwartet Sie! Und vielen Dank f\u00fcr Ihren Besuch <a href=\"https:\/\/boodalo.com\/de\/\">Bali-Immobilie zum Verkauf<\/a>.<\/p>\t\t\t\t\t\t<\/div>\n\t\t\t\t<\/div>\n\t\t\t\t\t<\/div>\n\t\t<\/div>\n\t\t\t\t\t\t\t<\/div>\n\t\t<\/section>\n\t\t\t\t\t\t\t<\/div>\n\t\t","protected":false},"excerpt":{"rendered":"<p>Ihr Traumhaus erwartet Sie: Bali-Villen zum Verkauf Wenn Sie jemals davon getr\u00e4umt haben, ein St\u00fcck Paradies zu besitzen, bietet Bali ein verlockende Gelegenheit mit seinen atemberaubenden Villen zum Verkauf. Egal, ob Sie einen ruhigen R\u00fcckzugsort, eine rentable Investition oder eine Mischung aus beidem suchen, auf dem Immobilienmarkt in Bali finden Sie eine Villa, die Ihren&#8230;<\/p>\n","protected":false},"author":8,"featured_media":21322,"parent":0,"menu_order":0,"comment_status":"closed","ping_status":"closed","template":"templates\/grid-layout-full-width.php","meta":{"_monsterinsights_skip_tracking":false,"_monsterinsights_sitenote_active":false,"_monsterinsights_sitenote_note":"","_monsterinsights_sitenote_category":0,"footnotes":""},"class_list":["post-25689","page","type-page","status-publish","has-post-thumbnail","hentry"],"yoast_head":"<!-- This site is optimized with the Yoast SEO plugin v25.5 - https:\/\/yoast.com\/wordpress\/plugins\/seo\/ -->\n<title>Bali-Villen zu verkaufen - Boodalo | Bali-Immobilienmakler<\/title>\n<meta name=\"description\" content=\"Entdecken Sie Ihre Traumvillen auf Bali zum Verkauf. Entdecken Sie eine Reihe atemberaubender Immobilien im Paradies. Finden Sie noch heute die perfekte Villa, die Sie Ihr Zuhause nennen oder in Bali-Immobilien investieren k\u00f6nnen.\" \/>\n<meta name=\"robots\" content=\"index, follow, max-snippet:-1, max-image-preview:large, max-video-preview:-1\" \/>\n<link rel=\"canonical\" href=\"https:\/\/boodalo.com\/de\/bali-villen-zu-verkaufen\/\" \/>\n<meta property=\"og:locale\" content=\"de_DE\" \/>\n<meta property=\"og:type\" content=\"article\" \/>\n<meta property=\"og:title\" content=\"Bali-Villen zu verkaufen - Boodalo | Bali-Immobilienmakler\" \/>\n<meta property=\"og:description\" content=\"Entdecken Sie Ihre Traumvillen auf Bali zum Verkauf. Entdecken Sie eine Reihe atemberaubender Immobilien im Paradies. Finden Sie noch heute die perfekte Villa, die Sie Ihr Zuhause nennen oder in Bali-Immobilien investieren k\u00f6nnen.\" \/>\n<meta property=\"og:url\" content=\"https:\/\/boodalo.com\/de\/bali-villen-zu-verkaufen\/\" \/>\n<meta property=\"og:site_name\" content=\"Boodalo\" \/>\n<meta property=\"article:modified_time\" content=\"2023-10-25T08:01:35+00:00\" \/>\n<meta property=\"og:image\" content=\"https:\/\/boodalo.com\/wp-content\/uploads\/2022\/05\/Home-Boodalo.jpg\" \/>\n\t<meta property=\"og:image:width\" content=\"1440\" \/>\n\t<meta property=\"og:image:height\" content=\"960\" \/>\n\t<meta property=\"og:image:type\" content=\"image\/jpeg\" \/>\n<meta name=\"twitter:card\" content=\"summary_large_image\" \/>\n<meta name=\"twitter:label1\" content=\"Gesch\u00e4tzte Lesezeit\" \/>\n\t<meta name=\"twitter:data1\" content=\"2\u00a0Minuten\" \/>\n<script type=\"application\/ld+json\" class=\"yoast-schema-graph\">{\"@context\":\"https:\/\/schema.org\",\"@graph\":[{\"@type\":\"WebPage\",\"@id\":\"https:\/\/boodalo.com\/de\/bali-villen-zu-verkaufen\/\",\"url\":\"https:\/\/boodalo.com\/de\/bali-villen-zu-verkaufen\/\",\"name\":\"Bali-Villen zu verkaufen - Boodalo | Bali-Immobilienmakler\",\"isPartOf\":{\"@id\":\"https:\/\/boodalo.com\/de\/#website\"},\"primaryImageOfPage\":{\"@id\":\"https:\/\/boodalo.com\/de\/bali-villen-zu-verkaufen\/#primaryimage\"},\"image\":{\"@id\":\"https:\/\/boodalo.com\/de\/bali-villen-zu-verkaufen\/#primaryimage\"},\"thumbnailUrl\":\"https:\/\/boodalo.com\/wp-content\/uploads\/2022\/05\/Home-Boodalo.jpg\",\"datePublished\":\"2022-11-15T10:16:50+00:00\",\"dateModified\":\"2023-10-25T08:01:35+00:00\",\"description\":\"Entdecken Sie Ihre Traumvillen auf Bali zum Verkauf. Entdecken Sie eine Reihe atemberaubender Immobilien im Paradies. Finden Sie noch heute die perfekte Villa, die Sie Ihr Zuhause nennen oder in Bali-Immobilien investieren k\u00f6nnen.\",\"breadcrumb\":{\"@id\":\"https:\/\/boodalo.com\/de\/bali-villen-zu-verkaufen\/#breadcrumb\"},\"inLanguage\":\"de\",\"potentialAction\":[{\"@type\":\"ReadAction\",\"target\":[\"https:\/\/boodalo.com\/de\/bali-villen-zu-verkaufen\/\"]}]},{\"@type\":\"ImageObject\",\"inLanguage\":\"de\",\"@id\":\"https:\/\/boodalo.com\/de\/bali-villen-zu-verkaufen\/#primaryimage\",\"url\":\"https:\/\/boodalo.com\/wp-content\/uploads\/2022\/05\/Home-Boodalo.jpg\",\"contentUrl\":\"https:\/\/boodalo.com\/wp-content\/uploads\/2022\/05\/Home-Boodalo.jpg\",\"width\":1440,\"height\":960},{\"@type\":\"BreadcrumbList\",\"@id\":\"https:\/\/boodalo.com\/de\/bali-villen-zu-verkaufen\/#breadcrumb\",\"itemListElement\":[{\"@type\":\"ListItem\",\"position\":1,\"name\":\"Home\",\"item\":\"https:\/\/boodalo.com\/de\/\"},{\"@type\":\"ListItem\",\"position\":2,\"name\":\"Bali-Villen zu verkaufen\"}]},{\"@type\":\"WebSite\",\"@id\":\"https:\/\/boodalo.com\/de\/#website\",\"url\":\"https:\/\/boodalo.com\/de\/\",\"name\":\"Boodalo\",\"description\":\"Indonesia Real Estate portal Website\",\"publisher\":{\"@id\":\"https:\/\/boodalo.com\/de\/#organization\"},\"potentialAction\":[{\"@type\":\"SearchAction\",\"target\":{\"@type\":\"EntryPoint\",\"urlTemplate\":\"https:\/\/boodalo.com\/de\/?s={search_term_string}\"},\"query-input\":{\"@type\":\"PropertyValueSpecification\",\"valueRequired\":true,\"valueName\":\"search_term_string\"}}],\"inLanguage\":\"de\"},{\"@type\":\"Organization\",\"@id\":\"https:\/\/boodalo.com\/de\/#organization\",\"name\":\"Boodalo\",\"url\":\"https:\/\/boodalo.com\/de\/\",\"logo\":{\"@type\":\"ImageObject\",\"inLanguage\":\"de\",\"@id\":\"https:\/\/boodalo.com\/de\/#\/schema\/logo\/image\/\",\"url\":\"https:\/\/boodalo.com\/wp-content\/uploads\/2022\/05\/Boodalo-Logo.png\",\"contentUrl\":\"https:\/\/boodalo.com\/wp-content\/uploads\/2022\/05\/Boodalo-Logo.png\",\"width\":171,\"height\":64,\"caption\":\"Boodalo\"},\"image\":{\"@id\":\"https:\/\/boodalo.com\/de\/#\/schema\/logo\/image\/\"}}]}<\/script>\n<!-- \/ Yoast SEO plugin. -->","yoast_head_json":{"title":"Bali-Villen zu verkaufen - Boodalo | Bali-Immobilienmakler","description":"Entdecken Sie Ihre Traumvillen auf Bali zum Verkauf. Entdecken Sie eine Reihe atemberaubender Immobilien im Paradies. Finden Sie noch heute die perfekte Villa, die Sie Ihr Zuhause nennen oder in Bali-Immobilien investieren k\u00f6nnen.","robots":{"index":"index","follow":"follow","max-snippet":"max-snippet:-1","max-image-preview":"max-image-preview:large","max-video-preview":"max-video-preview:-1"},"canonical":"https:\/\/boodalo.com\/de\/bali-villen-zu-verkaufen\/","og_locale":"de_DE","og_type":"article","og_title":"Bali-Villen zu verkaufen - Boodalo | Bali-Immobilienmakler","og_description":"Entdecken Sie Ihre Traumvillen auf Bali zum Verkauf. Entdecken Sie eine Reihe atemberaubender Immobilien im Paradies. Finden Sie noch heute die perfekte Villa, die Sie Ihr Zuhause nennen oder in Bali-Immobilien investieren k\u00f6nnen.","og_url":"https:\/\/boodalo.com\/de\/bali-villen-zu-verkaufen\/","og_site_name":"Boodalo","article_modified_time":"2023-10-25T08:01:35+00:00","og_image":[{"width":1440,"height":960,"url":"https:\/\/boodalo.com\/wp-content\/uploads\/2022\/05\/Home-Boodalo.jpg","type":"image\/jpeg"}],"twitter_card":"summary_large_image","twitter_misc":{"Gesch\u00e4tzte Lesezeit":"2\u00a0Minuten"},"schema":{"@context":"https:\/\/schema.org","@graph":[{"@type":"WebPage","@id":"https:\/\/boodalo.com\/de\/bali-villen-zu-verkaufen\/","url":"https:\/\/boodalo.com\/de\/bali-villen-zu-verkaufen\/","name":"Bali-Villen zu verkaufen - Boodalo | Bali-Immobilienmakler","isPartOf":{"@id":"https:\/\/boodalo.com\/de\/#website"},"primaryImageOfPage":{"@id":"https:\/\/boodalo.com\/de\/bali-villen-zu-verkaufen\/#primaryimage"},"image":{"@id":"https:\/\/boodalo.com\/de\/bali-villen-zu-verkaufen\/#primaryimage"},"thumbnailUrl":"https:\/\/boodalo.com\/wp-content\/uploads\/2022\/05\/Home-Boodalo.jpg","datePublished":"2022-11-15T10:16:50+00:00","dateModified":"2023-10-25T08:01:35+00:00","description":"Entdecken Sie Ihre Traumvillen auf Bali zum Verkauf. Entdecken Sie eine Reihe atemberaubender Immobilien im Paradies. Finden Sie noch heute die perfekte Villa, die Sie Ihr Zuhause nennen oder in Bali-Immobilien investieren k\u00f6nnen.","breadcrumb":{"@id":"https:\/\/boodalo.com\/de\/bali-villen-zu-verkaufen\/#breadcrumb"},"inLanguage":"de","potentialAction":[{"@type":"ReadAction","target":["https:\/\/boodalo.com\/de\/bali-villen-zu-verkaufen\/"]}]},{"@type":"ImageObject","inLanguage":"de","@id":"https:\/\/boodalo.com\/de\/bali-villen-zu-verkaufen\/#primaryimage","url":"https:\/\/boodalo.com\/wp-content\/uploads\/2022\/05\/Home-Boodalo.jpg","contentUrl":"https:\/\/boodalo.com\/wp-content\/uploads\/2022\/05\/Home-Boodalo.jpg","width":1440,"height":960},{"@type":"BreadcrumbList","@id":"https:\/\/boodalo.com\/de\/bali-villen-zu-verkaufen\/#breadcrumb","itemListElement":[{"@type":"ListItem","position":1,"name":"Home","item":"https:\/\/boodalo.com\/de\/"},{"@type":"ListItem","position":2,"name":"Bali-Villen zu verkaufen"}]},{"@type":"WebSite","@id":"https:\/\/boodalo.com\/de\/#website","url":"https:\/\/boodalo.com\/de\/","name":"Boodalo","description":"Indonesia Real Estate portal Website","publisher":{"@id":"https:\/\/boodalo.com\/de\/#organization"},"potentialAction":[{"@type":"SearchAction","target":{"@type":"EntryPoint","urlTemplate":"https:\/\/boodalo.com\/de\/?s={search_term_string}"},"query-input":{"@type":"PropertyValueSpecification","valueRequired":true,"valueName":"search_term_string"}}],"inLanguage":"de"},{"@type":"Organization","@id":"https:\/\/boodalo.com\/de\/#organization","name":"Boodalo","url":"https:\/\/boodalo.com\/de\/","logo":{"@type":"ImageObject","inLanguage":"de","@id":"https:\/\/boodalo.com\/de\/#\/schema\/logo\/image\/","url":"https:\/\/boodalo.com\/wp-content\/uploads\/2022\/05\/Boodalo-Logo.png","contentUrl":"https:\/\/boodalo.com\/wp-content\/uploads\/2022\/05\/Boodalo-Logo.png","width":171,"height":64,"caption":"Boodalo"},"image":{"@id":"https:\/\/boodalo.com\/de\/#\/schema\/logo\/image\/"}}]}},"_links":{"self":[{"href":"https:\/\/boodalo.com\/de\/wp-json\/wp\/v2\/pages\/25689","targetHints":{"allow":["GET"]}}],"collection":[{"href":"https:\/\/boodalo.com\/de\/wp-json\/wp\/v2\/pages"}],"about":[{"href":"https:\/\/boodalo.com\/de\/wp-json\/wp\/v2\/types\/page"}],"author":[{"embeddable":true,"href":"https:\/\/boodalo.com\/de\/wp-json\/wp\/v2\/users\/8"}],"replies":[{"embeddable":true,"href":"https:\/\/boodalo.com\/de\/wp-json\/wp\/v2\/comments?post=25689"}],"version-history":[{"count":14,"href":"https:\/\/boodalo.com\/de\/wp-json\/wp\/v2\/pages\/25689\/revisions"}],"predecessor-version":[{"id":27667,"href":"https:\/\/boodalo.com\/de\/wp-json\/wp\/v2\/pages\/25689\/revisions\/27667"}],"wp:featuredmedia":[{"embeddable":true,"href":"https:\/\/boodalo.com\/de\/wp-json\/wp\/v2\/media\/21322"}],"wp:attachment":[{"href":"https:\/\/boodalo.com\/de\/wp-json\/wp\/v2\/media?parent=25689"}],"curies":[{"name":"wp","href":"https:\/\/api.w.org\/{rel}","templated":true}]}}